{"id":43910,"date":"2024-01-11T17:10:23","date_gmt":"2024-01-11T14:10:23","guid":{"rendered":"https:\/\/minimax.md\/product\/43910.html"},"modified":"2024-03-13T01:03:52","modified_gmt":"2024-03-12T22:03:52","slug":"ru_ru-igrovoj-nabor-pozharnyj-trim-ro_ro-set-de-joc-pompier-cu-accesorii","status":"publish","type":"product","link":"https:\/\/minimax.md\/ru\/product\/43910.html","title":{"rendered":"\u0418\u0433\u0440\u043e\u0432\u043e\u0439 \u043d\u0430\u0431\u043e\u0440 \u041f\u043e\u0436\u0430\u0440\u043d\u044b\u0439"},"content":{"rendered":"<p>[:ru_RU]\u0411\u043e\u043b\u044c\u0448\u043e\u0439 \u043d\u0430\u0431\u043e\u0440 \u043f\u043e\u0436\u0430\u0440\u043d\u043e\u0433\u043e \u0441\u043e \u0448\u043b\u0435\u043c\u043e\u043c \u0438 \u043c\u0430\u0441\u043a\u043e\u0439, \u043f\u043e\u0436\u0430\u0440\u043d\u043e\u0439 \u043c\u0430\u0448\u0438\u043d\u043e\u0439, \u043c\u043e\u043d\u0442\u0438\u0440\u043e\u0432\u043a\u043e\u0439, \u0442\u043e\u043f\u043e\u0440\u043e\u043c, \u0440\u0430\u0446\u0438\u0435\u0439 \u0438 \u043c\u043d\u043e\u0433\u0438\u043c\u0438 \u0434\u0440\u0443\u0433\u0438\u043c\u0438 \u0430\u043a\u0441\u0435\u0441\u0441\u0443\u0430\u0440\u0430\u043c\u0438. \u0412 \u044d\u0442\u043e\u043c \u043d\u0430\u0431\u043e\u0440\u0435 \u0435\u0441\u0442\u044c \u0432\u0441\u0451 \u043d\u0435\u043e\u0431\u0445\u043e\u0434\u0438\u043c\u043e\u0435 \u0434\u043b\u044f \u043f\u043e\u0434\u0432\u0438\u0433\u043e\u0432 \u044e\u043d\u043e\u0433\u043e \u0441\u043f\u0430\u0441\u0430\u0442\u0435\u043b\u044f.<\/p>\n<p>\u041f\u043e\u0436\u0430\u0440\u043d\u044b\u0439 \u0441\u043f\u0435\u0448\u0438\u0442 \u043d\u0430 \u043f\u043e\u043c\u043e\u0449\u044c! \u0412\u0441\u0435 \u0440\u043e\u0434\u0438\u0442\u0435\u043b\u0438 \u043c\u0435\u0447\u0442\u0430\u044e\u0442, \u0447\u0442\u043e\u0431\u044b \u0438\u0445 \u043c\u0430\u043b\u0435\u043d\u044c\u043a\u0438\u0439 \u0437\u0430\u0449\u0438\u0442\u043d\u0438\u043a \u0441\u0442\u0430\u043b \u0441\u0438\u043b\u044c\u043d\u044b\u043c, \u043d\u0430\u0434\u0451\u0436\u043d\u044b\u043c \u0438 \u0443\u0432\u0435\u0440\u0435\u043d\u043d\u044b\u043c \u0432 \u0441\u0435\u0431\u0435. \u041d\u0435 \u043f\u043e\u0441\u043b\u0435\u0434\u043d\u0435\u0435 \u043c\u0435\u0441\u0442\u043e \u0432 \u0432\u043e\u0441\u043f\u0438\u0442\u0430\u043d\u0438\u0438 \u043c\u0430\u043b\u044c\u0447\u0438\u043a\u0430 \u0437\u0430\u043d\u0438\u043c\u0430\u044e\u0442 \u0435\u0433\u043e \u0438\u0433\u0440\u0443\u0448\u043a\u0438. \u0415\u0441\u043b\u0438 \u043c\u0430\u043b\u044b\u0448 \u043c\u0435\u0447\u0442\u0430\u0435\u0442 \u0441\u0442\u0430\u0442\u044c \u043e\u0442\u0432\u0430\u0436\u043d\u044b\u043c \u0433\u0435\u0440\u043e\u0435\u043c, \u0442\u043e \u0434\u0435\u0442\u0441\u043a\u0438\u0439 \u043d\u0430\u0431\u043e\u0440 \u043f\u043e\u0436\u0430\u0440\u043d\u043e\u0433\u043e -\u043e\u0442\u043b\u0438\u0447\u043d\u044b\u0439 \u043f\u043e\u0434\u0430\u0440\u043e\u043a \u0434\u043b\u044f \u0432\u0430\u0448\u0435\u0433\u043e \u043e\u0437\u043e\u0440\u043d\u0438\u043a\u0430. \u041d\u0430\u0431\u043e\u0440 \u043f\u043e\u0437\u0432\u043e\u043b\u0438\u0442 \u0432\u0430\u0448\u0435\u043c\u0443 \u0447\u0430\u0434\u0443 \u043f\u043e\u0437\u043d\u0430\u043a\u043e\u043c\u0438\u0442\u0441\u044f \u0441 \u043f\u0440\u043e\u0444\u0435\u0441\u0441\u0438\u044f\u043c\u0438 \u0438 \u0443\u0437\u043d\u0430\u0442\u044c \u043e \u043b\u044e\u0434\u044f\u0445 \u0440\u0430\u0437\u043b\u0438\u0447\u043d\u044b\u0445 \u0441\u043f\u0435\u0446\u0438\u0430\u043b\u044c\u043d\u043e\u0441\u0442\u0435\u0439.<\/p>\n<p>\u0418\u0433\u0440\u0430\u0435\u043c \u0441 \u043f\u043e\u043b\u044c\u0437\u043e\u0439! \u041d\u0430\u0431\u043e\u0440 \u043f\u043e\u0436\u0430\u0440\u043d\u043e\u0433\u043e \u0434\u043b\u044f \u043c\u0430\u0441\u043a\u0430\u0440\u0430\u0434\u0430 \u0438\u043b\u0438 \u043f\u0440\u0430\u0437\u0434\u043d\u0438\u043a\u0430 \u0440\u0430\u0437\u043e\u0432\u044c\u0451\u0442 \u0443 \u0440\u0435\u0431\u0451\u043d\u043a\u0430 \u0444\u0430\u043d\u0442\u0430\u0437\u0438\u044e, \u043f\u043e\u043c\u043e\u0436\u0435\u0442 \u0434\u043e\u0448\u043a\u043e\u043b\u0451\u043d\u043a\u0443 \u0432 \u0438\u0437\u0443\u0447\u0435\u043d\u0438\u0438 \u0441\u043e\u0446\u0438\u0430\u043b\u044c\u043d\u044b\u0445 \u0440\u043e\u043b\u0435\u0439, \u0430 \u0442\u0430\u043a\u0436\u0435 \u043f\u043e\u0437\u043d\u0430\u043a\u043e\u043c\u0438\u0442 \u0441 \u0432\u0430\u0436\u043d\u044b\u043c\u0438 \u043f\u0440\u043e\u0444\u0435\u0441\u0441\u0438\u044f\u043c\u0438, \u0438, \u0432\u043e\u0437\u043c\u043e\u0436\u043d\u043e, \u043c\u0430\u043b\u044b\u0448 \u0443\u0436\u0435 \u0441 \u0434\u0435\u0442\u0441\u0442\u0432\u0430 \u0431\u0443\u0434\u0435\u0442 \u0437\u043d\u0430\u0442\u044c, \u043a\u0435\u043c \u043e\u043d \u0441\u0442\u0430\u043d\u0435\u0442, \u043a\u043e\u0433\u0434\u0430 \u0432\u044b\u0440\u0430\u0441\u0442\u0435\u0442![trim][:ro_RO]Un set perfect pentru c\u0103ut\u0103torul de ac\u021biune. Acest set de pompieri este o doz\u0103 perfect\u0103 de aventur\u0103 pentru to\u021bi super- eroii mici \u00een devenire. Uneltele din acest set reproduc cu fidelitate arsenalul din dotarea oric\u0103rui pompier. Setul include:\u00a0camion de pompieri, casc\u0103, ochelari, drujb\u0103, topor \u0219i alte accesorii indispensabile \u00een misiunea de salvare de la fl\u0103c\u0103ri.<\/p>\n<p>Jocul nu numai c\u0103 poate stimula imagina\u021bia \u0219i creativitatea copiilor, ci \u00eei va transpune \u00een lumea meseriilor, dezvolt\u00e2ndu-le\u00a0g\u00e2ndirea sau coordonarea m\u00e2na-ochi.<\/p>\n","protected":false},"excerpt":{"rendered":"<p>[:ru_RU]\u0411\u043e\u043b\u044c\u0448\u043e\u0439 \u043d\u0430\u0431\u043e\u0440 \u043f\u043e\u0436\u0430\u0440\u043d\u043e\u0433\u043e \u0441\u043e \u0448\u043b\u0435\u043c\u043e\u043c \u0438 \u043c\u0430\u0441\u043a\u043e\u0439, \u043f\u043e\u0436\u0430\u0440\u043d\u043e\u0439 \u043c\u0430\u0448\u0438\u043d\u043e\u0439, \u043c\u043e\u043d\u0442\u0438\u0440\u043e\u0432\u043a\u043e\u0439, \u0442\u043e\u043f\u043e\u0440\u043e\u043c, \u0440\u0430\u0446\u0438\u0435\u0439 \u0438 \u043c\u043d\u043e\u0433\u0438\u043c\u0438 \u0434\u0440\u0443\u0433\u0438\u043c\u0438 \u0430\u043a\u0441\u0435\u0441\u0441\u0443\u0430\u0440\u0430\u043c\u0438. \u0412 \u044d\u0442\u043e\u043c \u043d\u0430\u0431\u043e\u0440\u0435 \u0435\u0441\u0442\u044c \u0432\u0441\u0451 \u043d\u0435\u043e\u0431\u0445\u043e\u0434\u0438\u043c\u043e\u0435 \u0434\u043b\u044f \u043f\u043e\u0434\u0432\u0438\u0433\u043e\u0432 \u044e\u043d\u043e\u0433\u043e \u0441\u043f\u0430\u0441\u0430\u0442\u0435\u043b\u044f. \u041f\u043e\u0436\u0430\u0440\u043d\u044b\u0439 \u0441\u043f\u0435\u0448\u0438\u0442 \u043d\u0430 \u043f\u043e\u043c\u043e\u0449\u044c! \u0412\u0441\u0435 \u0440\u043e\u0434\u0438\u0442\u0435\u043b\u0438 \u043c\u0435\u0447\u0442\u0430\u044e\u0442, \u0447\u0442\u043e\u0431\u044b \u0438\u0445 \u043c\u0430\u043b\u0435\u043d\u044c\u043a\u0438\u0439 \u0437\u0430\u0449\u0438\u0442\u043d\u0438\u043a \u0441\u0442\u0430\u043b \u0441\u0438\u043b\u044c\u043d\u044b\u043c, \u043d\u0430\u0434\u0451\u0436\u043d\u044b\u043c \u0438 \u0443\u0432\u0435\u0440\u0435\u043d\u043d\u044b\u043c \u0432 \u0441\u0435\u0431\u0435. \u041d\u0435 \u043f\u043e\u0441\u043b\u0435\u0434\u043d\u0435\u0435 \u043c\u0435\u0441\u0442\u043e \u0432 \u0432\u043e\u0441\u043f\u0438\u0442\u0430\u043d\u0438\u0438 \u043c\u0430\u043b\u044c\u0447\u0438\u043a\u0430 \u0437\u0430\u043d\u0438\u043c\u0430\u044e\u0442 \u0435\u0433\u043e \u0438\u0433\u0440\u0443\u0448\u043a\u0438. \u0415\u0441\u043b\u0438 \u043c\u0430\u043b\u044b\u0448 [&hellip;]<\/p>\n","protected":false},"featured_media":43909,"comment_status":"open","ping_status":"closed","template":"","meta":{"_acf_changed":false},"product_brand":[],"product_cat":[6718],"product_tag":[],"class_list":{"0":"post-43910","1":"product","2":"type-product","3":"status-publish","4":"has-post-thumbnail","6":"product_cat-ru_ru-igrushki-dlja-malchik","8":"first","9":"instock","10":"shipping-taxable","11":"purchasable","12":"product-type-simple"},"acf":[],"_links":{"self":[{"href":"https:\/\/minimax.md\/ru\/wp-json\/wp\/v2\/product\/43910","targetHints":{"allow":["GET"]}}],"collection":[{"href":"https:\/\/minimax.md\/ru\/wp-json\/wp\/v2\/product"}],"about":[{"href":"https:\/\/minimax.md\/ru\/wp-json\/wp\/v2\/types\/product"}],"replies":[{"embeddable":true,"href":"https:\/\/minimax.md\/ru\/wp-json\/wp\/v2\/comments?post=43910"}],"version-history":[{"count":0,"href":"https:\/\/minimax.md\/ru\/wp-json\/wp\/v2\/product\/43910\/revisions"}],"wp:featuredmedia":[{"embeddable":true,"href":"https:\/\/minimax.md\/ru\/wp-json\/wp\/v2\/media\/43909"}],"wp:attachment":[{"href":"https:\/\/minimax.md\/ru\/wp-json\/wp\/v2\/media?parent=43910"}],"wp:term":[{"taxonomy":"product_brand","embeddable":true,"href":"https:\/\/minimax.md\/ru\/wp-json\/wp\/v2\/product_brand?post=43910"},{"taxonomy":"product_cat","embeddable":true,"href":"https:\/\/minimax.md\/ru\/wp-json\/wp\/v2\/product_cat?post=43910"},{"taxonomy":"product_tag","embeddable":true,"href":"https:\/\/minimax.md\/ru\/wp-json\/wp\/v2\/product_tag?post=43910"}],"curies":[{"name":"wp","href":"https:\/\/api.w.org\/{rel}","templated":true}]}}