{"id":43917,"date":"2024-01-11T17:10:24","date_gmt":"2024-01-11T14:10:24","guid":{"rendered":"https:\/\/minimax.md\/product\/43917.html"},"modified":"2024-03-13T00:17:05","modified_gmt":"2024-03-12T21:17:05","slug":"ru_ru-magneticheskij-konstruktor-cvetnye-magnity-30-sht-trim-ro_ro-set-de-construc-ii-magnetic-magne-i-colora-i-30-buc","status":"publish","type":"product","link":"https:\/\/minimax.md\/ru\/product\/43917.html","title":{"rendered":"\u041c\u0430\u0433\u043d\u0435\u0442\u0438\u0447\u0435\u0441\u043a\u0438\u0439 \u043a\u043e\u043d\u0441\u0442\u0440\u0443\u043a\u0442\u043e\u0440 \"\u0426\u0432\u0435\u0442\u043d\u044b\u0435 \u043c\u0430\u0433\u043d\u0438\u0442\u044b\", 30 \u0448\u0442."},"content":{"rendered":"<p>[:ru_RU]\u041a\u043e\u043d\u0441\u0442\u0440\u0443\u043a\u0442\u043e\u0440 \u0438\u0437 30 \u044d\u043b\u0435\u043c\u0435\u043d\u0442\u043e\u0432 &#8220;\u0426\u0432\u0435\u0442\u043d\u044b\u0435 \u043c\u0430\u0433\u043d\u0438\u0442\u044b&#8221; \u0438\u0434\u0435\u0430\u043b\u044c\u043d\u043e \u043f\u043e\u0434\u0445\u043e\u0434\u0438\u0442 \u0434\u043b\u044f \u0434\u0435\u0442\u0435\u0439 \u0441\u0442\u0430\u0440\u0448\u0435 3 \u043b\u0435\u0442. \u0411\u043b\u0430\u0433\u043e\u0434\u0430\u0440\u044f \u043c\u0430\u0433\u043d\u0438\u0442\u0430\u043c \u0432\u043d\u0443\u0442\u0440\u0438 \u0438\u0437\u0434\u0435\u043b\u0438\u0439 \u043e\u043d\u0438 \u043b\u0435\u0433\u043a\u043e \u043f\u0440\u0438\u043b\u0438\u043f\u0430\u044e\u0442 \u0434\u0440\u0443\u0433 \u043a \u0434\u0440\u0443\u0433\u0443.<\/p>\n<p>\u0412 \u043a\u043e\u043c\u043f\u043b\u0435\u043a\u0442\u043518 \u043a\u0432\u0430\u0434\u0440\u0430\u0442\u043d\u044b\u0445 \u0438 12 \u0442\u0440\u0435\u0443\u0433\u043e\u043b\u044c\u043d\u044b\u0445 \u0447\u0430\u0441\u0442\u0435\u0439 \u0440\u0430\u0437\u043d\u044b\u0445 \u0446\u0432\u0435\u0442\u043e\u0432. \u041a\u043e\u043d\u0441\u0442\u0440\u0443\u043a\u0442\u043e\u0440 \u0440\u0430\u0437\u0432\u0438\u0432\u0430\u0435\u0442 \u0437\u0440\u0438\u0442\u0435\u043b\u044c\u043d\u043e-\u043c\u043e\u0442\u043e\u0440\u043d\u043e\u0439 \u043a\u043e\u043e\u0440\u0434\u0438\u043d\u0430\u0446\u0438\u0438,\u00a0 \u0434\u0435\u0442\u0441\u043a\u043e\u0435 \u0432\u043e\u043e\u0431\u0440\u0430\u0436\u0435\u043d\u0438\u0435 \u0438 \u0442\u0432\u043e\u0440\u0447\u0435\u0441\u043a\u0438\u0435 \u0441\u043f\u043e\u0441\u043e\u0431\u043d\u043e\u0441\u0442\u0438.[trim][:ro_RO]<strong>Setul de construc\u021bie &#8220;Magne\u021bi colora\u021bi&#8221;<\/strong>\u00a0 din 30 piese este ideal pentru copiii cu v\u00e2rsta peste 3 ani. Datorit\u0103 magne\u021bilor, piesele se lipesc cu u\u0219urin\u021b\u0103 una de celalt\u0103.<\/p>\n<p>Include 18 p\u0103trate \u0219i 12 triunghiuri de culori diferite. Constructorul dezvolt\u0103 coordonarea m\u00e2n\u0103-ochi, imagina\u021bia \u0219i creativitatea copiilor.<\/p>\n","protected":false},"excerpt":{"rendered":"<p>[:ru_RU]\u041a\u043e\u043d\u0441\u0442\u0440\u0443\u043a\u0442\u043e\u0440 \u0438\u0437 30 \u044d\u043b\u0435\u043c\u0435\u043d\u0442\u043e\u0432 &#8220;\u0426\u0432\u0435\u0442\u043d\u044b\u0435 \u043c\u0430\u0433\u043d\u0438\u0442\u044b&#8221; \u0438\u0434\u0435\u0430\u043b\u044c\u043d\u043e \u043f\u043e\u0434\u0445\u043e\u0434\u0438\u0442 \u0434\u043b\u044f \u0434\u0435\u0442\u0435\u0439 \u0441\u0442\u0430\u0440\u0448\u0435 3 \u043b\u0435\u0442. \u0411\u043b\u0430\u0433\u043e\u0434\u0430\u0440\u044f \u043c\u0430\u0433\u043d\u0438\u0442\u0430\u043c \u0432\u043d\u0443\u0442\u0440\u0438 \u0438\u0437\u0434\u0435\u043b\u0438\u0439 \u043e\u043d\u0438 \u043b\u0435\u0433\u043a\u043e \u043f\u0440\u0438\u043b\u0438\u043f\u0430\u044e\u0442 \u0434\u0440\u0443\u0433 \u043a \u0434\u0440\u0443\u0433\u0443. \u0412 \u043a\u043e\u043c\u043f\u043b\u0435\u043a\u0442\u043518 \u043a\u0432\u0430\u0434\u0440\u0430\u0442\u043d\u044b\u0445 \u0438 12 \u0442\u0440\u0435\u0443\u0433\u043e\u043b\u044c\u043d\u044b\u0445 \u0447\u0430\u0441\u0442\u0435\u0439 \u0440\u0430\u0437\u043d\u044b\u0445 \u0446\u0432\u0435\u0442\u043e\u0432. \u041a\u043e\u043d\u0441\u0442\u0440\u0443\u043a\u0442\u043e\u0440 \u0440\u0430\u0437\u0432\u0438\u0432\u0430\u0435\u0442 \u0437\u0440\u0438\u0442\u0435\u043b\u044c\u043d\u043e-\u043c\u043e\u0442\u043e\u0440\u043d\u043e\u0439 \u043a\u043e\u043e\u0440\u0434\u0438\u043d\u0430\u0446\u0438\u0438,\u00a0 \u0434\u0435\u0442\u0441\u043a\u043e\u0435 \u0432\u043e\u043e\u0431\u0440\u0430\u0436\u0435\u043d\u0438\u0435 \u0438 \u0442\u0432\u043e\u0440\u0447\u0435\u0441\u043a\u0438\u0435 \u0441\u043f\u043e\u0441\u043e\u0431\u043d\u043e\u0441\u0442\u0438.[trim][:ro_RO]Setul de construc\u021bie &#8220;Magne\u021bi colora\u021bi&#8221;\u00a0 din 30 piese este ideal pentru copiii cu v\u00e2rsta peste [&hellip;]<\/p>\n","protected":false},"featured_media":43913,"comment_status":"open","ping_status":"closed","template":"","meta":{"_acf_changed":false},"product_brand":[],"product_cat":[6711],"product_tag":[],"class_list":{"0":"post-43917","1":"product","2":"type-product","3":"status-publish","4":"has-post-thumbnail","6":"product_cat-ru_ru-konstruktory-trim-ro_","8":"first","9":"instock","10":"shipping-taxable","11":"purchasable","12":"product-type-simple"},"acf":[],"_links":{"self":[{"href":"https:\/\/minimax.md\/ru\/wp-json\/wp\/v2\/product\/43917","targetHints":{"allow":["GET"]}}],"collection":[{"href":"https:\/\/minimax.md\/ru\/wp-json\/wp\/v2\/product"}],"about":[{"href":"https:\/\/minimax.md\/ru\/wp-json\/wp\/v2\/types\/product"}],"replies":[{"embeddable":true,"href":"https:\/\/minimax.md\/ru\/wp-json\/wp\/v2\/comments?post=43917"}],"version-history":[{"count":0,"href":"https:\/\/minimax.md\/ru\/wp-json\/wp\/v2\/product\/43917\/revisions"}],"wp:featuredmedia":[{"embeddable":true,"href":"https:\/\/minimax.md\/ru\/wp-json\/wp\/v2\/media\/43913"}],"wp:attachment":[{"href":"https:\/\/minimax.md\/ru\/wp-json\/wp\/v2\/media?parent=43917"}],"wp:term":[{"taxonomy":"product_brand","embeddable":true,"href":"https:\/\/minimax.md\/ru\/wp-json\/wp\/v2\/product_brand?post=43917"},{"taxonomy":"product_cat","embeddable":true,"href":"https:\/\/minimax.md\/ru\/wp-json\/wp\/v2\/product_cat?post=43917"},{"taxonomy":"product_tag","embeddable":true,"href":"https:\/\/minimax.md\/ru\/wp-json\/wp\/v2\/product_tag?post=43917"}],"curies":[{"name":"wp","href":"https:\/\/api.w.org\/{rel}","templated":true}]}}