{"id":43960,"date":"2024-01-11T17:10:28","date_gmt":"2024-01-11T14:10:28","guid":{"rendered":"https:\/\/minimax.md\/product\/43960.html"},"modified":"2024-03-13T00:35:05","modified_gmt":"2024-03-12T21:35:05","slug":"ru_ru-hot-wheels-monster-trucks-vnedorozhnik-1-43-serii-v-ass-svet-i-zvuk-trim-ro_ro-hot-wheels-monster-trucks-ma-ina-suv-la-scara-1-43-as-sunete-i-lumini","status":"publish","type":"product","link":"https:\/\/minimax.md\/ru\/product\/43960.html","title":{"rendered":"Hot Wheels \"Monster Trucks\" \u0432\u043d\u0435\u0434\u043e\u0440\u043e\u0436\u043d\u0438\u043a 1:43 \u0441\u0435\u0440\u0438\u0438 (\u0432 \u0430\u0441\u0441., \u0441\u0432\u0435\u0442 \u0438 \u0437\u0432\u0443\u043a)"},"content":{"rendered":"<p>[:ru_RU]\u042d\u0442\u0430 \u043a\u043e\u043b\u043b\u0435\u043a\u0446\u0438\u044f \u043c\u0430\u0448\u0438\u043d\u043e\u043a-\u0432\u043d\u0435\u0434\u043e\u0440\u043e\u0436\u043d\u0438\u043a\u043e\u0432 &#8220;\u0420\u0435\u0432\u0443\u0449\u0438\u0435 \u0432\u043d\u0435\u0434\u043e\u0440\u043e\u0436\u043d\u0438\u043a\u0438&#8221; \u0441\u0435\u0440\u0438\u0438 Hot Wheels Monster Trucks \u043f\u043e\u0437\u0432\u043e\u043b\u044f\u0435\u0442 \u0432\u043e\u0441\u0441\u043e\u0437\u0434\u0430\u0442\u044c \u043d\u0435\u0432\u0435\u0440\u043e\u044f\u0442\u043d\u044b\u0435 \u043a\u0440\u0443\u0448\u0435\u043d\u0438\u0435 \u0438 \u0441\u0442\u043e\u043b\u043a\u043d\u043e\u0432\u0435\u043d\u0438\u0435 \u0441 \u043f\u043e\u043c\u043e\u0449\u044c\u044e \u0434\u043e\u043f\u043e\u043b\u043d\u0438\u0442\u0435\u043b\u044c\u043d\u044b\u0445 \u0441\u0432\u0435\u0442\u043e\u0432\u044b\u0445 \u0438 \u0437\u0432\u0443\u043a\u043e\u0432\u044b\u0445 \u044d\u0444\u0444\u0435\u043a\u0442\u043e\u0432. \u041a\u0430\u0436\u0434\u0430\u044f \u043c\u0430\u0448\u0438\u043d\u043a\u0430-\u0432\u043d\u0435\u0434\u043e\u0440\u043e\u0436\u043d\u0438\u043a \u0432 \u043c\u0430\u0441\u0448\u0442\u0430\u0431\u0435 1:43 \u0438\u043c\u0435\u0435\u0442 \u043a\u0440\u0443\u0442\u043e\u0439 \u0434\u0438\u0437\u0430\u0439\u043d \u0438 \u0433\u0438\u0433\u0430\u043d\u0442\u0441\u043a\u0438\u0435 \u043a\u043e\u043b\u0435\u0441\u0430, \u0447\u0442\u043e \u0441\u0432\u043e\u0439\u0441\u0442\u0432\u0435\u043d\u043d\u043e \u0432\u0441\u0435\u043c Hot Wheels Monster Trucks.<\/p>\n<p>\u041d\u0430\u0436\u043c\u0438\u0442\u0435 \u043a\u043d\u043e\u043f\u043a\u0443, \u0447\u0442\u043e\u0431\u044b \u0443\u0441\u043b\u044b\u0448\u0430\u0442\u044c \u0440\u0435\u0432 \u043c\u043e\u0442\u043e\u0440\u0430 \u0438 \u0437\u0432\u0443\u043a\u0438 \u0441\u0442\u043e\u043b\u043a\u043d\u043e\u0432\u0435\u043d\u0438\u044f, \u0430 \u0442\u0430\u043a\u0436\u0435 \u0442\u0435\u043c\u0430\u0442\u0438\u0447\u0435\u0441\u043a\u0443\u044e \u043f\u0435\u0441\u043d\u044e \u043a\u0430\u0436\u0434\u043e\u0439 \u043c\u0430\u0448\u0438\u043d\u043a\u0438, \u0441\u043b\u043e\u0432\u043d\u043e \u0432\u044b \u043d\u0430\u0445\u043e\u0434\u0438\u0442\u0435\u0441\u044c \u043d\u0430 \u043d\u0430\u0441\u0442\u043e\u044f\u0449\u0435\u043c \u0430\u0432\u0442\u043e\u0448\u043e\u0443. \u0410 \u0435\u0449\u0435 \u0432 \u043e\u043a\u043d\u0430\u0445 \u043a\u0430\u0436\u0434\u043e\u0439 \u043c\u0430\u0448\u0438\u043d\u043a\u0438-\u0432\u043d\u0435\u0434\u043e\u0440\u043e\u0436\u043d\u0438\u043a\u0430 \u0441\u0435\u0440\u0438\u0438 Monster Trucks \u0432\u043a\u043b\u044e\u0447\u0430\u0435\u0442\u0441\u044f \u0441\u0432\u0435\u0442!<\/p>\n<p>\u0414\u0435\u0442\u0438 \u043e\u0431\u044f\u0437\u0430\u0442\u0435\u043b\u044c\u043d\u043e \u0437\u0430\u0445\u043e\u0442\u044f\u0442 \u0441\u043e\u0431\u0440\u0430\u0442\u044c \u0432\u0441\u0435 \u043c\u0430\u0448\u0438\u043d\u043a\u0438-\u0432\u043d\u0435\u0434\u043e\u0440\u043e\u0436\u043d\u0438\u043a\u0438, \u0447\u0442\u043e\u0431\u044b \u043f\u0440\u043e\u0432\u043e\u0434\u0438\u0442\u044c \u0441\u043e\u0440\u0435\u0432\u043d\u043e\u0432\u0430\u043d\u0438\u044f \u0441\u043e \u0437\u0432\u0443\u043a\u043e\u0432\u044b\u043c\u0438 \u044d\u0444\u0444\u0435\u043a\u0442\u0430\u043c\u0438 \u043f\u0440\u044f\u043c\u043e \u0434\u043e\u043c\u0430 (\u043a\u0430\u0436\u0434\u0430\u044f \u043c\u0430\u0448\u0438\u043d\u043a\u0430 \u043f\u0440\u043e\u0434\u0430\u0435\u0442\u0441\u044f \u043e\u0442\u0434\u0435\u043b\u044c\u043d\u043e). \u0426\u0432\u0435\u0442\u0430 \u0438 \u0432\u043d\u0435\u0448\u043d\u0438\u0439 \u0432\u0438\u0434 \u043c\u043e\u0433\u0443\u0442 \u043e\u0442\u043b\u0438\u0447\u0430\u0442\u044c\u0441\u044f.<\/p>\n<p> \t\u0418\u0433\u0440\u0443\u0448\u043a\u0430 \u0440\u0430\u0431\u043e\u0442\u0430\u0435\u0442 \u043e\u0442 \u0431\u0430\u0442\u0430\u0440\u0435\u0435\u043a (3*LR44). \u0411\u0430\u0442\u0430\u0440\u0435\u0439\u043a\u0438 \u0432\u0445\u043e\u0434\u044f\u0442 \u0432 \u043a\u043e\u043c\u043f\u043b\u0435\u043a\u0442.<br \/>\n \t\u0420\u0435\u043a\u043e\u043c\u0435\u043d\u0434\u0443\u0435\u043c\u044b\u0439 \u0432\u043e\u0437\u0440\u0430\u0441\u0442: 3+[trim][:ro_RO]Strivire, ac\u021biuni, sunete, lumini, aventuri fantastice. Acum le pute\u021bi avea pe toate cu aceast\u0103 serie Hot Wheels Monster Trucks. Ma\u0219inile SUV realizate la scara de 1:43 ofer\u0103 o joac\u0103 plin\u0103 de ac\u021biuni interesante, iar luminile \u0219i sunetele sporesc experien\u021ba. Vehiculele au design cool \u0219i ro\u021bi uria\u0219e. C\u00e2nd este ap\u0103sat butonul, pute\u021bi auzi sunete de motor sau coliziune, \u0219i chiar \u0219i muzica proprie a personajului &#8211; la fel ca \u00een spectacolele reale Monster. \u00cen plus, cu luminile aprinse, pute\u021bi avea acas\u0103 popularul Monster Show.<\/p>\n<p>Copiii vor dori cu siguran\u021b\u0103 s\u0103 adune toate ma\u0219inile de teren pentru a desf\u0103\u0219ura competi\u021bii cu efecte sonore chiar acas\u0103 (fiecare ma\u0219in\u0103 se vinde separat). Culorile \u0219i aspectul pot varia.<\/p>\n<ul>\n<li>Juc\u0103ria func\u021bioneaz\u0103 cu baterii (3 * LR44). Bateriile sunt incluse \u00een ambalaj.<\/li>\n<li>V\u00e2rsta recomandat\u0103: 3+<\/li>\n<\/ul>\n<p>&nbsp;<\/p>\n","protected":false},"excerpt":{"rendered":"<p>[:ru_RU]\u042d\u0442\u0430 \u043a\u043e\u043b\u043b\u0435\u043a\u0446\u0438\u044f \u043c\u0430\u0448\u0438\u043d\u043e\u043a-\u0432\u043d\u0435\u0434\u043e\u0440\u043e\u0436\u043d\u0438\u043a\u043e\u0432 &#8220;\u0420\u0435\u0432\u0443\u0449\u0438\u0435 \u0432\u043d\u0435\u0434\u043e\u0440\u043e\u0436\u043d\u0438\u043a\u0438&#8221; \u0441\u0435\u0440\u0438\u0438 Hot Wheels Monster Trucks \u043f\u043e\u0437\u0432\u043e\u043b\u044f\u0435\u0442 \u0432\u043e\u0441\u0441\u043e\u0437\u0434\u0430\u0442\u044c \u043d\u0435\u0432\u0435\u0440\u043e\u044f\u0442\u043d\u044b\u0435 \u043a\u0440\u0443\u0448\u0435\u043d\u0438\u0435 \u0438 \u0441\u0442\u043e\u043b\u043a\u043d\u043e\u0432\u0435\u043d\u0438\u0435 \u0441 \u043f\u043e\u043c\u043e\u0449\u044c\u044e \u0434\u043e\u043f\u043e\u043b\u043d\u0438\u0442\u0435\u043b\u044c\u043d\u044b\u0445 \u0441\u0432\u0435\u0442\u043e\u0432\u044b\u0445 \u0438 \u0437\u0432\u0443\u043a\u043e\u0432\u044b\u0445 \u044d\u0444\u0444\u0435\u043a\u0442\u043e\u0432. \u041a\u0430\u0436\u0434\u0430\u044f \u043c\u0430\u0448\u0438\u043d\u043a\u0430-\u0432\u043d\u0435\u0434\u043e\u0440\u043e\u0436\u043d\u0438\u043a \u0432 \u043c\u0430\u0441\u0448\u0442\u0430\u0431\u0435 1:43 \u0438\u043c\u0435\u0435\u0442 \u043a\u0440\u0443\u0442\u043e\u0439 \u0434\u0438\u0437\u0430\u0439\u043d \u0438 \u0433\u0438\u0433\u0430\u043d\u0442\u0441\u043a\u0438\u0435 \u043a\u043e\u043b\u0435\u0441\u0430, \u0447\u0442\u043e \u0441\u0432\u043e\u0439\u0441\u0442\u0432\u0435\u043d\u043d\u043e \u0432\u0441\u0435\u043c Hot Wheels Monster Trucks. \u041d\u0430\u0436\u043c\u0438\u0442\u0435 \u043a\u043d\u043e\u043f\u043a\u0443, \u0447\u0442\u043e\u0431\u044b \u0443\u0441\u043b\u044b\u0448\u0430\u0442\u044c \u0440\u0435\u0432 \u043c\u043e\u0442\u043e\u0440\u0430 \u0438 \u0437\u0432\u0443\u043a\u0438 \u0441\u0442\u043e\u043b\u043a\u043d\u043e\u0432\u0435\u043d\u0438\u044f, \u0430 \u0442\u0430\u043a\u0436\u0435 \u0442\u0435\u043c\u0430\u0442\u0438\u0447\u0435\u0441\u043a\u0443\u044e \u043f\u0435\u0441\u043d\u044e \u043a\u0430\u0436\u0434\u043e\u0439 [&hellip;]<\/p>\n","protected":false},"featured_media":43952,"comment_status":"open","ping_status":"closed","template":"","meta":{"_acf_changed":false},"product_brand":[],"product_cat":[6726],"product_tag":[],"class_list":{"0":"post-43960","1":"product","2":"type-product","3":"status-publish","4":"has-post-thumbnail","6":"product_cat-ru_ru-mashinki-trim-ro_ro-m","8":"first","9":"instock","10":"shipping-taxable","11":"purchasable","12":"product-type-simple"},"acf":[],"_links":{"self":[{"href":"https:\/\/minimax.md\/ru\/wp-json\/wp\/v2\/product\/43960","targetHints":{"allow":["GET"]}}],"collection":[{"href":"https:\/\/minimax.md\/ru\/wp-json\/wp\/v2\/product"}],"about":[{"href":"https:\/\/minimax.md\/ru\/wp-json\/wp\/v2\/types\/product"}],"replies":[{"embeddable":true,"href":"https:\/\/minimax.md\/ru\/wp-json\/wp\/v2\/comments?post=43960"}],"version-history":[{"count":0,"href":"https:\/\/minimax.md\/ru\/wp-json\/wp\/v2\/product\/43960\/revisions"}],"wp:featuredmedia":[{"embeddable":true,"href":"https:\/\/minimax.md\/ru\/wp-json\/wp\/v2\/media\/43952"}],"wp:attachment":[{"href":"https:\/\/minimax.md\/ru\/wp-json\/wp\/v2\/media?parent=43960"}],"wp:term":[{"taxonomy":"product_brand","embeddable":true,"href":"https:\/\/minimax.md\/ru\/wp-json\/wp\/v2\/product_brand?post=43960"},{"taxonomy":"product_cat","embeddable":true,"href":"https:\/\/minimax.md\/ru\/wp-json\/wp\/v2\/product_cat?post=43960"},{"taxonomy":"product_tag","embeddable":true,"href":"https:\/\/minimax.md\/ru\/wp-json\/wp\/v2\/product_tag?post=43960"}],"curies":[{"name":"wp","href":"https:\/\/api.w.org\/{rel}","templated":true}]}}