{"id":44017,"date":"2024-01-11T17:10:34","date_gmt":"2024-01-11T14:10:34","guid":{"rendered":"https:\/\/minimax.md\/product\/44017.html"},"modified":"2024-03-13T00:31:38","modified_gmt":"2024-03-12T21:31:38","slug":"ru_ru-3d-pazl-lunnyj-modul-eagle-korablja-apollo-11-93-jelementa-trim-ro_ro-3d-puzzle-modulul-lunar-eagle-al-navei-spa-iale-apollo-11-93-elemente","status":"publish","type":"product","link":"https:\/\/minimax.md\/ru\/product\/44017.html","title":{"rendered":"3D \u043f\u0430\u0437\u043b \u041b\u0443\u043d\u043d\u044b\u0439 \u043c\u043e\u0434\u0443\u043b\u044c \"Eagle\" \u043a\u043e\u0440\u0430\u0431\u043b\u044f Apollo-11, 93 \u044d\u043b\u0435\u043c\u0435\u043d\u0442\u0430"},"content":{"rendered":"<p>[:ru_RU]3D \u043f\u0430\u0437\u043b \u041b\u0443\u043d\u043d\u044b\u0439 \u043c\u043e\u0434\u0443\u043b\u044c &#8220;Eagle&#8221; \u043a\u043e\u0440\u0430\u0431\u043b\u044f Apollo-11 \u043e\u0442\u00a0 CubicFun \u043e\u0447\u0435\u043d\u044c \u0438\u043d\u0442\u0435\u0440\u0435\u0441\u043d\u0430\u044f \u0433\u043e\u043b\u043e\u0432\u043e\u043b\u043e\u043c\u043a\u0430 \u0434\u043b\u044f \u0432\u0441\u0435\u0439 \u0441\u0435\u043c\u044c\u0438.\u00a0<\/p>\n<p>\u0412\u043c\u0435\u0441\u0442\u0435 \u0441\u043e\u0431\u0438\u0440\u0430\u044f 3D \u043f\u0430\u0437\u043b \u0441\u043e \u0441\u0432\u043e\u0438\u043c\u0438 \u0434\u0435\u0442\u044c\u043c\u0438, \u0432\u044b\u00a0 \u043c\u043e\u0436\u0435\u0442\u0435 \u0438\u043c \u0440\u0430\u0441\u0441\u043a\u0430\u0437\u0430\u0442\u044c \u043e \u0442\u043e\u043c \u0447\u0442\u043e \u00ab\u0410\u043f\u043e\u043b\u043b\u043e\u0301\u043d-11\u00bb\u00a0(\u0430\u043d\u0433\u043b.\u00a0Apollo 11)\u00a0\u2014 \u0430\u043c\u0435\u0440\u0438\u043a\u0430\u043d\u0441\u043a\u0438\u0439 \u043f\u0438\u043b\u043e\u0442\u0438\u0440\u0443\u0435\u043c\u044b\u0439 \u043a\u043e\u0441\u043c\u0438\u0447\u0435\u0441\u043a\u0438\u0439 \u043a\u043e\u0440\u0430\u0431\u043b\u044c \u0441\u0435\u0440\u0438\u0438 \u00ab\u0410\u043f\u043e\u043b\u043b\u043e\u043d\u00bb, \u0432 \u0445\u043e\u0434\u0435 \u043f\u043e\u043b\u0451\u0442\u0430 \u043a\u043e\u0442\u043e\u0440\u043e\u0433\u043e \u0432 \u043f\u0435\u0440\u0438\u043e\u0434 \u0441 16 \u043f\u043e 24 \u0438\u044e\u043b\u044f 1969 \u0433\u043e\u0434\u0430 \u0436\u0438\u0442\u0435\u043b\u0438\u00a0\u0417\u0435\u043c\u043b\u0438\u00a0\u0432\u043f\u0435\u0440\u0432\u044b\u0435 \u0432 \u0438\u0441\u0442\u043e\u0440\u0438\u0438 \u0441\u043e\u0432\u0435\u0440\u0448\u0438\u043b\u0438 \u043f\u043e\u0441\u0430\u0434\u043a\u0443 \u043d\u0430 \u043f\u043e\u0432\u0435\u0440\u0445\u043d\u043e\u0441\u0442\u044c \u0434\u0440\u0443\u0433\u043e\u0433\u043e \u043d\u0435\u0431\u0435\u0441\u043d\u043e\u0433\u043e \u0442\u0435\u043b\u0430\u00a0\u2014\u00a0\u041b\u0443\u043d\u044b.<\/p>\n<p>3D \u043f\u0430\u0437\u043b\u044b \u0443\u0434\u0438\u0432\u0438\u0442\u0435\u043b\u044c\u043d\u043e\u0435 \u0445\u043e\u0431\u0431\u0438 \u043a\u043e\u0442\u043e\u0440\u043e\u0435 \u0440\u0430\u0437\u0432\u0438\u0432\u0430\u0435\u0442 \u043d\u0435 \u0442\u043e\u043b\u044c\u043a\u043e \u043b\u043e\u0433\u0438\u0447\u0435\u0441\u043a\u043e\u0433\u043e \u043c\u044b\u0448\u043b\u0435\u043d\u0438\u044f, \u043c\u0435\u043b\u043a\u0443\u044e \u043c\u043e\u0442\u043e\u0440\u0438\u043a\u0443, \u0443\u0441\u0438\u0434\u0447\u0438\u0432\u043e\u0441\u0442\u0438 \u0438 \u0430\u043a\u043a\u0443\u0440\u0430\u0442\u043d\u043e\u0441\u0442\u044c, \u043d\u043e \u0438 \u0443\u0447\u0438\u0442 \u043c\u043d\u043e\u0433\u043e\u043c\u0443 \u0438\u043d\u0442\u0435\u0440\u0435\u0441\u043d\u043e\u043c\u0443 \u043e \u043c\u0438\u0440\u0435 \u0437\u0430 \u0432\u0435\u0441\u0435\u043b\u043e \u043f\u0440\u043e\u0432\u0435\u0434\u0435\u043d\u043d\u043e\u043c \u0432\u0440\u0435\u043c\u0435\u043d\u0438 \u0432 \u043a\u0440\u0443\u0433\u0443 \u0441\u0435\u043c\u044c\u0438[trim][:ro_RO]<strong>Puzzle 3D Modulul lunar \u201eEagle\u201d , de la CubicFun este un joc de puzzle foarte interesant pentru \u00eentreaga familie.<\/strong><\/p>\n<p>\u00cen timul jocului cu\u00a0 puzzle 3D \u00eempreun\u0103 cu copiii t\u0103i, le po\u021bi povesti c\u0103 <strong>Apollo 11 (Eng. Apollo 11)<\/strong> este o nav\u0103 spa\u021bial\u0103 american\u0103 din seria Apollo, cu care \u00een perioada 16 iulie &#8211; 24 iulie 1969, locuitorii P\u0103m\u00e2ntului au aterizat pe suprafa\u021ba unui alt corp ceresc, Luna, pentru prima dat\u0103 \u00een istorie.<\/p>\n<p><strong>Puzzle-urile 3D<\/strong> sunt un hobby uimitor care dezvolt\u0103 nu numai g\u00e2ndirea logic\u0103, abilit\u0103\u021bile motorii fine, perseveren\u021ba \u0219i acurate\u021bea, dar \u00eenva\u021b\u0103 \u0219i o mul\u021bime de lucruri interesante despre univers, \u00een timp ce te distrezi cu familia ta.<\/p>\n","protected":false},"excerpt":{"rendered":"<p>[:ru_RU]3D \u043f\u0430\u0437\u043b \u041b\u0443\u043d\u043d\u044b\u0439 \u043c\u043e\u0434\u0443\u043b\u044c &#8220;Eagle&#8221; \u043a\u043e\u0440\u0430\u0431\u043b\u044f Apollo-11 \u043e\u0442\u00a0 CubicFun \u043e\u0447\u0435\u043d\u044c \u0438\u043d\u0442\u0435\u0440\u0435\u0441\u043d\u0430\u044f \u0433\u043e\u043b\u043e\u0432\u043e\u043b\u043e\u043c\u043a\u0430 \u0434\u043b\u044f \u0432\u0441\u0435\u0439 \u0441\u0435\u043c\u044c\u0438.\u00a0 \u0412\u043c\u0435\u0441\u0442\u0435 \u0441\u043e\u0431\u0438\u0440\u0430\u044f 3D \u043f\u0430\u0437\u043b \u0441\u043e \u0441\u0432\u043e\u0438\u043c\u0438 \u0434\u0435\u0442\u044c\u043c\u0438, \u0432\u044b\u00a0 \u043c\u043e\u0436\u0435\u0442\u0435 \u0438\u043c \u0440\u0430\u0441\u0441\u043a\u0430\u0437\u0430\u0442\u044c \u043e \u0442\u043e\u043c \u0447\u0442\u043e \u00ab\u0410\u043f\u043e\u043b\u043b\u043e\u0301\u043d-11\u00bb\u00a0(\u0430\u043d\u0433\u043b.\u00a0Apollo 11)\u00a0\u2014 \u0430\u043c\u0435\u0440\u0438\u043a\u0430\u043d\u0441\u043a\u0438\u0439 \u043f\u0438\u043b\u043e\u0442\u0438\u0440\u0443\u0435\u043c\u044b\u0439 \u043a\u043e\u0441\u043c\u0438\u0447\u0435\u0441\u043a\u0438\u0439 \u043a\u043e\u0440\u0430\u0431\u043b\u044c \u0441\u0435\u0440\u0438\u0438 \u00ab\u0410\u043f\u043e\u043b\u043b\u043e\u043d\u00bb, \u0432 \u0445\u043e\u0434\u0435 \u043f\u043e\u043b\u0451\u0442\u0430 \u043a\u043e\u0442\u043e\u0440\u043e\u0433\u043e \u0432 \u043f\u0435\u0440\u0438\u043e\u0434 \u0441 16 \u043f\u043e 24 \u0438\u044e\u043b\u044f 1969 \u0433\u043e\u0434\u0430 \u0436\u0438\u0442\u0435\u043b\u0438\u00a0\u0417\u0435\u043c\u043b\u0438\u00a0\u0432\u043f\u0435\u0440\u0432\u044b\u0435 \u0432 \u0438\u0441\u0442\u043e\u0440\u0438\u0438 \u0441\u043e\u0432\u0435\u0440\u0448\u0438\u043b\u0438 \u043f\u043e\u0441\u0430\u0434\u043a\u0443 [&hellip;]<\/p>\n","protected":false},"featured_media":44015,"comment_status":"open","ping_status":"closed","template":"","meta":{"_acf_changed":false},"product_brand":[],"product_cat":[6713],"product_tag":[],"class_list":{"0":"post-44017","1":"product","2":"type-product","3":"status-publish","4":"has-post-thumbnail","6":"product_cat-ru_ru-pazly-i-mozaiki-trim","8":"first","9":"instock","10":"shipping-taxable","11":"purchasable","12":"product-type-simple"},"acf":[],"_links":{"self":[{"href":"https:\/\/minimax.md\/ru\/wp-json\/wp\/v2\/product\/44017","targetHints":{"allow":["GET"]}}],"collection":[{"href":"https:\/\/minimax.md\/ru\/wp-json\/wp\/v2\/product"}],"about":[{"href":"https:\/\/minimax.md\/ru\/wp-json\/wp\/v2\/types\/product"}],"replies":[{"embeddable":true,"href":"https:\/\/minimax.md\/ru\/wp-json\/wp\/v2\/comments?post=44017"}],"version-history":[{"count":0,"href":"https:\/\/minimax.md\/ru\/wp-json\/wp\/v2\/product\/44017\/revisions"}],"wp:featuredmedia":[{"embeddable":true,"href":"https:\/\/minimax.md\/ru\/wp-json\/wp\/v2\/media\/44015"}],"wp:attachment":[{"href":"https:\/\/minimax.md\/ru\/wp-json\/wp\/v2\/media?parent=44017"}],"wp:term":[{"taxonomy":"product_brand","embeddable":true,"href":"https:\/\/minimax.md\/ru\/wp-json\/wp\/v2\/product_brand?post=44017"},{"taxonomy":"product_cat","embeddable":true,"href":"https:\/\/minimax.md\/ru\/wp-json\/wp\/v2\/product_cat?post=44017"},{"taxonomy":"product_tag","embeddable":true,"href":"https:\/\/minimax.md\/ru\/wp-json\/wp\/v2\/product_tag?post=44017"}],"curies":[{"name":"wp","href":"https:\/\/api.w.org\/{rel}","templated":true}]}}