{"id":44036,"date":"2024-01-11T17:10:37","date_gmt":"2024-01-11T14:10:37","guid":{"rendered":"https:\/\/minimax.md\/product\/44036.html"},"modified":"2024-02-21T09:03:23","modified_gmt":"2024-02-21T06:03:23","slug":"ru_ru-1-16-inercionnyj-spasatelnyj-vertolet-svet-zvuk-trim-ro_ro-1-16-elicopter-de-salvare-cu-fric-iune-lumini-sunete","status":"publish","type":"product","link":"https:\/\/minimax.md\/ru\/product\/44036.html","title":{"rendered":"1:16 \u0418\u043d\u0435\u0440\u0446\u0438\u043e\u043d\u043d\u044b\u0439 \u0441\u043f\u0430\u0441\u0430\u0442\u0435\u043b\u044c\u043d\u044b\u0439 \u0432\u0435\u0440\u0442\u043e\u043b\u0435\u0442 (\u0441\u0432\u0435\u0442 \/ \u0437\u0432\u0443\u043a)"},"content":{"rendered":"<p>[:ru_RU]\u0421\u043f\u0430\u0441\u0430\u0442\u0435\u043b\u044c\u043d\u044b\u0439 \u0432\u0435\u0440\u0442\u043e\u043b\u0435\u0442 \u0434\u0430\u0441\u0442 \u0432\u043e\u0437\u043c\u043e\u0436\u043d\u043e\u0441\u0442\u044c \u0440\u0435\u0431\u0435\u043d\u043a\u0443 \u043f\u043e\u0447\u0443\u0432\u0441\u0442\u0432\u043e\u0432\u0430\u0442\u044c \u0441\u0435\u0431\u044f \u043c\u0430\u043b\u0435\u043d\u044c\u043a\u0438\u043c \u0441\u043f\u0430\u0441\u0430\u0442\u0435\u043b\u0435\u043c, \u0441\u043f\u0435\u0448\u0430\u0449\u0438\u043c \u043d\u0430 \u043f\u043e\u043c\u043e\u0449\u044c \u043b\u044e\u0434\u044f\u043c, \u043f\u043e\u043f\u0430\u0432\u0448\u0438\u043c \u0432 \u0431\u0435\u0434\u0443.<\/p>\n<p>\u0418\u043d\u0435\u0440\u0446\u0438\u043e\u043d\u043d\u0430\u044f \u043c\u043e\u0434\u0435\u043b\u044c \u0432\u0435\u0440\u0442\u043e\u043b\u0435\u0442\u0430 \u0441 \u043c\u0430\u0441\u0448\u0442\u0430\u0431\u043e\u043c 1:16 \u0441\u043e \u0441\u0432\u0435\u0442\u043e\u0432\u044b\u043c\u0438 \u0438 \u0437\u0432\u0443\u043a\u043e\u0432\u044b\u043c\u0438 \u044d\u0444\u0444\u0435\u043a\u0442\u0430\u043c\u0438:<br \/>\n\u2014 \u0418\u043d\u0435\u0440\u0446\u0438\u043e\u043d\u043d\u044b\u0439 \u043c\u0435\u0445\u0430\u043d\u0438\u0437\u043c<br \/>\n\u2014 \u0417\u0432\u0443\u043a\u043e\u0432\u044b\u0435 \u043a\u043d\u043e\u043f\u043a\u0438 \u0441 \u0441\u0438\u0433\u043d\u0430\u043b\u043e\u043c \u0441\u0438\u0440\u0435\u043d\u044b \u0438 \u0437\u0432\u0443\u043a\u0430\u043c\u0438 \u0432\u0435\u0440\u0442\u043e\u043b\u0451\u0442\u0430<br \/>\n\u2014 \u041f\u0440\u0438 \u043d\u0430\u0436\u0430\u0442\u0438\u0438 \u043d\u0430 \u043a\u043d\u043e\u043f\u043a\u0438 \u0441\u0432\u0435\u0442\u0438\u0442\u0441\u044f \u043f\u0440\u043e\u0436\u0435\u043a\u0442\u043e\u0440 \u0438 \u043f\u0440\u043e\u043f\u0435\u043b\u043b\u0435\u0440 \u0432 \u0445\u0432\u043e\u0441\u0442\u0435<br \/>\n\u2014 \u0421\u0432\u0435\u0442 \u0438 \u0437\u0432\u0443\u043a \u0440\u0430\u0431\u043e\u0442\u0430\u044e\u0442 \u043e\u0442 3-\u0445 \u0431\u0430\u0442\u0430\u0440\u0435\u0435\u043a \u00abAG13\u00bb (\u0432\u0445\u043e\u0434\u044f\u0442 \u0432 \u043a\u043e\u043c\u043f\u043b\u0435\u043a\u0442)<br \/>\n\u2014 \u041f\u043e\u0434\u0432\u0438\u0436\u043d\u044b\u0435 \u044d\u043b\u0435\u043c\u0435\u043d\u0442\u044b: \u0432\u0438\u043d\u0442 \u0432\u0440\u0430\u0449\u0430\u0435\u0442\u0441\u044f, \u043d\u0430\u0436\u0438\u043c\u0430\u044f \u043d\u0430 \u0440\u044b\u0447\u0430\u0433, \u043a\u0440\u044e\u043a \u043d\u0430 \u0432\u0435\u0440\u0451\u0432\u043e\u0447\u043a\u0435, \u043e\u043f\u0443\u0441\u043a\u0430\u0435\u0442\u0441\u044f \u0438 \u0441\u043d\u043e\u0432\u0430 \u043d\u0430\u043c\u0430\u0442\u044b\u0432\u0430\u0435\u0442\u0441\u044f<br \/>\n\u2014 \u0412 \u043a\u043e\u043c\u043f\u043b\u0435\u043a\u0442\u0435 \u043b\u044e\u043b\u044c\u043a\u0430 \u0434\u043b\u044f \u043f\u043e\u0434\u044a\u0451\u043c\u0430\/\u043f\u0435\u0440\u0435\u043c\u0435\u0449\u0435\u043d\u0438\u044f \u0433\u0440\u0443\u0437\u0430<br \/>\n\u2014 \u041c\u0430\u0442\u0435\u0440\u0438\u0430\u043b: \u043f\u043b\u0430\u0441\u0442\u0438\u043a[trim][:ro_RO]Colec\u021bia de vehicule de salvare \u00eei ofer\u0103 oric\u0103rui pasionat ore \u00eentregi de ac\u021biune \u0219i distrac\u021bie! Realizate din materiale rezistente \u0219i de calitate, cu un design realist \u0219i interesant, elicopterele sunt juc\u0103rii superbe, cu ajutorul c\u0103rora copiii pot pune \u00een scen\u0103 secven\u021be de ac\u021biune pe care le elaboreaz\u0103 ei \u00een\u0219i\u0219i.<\/p>\n<p>Caracteristici:<\/p>\n<ul>\n<li>Elicopterul de salvare este mereu \u00een ac\u021biune chiar \u0219i pe terenuri greu accesibile, deoarece cu troliul manual targa poate fi l\u0103sat\u0103 \u00een jos, pentru a aduce oamenii salva\u021bi \u00een siguran\u021b\u0103.<\/li>\n<li>Elicele elicopterului se pot \u00eenv\u00e2rti, lumina de c\u0103utare \u0219i sunetele se pot activa cu ajutorul butoanelor plasate deasupra cabinei.<\/li>\n<li>De asemenea, u\u0219ile de deschidere a elicopterului permit copilului dumneavoastr\u0103 s\u0103 priveasc\u0103 \u00een interiorul acestuia.<\/li>\n<li>Bateriile necesare pentru efectele luminoase \u0219i sonore, 3 x AG13 (bateriile sunt incluse).<\/li>\n<li>Elicopterul este dotat cu motor cu fric\u021biune, astfel, el va fi \u00eempins pu\u021bin \u0219i datorit\u0103 fric\u021biunii se va<br \/>\n","protected":false},"excerpt":{"rendered":"<p>[:ru_RU]\u0421\u043f\u0430\u0441\u0430\u0442\u0435\u043b\u044c\u043d\u044b\u0439 \u0432\u0435\u0440\u0442\u043e\u043b\u0435\u0442 \u0434\u0430\u0441\u0442 \u0432\u043e\u0437\u043c\u043e\u0436\u043d\u043e\u0441\u0442\u044c \u0440\u0435\u0431\u0435\u043d\u043a\u0443 \u043f\u043e\u0447\u0443\u0432\u0441\u0442\u0432\u043e\u0432\u0430\u0442\u044c \u0441\u0435\u0431\u044f \u043c\u0430\u043b\u0435\u043d\u044c\u043a\u0438\u043c \u0441\u043f\u0430\u0441\u0430\u0442\u0435\u043b\u0435\u043c, \u0441\u043f\u0435\u0448\u0430\u0449\u0438\u043c \u043d\u0430 \u043f\u043e\u043c\u043e\u0449\u044c \u043b\u044e\u0434\u044f\u043c, \u043f\u043e\u043f\u0430\u0432\u0448\u0438\u043c \u0432 \u0431\u0435\u0434\u0443. \u0418\u043d\u0435\u0440\u0446\u0438\u043e\u043d\u043d\u0430\u044f \u043c\u043e\u0434\u0435\u043b\u044c \u0432\u0435\u0440\u0442\u043e\u043b\u0435\u0442\u0430 \u0441 \u043c\u0430\u0441\u0448\u0442\u0430\u0431\u043e\u043c 1:16 \u0441\u043e \u0441\u0432\u0435\u0442\u043e\u0432\u044b\u043c\u0438 \u0438 \u0437\u0432\u0443\u043a\u043e\u0432\u044b\u043c\u0438 \u044d\u0444\u0444\u0435\u043a\u0442\u0430\u043c\u0438: \u2014 \u0418\u043d\u0435\u0440\u0446\u0438\u043e\u043d\u043d\u044b\u0439 \u043c\u0435\u0445\u0430\u043d\u0438\u0437\u043c \u2014 \u0417\u0432\u0443\u043a\u043e\u0432\u044b\u0435 \u043a\u043d\u043e\u043f\u043a\u0438 \u0441 \u0441\u0438\u0433\u043d\u0430\u043b\u043e\u043c \u0441\u0438\u0440\u0435\u043d\u044b \u0438 \u0437\u0432\u0443\u043a\u0430\u043c\u0438 \u0432\u0435\u0440\u0442\u043e\u043b\u0451\u0442\u0430 \u2014 \u041f\u0440\u0438 \u043d\u0430\u0436\u0430\u0442\u0438\u0438 \u043d\u0430 \u043a\u043d\u043e\u043f\u043a\u0438 \u0441\u0432\u0435\u0442\u0438\u0442\u0441\u044f \u043f\u0440\u043e\u0436\u0435\u043a\u0442\u043e\u0440 \u0438 \u043f\u0440\u043e\u043f\u0435\u043b\u043b\u0435\u0440 \u0432 \u0445\u0432\u043e\u0441\u0442\u0435 \u2014 \u0421\u0432\u0435\u0442 \u0438 \u0437\u0432\u0443\u043a \u0440\u0430\u0431\u043e\u0442\u0430\u044e\u0442 [&hellip;]<\/p>\n","protected":false},"featured_media":44034,"comment_status":"open","ping_status":"closed","template":"","meta":{"_acf_changed":false},"product_brand":[],"product_cat":[6723],"product_tag":[],"class_list":{"0":"post-44036","1":"product","2":"type-product","3":"status-publish","4":"has-post-thumbnail","6":"product_cat-ru_ru-samoljoty-trim-ro_ro","8":"first","9":"instock","10":"shipping-taxable","11":"purchasable","12":"product-type-simple"},"acf":[],"_links":{"self":[{"href":"https:\/\/minimax.md\/ru\/wp-json\/wp\/v2\/product\/44036","targetHints":{"allow":["GET"]}}],"collection":[{"href":"https:\/\/minimax.md\/ru\/wp-json\/wp\/v2\/product"}],"about":[{"href":"https:\/\/minimax.md\/ru\/wp-json\/wp\/v2\/types\/product"}],"replies":[{"embeddable":true,"href":"https:\/\/minimax.md\/ru\/wp-json\/wp\/v2\/comments?post=44036"}],"version-history":[{"count":0,"href":"https:\/\/minimax.md\/ru\/wp-json\/wp\/v2\/product\/44036\/revisions"}],"wp:featuredmedia":[{"embeddable":true,"href":"https:\/\/minimax.md\/ru\/wp-json\/wp\/v2\/media\/44034"}],"wp:attachment":[{"href":"https:\/\/minimax.md\/ru\/wp-json\/wp\/v2\/media?parent=44036"}],"wp:term":[{"taxonomy":"product_brand","embeddable":true,"href":"https:\/\/minimax.md\/ru\/wp-json\/wp\/v2\/product_brand?post=44036"},{"taxonomy":"product_cat","embeddable":true,"href":"https:\/\/minimax.md\/ru\/wp-json\/wp\/v2\/product_cat?post=44036"},{"taxonomy":"product_tag","embeddable":true,"href":"https:\/\/minimax.md\/ru\/wp-json\/wp\/v2\/product_tag?post=44036"}],"curies":[{"name":"wp","href":"https:\/\/api.w.org\/{rel}","templated":true}]}}