{"id":44054,"date":"2024-01-11T17:10:38","date_gmt":"2024-01-11T14:10:38","guid":{"rendered":"https:\/\/minimax.md\/product\/44054.html"},"modified":"2024-03-13T00:17:06","modified_gmt":"2024-03-12T21:17:06","slug":"ru_ru-derevjannaja-mashinka-avtovoz-trim-ro_ro-ma-in-din-lemn-transport-auto","status":"publish","type":"product","link":"https:\/\/minimax.md\/ru\/product\/44054.html","title":{"rendered":"\u0414\u0435\u0440\u0435\u0432\u044f\u043d\u043d\u0430\u044f \u043c\u0430\u0448\u0438\u043d\u043a\u0430 \"\u0410\u0432\u0442\u043e\u0432\u043e\u0437\""},"content":{"rendered":"<p>[:ru_RU]\u25cf \u0414\u0432\u0443\u0445\u044d\u0442\u0430\u0436\u043d\u044b\u0439 \u0430\u0432\u0442\u043e\u0432\u043e\u0437, \u043a\u043e\u0442\u043e\u0440\u044b\u0439 \u043f\u043e\u0434\u0431\u0438\u0440\u0430\u0435\u0442 \u0438 \u0434\u043e\u0441\u0442\u0430\u0432\u043b\u044f\u0435\u0442 3 \u0440\u0430\u0437\u043d\u043e\u0446\u0432\u0435\u0442\u043d\u044b\u0445 \u0430\u0432\u0442\u043e\u043c\u043e\u0431\u0438\u043b\u044f. \u041e\u043f\u0443\u0441\u0442\u0438\u0442\u0435 \u043f\u0440\u0438\u0446\u0435\u043f, \u0447\u0442\u043e\u0431\u044b \u043f\u043e\u043b\u0443\u0447\u0438\u043b\u0441\u044f \u0434\u043b\u0438\u043d\u043d\u044b\u0439 \u043f\u0430\u043d\u0434\u0443\u0441 \u0434\u043b\u044f \u043f\u043e\u0433\u0440\u0443\u0437\u043a\u0438 \u0438 \u0440\u0430\u0437\u0433\u0440\u0443\u0437\u043a\u0438 \u0430\u0432\u0442\u043e\u043c\u043e\u0431\u0438\u043b\u0435\u0439.<br \/>\n\u25cf \u041f\u0440\u043e\u0447\u043d\u044b\u0439 \u0434\u0435\u0440\u0435\u0432\u044f\u043d\u043d\u044b\u0439 \u0438\u0433\u0440\u043e\u0432\u043e\u0439 \u043d\u0430\u0431\u043e\u0440 \u0434\u043b\u044f \u0442\u0440\u0430\u043d\u0441\u043f\u043e\u0440\u0442\u043d\u044b\u0445 \u0441\u0440\u0435\u0434\u0441\u0442\u0432, \u0442\u0440\u0435\u043d\u0438\u0440\u0443\u0435\u0442 \u0441\u043f\u043e\u0441\u043e\u0431\u043d\u043e\u0441\u0442\u044c \u0432\u0438\u0437\u0443\u0430\u043b\u044c\u043d\u043e\u0433\u043e \u043e\u0442\u0441\u043b\u0435\u0436\u0438\u0432\u0430\u043d\u0438\u044f.<br \/>\n\u25cf \u0412\u0430\u0433\u043e\u043d\u044b \u0441\u043e\u0432\u043c\u0435\u0441\u0442\u0438\u043c\u044b \u0441\u043e \u0432\u0441\u0435\u043c\u0438 \u0441\u0442\u0430\u043d\u0434\u0430\u0440\u0442\u043d\u044b\u043c\u0438 \u0434\u0435\u0440\u0435\u0432\u044f\u043d\u043d\u044b\u043c\u0438 \u0436\u0435\u043b\u0435\u0437\u043d\u043e\u0434\u043e\u0440\u043e\u0436\u043d\u044b\u043c\u0438 \u043f\u0443\u0442\u044f\u043c\u0438. \u041e\u0442\u043b\u0438\u0447\u043d\u043e\u0435 \u0434\u043e\u043f\u043e\u043b\u043d\u0435\u043d\u0438\u0435 \u043a \u043b\u044e\u0431\u043e\u043c\u0443 \u0434\u0435\u0440\u0435\u0432\u044f\u043d\u043d\u043e\u043c\u0443 \u043a\u043e\u043c\u043f\u043b\u0435\u043a\u0442\u0443 \u0436\u0435\u043b\u0435\u0437\u043d\u044b\u0445 \u0434\u043e\u0440\u043e\u0433.<br \/>\n\u25cf \u041e\u0442\u043b\u0438\u0447\u043d\u0430\u044f \u0438\u0433\u0440\u0443\u0448\u043a\u0430 \u0434\u043b\u044f \u0440\u0430\u0437\u0432\u0438\u0442\u0438\u044f \u043c\u0435\u043b\u043a\u043e\u0439 \u043c\u043e\u0442\u043e\u0440\u0438\u043a\u0438 \u0438 \u043b\u043e\u0433\u0438\u0447\u0435\u0441\u043a\u043e\u0433\u043e \u043c\u044b\u0448\u043b\u0435\u043d\u0438\u044f.[trim][:ro_RO]\u25cf Transportor cu dou\u0103 etaje, care preia \u0219i livreaz\u0103 3 ma\u0219ini colorate. Cobor\u00e2\u021bi remorca pentru a crea o ramp\u0103 lung\u0103 pentru \u00eenc\u0103rcarea \u0219i desc\u0103rcarea vehiculelor.<\/p>\n<p>\u25cf Set de joc durabil pentru vehicule din lemn, antreneaz\u0103 capacitatea de urm\u0103rire vizual\u0103.<\/p>\n<p>\u25cf Vagoanele sunt compatibile cu toate c\u0103ile ferate standard din lemn. Un plus extraordinar pentru orice kit de \u0219in\u0103 din lemn.<\/p>\n<p>\u25cf O juc\u0103rie excelent\u0103 pentru dezvoltarea abilit\u0103\u021bilor motorii fine \u0219i a g\u00e2ndirii logice.<\/p>\n","protected":false},"excerpt":{"rendered":"<p>[:ru_RU]\u25cf \u0414\u0432\u0443\u0445\u044d\u0442\u0430\u0436\u043d\u044b\u0439 \u0430\u0432\u0442\u043e\u0432\u043e\u0437, \u043a\u043e\u0442\u043e\u0440\u044b\u0439 \u043f\u043e\u0434\u0431\u0438\u0440\u0430\u0435\u0442 \u0438 \u0434\u043e\u0441\u0442\u0430\u0432\u043b\u044f\u0435\u0442 3 \u0440\u0430\u0437\u043d\u043e\u0446\u0432\u0435\u0442\u043d\u044b\u0445 \u0430\u0432\u0442\u043e\u043c\u043e\u0431\u0438\u043b\u044f. \u041e\u043f\u0443\u0441\u0442\u0438\u0442\u0435 \u043f\u0440\u0438\u0446\u0435\u043f, \u0447\u0442\u043e\u0431\u044b \u043f\u043e\u043b\u0443\u0447\u0438\u043b\u0441\u044f \u0434\u043b\u0438\u043d\u043d\u044b\u0439 \u043f\u0430\u043d\u0434\u0443\u0441 \u0434\u043b\u044f \u043f\u043e\u0433\u0440\u0443\u0437\u043a\u0438 \u0438 \u0440\u0430\u0437\u0433\u0440\u0443\u0437\u043a\u0438 \u0430\u0432\u0442\u043e\u043c\u043e\u0431\u0438\u043b\u0435\u0439. \u25cf \u041f\u0440\u043e\u0447\u043d\u044b\u0439 \u0434\u0435\u0440\u0435\u0432\u044f\u043d\u043d\u044b\u0439 \u0438\u0433\u0440\u043e\u0432\u043e\u0439 \u043d\u0430\u0431\u043e\u0440 \u0434\u043b\u044f \u0442\u0440\u0430\u043d\u0441\u043f\u043e\u0440\u0442\u043d\u044b\u0445 \u0441\u0440\u0435\u0434\u0441\u0442\u0432, \u0442\u0440\u0435\u043d\u0438\u0440\u0443\u0435\u0442 \u0441\u043f\u043e\u0441\u043e\u0431\u043d\u043e\u0441\u0442\u044c \u0432\u0438\u0437\u0443\u0430\u043b\u044c\u043d\u043e\u0433\u043e \u043e\u0442\u0441\u043b\u0435\u0436\u0438\u0432\u0430\u043d\u0438\u044f. \u25cf \u0412\u0430\u0433\u043e\u043d\u044b \u0441\u043e\u0432\u043c\u0435\u0441\u0442\u0438\u043c\u044b \u0441\u043e \u0432\u0441\u0435\u043c\u0438 \u0441\u0442\u0430\u043d\u0434\u0430\u0440\u0442\u043d\u044b\u043c\u0438 \u0434\u0435\u0440\u0435\u0432\u044f\u043d\u043d\u044b\u043c\u0438 \u0436\u0435\u043b\u0435\u0437\u043d\u043e\u0434\u043e\u0440\u043e\u0436\u043d\u044b\u043c\u0438 \u043f\u0443\u0442\u044f\u043c\u0438. \u041e\u0442\u043b\u0438\u0447\u043d\u043e\u0435 \u0434\u043e\u043f\u043e\u043b\u043d\u0435\u043d\u0438\u0435 \u043a \u043b\u044e\u0431\u043e\u043c\u0443 \u0434\u0435\u0440\u0435\u0432\u044f\u043d\u043d\u043e\u043c\u0443 \u043a\u043e\u043c\u043f\u043b\u0435\u043a\u0442\u0443 \u0436\u0435\u043b\u0435\u0437\u043d\u044b\u0445 \u0434\u043e\u0440\u043e\u0433. \u25cf \u041e\u0442\u043b\u0438\u0447\u043d\u0430\u044f \u0438\u0433\u0440\u0443\u0448\u043a\u0430 \u0434\u043b\u044f \u0440\u0430\u0437\u0432\u0438\u0442\u0438\u044f [&hellip;]<\/p>\n","protected":false},"featured_media":44037,"comment_status":"open","ping_status":"closed","template":"","meta":{"_acf_changed":false},"product_brand":[],"product_cat":[6721],"product_tag":[],"class_list":{"0":"post-44054","1":"product","2":"type-product","3":"status-publish","4":"has-post-thumbnail","6":"product_cat-ru_ru-derevjannye-igrushki","8":"first","9":"instock","10":"shipping-taxable","11":"purchasable","12":"product-type-simple"},"acf":[],"_links":{"self":[{"href":"https:\/\/minimax.md\/ru\/wp-json\/wp\/v2\/product\/44054","targetHints":{"allow":["GET"]}}],"collection":[{"href":"https:\/\/minimax.md\/ru\/wp-json\/wp\/v2\/product"}],"about":[{"href":"https:\/\/minimax.md\/ru\/wp-json\/wp\/v2\/types\/product"}],"replies":[{"embeddable":true,"href":"https:\/\/minimax.md\/ru\/wp-json\/wp\/v2\/comments?post=44054"}],"version-history":[{"count":0,"href":"https:\/\/minimax.md\/ru\/wp-json\/wp\/v2\/product\/44054\/revisions"}],"wp:featuredmedia":[{"embeddable":true,"href":"https:\/\/minimax.md\/ru\/wp-json\/wp\/v2\/media\/44037"}],"wp:attachment":[{"href":"https:\/\/minimax.md\/ru\/wp-json\/wp\/v2\/media?parent=44054"}],"wp:term":[{"taxonomy":"product_brand","embeddable":true,"href":"https:\/\/minimax.md\/ru\/wp-json\/wp\/v2\/product_brand?post=44054"},{"taxonomy":"product_cat","embeddable":true,"href":"https:\/\/minimax.md\/ru\/wp-json\/wp\/v2\/product_cat?post=44054"},{"taxonomy":"product_tag","embeddable":true,"href":"https:\/\/minimax.md\/ru\/wp-json\/wp\/v2\/product_tag?post=44054"}],"curies":[{"name":"wp","href":"https:\/\/api.w.org\/{rel}","templated":true}]}}