{"id":44080,"date":"2024-01-11T17:10:43","date_gmt":"2024-01-11T14:10:43","guid":{"rendered":"https:\/\/minimax.md\/product\/44080.html"},"modified":"2024-03-13T00:35:05","modified_gmt":"2024-03-12T21:35:05","slug":"ru_ru-derevjannyj-konstruktor-magnitnaja-laboratorija-trim-ro_ro-constructor-din-lemn-laborator-magnetic","status":"publish","type":"product","link":"https:\/\/minimax.md\/ru\/product\/44080.html","title":{"rendered":"\u0414\u0435\u0440\u0435\u0432\u044f\u043d\u043d\u044b\u0439 \u043a\u043e\u043d\u0441\u0442\u0440\u0443\u043a\u0442\u043e\u0440 \"\u041c\u0430\u0433\u043d\u0438\u0442\u043d\u0430\u044f \u043b\u0430\u0431\u043e\u0440\u0430\u0442\u043e\u0440\u0438\u044f\""},"content":{"rendered":"<p>[:ru_RU]\u041a\u043e\u043d\u0441\u0442\u0440\u0443\u043a\u0442\u043e\u0440 \u00ab\u041c\u0430\u0433\u043d\u0438\u0442\u043d\u0430\u044f \u043b\u0430\u0431\u043e\u0440\u0430\u0442\u043e\u0440\u0438\u044f\u00bb \u043e\u0442 Hape \u2013 \u0443\u043d\u0438\u043a\u0430\u043b\u044c\u043d\u044b\u0439 \u043d\u0430\u0443\u0447\u043d\u044b\u0439 \u043d\u0430\u0431\u043e\u0440 \u043a\u043e\u0442\u043e\u0440\u044b\u0439 \u043f\u043e\u0437\u043d\u0430\u043a\u043e\u043c\u0438\u0442 \u0434\u0435\u0442\u0435\u0439 \u0441 \u0444\u0438\u0437\u0438\u043a\u043e\u0439 \u0438 \u043d\u0430\u0443\u043a\u043e\u0439 \u043e \u043c\u0430\u0433\u043d\u0438\u0442\u0430\u0445.<\/p>\n<p>\u0412 \u043a\u043e\u043c\u043f\u043b\u0435\u043a\u0442 \u0432\u0445\u043e\u0434\u0438\u0442 34 \u044d\u043b\u0435\u043c\u0435\u043d\u0442\u0430, \u0441\u0440\u0435\u0434\u0438 \u043a\u043e\u0442\u043e\u0440\u044b\u0445 \u0435\u0441\u0442\u044c \u043c\u0430\u0433\u043d\u0438\u0442\u044b, \u0431\u043b\u043e\u043a\u0438, \u043f\u043b\u0430\u043d\u043a\u0438, \u043a\u0440\u0435\u043f\u0435\u0436\u0438, \u0432\u0435\u0440\u0435\u0432\u043a\u0430, \u0432\u0440\u0430\u0449\u0430\u0442\u0435\u043b\u044c, \u043a\u0430\u0440\u0442\u0438\u043d\u043a\u0438, \u0431\u0443\u043c\u0430\u0436\u043d\u0430\u044f \u0440\u044b\u0431\u043a\u0430 \u0438 \u0434\u0440\u0443\u0433\u0438\u0435 \u0434\u0435\u0442\u0430\u043b\u0438, \u043d\u0435\u043e\u0431\u0445\u043e\u0434\u0438\u043c\u044b\u0435 \u0434\u043b\u044f \u043f\u0440\u043e\u0432\u0435\u0434\u0435\u043d\u0438\u044f \u044d\u043a\u0441\u043f\u0435\u0440\u0438\u043c\u0435\u043d\u0442\u043e\u0432. \u0414\u043b\u044f \u0440\u0430\u0431\u043e\u0442\u044b \u043d\u0430\u0431\u043e\u0440\u0430 \u0431\u0430\u0442\u0430\u0440\u0435\u0439\u043a\u0438 \u043d\u0435 \u0442\u0440\u0435\u0431\u0443\u044e\u0442\u0441\u044f.<\/p>\n<p>\u0421 \u043f\u043e\u043c\u043e\u0449\u044c\u044e \u043a\u043e\u043d\u0441\u0442\u0440\u0443\u043a\u0442\u043e\u0440\u0430\u00a0 \u0440\u0435\u0431\u0435\u043d\u043e\u043a \u0441\u043c\u043e\u0436\u0435\u0442 \u043f\u0440\u043e\u0432\u0435\u0441\u0442\u0438 7 \u043c\u0430\u0433\u043d\u0438\u0442\u043d\u044b\u0445 \u043e\u043f\u044b\u0442\u043e\u0432: \u0433\u0440\u0430\u0432\u0438\u0442\u0430\u0446\u0438\u043e\u043d\u043d\u044b\u0439 \u043c\u0430\u0433\u043d\u0438\u0442, \u0431\u0430\u043b\u0430\u043d\u0441\u0438\u0440\u0443\u044e\u0449\u0438\u0439 \u043c\u0430\u0433\u043d\u0438\u0442, \u043f\u0440\u044b\u0433\u0430\u044e\u0449\u0438\u0439 \u043c\u0430\u0433\u043d\u0438\u0442, \u0432\u0440\u0430\u0449\u0430\u044e\u0449\u0443\u044e\u0441\u044f \u043f\u043b\u0430\u043d\u0435\u0442\u0443, \u043c\u0430\u0433\u043d\u0438\u0442\u043d\u0443\u044e \u0440\u044b\u0431\u0430\u043b\u043a\u0443, \u0432\u043e\u043b\u0448\u0435\u0431\u043d\u0443\u044e \u0440\u044b\u0431\u043a\u0443 \u0438 \u0432\u0440\u0430\u0449\u0430\u044e\u0449\u0438\u0439\u0441\u044f \u043c\u0430\u0433\u043d\u0438\u0442. \u0421\u043e\u0431\u0440\u0430\u0442\u044c \u043c\u0430\u0433\u043d\u0438\u0442\u043d\u044b\u0435 \u0443\u0441\u0442\u0440\u043e\u0439\u0441\u0442\u0432\u0430 \u043f\u043e\u043c\u043e\u0436\u0435\u0442 \u0434\u0435\u0442\u0430\u043b\u044c\u043d\u0430\u044f \u0438\u043d\u0441\u0442\u0440\u0443\u043a\u0446\u0438\u044f \u0441 \u043f\u043e\u0448\u0430\u0433\u043e\u0432\u044b\u043c\u0438 \u043a\u0430\u0440\u0442\u0438\u043d\u043a\u0430\u043c\u0438. \u0422\u0430\u043a\u0436\u0435 \u0434\u043e\u0441\u0442\u0443\u043f\u043d\u043e \u0431\u0435\u0441\u043f\u043b\u0430\u0442\u043d\u043e\u0435 \u043f\u0440\u0438\u043b\u043e\u0436\u0435\u043d\u0438\u0435 \u0432 App Store \u0438 Google Play.<\/p>\n<p>\u0412 \u043e\u0441\u043d\u043e\u0432\u0435 \u043a\u043e\u043d\u0441\u0442\u0440\u0443\u043a\u0442\u043e\u0440\u043e\u0432 \u043b\u0435\u0436\u0430\u0442 \u043f\u0440\u0438\u043d\u0446\u0438\u043f\u044b STEM-\u043e\u0431\u0440\u0430\u0437\u043e\u0432\u0430\u043d\u0438\u044f. \u0412\u043e \u0432\u0440\u0435\u043c\u044f \u043f\u0440\u043e\u0432\u0435\u0434\u0435\u043d\u0438\u044f \u044d\u043a\u0441\u043f\u0435\u0440\u0438\u043c\u0435\u043d\u0442\u043e\u0432 \u0440\u0430\u0437\u0432\u0438\u0432\u0430\u0435\u0442\u0441\u044f \u043b\u043e\u0433\u0438\u0447\u0435\u0441\u043a\u043e\u0435 \u043c\u044b\u0448\u043b\u0435\u043d\u0438\u0435, \u0432\u043d\u0438\u043c\u0430\u0442\u0435\u043b\u044c\u043d\u043e\u0441\u0442\u044c, \u0432\u043e\u043e\u0431\u0440\u0430\u0436\u0435\u043d\u0438\u0435, \u0442\u0440\u0435\u043d\u0438\u0440\u0443\u044e\u0442\u0441\u044f \u043c\u0430\u0442\u0435\u043c\u0430\u0442\u0438\u0447\u0435\u0441\u043a\u0438\u0435 \u043d\u0430\u0432\u044b\u043a\u0438 \u0438 \u043d\u0430\u0432\u044b\u043a\u0438 \u043a\u043e\u043d\u0441\u0442\u0440\u0443\u0438\u0440\u043e\u0432\u0430\u043d\u0438\u044f. \u0421\u0431\u043e\u0440 \u043c\u0430\u0433\u043d\u0438\u0442\u043d\u044b\u0445 \u0443\u0441\u0442\u0440\u043e\u0439\u0441\u0442\u0432 \u0443\u0447\u0438\u0442 \u044e\u043d\u043e\u0433\u043e \u0443\u0447\u0435\u043d\u043e\u0433\u043e \u044d\u043a\u0441\u043f\u0435\u0440\u0438\u043c\u0435\u043d\u0442\u0438\u0440\u043e\u0432\u0430\u0442\u044c \u0438 \u0441\u0442\u0440\u0435\u043c\u0438\u0442\u044c\u0441\u044f \u043a \u0434\u043e\u0441\u0442\u0438\u0436\u0435\u043d\u0438\u044e \u0440\u0435[trim][:ro_RO]<strong>Laboratorul Magnetic creat de Hape este un kit \u0219tiin\u021bific unic care \u00eei introduce pe copii \u00een fizic\u0103 \u0219i \u0219tiin\u021ba magne\u021bilor.<\/strong><\/p>\n<p><strong>Setul include 34 de elemente, inclusiv magne\u021bi, blocuri, benzi, elemente de fixare, o fr\u00e2nghie, un rotator, poze, un pe\u0219te de h\u00e2rtie \u0219i alte detalii necesare experimentelor.<\/strong> Bateriile nu sunt necesare pentru a utiliza setul.<\/p>\n<p>Cu ajutorul constructorului, copilul va putea desf\u0103\u0219ura 7 experimente magnetice: un magnet gravita\u021bional, un magnet de echilibrare, un magnet s\u0103ritor, o planet\u0103 rotativ\u0103, pescuit magnetic, un pe\u0219te magic \u0219i un magnet rotativ. O instruc\u021biune detaliat\u0103 cu imagini pas cu pas va ajuta la asamblarea dispozitivelor magnetice. O aplica\u021bie gratuit\u0103 este disponibil\u0103 \u0219i \u00een<em> App Store \u0219i Google Play.<\/em><\/p>\n<p>Constructorii se bazeaz\u0103 pe principiile educa\u021biei STEM. \u00cen timpul experimentelor, se formeaz\u0103 g\u00e2ndirea logic\u0103, aten\u021bia, imagina\u021bia, abilit\u0103\u021bile matematice \u0219i abilit\u0103\u021bile de proiectare. Colectarea dispozitivelor magnetice \u00eel \u00eenva\u021b\u0103 p<\/p>\n","protected":false},"excerpt":{"rendered":"<p>[:ru_RU]\u041a\u043e\u043d\u0441\u0442\u0440\u0443\u043a\u0442\u043e\u0440 \u00ab\u041c\u0430\u0433\u043d\u0438\u0442\u043d\u0430\u044f \u043b\u0430\u0431\u043e\u0440\u0430\u0442\u043e\u0440\u0438\u044f\u00bb \u043e\u0442 Hape \u2013 \u0443\u043d\u0438\u043a\u0430\u043b\u044c\u043d\u044b\u0439 \u043d\u0430\u0443\u0447\u043d\u044b\u0439 \u043d\u0430\u0431\u043e\u0440 \u043a\u043e\u0442\u043e\u0440\u044b\u0439 \u043f\u043e\u0437\u043d\u0430\u043a\u043e\u043c\u0438\u0442 \u0434\u0435\u0442\u0435\u0439 \u0441 \u0444\u0438\u0437\u0438\u043a\u043e\u0439 \u0438 \u043d\u0430\u0443\u043a\u043e\u0439 \u043e \u043c\u0430\u0433\u043d\u0438\u0442\u0430\u0445. \u0412 \u043a\u043e\u043c\u043f\u043b\u0435\u043a\u0442 \u0432\u0445\u043e\u0434\u0438\u0442 34 \u044d\u043b\u0435\u043c\u0435\u043d\u0442\u0430, \u0441\u0440\u0435\u0434\u0438 \u043a\u043e\u0442\u043e\u0440\u044b\u0445 \u0435\u0441\u0442\u044c \u043c\u0430\u0433\u043d\u0438\u0442\u044b, \u0431\u043b\u043e\u043a\u0438, \u043f\u043b\u0430\u043d\u043a\u0438, \u043a\u0440\u0435\u043f\u0435\u0436\u0438, \u0432\u0435\u0440\u0435\u0432\u043a\u0430, \u0432\u0440\u0430\u0449\u0430\u0442\u0435\u043b\u044c, \u043a\u0430\u0440\u0442\u0438\u043d\u043a\u0438, \u0431\u0443\u043c\u0430\u0436\u043d\u0430\u044f \u0440\u044b\u0431\u043a\u0430 \u0438 \u0434\u0440\u0443\u0433\u0438\u0435 \u0434\u0435\u0442\u0430\u043b\u0438, \u043d\u0435\u043e\u0431\u0445\u043e\u0434\u0438\u043c\u044b\u0435 \u0434\u043b\u044f \u043f\u0440\u043e\u0432\u0435\u0434\u0435\u043d\u0438\u044f \u044d\u043a\u0441\u043f\u0435\u0440\u0438\u043c\u0435\u043d\u0442\u043e\u0432. \u0414\u043b\u044f \u0440\u0430\u0431\u043e\u0442\u044b \u043d\u0430\u0431\u043e\u0440\u0430 \u0431\u0430\u0442\u0430\u0440\u0435\u0439\u043a\u0438 \u043d\u0435 \u0442\u0440\u0435\u0431\u0443\u044e\u0442\u0441\u044f. \u0421 \u043f\u043e\u043c\u043e\u0449\u044c\u044e \u043a\u043e\u043d\u0441\u0442\u0440\u0443\u043a\u0442\u043e\u0440\u0430\u00a0 \u0440\u0435\u0431\u0435\u043d\u043e\u043a \u0441\u043c\u043e\u0436\u0435\u0442 \u043f\u0440\u043e\u0432\u0435\u0441\u0442\u0438 7 [&hellip;]<\/p>\n","protected":false},"featured_media":44065,"comment_status":"open","ping_status":"closed","template":"","meta":{"_acf_changed":false},"product_brand":[],"product_cat":[6711],"product_tag":[],"class_list":{"0":"post-44080","1":"product","2":"type-product","3":"status-publish","4":"has-post-thumbnail","6":"product_cat-ru_ru-konstruktory-trim-ro_","8":"first","9":"instock","10":"shipping-taxable","11":"purchasable","12":"product-type-simple"},"acf":[],"_links":{"self":[{"href":"https:\/\/minimax.md\/ru\/wp-json\/wp\/v2\/product\/44080","targetHints":{"allow":["GET"]}}],"collection":[{"href":"https:\/\/minimax.md\/ru\/wp-json\/wp\/v2\/product"}],"about":[{"href":"https:\/\/minimax.md\/ru\/wp-json\/wp\/v2\/types\/product"}],"replies":[{"embeddable":true,"href":"https:\/\/minimax.md\/ru\/wp-json\/wp\/v2\/comments?post=44080"}],"version-history":[{"count":0,"href":"https:\/\/minimax.md\/ru\/wp-json\/wp\/v2\/product\/44080\/revisions"}],"wp:featuredmedia":[{"embeddable":true,"href":"https:\/\/minimax.md\/ru\/wp-json\/wp\/v2\/media\/44065"}],"wp:attachment":[{"href":"https:\/\/minimax.md\/ru\/wp-json\/wp\/v2\/media?parent=44080"}],"wp:term":[{"taxonomy":"product_brand","embeddable":true,"href":"https:\/\/minimax.md\/ru\/wp-json\/wp\/v2\/product_brand?post=44080"},{"taxonomy":"product_cat","embeddable":true,"href":"https:\/\/minimax.md\/ru\/wp-json\/wp\/v2\/product_cat?post=44080"},{"taxonomy":"product_tag","embeddable":true,"href":"https:\/\/minimax.md\/ru\/wp-json\/wp\/v2\/product_tag?post=44080"}],"curies":[{"name":"wp","href":"https:\/\/api.w.org\/{rel}","templated":true}]}}