{"id":44259,"date":"2024-01-11T17:11:25","date_gmt":"2024-01-11T14:11:25","guid":{"rendered":"https:\/\/minimax.md\/product\/44259.html"},"modified":"2024-03-13T01:04:10","modified_gmt":"2024-03-12T22:04:10","slug":"ru_ru-1-16-inercionnaja-uborochnaja-mashina-svet-zvuk-trim-ro_ro-1-16-ma-in-de-cur-at-strada-cu-fric-iune-lumini-sunete","status":"publish","type":"product","link":"https:\/\/minimax.md\/ru\/product\/44259.html","title":{"rendered":"1:16 \u0418\u043d\u0435\u0440\u0446\u0438\u043e\u043d\u043d\u0430\u044f \u0443\u0431\u043e\u0440\u043e\u0447\u043d\u0430\u044f \u043c\u0430\u0448\u0438\u043d\u0430 (\u0441\u0432\u0435\u0442 \/ \u0437\u0432\u0443\u043a)"},"content":{"rendered":"<p>[:ru_RU]\u0421 \u0442\u0430\u043a\u043e\u0439 \u0438\u0433\u0440\u0443\u0448\u043a\u043e\u0439 \u0432\u0430\u0448 \u043c\u0430\u043b\u044b\u0448 \u0441\u043c\u043e\u0436\u0435\u0442 \u0443\u0441\u0442\u0440\u0430\u0438\u0432\u0430\u0442\u044c \u0443\u0432\u043b\u0435\u043a\u0430\u0442\u0435\u043b\u044c\u043d\u044b\u0435 \u0438\u0433\u0440\u044b, \u0438\u043c\u0438\u0442\u0438\u0440\u0443\u044f \u0440\u0430\u0431\u043e\u0442\u0443 \u0441\u043f\u0435\u0446\u0441\u043b\u0443\u0436\u0431 \u043f\u043e \u043e\u0447\u0438\u0441\u0442\u043a\u0435 \u0433\u043e\u0440\u043e\u0434\u0430 \u043e\u0442 \u043c\u0443\u0441\u043e\u0440\u0430. \u041c\u0430\u0448\u0438\u043d\u043a\u0430 \u0438\u043c\u0435\u0435\u0442 \u043a\u043e\u043c\u043f\u0430\u043a\u0442\u043d\u044b\u0435 \u0440\u0430\u0437\u043c\u0435\u0440\u044b \u0438 \u043e\u0442\u043b\u0438\u0447\u043d\u0443\u044e \u0434\u0435\u0442\u0430\u043b\u0438\u0437\u0430\u0446\u0438\u044e.<br \/>\n\u041e\u0441\u043e\u0431\u0435\u043d\u043d\u043e\u0441\u0442\u0438:<br \/>\n&#8211; \u0418\u0433\u0440\u0443\u0448\u0435\u0447\u043d\u0430\u044f \u043c\u0430\u0448\u0438\u043d\u043a\u0430 \u043f\u0440\u0438\u0432\u0435\u0434\u0435\u0442 \u0432 \u0432\u043e\u0441\u0442\u043e\u0440\u0433 \u043b\u044e\u0431\u043e\u0433\u043e \u044e\u043d\u043e\u0433\u043e \u043b\u044e\u0431\u0438\u0442\u0435\u043b\u044f \u0442\u0435\u0445\u043d\u0438\u043a\u0438, \u043e\u0441\u043d\u0430\u0449\u0435\u043d\u0430 \u0437\u0432\u0443\u043a\u043e\u0432\u044b\u043c\u0438 \u0438 \u0441\u0432\u0435\u0442\u043e\u0432\u044b\u043c\u0438 \u044d\u0444\u0444\u0435\u043a\u0442\u0430\u043c\u0438.<br \/>\n&#8211; \u041e\u043d\u0430 \u0432\u044b\u043f\u043e\u043b\u043d\u0435\u043d\u0430 \u0432 \u0432\u0438\u0434\u0435 \u0430\u0432\u0442\u043e\u043c\u043e\u0431\u0438\u043b\u044f \u0434\u043b\u044f \u0432\u044b\u0432\u043e\u0437\u0430 \u043c\u0443\u0441\u043e\u0440\u0430 \u0441 \u043f\u0440\u0438\u0446\u0435\u043f\u043e\u043c \u0438 \u043c\u0443\u0441\u043e\u0440\u043d\u044b\u043c \u0431\u0430\u0447\u043a\u043e\u043c, \u043f\u0440\u0435\u0434\u043d\u0430\u0437\u043d\u0430\u0447\u0435\u043d\u043d\u043e\u0439 \u0434\u043b\u044f \u0443\u0431\u043e\u0440\u043a\u0438.<br \/>\n&#8211; \u0418\u043d\u0435\u0440\u0446\u0438\u043e\u043d\u043d\u044b\u0439 \u043c\u0435\u0445\u0430\u043d\u0438\u0437\u043c \u0434\u0432\u0438\u0436\u0435\u043d\u0438\u044f.<br \/>\n&#8211; \u0418\u0433\u0440\u0443\u0448\u043a\u0430, \u0438\u0437\u0433\u043e\u0442\u043e\u0432\u043b\u0435\u043d\u043d\u0430\u044f \u0432 \u043c\u0430\u0441\u0448\u0442\u0430\u0431\u0435 1:16, \u0438\u043c\u0435\u0435\u0442 \u043f\u043e\u0434\u0432\u0438\u0436\u043d\u044b\u0435 \u044d\u043b\u0435\u043c\u0435\u043d\u0442\u044b \u0438 \u043e\u0442\u043a\u0440\u044b\u0432\u0430\u044e\u0449\u0438\u0435\u0441\u044f \u0434\u0432\u0435\u0440\u0438. \u0421\u044a\u0435\u043c\u043d\u044b\u0439 \u043c\u0443\u0441\u043e\u0440\u043d\u044b\u0439 \u0431\u0430\u043a \u0438 \u043f\u0435\u0440\u0435\u0434\u043d\u0438\u0435 \u0432\u0435\u043d\u0438\u043a\u0438 \u0432\u0440\u0430\u0449\u0430\u044e\u0442\u0441\u044f \u043d\u0430 360\u00b0.<br \/>\n&#8211; \u041a\u043e\u043b\u0435\u0441\u0430 \u043c\u0430\u0448\u0438\u043d\u043a\u0438 \u043e\u0442\u043b\u0438\u0447\u043d\u043e \u0434\u0432\u0438\u0436\u0443\u0442\u0441\u044f \u043f\u043e \u043b\u044e\u0431\u043e\u0439 \u043f\u043e\u0432\u0435\u0440\u0445\u043d\u043e\u0441\u0442\u0438.<br \/>\n&#8211; \u0412\u00a0 \u043f\u0440\u043e\u0446\u0435\u0441\u0441\u0435 \u0441\u044e\u0436\u0435\u0442\u043d\u044b\u0445 \u0438\u0433\u0440 \u0440\u0435\u0431\u0435\u043d\u043e\u043a \u0431\u0443\u0434\u0435\u0442 \u0440\u0430\u0437\u0432\u0438\u0432\u0430\u0442\u044c \u043c\u0435\u043b\u043a\u0443\u044e \u0438 \u043a\u0440\u0443\u043f\u043d\u0443\u044e \u043c\u043e\u0442\u043e\u0440\u0438\u043a\u0443, \u043a\u043e\u043e\u0440\u0434\u0438\u043d\u0430\u0446\u0438\u044e \u0434\u0432\u0438\u0436\u0435\u043d\u0438\u0439, \u043b\u043e\u0433\u0438\u043a\u0443 \u0438 \u0444\u0430\u043d\u0442\u0430\u0437\u0438\u044e.<br \/>\n\u041c\u0430\u0442\u0435\u0440\u0438\u0430\u043b:\u00a0\u043f\u043b\u0430\u0441\u0442\u0438\u043a \u0432\u044b\u0441\u043e\u043a\u043e\u0439 \u043f\u0440\u043e\u0447\u043d\u043e\u0441\u0442\u0438.<br \/>\n\u0421\u0432\u0435\u0442 \u0438 \u0437\u0432\u0443\u043a \u0440\u0430\u0431\u043e\u0442\u0430\u044e\u0442 \u043e\u0442 3-\u0445 \u0431\u0430\u0442\u0430\u0440\u0435\u0435\u043a \u00abAG13\u00bb (\u0432\u0445\u043e\u0434\u044f\u0442 \u0432 \u043a\u043e\u043c\u043f\u043b\u0435\u043a\u0442 \u0434\u043b\u044f \u0434\u0435\u043c\u043e\u043d\u0441\u0442\u0440\u0430\u0446\u0438\u0438).<\/p>\n<p>&nbsp;<\/p>\n<p>&nbsp;[trim][:ro_RO]Ma\u0219ina de gunoi, de cur\u0103\u021bat \u0219i m\u0103turat strada, scara 1:16, cu lumini \u0219i sunete specifice, care \u00eenainteaz\u0103 pe baz\u0103 de fric\u021biune.<\/p>\n<p>&#8211; \u00a0Trage u\u0219or \u00eenapoi de ma\u0219inu\u021b\u0103, iar ma\u0219ina va merge \u00eenainte datorit\u0103 for\u021bei de fric\u021biune<\/p>\n<p>&#8211; \u00a0Butoanele de deasupra cabinei activeaz\u0103 sunetele \u0219i luminile specifice unei ma\u0219ini de cur\u0103\u021bat strada.<\/p>\n<p>&#8211; \u00a0Design care simuleaz\u0103 perfect o ma\u0219in\u0103 care matur\u0103 str\u0103zile, mai ales datorit\u0103 mi\u0219c\u0103rii la 360\u02da ale maturilor din partea din fat\u0103. Partea din spate este mobil\u0103, iar co\u0219ul de gunoi poate fi scos \u0219i pus la loc oric\u00e2nd<\/p>\n<p>&#8211; \u00a0Copilul se poate juca singur, dar \u0219i \u00eempreun\u0103 cu p\u0103rin\u021bii sau prietenii.<\/p>\n<p>Material: plastic de buna calitate, cu col\u021burile rotunjite.<\/p>\n<p>Juc\u0103ria este alimentat\u0103 de baterii: 3 x AG13 (bateriile sunt incluse)<\/p>\n","protected":false},"excerpt":{"rendered":"<p>[:ru_RU]\u0421 \u0442\u0430\u043a\u043e\u0439 \u0438\u0433\u0440\u0443\u0448\u043a\u043e\u0439 \u0432\u0430\u0448 \u043c\u0430\u043b\u044b\u0448 \u0441\u043c\u043e\u0436\u0435\u0442 \u0443\u0441\u0442\u0440\u0430\u0438\u0432\u0430\u0442\u044c \u0443\u0432\u043b\u0435\u043a\u0430\u0442\u0435\u043b\u044c\u043d\u044b\u0435 \u0438\u0433\u0440\u044b, \u0438\u043c\u0438\u0442\u0438\u0440\u0443\u044f \u0440\u0430\u0431\u043e\u0442\u0443 \u0441\u043f\u0435\u0446\u0441\u043b\u0443\u0436\u0431 \u043f\u043e \u043e\u0447\u0438\u0441\u0442\u043a\u0435 \u0433\u043e\u0440\u043e\u0434\u0430 \u043e\u0442 \u043c\u0443\u0441\u043e\u0440\u0430. \u041c\u0430\u0448\u0438\u043d\u043a\u0430 \u0438\u043c\u0435\u0435\u0442 \u043a\u043e\u043c\u043f\u0430\u043a\u0442\u043d\u044b\u0435 \u0440\u0430\u0437\u043c\u0435\u0440\u044b \u0438 \u043e\u0442\u043b\u0438\u0447\u043d\u0443\u044e \u0434\u0435\u0442\u0430\u043b\u0438\u0437\u0430\u0446\u0438\u044e. \u041e\u0441\u043e\u0431\u0435\u043d\u043d\u043e\u0441\u0442\u0438: &#8211; \u0418\u0433\u0440\u0443\u0448\u0435\u0447\u043d\u0430\u044f \u043c\u0430\u0448\u0438\u043d\u043a\u0430 \u043f\u0440\u0438\u0432\u0435\u0434\u0435\u0442 \u0432 \u0432\u043e\u0441\u0442\u043e\u0440\u0433 \u043b\u044e\u0431\u043e\u0433\u043e \u044e\u043d\u043e\u0433\u043e \u043b\u044e\u0431\u0438\u0442\u0435\u043b\u044f \u0442\u0435\u0445\u043d\u0438\u043a\u0438, \u043e\u0441\u043d\u0430\u0449\u0435\u043d\u0430 \u0437\u0432\u0443\u043a\u043e\u0432\u044b\u043c\u0438 \u0438 \u0441\u0432\u0435\u0442\u043e\u0432\u044b\u043c\u0438 \u044d\u0444\u0444\u0435\u043a\u0442\u0430\u043c\u0438. &#8211; \u041e\u043d\u0430 \u0432\u044b\u043f\u043e\u043b\u043d\u0435\u043d\u0430 \u0432 \u0432\u0438\u0434\u0435 \u0430\u0432\u0442\u043e\u043c\u043e\u0431\u0438\u043b\u044f \u0434\u043b\u044f \u0432\u044b\u0432\u043e\u0437\u0430 \u043c\u0443\u0441\u043e\u0440\u0430 \u0441 \u043f\u0440\u0438\u0446\u0435\u043f\u043e\u043c \u0438 \u043c\u0443\u0441\u043e\u0440\u043d\u044b\u043c \u0431\u0430\u0447\u043a\u043e\u043c, \u043f\u0440\u0435\u0434\u043d\u0430\u0437\u043d\u0430\u0447\u0435\u043d\u043d\u043e\u0439 [&hellip;]<\/p>\n","protected":false},"featured_media":44258,"comment_status":"open","ping_status":"closed","template":"","meta":{"_acf_changed":false},"product_brand":[],"product_cat":[6726],"product_tag":[],"class_list":{"0":"post-44259","1":"product","2":"type-product","3":"status-publish","4":"has-post-thumbnail","6":"product_cat-ru_ru-mashinki-trim-ro_ro-m","8":"first","9":"instock","10":"shipping-taxable","11":"purchasable","12":"product-type-simple"},"acf":[],"_links":{"self":[{"href":"https:\/\/minimax.md\/ru\/wp-json\/wp\/v2\/product\/44259","targetHints":{"allow":["GET"]}}],"collection":[{"href":"https:\/\/minimax.md\/ru\/wp-json\/wp\/v2\/product"}],"about":[{"href":"https:\/\/minimax.md\/ru\/wp-json\/wp\/v2\/types\/product"}],"replies":[{"embeddable":true,"href":"https:\/\/minimax.md\/ru\/wp-json\/wp\/v2\/comments?post=44259"}],"version-history":[{"count":0,"href":"https:\/\/minimax.md\/ru\/wp-json\/wp\/v2\/product\/44259\/revisions"}],"wp:featuredmedia":[{"embeddable":true,"href":"https:\/\/minimax.md\/ru\/wp-json\/wp\/v2\/media\/44258"}],"wp:attachment":[{"href":"https:\/\/minimax.md\/ru\/wp-json\/wp\/v2\/media?parent=44259"}],"wp:term":[{"taxonomy":"product_brand","embeddable":true,"href":"https:\/\/minimax.md\/ru\/wp-json\/wp\/v2\/product_brand?post=44259"},{"taxonomy":"product_cat","embeddable":true,"href":"https:\/\/minimax.md\/ru\/wp-json\/wp\/v2\/product_cat?post=44259"},{"taxonomy":"product_tag","embeddable":true,"href":"https:\/\/minimax.md\/ru\/wp-json\/wp\/v2\/product_tag?post=44259"}],"curies":[{"name":"wp","href":"https:\/\/api.w.org\/{rel}","templated":true}]}}