{"id":44264,"date":"2024-01-11T17:11:25","date_gmt":"2024-01-11T14:11:25","guid":{"rendered":"https:\/\/minimax.md\/product\/44264.html"},"modified":"2024-03-11T22:38:32","modified_gmt":"2024-03-11T19:38:32","slug":"ru_ru-pogremushka-muzyka-dozhdja-sinego-cveta-trim-ro_ro-zorn-itoare-muzica-ploii-culoarea-albastr","status":"publish","type":"product","link":"https:\/\/minimax.md\/ru\/product\/44264.html","title":{"rendered":"\u041f\u043e\u0433\u0440\u0435\u043c\u0443\u0448\u043a\u0430 \u201c\u041c\u0443\u0437\u044b\u043a\u0430 \u0434\u043e\u0436\u0434\u044f\u201d, \u0441\u0438\u043d\u0435\u0433\u043e \u0446\u0432\u0435\u0442\u0430"},"content":{"rendered":"<p>[:ru_RU]\u041f\u0440\u0435\u043a\u0440\u0430\u0441\u043d\u043e \u0440\u0430\u0437\u0440\u0430\u0431\u043e\u0442\u0430\u043d\u043d\u0430\u044f \u0444\u043e\u0440\u043c\u0430 \u0438\u0433\u0440\u0443\u0448\u043a\u0438 \u0434\u0435\u043b\u0430\u0435\u0442 \u0435\u0435 \u0443\u0434\u043e\u0431\u043d\u043e\u0439 \u0434\u043b\u044f \u0440\u0443\u0447\u0435\u043a \u043c\u0430\u043b\u044b\u0448\u0430. \u0421\u043f\u0435\u0446\u0438\u0430\u043b\u044c\u043d\u0430\u044f \u0444\u043e\u0440\u043c\u0430 \u0441 \u0440\u0430\u0437\u043d\u043e\u0446\u0432\u0435\u0442\u043d\u044b\u043c\u0438 \u0448\u0430\u0440\u0438\u043a\u0430\u043c\u0438, \u0441\u043e\u0437\u0434\u0430\u044e\u0449\u0438\u043c\u0438 &#8220;\u043c\u0443\u0437\u044b\u043a\u0443 \u0434\u043e\u0436\u0434\u044f&#8221;. \u0421\u043c\u044b\u0441\u043b \u0438\u0433\u0440\u044b \u0441 \u043f\u0440\u0435\u0434\u0441\u0442\u0430\u0432\u043b\u0435\u043d\u043d\u043e\u0439 \u0438\u0433\u0440\u0443\u0448\u043a\u043e\u0439 \u0437\u0430\u043a\u043b\u044e\u0447\u0430\u0435\u0442\u0441\u044f \u0432 \u0442\u043e\u043c, \u0447\u0442\u043e \u043a\u043e\u0433\u0434\u0430 \u043c\u0430\u043b\u044b\u0448 \u0431\u0443\u0434\u0435\u0442 \u043f\u0435\u0440\u0435\u0432\u043e\u0440\u0430\u0447\u0438\u0432\u0430\u0442\u044c \u0435\u0435 \u0442\u0443\u0434\u0430-\u0441\u044e\u0434\u0430, \u0442\u043e \u043e\u043d \u0443\u0441\u043b\u044b\u0448\u0438\u0442 \u043f\u0440\u0438\u044f\u0442\u043d\u044b\u0435 \u043c\u0435\u043b\u043e\u0434\u0438\u0447\u043d\u044b\u0435 \u0437\u0432\u0443\u043a\u0438, \u043d\u0430\u043f\u043e\u043c\u0438\u043d\u0430\u044e\u0449\u0438\u0435 \u0448\u0443\u043c \u0434\u043e\u0436\u0434\u044f. \u042d\u0442\u043e\u0442 \u043f\u0440\u043e\u0446\u0435\u0441\u0441 \u043f\u0440\u043e\u0438\u0441\u0445\u043e\u0434\u0438\u0442 \u043f\u043e\u0442\u043e\u043c\u0443, \u0447\u0442\u043e \u0438\u0433\u0440\u0443\u0448\u043a\u0430 \u0432\u043d\u0443\u0442\u0440\u0438 \u0441\u043e\u0434\u0435\u0440\u0436\u0438\u0442 \u0448\u0430\u0440\u0438\u043a\u0438, \u043a\u043e\u0442\u043e\u0440\u044b\u0435, \u043f\u0435\u0440\u0435\u043a\u0430\u0447\u0438\u0432\u0430\u044f\u0441\u044c, \u0432\u043e\u0441\u043f\u0440\u043e\u0438\u0437\u0432\u043e\u0434\u044f\u0442 \u0445\u0430\u0440\u0430\u043a\u0442\u0435\u0440\u043d\u044b\u0435 \u0437\u0432\u0443\u043a\u0438. \u0418\u0433\u0440\u0443\u0448\u043a\u0430 \u041c\u0443\u0437\u044b\u043a\u0430 \u0434\u043e\u0436\u0434\u044f \u0431\u0443\u0434\u0435\u0442 \u0440\u0430\u0437\u0432\u0438\u0432\u0430\u0442\u044c \u0443 \u043c\u0430\u043b\u044b\u0448\u0430 \u043d\u0435 \u0442\u043e\u043b\u044c\u043a\u043e \u043c\u0443\u0437\u044b\u043a\u0430\u043b\u044c\u043d\u044b\u0439 \u0441\u043b\u0443\u0445, \u043d\u043e \u0438 \u043f\u0440\u0438\u0447\u0438\u043d\u043d\u043e-\u0441\u043b\u0435\u0434\u0441\u0442\u0432\u0435\u043d\u043d\u044b\u0435 \u0441\u0432\u044f\u0437\u0438 \u0438 \u0442\u0430\u043a\u0442\u0438\u043b\u044c\u043d\u044b\u0435 \u043e\u0449\u0443\u0449\u0435\u043d\u0438\u044f. \u041e\u0442\u043b\u0438\u0447\u043d\u043e \u043f\u043e\u0434\u0445\u043e\u0434\u0438\u0442 \u0434\u043b\u044f \u0441\u0435\u043d\u0441\u043e\u0440\u043d\u043e\u0433\u043e \u0440\u0430\u0437\u0432\u0438\u0442\u0438\u044f.[trim][:ro_RO]Ploaia sun\u0103 lini\u0219titoare pentru copiii t\u0103i? Acum v\u0103 pute\u021bi bucura, chiar dac\u0103 nu plou\u0103. Perlele albastre de ploaie Hape sunt fabricate din lemn \u0219i plastic de calitate. Copiii pot apuca u\u0219or juc\u0103ria cu m\u00e2nerele lor mici \u0219i o pot roti liber. Va ap\u0103rea un zgomot de ploaie pe m\u0103sur\u0103 ce m\u0103rgelele se mi\u0219c\u0103 de-a lungul r\u0103sucirilor \u0219i spiralelor \u0219i cad prin g\u0103uri. Copiii vor fi surprin\u0219i de sunetele pe care le pot face, \u00eentorc\u00e2nd Hape, stimul\u00e2ndu-\u0219i sim\u021burile.<\/p>\n<p>Perlele de ploaie vor fi pe placul copiilor mici<br \/>\nPrindere \u0219i rotire u\u0219oar\u0103 chiar \u0219i pentru m\u00e2inile copilului mic<br \/>\nSe aude un sunet de ploaie murmur\u00e2nd pe m\u0103sur\u0103 ce m\u0103rgelele se mi\u0219c\u0103<br \/>\nCopiii \u00ee\u0219i stimuleaz\u0103 sim\u021burile<br \/>\nFabricat din lemn \u0219i plastic de \u00eenalt\u0103 calitate<br \/>\nPotrivit pentru copii de la 1 an<br \/>\nDimensiuni: 5,8 \u00d7 5,8 \u00d7 20 cm<\/p>\n","protected":false},"excerpt":{"rendered":"<p>[:ru_RU]\u041f\u0440\u0435\u043a\u0440\u0430\u0441\u043d\u043e \u0440\u0430\u0437\u0440\u0430\u0431\u043e\u0442\u0430\u043d\u043d\u0430\u044f \u0444\u043e\u0440\u043c\u0430 \u0438\u0433\u0440\u0443\u0448\u043a\u0438 \u0434\u0435\u043b\u0430\u0435\u0442 \u0435\u0435 \u0443\u0434\u043e\u0431\u043d\u043e\u0439 \u0434\u043b\u044f \u0440\u0443\u0447\u0435\u043a \u043c\u0430\u043b\u044b\u0448\u0430. \u0421\u043f\u0435\u0446\u0438\u0430\u043b\u044c\u043d\u0430\u044f \u0444\u043e\u0440\u043c\u0430 \u0441 \u0440\u0430\u0437\u043d\u043e\u0446\u0432\u0435\u0442\u043d\u044b\u043c\u0438 \u0448\u0430\u0440\u0438\u043a\u0430\u043c\u0438, \u0441\u043e\u0437\u0434\u0430\u044e\u0449\u0438\u043c\u0438 &#8220;\u043c\u0443\u0437\u044b\u043a\u0443 \u0434\u043e\u0436\u0434\u044f&#8221;. \u0421\u043c\u044b\u0441\u043b \u0438\u0433\u0440\u044b \u0441 \u043f\u0440\u0435\u0434\u0441\u0442\u0430\u0432\u043b\u0435\u043d\u043d\u043e\u0439 \u0438\u0433\u0440\u0443\u0448\u043a\u043e\u0439 \u0437\u0430\u043a\u043b\u044e\u0447\u0430\u0435\u0442\u0441\u044f \u0432 \u0442\u043e\u043c, \u0447\u0442\u043e \u043a\u043e\u0433\u0434\u0430 \u043c\u0430\u043b\u044b\u0448 \u0431\u0443\u0434\u0435\u0442 \u043f\u0435\u0440\u0435\u0432\u043e\u0440\u0430\u0447\u0438\u0432\u0430\u0442\u044c \u0435\u0435 \u0442\u0443\u0434\u0430-\u0441\u044e\u0434\u0430, \u0442\u043e \u043e\u043d \u0443\u0441\u043b\u044b\u0448\u0438\u0442 \u043f\u0440\u0438\u044f\u0442\u043d\u044b\u0435 \u043c\u0435\u043b\u043e\u0434\u0438\u0447\u043d\u044b\u0435 \u0437\u0432\u0443\u043a\u0438, \u043d\u0430\u043f\u043e\u043c\u0438\u043d\u0430\u044e\u0449\u0438\u0435 \u0448\u0443\u043c \u0434\u043e\u0436\u0434\u044f. \u042d\u0442\u043e\u0442 \u043f\u0440\u043e\u0446\u0435\u0441\u0441 \u043f\u0440\u043e\u0438\u0441\u0445\u043e\u0434\u0438\u0442 \u043f\u043e\u0442\u043e\u043c\u0443, \u0447\u0442\u043e \u0438\u0433\u0440\u0443\u0448\u043a\u0430 \u0432\u043d\u0443\u0442\u0440\u0438 \u0441\u043e\u0434\u0435\u0440\u0436\u0438\u0442 \u0448\u0430\u0440\u0438\u043a\u0438, \u043a\u043e\u0442\u043e\u0440\u044b\u0435, \u043f\u0435\u0440\u0435\u043a\u0430\u0447\u0438\u0432\u0430\u044f\u0441\u044c, \u0432\u043e\u0441\u043f\u0440\u043e\u0438\u0437\u0432\u043e\u0434\u044f\u0442 \u0445\u0430\u0440\u0430\u043a\u0442\u0435\u0440\u043d\u044b\u0435 [&hellip;]<\/p>\n","protected":false},"featured_media":44260,"comment_status":"open","ping_status":"closed","template":"","meta":{"_acf_changed":false},"product_brand":[],"product_cat":[6731],"product_tag":[],"class_list":{"0":"post-44264","1":"product","2":"type-product","3":"status-publish","4":"has-post-thumbnail","6":"product_cat-ru_ru-pogremushki-trim-ro_r","8":"first","9":"instock","10":"shipping-taxable","11":"purchasable","12":"product-type-simple"},"acf":[],"_links":{"self":[{"href":"https:\/\/minimax.md\/ru\/wp-json\/wp\/v2\/product\/44264","targetHints":{"allow":["GET"]}}],"collection":[{"href":"https:\/\/minimax.md\/ru\/wp-json\/wp\/v2\/product"}],"about":[{"href":"https:\/\/minimax.md\/ru\/wp-json\/wp\/v2\/types\/product"}],"replies":[{"embeddable":true,"href":"https:\/\/minimax.md\/ru\/wp-json\/wp\/v2\/comments?post=44264"}],"version-history":[{"count":0,"href":"https:\/\/minimax.md\/ru\/wp-json\/wp\/v2\/product\/44264\/revisions"}],"wp:featuredmedia":[{"embeddable":true,"href":"https:\/\/minimax.md\/ru\/wp-json\/wp\/v2\/media\/44260"}],"wp:attachment":[{"href":"https:\/\/minimax.md\/ru\/wp-json\/wp\/v2\/media?parent=44264"}],"wp:term":[{"taxonomy":"product_brand","embeddable":true,"href":"https:\/\/minimax.md\/ru\/wp-json\/wp\/v2\/product_brand?post=44264"},{"taxonomy":"product_cat","embeddable":true,"href":"https:\/\/minimax.md\/ru\/wp-json\/wp\/v2\/product_cat?post=44264"},{"taxonomy":"product_tag","embeddable":true,"href":"https:\/\/minimax.md\/ru\/wp-json\/wp\/v2\/product_tag?post=44264"}],"curies":[{"name":"wp","href":"https:\/\/api.w.org\/{rel}","templated":true}]}}