{"id":44267,"date":"2024-01-11T17:11:25","date_gmt":"2024-01-11T14:11:25","guid":{"rendered":"https:\/\/minimax.md\/product\/44267.html"},"modified":"2024-03-13T01:04:13","modified_gmt":"2024-03-12T22:04:13","slug":"ru_ru-nabor-volanov-dlja-badmintona-3-sht-trim-ro_ro-set-de-flutura-i-pentru-badminton-3-buc","status":"publish","type":"product","link":"https:\/\/minimax.md\/ru\/product\/44267.html","title":{"rendered":"\u041d\u0430\u0431\u043e\u0440 \u0432\u043e\u043b\u0430\u043d\u043e\u0432 \u0434\u043b\u044f \u0431\u0430\u0434\u043c\u0438\u043d\u0442\u043e\u043d\u0430 (3 \u0448\u0442.)"},"content":{"rendered":"<p>[:ru_RU]\u041d\u0430\u0431\u043e\u0440 \u0432\u043e\u043b\u0430\u043d\u043e\u0432 \u0434\u043b\u044f \u0431\u0430\u0434\u043c\u0438\u043d\u0442\u043e\u043d\u0430 \u043f\u043e\u0434\u043e\u0439\u0434\u0435\u0442 \u0434\u043b\u044f \u0438\u0433\u0440\u044b \u043d\u0430 \u0443\u043b\u0438\u0446\u0435 \u0438 \u0432 \u0437\u0430\u043b\u0435. \u0412 \u043a\u043e\u043c\u043f\u043b\u0435\u043a\u0442\u0435 3 \u0448\u0442.[trim][:ro_RO]Setul de flutura\u0219i pentru badminton se potrive\u0219te pentru jocul \u00een aer liber sau \u00een s\u0103li de sport. Include 3 flutura\u0219i.<\/p>\n<p>&nbsp;<\/p>\n","protected":false},"excerpt":{"rendered":"<p>[:ru_RU]\u041d\u0430\u0431\u043e\u0440 \u0432\u043e\u043b\u0430\u043d\u043e\u0432 \u0434\u043b\u044f \u0431\u0430\u0434\u043c\u0438\u043d\u0442\u043e\u043d\u0430 \u043f\u043e\u0434\u043e\u0439\u0434\u0435\u0442 \u0434\u043b\u044f \u0438\u0433\u0440\u044b \u043d\u0430 \u0443\u043b\u0438\u0446\u0435 \u0438 \u0432 \u0437\u0430\u043b\u0435. \u0412 \u043a\u043e\u043c\u043f\u043b\u0435\u043a\u0442\u0435 3 \u0448\u0442.[trim][:ro_RO]Setul de flutura\u0219i pentru badminton se potrive\u0219te pentru jocul \u00een aer liber sau \u00een s\u0103li de sport. Include 3 flutura\u0219i. &nbsp;<\/p>\n","protected":false},"featured_media":44265,"comment_status":"open","ping_status":"closed","template":"","meta":{"_acf_changed":false},"product_brand":[],"product_cat":[6701],"product_tag":[],"class_list":{"0":"post-44267","1":"product","2":"type-product","3":"status-publish","4":"has-post-thumbnail","6":"product_cat-ru_ru-sportivnyj-inventar-t","8":"first","9":"instock","10":"shipping-taxable","11":"purchasable","12":"product-type-simple"},"acf":[],"_links":{"self":[{"href":"https:\/\/minimax.md\/ru\/wp-json\/wp\/v2\/product\/44267","targetHints":{"allow":["GET"]}}],"collection":[{"href":"https:\/\/minimax.md\/ru\/wp-json\/wp\/v2\/product"}],"about":[{"href":"https:\/\/minimax.md\/ru\/wp-json\/wp\/v2\/types\/product"}],"replies":[{"embeddable":true,"href":"https:\/\/minimax.md\/ru\/wp-json\/wp\/v2\/comments?post=44267"}],"version-history":[{"count":0,"href":"https:\/\/minimax.md\/ru\/wp-json\/wp\/v2\/product\/44267\/revisions"}],"wp:featuredmedia":[{"embeddable":true,"href":"https:\/\/minimax.md\/ru\/wp-json\/wp\/v2\/media\/44265"}],"wp:attachment":[{"href":"https:\/\/minimax.md\/ru\/wp-json\/wp\/v2\/media?parent=44267"}],"wp:term":[{"taxonomy":"product_brand","embeddable":true,"href":"https:\/\/minimax.md\/ru\/wp-json\/wp\/v2\/product_brand?post=44267"},{"taxonomy":"product_cat","embeddable":true,"href":"https:\/\/minimax.md\/ru\/wp-json\/wp\/v2\/product_cat?post=44267"},{"taxonomy":"product_tag","embeddable":true,"href":"https:\/\/minimax.md\/ru\/wp-json\/wp\/v2\/product_tag?post=44267"}],"curies":[{"name":"wp","href":"https:\/\/api.w.org\/{rel}","templated":true}]}}