{"id":44309,"date":"2024-01-11T17:11:29","date_gmt":"2024-01-11T14:11:29","guid":{"rendered":"https:\/\/minimax.md\/product\/44309.html"},"modified":"2024-03-13T00:17:28","modified_gmt":"2024-03-12T21:17:28","slug":"ru_ru-bizibord-nastennyj-korovka-s-vrashhajushhimisja-krugami-trim-ro_ro-busyboard-de-perete-v-cu-a-i-cercuri-care-se-rotesc","status":"publish","type":"product","link":"https:\/\/minimax.md\/ru\/product\/44309.html","title":{"rendered":"\u0411\u0438\u0437\u0438\u0431\u043e\u0440\u0434 (\u043d\u0430\u0441\u0442\u0435\u043d\u043d\u044b\u0439)  \"\u041a\u043e\u0440\u043e\u0432\u043a\u0430 \u0441 \u0432\u0440\u0430\u0449\u0430\u044e\u0449\u0438\u043c\u0438\u0441\u044f \u043a\u0440\u0443\u0433\u0430\u043c\u0438\""},"content":{"rendered":"<p>[:ru_RU]\u042d\u0442\u0430 \u043d\u0430\u0441\u0442\u0435\u043d\u043d\u0430\u044f \u0440\u0430\u0437\u0432\u0438\u0432\u0430\u044e\u0449\u0430\u044f \u0438\u0433\u0440\u0443\u0448\u043a\u0430 \u043f\u0440\u0435\u0434\u043b\u0430\u0433\u0430\u0435\u0442 \u043c\u0430\u043b\u044b\u0448\u0430\u043c \u043f\u043e\u0432\u0435\u0441\u0435\u043b\u0438\u0442\u044c\u0441\u044f: \u043f\u043e\u0432\u0440\u0430\u0449\u0430\u0442\u044c \u043a\u0440\u0443\u0433\u0438 \u0441 \u0440\u0430\u0437\u043b\u0438\u0447\u043d\u044b\u043c\u0438 \u0440\u0438\u0441\u0443\u043d\u043a\u0430\u043c\u0438 \u0438 \u043f\u043e\u043d\u0430\u0431\u043b\u044e\u0434\u0430\u0442\u044c, \u043a\u0430\u043a \u0438\u0437\u043c\u0435\u043d\u044f\u0435\u0442\u0441\u044f \u0440\u0438\u0441\u0443\u043d\u043e\u043a \u043f\u0440\u0438 \u0432\u0440\u0430\u0449\u0435\u043d\u0438\u0438.<\/p>\n<p>\u0420\u0430\u0437\u0432\u0438\u0432\u0430\u0435\u0442 \u0446\u0432\u0435\u0442\u043e\u0432\u043e\u0435 \u0432\u043e\u0441\u043f\u0440\u0438\u044f\u0442\u0438\u0435, \u043a\u043e\u043e\u0440\u0434\u0438\u043d\u0430\u0446\u0438\u044e \u0440\u0443\u043a \u0438 \u0433\u043b\u0430\u0437.<\/p>\n<p>\u0420\u0435\u043a\u043e\u043c\u0435\u043d\u0434\u043e\u0432\u0430\u043d\u043e \u0434\u043b\u044f \u0434\u0435\u0442\u0441\u043a\u0438\u0445 \u0441\u0430\u0434\u043e\u0432, \u0446\u0435\u043d\u0442\u0440\u043e\u0432 \u0440\u0430\u0437\u0432\u0438\u0442\u0438\u044f \u0438 \u0448\u043a\u043e\u043b.[trim][:ro_RO]<strong>Aceast\u0103 juc\u0103rie educa\u021bional\u0103 care se monteaz\u0103 pe perete, invit\u0103 copiii s\u0103 se distreze:<\/strong> roti\u021bi cercuri cu diferite modele \u0219i urm\u0103ri\u021bi cum se schimb\u0103 modelul atunci c\u00e2nd este rotit.<\/p>\n<p>Dezvolta percep\u021bia culorilor, coordonarea ochi-m\u00e2n\u0103.<\/p>\n<p><em>Recomandat pentru gr\u0103dini\u021be, centre de dezvoltare \u0219i \u0219coli.<\/em><\/p>\n","protected":false},"excerpt":{"rendered":"<p>[:ru_RU]\u042d\u0442\u0430 \u043d\u0430\u0441\u0442\u0435\u043d\u043d\u0430\u044f \u0440\u0430\u0437\u0432\u0438\u0432\u0430\u044e\u0449\u0430\u044f \u0438\u0433\u0440\u0443\u0448\u043a\u0430 \u043f\u0440\u0435\u0434\u043b\u0430\u0433\u0430\u0435\u0442 \u043c\u0430\u043b\u044b\u0448\u0430\u043c \u043f\u043e\u0432\u0435\u0441\u0435\u043b\u0438\u0442\u044c\u0441\u044f: \u043f\u043e\u0432\u0440\u0430\u0449\u0430\u0442\u044c \u043a\u0440\u0443\u0433\u0438 \u0441 \u0440\u0430\u0437\u043b\u0438\u0447\u043d\u044b\u043c\u0438 \u0440\u0438\u0441\u0443\u043d\u043a\u0430\u043c\u0438 \u0438 \u043f\u043e\u043d\u0430\u0431\u043b\u044e\u0434\u0430\u0442\u044c, \u043a\u0430\u043a \u0438\u0437\u043c\u0435\u043d\u044f\u0435\u0442\u0441\u044f \u0440\u0438\u0441\u0443\u043d\u043e\u043a \u043f\u0440\u0438 \u0432\u0440\u0430\u0449\u0435\u043d\u0438\u0438. \u0420\u0430\u0437\u0432\u0438\u0432\u0430\u0435\u0442 \u0446\u0432\u0435\u0442\u043e\u0432\u043e\u0435 \u0432\u043e\u0441\u043f\u0440\u0438\u044f\u0442\u0438\u0435, \u043a\u043e\u043e\u0440\u0434\u0438\u043d\u0430\u0446\u0438\u044e \u0440\u0443\u043a \u0438 \u0433\u043b\u0430\u0437. \u0420\u0435\u043a\u043e\u043c\u0435\u043d\u0434\u043e\u0432\u0430\u043d\u043e \u0434\u043b\u044f \u0434\u0435\u0442\u0441\u043a\u0438\u0445 \u0441\u0430\u0434\u043e\u0432, \u0446\u0435\u043d\u0442\u0440\u043e\u0432 \u0440\u0430\u0437\u0432\u0438\u0442\u0438\u044f \u0438 \u0448\u043a\u043e\u043b.[trim][:ro_RO]Aceast\u0103 juc\u0103rie educa\u021bional\u0103 care se monteaz\u0103 pe perete, invit\u0103 copiii s\u0103 se distreze: roti\u021bi cercuri cu diferite modele \u0219i urm\u0103ri\u021bi cum se [&hellip;]<\/p>\n","protected":false},"featured_media":44308,"comment_status":"open","ping_status":"closed","template":"","meta":{"_acf_changed":false},"product_brand":[],"product_cat":[6730],"product_tag":[],"class_list":{"0":"post-44309","1":"product","2":"type-product","3":"status-publish","4":"has-post-thumbnail","6":"product_cat-ru_ru-razvivashki-trim-ro_r","8":"first","9":"instock","10":"shipping-taxable","11":"purchasable","12":"product-type-simple"},"acf":[],"_links":{"self":[{"href":"https:\/\/minimax.md\/ru\/wp-json\/wp\/v2\/product\/44309","targetHints":{"allow":["GET"]}}],"collection":[{"href":"https:\/\/minimax.md\/ru\/wp-json\/wp\/v2\/product"}],"about":[{"href":"https:\/\/minimax.md\/ru\/wp-json\/wp\/v2\/types\/product"}],"replies":[{"embeddable":true,"href":"https:\/\/minimax.md\/ru\/wp-json\/wp\/v2\/comments?post=44309"}],"version-history":[{"count":0,"href":"https:\/\/minimax.md\/ru\/wp-json\/wp\/v2\/product\/44309\/revisions"}],"wp:featuredmedia":[{"embeddable":true,"href":"https:\/\/minimax.md\/ru\/wp-json\/wp\/v2\/media\/44308"}],"wp:attachment":[{"href":"https:\/\/minimax.md\/ru\/wp-json\/wp\/v2\/media?parent=44309"}],"wp:term":[{"taxonomy":"product_brand","embeddable":true,"href":"https:\/\/minimax.md\/ru\/wp-json\/wp\/v2\/product_brand?post=44309"},{"taxonomy":"product_cat","embeddable":true,"href":"https:\/\/minimax.md\/ru\/wp-json\/wp\/v2\/product_cat?post=44309"},{"taxonomy":"product_tag","embeddable":true,"href":"https:\/\/minimax.md\/ru\/wp-json\/wp\/v2\/product_tag?post=44309"}],"curies":[{"name":"wp","href":"https:\/\/api.w.org\/{rel}","templated":true}]}}