{"id":44420,"date":"2024-01-11T17:11:41","date_gmt":"2024-01-11T14:11:41","guid":{"rendered":"https:\/\/minimax.md\/product\/44420.html"},"modified":"2024-03-13T00:32:55","modified_gmt":"2024-03-12T21:32:55","slug":"ru_ru-detskaja-gitara-hape-ukulele-blue-trim-ro_ro-chitara-ukulele-cu-lumini-albastr","status":"publish","type":"product","link":"https:\/\/minimax.md\/ru\/product\/44420.html","title":{"rendered":"\u0414\u0435\u0442\u0441\u043a\u0430\u044f \u0433\u0438\u0442\u0430\u0440\u0430 Hape UKULELE-BLUE"},"content":{"rendered":"<p>[:ru_RU]\u0414\u0435\u0442\u0441\u043a\u0430\u044f \u0433\u0438\u0442\u0430\u0440\u0430 Hape \u00ab\u041b\u0430\u0433\u0443\u043d\u0430\u00bb \u2013 \u043e\u0440\u0438\u0433\u0438\u043d\u0430\u043b\u044c\u043d\u0430\u044f \u0443\u043c\u0435\u043d\u044c\u0448\u0435\u043d\u043d\u0430\u044f \u043a\u043e\u043f\u0438\u044f \u0448\u0435\u0441\u0442\u0438\u0441\u0442\u0440\u0443\u043d\u043d\u043e\u0439 \u0433\u0438\u0442\u0430\u0440\u044b, \u043a\u043e\u0442\u043e\u0440\u0430\u044f \u043e\u0431\u044f\u0437\u0430\u0442\u0435\u043b\u044c\u043d\u043e \u043f\u043e\u043d\u0440\u0430\u0432\u0438\u0442\u0441\u044f \u043c\u0430\u043b\u0435\u043d\u044c\u043a\u043e\u043c\u0443 \u043c\u0443\u0437\u044b\u043a\u0430\u043d\u0442\u0443. \u0415\u0441\u043b\u0438 \u0440\u0435\u0431\u0435\u043d\u043e\u043a \u043e\u0431\u043e\u0436\u0430\u0435\u0442 \u0448\u0443\u043c\u043d\u044b\u0435 \u0438\u0433\u0440\u044b, \u0442\u043e\u0433\u0434\u0430 \u044d\u0442\u0430 \u0438\u0433\u0440\u0443\u0448\u043a\u0430 \u0441\u0442\u0430\u043d\u0435\u0442 \u043f\u0440\u0435\u043a\u0440\u0430\u0441\u043d\u044b\u043c \u043f\u043e\u0434\u0430\u0440\u043a\u043e\u043c \u0434\u043b\u044f \u043d\u0435\u0433\u043e. \u0413\u0438\u0442\u0430\u0440\u0430 \u043f\u043e\u0434\u043e\u0439\u0434\u0435\u0442 \u0438 \u043c\u0430\u043b\u044c\u0447\u0438\u043a\u0443, \u0438 \u0434\u0435\u0432\u043e\u0447\u043a\u0435 \u0432 \u0432\u043e\u0437\u0440\u0430\u0441\u0442\u0435 \u043e\u0442 3 \u043b\u0435\u0442.[trim][:ro_RO]\u00cencepe explorarea muzical\u0103 \u0219i \u00eenva\u021b\u0103 s\u0103 c\u00e2n\u021bi\u00a0 melodiile tale preferate pe acest instrument minunat! Include autocolant cu instruc\u021biuni \u0219i bro\u0219ur\u0103 de instruire \u0219i m\u00e2ner comod pentru transportarea u\u0219aor\u0103.<\/p>\n<ul>\n<li>Instrument cu un sunet real autentic<\/li>\n<li>Dispune de un m\u00e2ner pe corp care faciliteaz\u0103 transportul chitarei cu tine<\/li>\n<li>Include un autocolant cu instruc\u021biuni \u0219i o carte pentru a v\u0103 ghida cum s\u0103 juca\u021bi<\/li>\n<li>Vine cu corzi reale pe care le po\u021bi acorda! Un \u0219ir de schimb inclus.<\/li>\n<li>Excelent pentru dezvoltarea abilit\u0103\u021bilor auditive \u0219i creative. \u00cenva\u021b\u0103 copiii mici despre ritmul de baz\u0103, strumming \u0219i alte tehnici muzicale &#8211; Preg\u0103tirea perfect\u0103 pentru \u00eenv\u0103\u021barea muzical\u0103 avansat\u0103.<\/li>\n<li>Fabricat din materiale non-toxice, sigure pentru copii<\/li>\n<li>Pentru 3+<\/li>\n<\/ul>\n","protected":false},"excerpt":{"rendered":"<p>[:ru_RU]\u0414\u0435\u0442\u0441\u043a\u0430\u044f \u0433\u0438\u0442\u0430\u0440\u0430 Hape \u00ab\u041b\u0430\u0433\u0443\u043d\u0430\u00bb \u2013 \u043e\u0440\u0438\u0433\u0438\u043d\u0430\u043b\u044c\u043d\u0430\u044f \u0443\u043c\u0435\u043d\u044c\u0448\u0435\u043d\u043d\u0430\u044f \u043a\u043e\u043f\u0438\u044f \u0448\u0435\u0441\u0442\u0438\u0441\u0442\u0440\u0443\u043d\u043d\u043e\u0439 \u0433\u0438\u0442\u0430\u0440\u044b, \u043a\u043e\u0442\u043e\u0440\u0430\u044f \u043e\u0431\u044f\u0437\u0430\u0442\u0435\u043b\u044c\u043d\u043e \u043f\u043e\u043d\u0440\u0430\u0432\u0438\u0442\u0441\u044f \u043c\u0430\u043b\u0435\u043d\u044c\u043a\u043e\u043c\u0443 \u043c\u0443\u0437\u044b\u043a\u0430\u043d\u0442\u0443. \u0415\u0441\u043b\u0438 \u0440\u0435\u0431\u0435\u043d\u043e\u043a \u043e\u0431\u043e\u0436\u0430\u0435\u0442 \u0448\u0443\u043c\u043d\u044b\u0435 \u0438\u0433\u0440\u044b, \u0442\u043e\u0433\u0434\u0430 \u044d\u0442\u0430 \u0438\u0433\u0440\u0443\u0448\u043a\u0430 \u0441\u0442\u0430\u043d\u0435\u0442 \u043f\u0440\u0435\u043a\u0440\u0430\u0441\u043d\u044b\u043c \u043f\u043e\u0434\u0430\u0440\u043a\u043e\u043c \u0434\u043b\u044f \u043d\u0435\u0433\u043e. \u0413\u0438\u0442\u0430\u0440\u0430 \u043f\u043e\u0434\u043e\u0439\u0434\u0435\u0442 \u0438 \u043c\u0430\u043b\u044c\u0447\u0438\u043a\u0443, \u0438 \u0434\u0435\u0432\u043e\u0447\u043a\u0435 \u0432 \u0432\u043e\u0437\u0440\u0430\u0441\u0442\u0435 \u043e\u0442 3 \u043b\u0435\u0442.[trim][:ro_RO]\u00cencepe explorarea muzical\u0103 \u0219i \u00eenva\u021b\u0103 s\u0103 c\u00e2n\u021bi\u00a0 melodiile tale preferate pe acest instrument minunat! Include autocolant cu [&hellip;]<\/p>\n","protected":false},"featured_media":44402,"comment_status":"open","ping_status":"closed","template":"","meta":{"_acf_changed":false},"product_brand":[],"product_cat":[6708],"product_tag":[],"class_list":{"0":"post-44420","1":"product","2":"type-product","3":"status-publish","4":"has-post-thumbnail","6":"product_cat-ru_ru-instrumenty-muzykalny","8":"first","9":"instock","10":"shipping-taxable","11":"purchasable","12":"product-type-simple"},"acf":[],"_links":{"self":[{"href":"https:\/\/minimax.md\/ru\/wp-json\/wp\/v2\/product\/44420","targetHints":{"allow":["GET"]}}],"collection":[{"href":"https:\/\/minimax.md\/ru\/wp-json\/wp\/v2\/product"}],"about":[{"href":"https:\/\/minimax.md\/ru\/wp-json\/wp\/v2\/types\/product"}],"replies":[{"embeddable":true,"href":"https:\/\/minimax.md\/ru\/wp-json\/wp\/v2\/comments?post=44420"}],"version-history":[{"count":0,"href":"https:\/\/minimax.md\/ru\/wp-json\/wp\/v2\/product\/44420\/revisions"}],"wp:featuredmedia":[{"embeddable":true,"href":"https:\/\/minimax.md\/ru\/wp-json\/wp\/v2\/media\/44402"}],"wp:attachment":[{"href":"https:\/\/minimax.md\/ru\/wp-json\/wp\/v2\/media?parent=44420"}],"wp:term":[{"taxonomy":"product_brand","embeddable":true,"href":"https:\/\/minimax.md\/ru\/wp-json\/wp\/v2\/product_brand?post=44420"},{"taxonomy":"product_cat","embeddable":true,"href":"https:\/\/minimax.md\/ru\/wp-json\/wp\/v2\/product_cat?post=44420"},{"taxonomy":"product_tag","embeddable":true,"href":"https:\/\/minimax.md\/ru\/wp-json\/wp\/v2\/product_tag?post=44420"}],"curies":[{"name":"wp","href":"https:\/\/api.w.org\/{rel}","templated":true}]}}