{"id":44475,"date":"2024-01-11T17:11:45","date_gmt":"2024-01-11T14:11:45","guid":{"rendered":"https:\/\/minimax.md\/product\/44475.html"},"modified":"2024-03-13T01:04:35","modified_gmt":"2024-03-12T22:04:35","slug":"ru_ru-skakalka-so-schetchikom-trim-ro_ro-coard-cu-contor","status":"publish","type":"product","link":"https:\/\/minimax.md\/ru\/product\/44475.html","title":{"rendered":"\u0421\u043a\u0430\u043a\u0430\u043b\u043a\u0430 \u0441\u043e \u0441\u0447\u0435\u0442\u0447\u0438\u043a\u043e\u043c"},"content":{"rendered":"<p>[:ru_RU]\u0421\u043a\u0430\u043a\u0430\u043b\u043a\u0430 \u0441\u043e \u0441\u0447\u0435\u0442\u0447\u0438\u043a\u043e\u043c\u00a0<\/p>\n<p>\u0421\u043f\u043e\u0440\u0442\u0438\u0432\u043d\u0430\u044f \u0441\u043a\u0430\u043a\u0430\u043b\u043a\u0430 \u0441 \u043c\u0435\u0445\u0430\u043d\u0438\u0447\u0435\u0441\u043a\u0438\u043c \u0441\u0447\u0435\u0442\u0447\u0438\u043a\u043e\u043c. \u041f\u0440\u0435\u0434\u043d\u0430\u0437\u043d\u0430\u0447\u0435\u043d\u0430 \u0434\u043b\u044f \u0441\u043f\u043e\u0440\u0442\u0438\u0432\u043d\u044b\u0445 \u0442\u0440\u0435\u043d\u0438\u0440\u043e\u0432\u043e\u043a.<\/p>\n<p>\u0423\u043b\u0443\u0447\u0448\u0430\u0435\u0442 \u0440\u0430\u0431\u043e\u0442\u0443 \u0441\u0435\u0440\u0434\u0435\u0447\u043d\u043e-\u0441\u043e\u0441\u0443\u0434\u0438\u0441\u0442\u043e\u0439 \u0441\u0438\u0441\u0442\u0435\u043c\u044b, \u0422\u0440\u0435\u043d\u0438\u0440\u0443\u0435\u0442 \u043c\u044b\u0448\u0446\u044b \u043d\u043e\u0433 \u0438 \u0440\u0443\u043a, \u0432\u044b\u043d\u043e\u0441\u043b\u0438\u0432\u043e\u0441\u0442\u044c. \u0421\u043f\u043e\u0441\u043e\u0431\u0441\u0442\u0432\u0443\u0435\u0442 \u0441\u0436\u0438\u0433\u0430\u043d\u0438\u044e \u043a\u0430\u043b\u043e\u0440\u0438\u0439. \u041e\u0447\u0435\u043d\u044c \u043b\u0435\u0433\u043a\u043e \u0440\u0435\u0433\u0443\u043b\u0438\u0440\u0443\u0435\u0442\u0441\u044f \u0434\u043b\u0438\u043d\u043d\u0430 \u0441\u043a\u0430\u043a\u0430\u043b\u043a\u0438 . \u041c\u0435\u0445\u0430\u043d\u0438\u0437\u043c \u043a\u0440\u0435\u043f\u043b\u0435\u043d\u0438\u044f \u043f\u0440\u043e\u0432\u043e\u0440\u0430\u0447\u0438\u0432\u0430\u0435\u0442\u0441\u044f \u043d\u0435 \u0434\u0430\u0432\u0430\u044f \u0441\u043a\u0430\u043a\u0430\u043b\u043a\u0435 \u0437\u0430\u043f\u0443\u0442\u044b\u0432\u0430\u0442\u044c\u0441\u044f. \u041f\u0440\u043e\u0441\u0442\u043e\u0439 \u0438 \u0443\u0434\u043e\u0431\u043d\u044b\u0439 \u043c\u0435\u0445\u0430\u043d\u0438\u0447\u0435\u0441\u043a\u0438\u0439 \u0441\u0447\u0435\u0442\u0447\u0438\u043a \u0434\u043b\u044f \u043a\u043e\u043d\u0442\u0440\u043e\u043b\u044f \u0440\u0430\u0431\u043e\u0442\u044b \u043d\u0430 \u0441\u043a\u043e\u0440\u043e\u0441\u0442\u043d\u043e\u0439 \u0441\u043a\u0430\u043a\u0430\u043b\u043a\u0435.<\/p>\n<p>\u0414\u043e\u0441\u0442\u0443\u043f\u0435\u043d \u0432 4 \u0432\u0430\u0440\u0438\u0430\u0446\u0438\u0438 \u0446\u0432\u0435\u0442\u043e\u0432![trim][:ro_RO]<strong>Coarda de s\u0103rit cu contor<\/strong><\/p>\n<p>Coarda de sport cu contor mecanic. Conceput pentru antrenamentul sportiv.<\/p>\n<p>\u00cembun\u0103t\u0103\u021be\u0219te activitatea sistemului cardiovascular, Antreneaz\u0103 mu\u0219chii picioarelor \u0219i bra\u021belor, rezisten\u021ba. Ajut\u0103 la arderea caloriilor. Lungimea fr\u00e2nghiei este foarte u\u0219or de reglat. Mecanismul de prindere se rote\u0219te f\u0103r\u0103 a l\u0103sa funia s\u0103 se \u00eencurce. Un contor mecanic simplu \u0219i comod.<\/p>\n<p><strong>Disponibil \u00een 4 variante de culoare!<\/strong><\/p>\n","protected":false},"excerpt":{"rendered":"<p>[:ru_RU]\u0421\u043a\u0430\u043a\u0430\u043b\u043a\u0430 \u0441\u043e \u0441\u0447\u0435\u0442\u0447\u0438\u043a\u043e\u043c\u00a0 \u0421\u043f\u043e\u0440\u0442\u0438\u0432\u043d\u0430\u044f \u0441\u043a\u0430\u043a\u0430\u043b\u043a\u0430 \u0441 \u043c\u0435\u0445\u0430\u043d\u0438\u0447\u0435\u0441\u043a\u0438\u043c \u0441\u0447\u0435\u0442\u0447\u0438\u043a\u043e\u043c. \u041f\u0440\u0435\u0434\u043d\u0430\u0437\u043d\u0430\u0447\u0435\u043d\u0430 \u0434\u043b\u044f \u0441\u043f\u043e\u0440\u0442\u0438\u0432\u043d\u044b\u0445 \u0442\u0440\u0435\u043d\u0438\u0440\u043e\u0432\u043e\u043a. \u0423\u043b\u0443\u0447\u0448\u0430\u0435\u0442 \u0440\u0430\u0431\u043e\u0442\u0443 \u0441\u0435\u0440\u0434\u0435\u0447\u043d\u043e-\u0441\u043e\u0441\u0443\u0434\u0438\u0441\u0442\u043e\u0439 \u0441\u0438\u0441\u0442\u0435\u043c\u044b, \u0422\u0440\u0435\u043d\u0438\u0440\u0443\u0435\u0442 \u043c\u044b\u0448\u0446\u044b \u043d\u043e\u0433 \u0438 \u0440\u0443\u043a, \u0432\u044b\u043d\u043e\u0441\u043b\u0438\u0432\u043e\u0441\u0442\u044c. \u0421\u043f\u043e\u0441\u043e\u0431\u0441\u0442\u0432\u0443\u0435\u0442 \u0441\u0436\u0438\u0433\u0430\u043d\u0438\u044e \u043a\u0430\u043b\u043e\u0440\u0438\u0439. \u041e\u0447\u0435\u043d\u044c \u043b\u0435\u0433\u043a\u043e \u0440\u0435\u0433\u0443\u043b\u0438\u0440\u0443\u0435\u0442\u0441\u044f \u0434\u043b\u0438\u043d\u043d\u0430 \u0441\u043a\u0430\u043a\u0430\u043b\u043a\u0438 . \u041c\u0435\u0445\u0430\u043d\u0438\u0437\u043c \u043a\u0440\u0435\u043f\u043b\u0435\u043d\u0438\u044f \u043f\u0440\u043e\u0432\u043e\u0440\u0430\u0447\u0438\u0432\u0430\u0435\u0442\u0441\u044f \u043d\u0435 \u0434\u0430\u0432\u0430\u044f \u0441\u043a\u0430\u043a\u0430\u043b\u043a\u0435 \u0437\u0430\u043f\u0443\u0442\u044b\u0432\u0430\u0442\u044c\u0441\u044f. \u041f\u0440\u043e\u0441\u0442\u043e\u0439 \u0438 \u0443\u0434\u043e\u0431\u043d\u044b\u0439 \u043c\u0435\u0445\u0430\u043d\u0438\u0447\u0435\u0441\u043a\u0438\u0439 \u0441\u0447\u0435\u0442\u0447\u0438\u043a \u0434\u043b\u044f \u043a\u043e\u043d\u0442\u0440\u043e\u043b\u044f \u0440\u0430\u0431\u043e\u0442\u044b \u043d\u0430 \u0441\u043a\u043e\u0440\u043e\u0441\u0442\u043d\u043e\u0439 \u0441\u043a\u0430\u043a\u0430\u043b\u043a\u0435. \u0414\u043e\u0441\u0442\u0443\u043f\u0435\u043d \u0432 4 \u0432\u0430\u0440\u0438\u0430\u0446\u0438\u0438 \u0446\u0432\u0435\u0442\u043e\u0432![trim][:ro_RO]Coarda de [&hellip;]<\/p>\n","protected":false},"featured_media":44469,"comment_status":"open","ping_status":"closed","template":"","meta":{"_acf_changed":false},"product_brand":[],"product_cat":[6826],"product_tag":[],"class_list":{"0":"post-44475","1":"product","2":"type-product","3":"status-publish","4":"has-post-thumbnail","6":"product_cat-ru_ru-aktivnye-igry-trim-ro","8":"first","9":"instock","10":"shipping-taxable","11":"purchasable","12":"product-type-simple"},"acf":[],"_links":{"self":[{"href":"https:\/\/minimax.md\/ru\/wp-json\/wp\/v2\/product\/44475","targetHints":{"allow":["GET"]}}],"collection":[{"href":"https:\/\/minimax.md\/ru\/wp-json\/wp\/v2\/product"}],"about":[{"href":"https:\/\/minimax.md\/ru\/wp-json\/wp\/v2\/types\/product"}],"replies":[{"embeddable":true,"href":"https:\/\/minimax.md\/ru\/wp-json\/wp\/v2\/comments?post=44475"}],"version-history":[{"count":0,"href":"https:\/\/minimax.md\/ru\/wp-json\/wp\/v2\/product\/44475\/revisions"}],"wp:featuredmedia":[{"embeddable":true,"href":"https:\/\/minimax.md\/ru\/wp-json\/wp\/v2\/media\/44469"}],"wp:attachment":[{"href":"https:\/\/minimax.md\/ru\/wp-json\/wp\/v2\/media?parent=44475"}],"wp:term":[{"taxonomy":"product_brand","embeddable":true,"href":"https:\/\/minimax.md\/ru\/wp-json\/wp\/v2\/product_brand?post=44475"},{"taxonomy":"product_cat","embeddable":true,"href":"https:\/\/minimax.md\/ru\/wp-json\/wp\/v2\/product_cat?post=44475"},{"taxonomy":"product_tag","embeddable":true,"href":"https:\/\/minimax.md\/ru\/wp-json\/wp\/v2\/product_tag?post=44475"}],"curies":[{"name":"wp","href":"https:\/\/api.w.org\/{rel}","templated":true}]}}