{"id":44477,"date":"2024-01-11T17:11:46","date_gmt":"2024-01-11T14:11:46","guid":{"rendered":"https:\/\/minimax.md\/product\/44477.html"},"modified":"2024-03-13T01:04:38","modified_gmt":"2024-03-12T22:04:38","slug":"ru_ru-2-mini-blastera-i-6-mjagkih-pulej-trim-ro_ro-2-mini-blastere-cu-6-gloan-e-fine","status":"publish","type":"product","link":"https:\/\/minimax.md\/ru\/product\/44477.html","title":{"rendered":"2 \u043c\u0438\u043d\u0438-\u0431\u043b\u0430\u0441\u0442\u0435\u0440\u0430 \u0438 6 \u043c\u044f\u0433\u043a\u0438\u0445 \u043f\u0443\u043b\u0435\u0439"},"content":{"rendered":"<p>[:ru_RU]\u042d\u0442\u043e\u0442 \u043d\u0430\u0431\u043e\u0440 \u043c\u0438\u043d\u0438-\u0431\u043b\u0430\u0441\u0442\u0435\u0440\u043e\u0432 \u043e\u0431\u044f\u0437\u0430\u0442\u0435\u043b\u044c\u043d\u043e \u043f\u043e\u043d\u0440\u0430\u0432\u0438\u0442\u0441\u044f \u043c\u0430\u043b\u044c\u0447\u0438\u043a\u0443 \u0441\u0432\u043e\u0438\u043c \u0443\u043b\u044c\u0442\u0440\u0430\u0441\u043e\u0432\u0440\u0435\u043c\u0435\u043d\u043d\u044b\u043c \u0434\u0438\u0437\u0430\u0439\u043d\u043e\u043c.<\/p>\n<p>\u041e\u043d \u0441\u0442\u0440\u0435\u043b\u044f\u0435\u0442 \u0431\u0435\u0437\u043e\u043f\u0430\u0441\u043d\u044b\u043c\u0438 \u043c\u044f\u0433\u043a\u0438\u043c\u0438 \u043f\u0443\u043b\u044f\u043c\u0438. \u0418\u0433\u0440\u0430\u044f \u0441 \u043d\u0438\u043c, \u043c\u0430\u043b\u044c\u0447\u0438\u043a \u0431\u0443\u0434\u0435\u0442 \u0440\u0430\u0437\u044b\u0433\u0440\u044b\u0432\u0430\u0442\u044c \u0440\u0430\u0437\u043b\u0438\u0447\u043d\u044b\u0435 \u0441\u044e\u0436\u0435\u0442\u044b, \u0437\u0430\u0449\u0438\u0449\u0430\u044f \u0441\u0432\u043e\u044e \u043f\u043b\u0430\u043d\u0435\u0442\u0443 \u043e\u0442 \u043d\u0430\u043f\u0430\u0434\u0435\u043d\u0438\u044f \u0437\u043b\u043e\u0431\u043d\u044b\u0445 \u043f\u0440\u0438\u0448\u0435\u043b\u044c\u0446\u0435\u0432.<\/p>\n<p>\u0411\u043b\u0430\u0441\u0442\u0435\u0440 \u0438\u0437\u0433\u043e\u0442\u043e\u0432\u043b\u0435\u043d \u0438\u0437 \u043d\u0430\u0434\u0435\u0436\u043d\u043e\u0433\u043e \u0438 \u043a\u0430\u0447\u0435\u0441\u0442\u0432\u0435\u043d\u043d\u043e\u0433\u043e \u043c\u0430\u0442\u0435\u0440\u0438\u0430\u043b\u0430, \u0438\u0433\u0440\u0430 \u0441 \u043d\u0438\u043c \u043e\u0431\u044f\u0437\u0430\u0442\u0435\u043b\u044c\u043d\u043e \u0431\u0443\u0434\u0435\u0442 \u0438\u043d\u0442\u0435\u0440\u0435\u0441\u043d\u043e\u0439 \u0438 \u0443\u0432\u043b\u0435\u043a\u0430\u0442\u0435\u043b\u044c\u043d\u043e\u0439.<\/p>\n<p>\u041a\u043e\u043c\u043f\u043b\u0435\u043a\u0442\u043d\u043e\u0441\u0442\u044c: \u043c\u0438\u043d\u0438-\u0431\u043b\u0430\u0441\u0442\u0435\u0440\u2013 2 \u0448\u0442, \u043c\u044f\u0433\u043a\u0438\u0435 \u043f\u0443\u043b\u0438 \u2013 6 \u0448\u0442.<\/p>\n<p>&nbsp;[trim][:ro_RO]<\/p>\n<p id=\"tw-target-text\" class=\"tw-data-text tw-text-large tw-ta\" dir=\"ltr\" data-placeholder=\"\u041f\u0435\u0440\u0435\u0432\u043e\u0434\"><strong><span class=\"Y2IQFc\" lang=\"ro\">Setul cu mini-blastere cu siguran\u021b\u0103 va face fericit orice baiat cu designul s\u0103u ultramodern.<\/span><\/strong><\/p>\n<p id=\"tw-target-text\" class=\"tw-data-text tw-text-large tw-ta\" dir=\"ltr\" data-placeholder=\"\u041f\u0435\u0440\u0435\u0432\u043e\u0434\"><span class=\"Y2IQFc\" lang=\"ro\">Pistolul trage cu gloan\u021be moi \u0219i sigure. Juc\u00e2ndu-se cu el, b\u0103iatul va juca diverse scene, \u00een una din ele protej\u00e2ndu-\u0219i planeta de atacul extratere\u0219trilor malefici.<\/span><\/p>\n<p id=\"tw-target-text\" class=\"tw-data-text tw-text-large tw-ta\" dir=\"ltr\" data-placeholder=\"\u041f\u0435\u0440\u0435\u0432\u043e\u0434\"><span class=\"Y2IQFc\" lang=\"ro\">Blasterul este fabricat din material fiabil \u0219i de \u00eenalt\u0103 calitate, jocul cu el va fi cu siguran\u021b\u0103 interesant \u0219i incitant.<\/span><\/p>\n<p id=\"tw-target-text\" class=\"tw-data-text tw-text-large tw-ta\" dir=\"ltr\" data-placeholder=\"\u041f\u0435\u0440\u0435\u0432\u043e\u0434\"><span class=\"Y2IQFc\" lang=\"ro\">Include: blaster &#8211; 2 buc, gloan\u021be moi &#8211; 6 buc.<\/span><\/p>\n<p>&lt;p di<\/p>\n","protected":false},"excerpt":{"rendered":"<p>[:ru_RU]\u042d\u0442\u043e\u0442 \u043d\u0430\u0431\u043e\u0440 \u043c\u0438\u043d\u0438-\u0431\u043b\u0430\u0441\u0442\u0435\u0440\u043e\u0432 \u043e\u0431\u044f\u0437\u0430\u0442\u0435\u043b\u044c\u043d\u043e \u043f\u043e\u043d\u0440\u0430\u0432\u0438\u0442\u0441\u044f \u043c\u0430\u043b\u044c\u0447\u0438\u043a\u0443 \u0441\u0432\u043e\u0438\u043c \u0443\u043b\u044c\u0442\u0440\u0430\u0441\u043e\u0432\u0440\u0435\u043c\u0435\u043d\u043d\u044b\u043c \u0434\u0438\u0437\u0430\u0439\u043d\u043e\u043c. \u041e\u043d \u0441\u0442\u0440\u0435\u043b\u044f\u0435\u0442 \u0431\u0435\u0437\u043e\u043f\u0430\u0441\u043d\u044b\u043c\u0438 \u043c\u044f\u0433\u043a\u0438\u043c\u0438 \u043f\u0443\u043b\u044f\u043c\u0438. \u0418\u0433\u0440\u0430\u044f \u0441 \u043d\u0438\u043c, \u043c\u0430\u043b\u044c\u0447\u0438\u043a \u0431\u0443\u0434\u0435\u0442 \u0440\u0430\u0437\u044b\u0433\u0440\u044b\u0432\u0430\u0442\u044c \u0440\u0430\u0437\u043b\u0438\u0447\u043d\u044b\u0435 \u0441\u044e\u0436\u0435\u0442\u044b, \u0437\u0430\u0449\u0438\u0449\u0430\u044f \u0441\u0432\u043e\u044e \u043f\u043b\u0430\u043d\u0435\u0442\u0443 \u043e\u0442 \u043d\u0430\u043f\u0430\u0434\u0435\u043d\u0438\u044f \u0437\u043b\u043e\u0431\u043d\u044b\u0445 \u043f\u0440\u0438\u0448\u0435\u043b\u044c\u0446\u0435\u0432. \u0411\u043b\u0430\u0441\u0442\u0435\u0440 \u0438\u0437\u0433\u043e\u0442\u043e\u0432\u043b\u0435\u043d \u0438\u0437 \u043d\u0430\u0434\u0435\u0436\u043d\u043e\u0433\u043e \u0438 \u043a\u0430\u0447\u0435\u0441\u0442\u0432\u0435\u043d\u043d\u043e\u0433\u043e \u043c\u0430\u0442\u0435\u0440\u0438\u0430\u043b\u0430, \u0438\u0433\u0440\u0430 \u0441 \u043d\u0438\u043c \u043e\u0431\u044f\u0437\u0430\u0442\u0435\u043b\u044c\u043d\u043e \u0431\u0443\u0434\u0435\u0442 \u0438\u043d\u0442\u0435\u0440\u0435\u0441\u043d\u043e\u0439 \u0438 \u0443\u0432\u043b\u0435\u043a\u0430\u0442\u0435\u043b\u044c\u043d\u043e\u0439. \u041a\u043e\u043c\u043f\u043b\u0435\u043a\u0442\u043d\u043e\u0441\u0442\u044c: \u043c\u0438\u043d\u0438-\u0431\u043b\u0430\u0441\u0442\u0435\u0440\u2013 2 \u0448\u0442, \u043c\u044f\u0433\u043a\u0438\u0435 \u043f\u0443\u043b\u0438 \u2013 6 \u0448\u0442. &nbsp;[trim][:ro_RO] Setul [&hellip;]<\/p>\n","protected":false},"featured_media":44476,"comment_status":"open","ping_status":"closed","template":"","meta":{"_acf_changed":false},"product_brand":[],"product_cat":[6718],"product_tag":[],"class_list":{"0":"post-44477","1":"product","2":"type-product","3":"status-publish","4":"has-post-thumbnail","6":"product_cat-ru_ru-igrushki-dlja-malchik","8":"first","9":"instock","10":"shipping-taxable","11":"purchasable","12":"product-type-simple"},"acf":[],"_links":{"self":[{"href":"https:\/\/minimax.md\/ru\/wp-json\/wp\/v2\/product\/44477","targetHints":{"allow":["GET"]}}],"collection":[{"href":"https:\/\/minimax.md\/ru\/wp-json\/wp\/v2\/product"}],"about":[{"href":"https:\/\/minimax.md\/ru\/wp-json\/wp\/v2\/types\/product"}],"replies":[{"embeddable":true,"href":"https:\/\/minimax.md\/ru\/wp-json\/wp\/v2\/comments?post=44477"}],"version-history":[{"count":0,"href":"https:\/\/minimax.md\/ru\/wp-json\/wp\/v2\/product\/44477\/revisions"}],"wp:featuredmedia":[{"embeddable":true,"href":"https:\/\/minimax.md\/ru\/wp-json\/wp\/v2\/media\/44476"}],"wp:attachment":[{"href":"https:\/\/minimax.md\/ru\/wp-json\/wp\/v2\/media?parent=44477"}],"wp:term":[{"taxonomy":"product_brand","embeddable":true,"href":"https:\/\/minimax.md\/ru\/wp-json\/wp\/v2\/product_brand?post=44477"},{"taxonomy":"product_cat","embeddable":true,"href":"https:\/\/minimax.md\/ru\/wp-json\/wp\/v2\/product_cat?post=44477"},{"taxonomy":"product_tag","embeddable":true,"href":"https:\/\/minimax.md\/ru\/wp-json\/wp\/v2\/product_tag?post=44477"}],"curies":[{"name":"wp","href":"https:\/\/api.w.org\/{rel}","templated":true}]}}