{"id":44486,"date":"2024-01-11T17:11:48","date_gmt":"2024-01-11T14:11:48","guid":{"rendered":"https:\/\/minimax.md\/product\/44486.html"},"modified":"2024-01-15T19:37:50","modified_gmt":"2024-01-15T16:37:50","slug":"ru_ru-derevjannaja-pogremushka-prorezyvatel-labirint-s-busami-trim-ro_ro-zorn-itur-de-lemn-i-juc-rie-pentru-denti-ie-labirintul-cu-m-rgele","status":"publish","type":"product","link":"https:\/\/minimax.md\/ru\/product\/44486.html","title":{"rendered":"\u0414\u0435\u0440\u0435\u0432\u044f\u043d\u043d\u0430\u044f \u043f\u043e\u0433\u0440\u0435\u043c\u0443\u0448\u043a\u0430-\u043f\u0440\u043e\u0440\u0435\u0437\u044b\u0432\u0430\u0442\u0435\u043b\u044c \"\u041b\u0430\u0431\u0438\u0440\u0438\u043d\u0442 \u0441 \u0431\u0443\u0441\u0430\u043c\u0438\""},"content":{"rendered":"<p>[:ru_RU]\u042d\u0442\u043e\u0442 \u0432\u0435\u043b\u0438\u043a\u043e\u043b\u0435\u043f\u043d\u044b\u0439 \u043b\u0430\u0431\u0438\u0440\u0438\u043d\u0442 \u0441 \u0431\u0443\u0441\u0430\u043c\u0438 \u0441 \u0441\u0438\u043c\u0432\u043e\u043b\u043e\u043c \u0431\u0435\u0441\u043a\u043e\u043d\u0435\u0447\u043d\u043e\u0441\u0442\u0438 \u2014 \u0444\u0430\u043d\u0442\u0430\u0441\u0442\u0438\u0447\u0435\u0441\u043a\u0438\u0439 \u0441\u043f\u043e\u0441\u043e\u0431 \u043f\u043e\u043c\u043e\u0447\u044c \u0432\u0430\u0448\u0438\u043c \u043c\u0430\u043b\u044b\u0448\u0430\u043c \u0440\u0430\u0437\u0432\u0438\u0442\u044c \u0441\u0432\u043e\u0438 \u043d\u0430\u0432\u044b\u043a\u0438 \u0441 \u0440\u0430\u043d\u043d\u0435\u0433\u043e \u0432\u043e\u0437\u0440\u0430\u0441\u0442\u0430 \u0432\u043e \u0432\u0440\u0435\u043c\u044f \u0438\u0433\u0440\u044b. \u041f\u0443\u0441\u0442\u044c \u043c\u0430\u043b\u044b\u0448 \u043d\u0430\u0443\u0447\u0438\u0442\u0441\u044f \u0441\u0430\u043c \u0434\u0432\u0438\u0433\u0430\u0442\u044c \u0431\u0443\u0441\u0438\u043d\u044b \u0438 \u043a\u043e\u043b\u044c\u0446\u0430 \u0441 \u0440\u0430\u0437\u043d\u043e\u0439 \u0442\u0435\u043a\u0441\u0442\u0443\u0440\u043e\u0439 \u043f\u043e \u043b\u0430\u0431\u0438\u0440\u0438\u043d\u0442\u0443 \u0441 \u0441\u0438\u043c\u0432\u043e\u043b\u043e\u043c \u0431\u0435\u0441\u043a\u043e\u043d\u0435\u0447\u043d\u043e\u0441\u0442\u0438 \u0438\u043b\u0438 \u043f\u0440\u043e\u0441\u0442\u043e \u0438\u0441\u0441\u043b\u0435\u0434\u0443\u0439\u0442\u0435 \u043c\u044f\u0433\u043a\u0438\u0435, \u0433\u043b\u0430\u0434\u043a\u0438\u0435 \u0442\u0435\u043a\u0441\u0442\u0443\u0440\u044b, \u0447\u0442\u043e\u0431\u044b \u043f\u043e\u043b\u0443\u0447\u0438\u0442\u044c \u0447\u0443\u0434\u0435\u0441\u043d\u044b\u0435 \u0441\u0435\u043d\u0441\u043e\u0440\u043d\u044b\u0435 \u0432\u043f\u0435\u0447\u0430\u0442\u043b\u0435\u043d\u0438\u044f!<\/p>\n<p> \u0418\u0433\u0440\u0443\u0448\u043a\u0430 \u0441\u043e\u0435\u0434\u0438\u043d\u044f\u0435\u0442 \u043a\u043e\u043b\u044c\u0446\u043e \u0438\u0437 \u0433\u043b\u0430\u0434\u043a\u043e\u0433\u043e \u0434\u0435\u0440\u0435\u0432\u0430, \u043d\u0435\u0436\u043d\u043e \u0442\u0435\u043a\u0441\u0442\u0443\u0440\u0438\u0440\u043e\u0432\u0430\u043d\u043d\u0430\u044f \u0434\u043e\u0440\u043e\u0436\u043a\u0430 \u0441 \u0441\u0438\u043c\u0432\u043e\u043b\u043e\u043c \u0431\u0435\u0441\u043a\u043e\u043d\u0435\u0447\u043d\u043e\u0441\u0442\u0438, \u0434\u0432\u0435 \u0440\u0435\u0437\u0438\u043d\u043e\u0432\u044b\u0435 \u0431\u0443\u0441\u0438\u043d\u044b \u0441 \u0442\u0438\u0441\u043d\u0435\u043d\u0438\u0435\u043c \u0438 \u0434\u0432\u0430 \u0434\u0438\u0441\u043a\u0430. \u041e\u0442\u043b\u0438\u0447\u043d\u043e \u043f\u043e\u0434\u0445\u043e\u0434\u0438\u0442 \u0434\u043b\u044f \u0442\u0430\u043a\u0442\u0438\u043b\u044c\u043d\u043e\u0433\u043e \u0440\u0430\u0437\u0432\u0438\u0442\u0438\u044f \u0438 \u0437\u0440\u0438\u0442\u0435\u043b\u044c\u043d\u043e-\u043c\u043e\u0442\u043e\u0440\u043d\u043e\u0439 \u043a\u043e\u043e\u0440\u0434\u0438\u043d\u0430\u0446\u0438\u0438, \u0430 \u0442\u0430\u043a\u0436\u0435 \u0434\u043b\u044f \u0440\u0430\u0437\u0432\u0438\u0442\u0438\u044f \u043c\u0435\u043b\u043a\u043e\u0439 \u043c\u043e\u0442\u043e\u0440\u0438\u043a\u0438.<\/p>\n<p>&nbsp;[trim][:ro_RO]<strong>Acest superb labirint de margele \u00een form\u0103 de simbol al infinitului este o modalitate fantastic\u0103 de a-i ajuta pe cei mici s\u0103-\u0219i dezvolte abilit\u0103\u021bile de la o v\u00e2rst\u0103 fraged\u0103 \u00een timp ce se joac\u0103.<\/strong> Las\u0103-l pe micu\u021bul t\u0103u s\u0103 \u00eenve\u021be cum s\u0103 mute margelele \u0219i inelele cu textur\u0103 multipl\u0103 prin labirintul infinit, sau pur \u0219i simplu exploreaz\u0103 texturile moi \u0219i netede pentru o experien\u021b\u0103 senzorial\u0103 minunat\u0103!<\/p>\n<p>Juc\u0103ria combin\u0103 un inel din lemn neted, o pist\u0103 texturat\u0103 delicat\u0103 cu un simbol al infinitului, dou\u0103 margele de cauciuc \u00een relief \u0219i dou\u0103 inele. Excelent pentru dezvoltarea tactil\u0103 \u0219i coordonarea m\u00e2n\u0103-ochi, precum \u0219i pentru dezvoltarea motricit\u0103\u021bii fine.<\/p>\n","protected":false},"excerpt":{"rendered":"<p>[:ru_RU]\u042d\u0442\u043e\u0442 \u0432\u0435\u043b\u0438\u043a\u043e\u043b\u0435\u043f\u043d\u044b\u0439 \u043b\u0430\u0431\u0438\u0440\u0438\u043d\u0442 \u0441 \u0431\u0443\u0441\u0430\u043c\u0438 \u0441 \u0441\u0438\u043c\u0432\u043e\u043b\u043e\u043c \u0431\u0435\u0441\u043a\u043e\u043d\u0435\u0447\u043d\u043e\u0441\u0442\u0438 \u2014 \u0444\u0430\u043d\u0442\u0430\u0441\u0442\u0438\u0447\u0435\u0441\u043a\u0438\u0439 \u0441\u043f\u043e\u0441\u043e\u0431 \u043f\u043e\u043c\u043e\u0447\u044c \u0432\u0430\u0448\u0438\u043c \u043c\u0430\u043b\u044b\u0448\u0430\u043c \u0440\u0430\u0437\u0432\u0438\u0442\u044c \u0441\u0432\u043e\u0438 \u043d\u0430\u0432\u044b\u043a\u0438 \u0441 \u0440\u0430\u043d\u043d\u0435\u0433\u043e \u0432\u043e\u0437\u0440\u0430\u0441\u0442\u0430 \u0432\u043e \u0432\u0440\u0435\u043c\u044f \u0438\u0433\u0440\u044b. \u041f\u0443\u0441\u0442\u044c \u043c\u0430\u043b\u044b\u0448 \u043d\u0430\u0443\u0447\u0438\u0442\u0441\u044f \u0441\u0430\u043c \u0434\u0432\u0438\u0433\u0430\u0442\u044c \u0431\u0443\u0441\u0438\u043d\u044b \u0438 \u043a\u043e\u043b\u044c\u0446\u0430 \u0441 \u0440\u0430\u0437\u043d\u043e\u0439 \u0442\u0435\u043a\u0441\u0442\u0443\u0440\u043e\u0439 \u043f\u043e \u043b\u0430\u0431\u0438\u0440\u0438\u043d\u0442\u0443 \u0441 \u0441\u0438\u043c\u0432\u043e\u043b\u043e\u043c \u0431\u0435\u0441\u043a\u043e\u043d\u0435\u0447\u043d\u043e\u0441\u0442\u0438 \u0438\u043b\u0438 \u043f\u0440\u043e\u0441\u0442\u043e \u0438\u0441\u0441\u043b\u0435\u0434\u0443\u0439\u0442\u0435 \u043c\u044f\u0433\u043a\u0438\u0435, \u0433\u043b\u0430\u0434\u043a\u0438\u0435 \u0442\u0435\u043a\u0441\u0442\u0443\u0440\u044b, \u0447\u0442\u043e\u0431\u044b \u043f\u043e\u043b\u0443\u0447\u0438\u0442\u044c \u0447\u0443\u0434\u0435\u0441\u043d\u044b\u0435 \u0441\u0435\u043d\u0441\u043e\u0440\u043d\u044b\u0435 \u0432\u043f\u0435\u0447\u0430\u0442\u043b\u0435\u043d\u0438\u044f! \u0418\u0433\u0440\u0443\u0448\u043a\u0430 \u0441\u043e\u0435\u0434\u0438\u043d\u044f\u0435\u0442 \u043a\u043e\u043b\u044c\u0446\u043e \u0438\u0437 \u0433\u043b\u0430\u0434\u043a\u043e\u0433\u043e [&hellip;]<\/p>\n","protected":false},"featured_media":44483,"comment_status":"open","ping_status":"closed","template":"","meta":{"_acf_changed":false},"product_brand":[],"product_cat":[6731],"product_tag":[],"class_list":{"0":"post-44486","1":"product","2":"type-product","3":"status-publish","4":"has-post-thumbnail","6":"product_cat-ru_ru-pogremushki-trim-ro_r","8":"first","9":"instock","10":"shipping-taxable","11":"purchasable","12":"product-type-simple"},"acf":[],"_links":{"self":[{"href":"https:\/\/minimax.md\/ru\/wp-json\/wp\/v2\/product\/44486","targetHints":{"allow":["GET"]}}],"collection":[{"href":"https:\/\/minimax.md\/ru\/wp-json\/wp\/v2\/product"}],"about":[{"href":"https:\/\/minimax.md\/ru\/wp-json\/wp\/v2\/types\/product"}],"replies":[{"embeddable":true,"href":"https:\/\/minimax.md\/ru\/wp-json\/wp\/v2\/comments?post=44486"}],"version-history":[{"count":0,"href":"https:\/\/minimax.md\/ru\/wp-json\/wp\/v2\/product\/44486\/revisions"}],"wp:featuredmedia":[{"embeddable":true,"href":"https:\/\/minimax.md\/ru\/wp-json\/wp\/v2\/media\/44483"}],"wp:attachment":[{"href":"https:\/\/minimax.md\/ru\/wp-json\/wp\/v2\/media?parent=44486"}],"wp:term":[{"taxonomy":"product_brand","embeddable":true,"href":"https:\/\/minimax.md\/ru\/wp-json\/wp\/v2\/product_brand?post=44486"},{"taxonomy":"product_cat","embeddable":true,"href":"https:\/\/minimax.md\/ru\/wp-json\/wp\/v2\/product_cat?post=44486"},{"taxonomy":"product_tag","embeddable":true,"href":"https:\/\/minimax.md\/ru\/wp-json\/wp\/v2\/product_tag?post=44486"}],"curies":[{"name":"wp","href":"https:\/\/api.w.org\/{rel}","templated":true}]}}