{"id":44505,"date":"2024-01-11T17:11:49","date_gmt":"2024-01-11T14:11:49","guid":{"rendered":"https:\/\/minimax.md\/product\/44505.html"},"modified":"2024-03-13T00:35:06","modified_gmt":"2024-03-12T21:35:06","slug":"ru_ru-fisher-price-dlja-malyshej-pogremushka-dlja-prorezyvanija-zubov-i-razvitie-melkoj-motoriki-v-assort-trim-ro_ro-fisher-price-zorn-itoare-cu-dentier-i-ajutor-n-dezvoltarea-motoric-as","status":"publish","type":"product","link":"https:\/\/minimax.md\/ru\/product\/44505.html","title":{"rendered":"Fisher-Price \u0434\u043b\u044f \u043c\u0430\u043b\u044b\u0448\u0435\u0439 \"\u041f\u043e\u0433\u0440\u0435\u043c\u0443\u0448\u043a\u0430\" \u0434\u043b\u044f \u043f\u0440\u043e\u0440\u0435\u0437\u044b\u0432\u0430\u043d\u0438\u044f \u0437\u0443\u0431\u043e\u0432 \u0438 \u0440\u0430\u0437\u0432\u0438\u0442\u0438\u0435 \u043c\u0435\u043b\u043a\u043e\u0439 \u043c\u043e\u0442\u043e\u0440\u0438\u043a\u0438 \u0432 \u0430\u0441\u0441\u043e\u0440\u0442."},"content":{"rendered":"<p>[:ru_RU]\u041c\u0430\u043b\u044b\u0448\u0438 \u043c\u043e\u0433\u0443\u0442 \u043e\u0442\u043f\u0440\u0430\u0432\u0438\u0442\u044c\u0441\u044f \u0432 \u0441\u0435\u043d\u0441\u043e\u0440\u043d\u043e\u0435 \u0441\u0430\u0444\u0430\u0440\u0438 \u0441 \u044d\u0442\u0438\u043c\u0438 \u0438\u0433\u0440\u0443\u0448\u043a\u0430\u043c\u0438 \u043d\u0430 \u0442\u0435\u043c\u0443 \u0436\u0438\u0432\u043e\u0442\u043d\u044b\u0445 \u043e\u0442 Fisher-Price.<br \/>\n\u0423 \u043a\u0430\u0436\u0434\u043e\u0433\u043e \u0436\u0438\u0432\u043e\u0442\u043d\u043e\u0433\u043e \u0435\u0441\u0442\u044c \u0440\u0430\u0437\u043d\u044b\u0435 \u0437\u0430\u043d\u044f\u0442\u0438\u044f \u0434\u043b\u044f \u043c\u0430\u043b\u044b\u0448\u0435\u0439.<br \/>\n\u042d\u0442\u0438 \u0431\u0435\u0437\u0443\u043c\u043d\u043e \u0437\u0430\u0431\u0430\u0432\u043d\u044b\u0435 \u0438\u0433\u0440\u0443\u0448\u043a\u0438, \u0440\u0430\u0437\u0440\u0430\u0431\u043e\u0442\u0430\u043d\u043d\u044b\u0435 \u0442\u0430\u043a\u0438\u043c \u043e\u0431\u0440\u0430\u0437\u043e\u043c, \u0447\u0442\u043e\u0431\u044b \u0438\u0445 \u0431\u044b\u043b\u043e \u043b\u0435\u0433\u043a\u043e \u0432\u0437\u044f\u0442\u044c \u0432 \u0440\u0443\u043a\u0438, \u043f\u043e\u043c\u043e\u0433\u0430\u044e\u0442 \u0443\u043a\u0440\u0435\u043f\u0438\u0442\u044c \u043b\u043e\u0432\u043a\u043e\u0441\u0442\u044c \u0438 \u0437\u0430\u0434\u0435\u0439\u0441\u0442\u0432\u043e\u0432\u0430\u0442\u044c \u0437\u0440\u0435\u043d\u0438\u0435, \u0441\u043b\u0443\u0445 \u0438 \u043e\u0441\u044f\u0437\u0430\u043d\u0438\u0435 \u0432\u0430\u0448\u0435\u0433\u043e \u043d\u043e\u0432\u043e\u0440\u043e\u0436\u0434\u0435\u043d\u043d\u043e\u0433\u043e.<br \/>\n\u0421\u043e\u0431\u0435\u0440\u0438 \u0438\u0445 \u0432\u0441\u0435\u0445!<br \/>\n\u0412 \u043a\u043e\u043c\u043f\u043b\u0435\u043a\u0442\u0435<\/p>\n<p> \t1 \u043f\u0440\u043e\u0440\u0435\u0437\u044b\u0432\u0430\u0442\u0435\u043b\u044c<\/p>\n<p>\u0425\u0430\u0440\u0430\u043a\u0442\u0435\u0440\u0438\u0441\u0442\u0438\u043a\u0438<\/p>\n<p> \t\u0414\u043b\u044f \u043d\u043e\u0432\u043e\u0440\u043e\u0436\u0434\u0435\u043d\u043d\u044b\u0445[trim][:ro_RO]<strong>Copiii mici pot merge \u00eentr-un safari senzorial cu aceste juc\u0103rii pe tema animalelor de la Fisher-Price.<\/strong><\/p>\n<p>Fiecare animal are activit\u0103\u021bi diferite pentru copii mici.<\/p>\n<p>Conceput pentru a fi u\u0219or de manevrat, aceste juc\u0103rii nebun de distractive ajut\u0103 la dezvoltarea dexterit\u0103\u021bii \u0219i la implicarea v\u0103zului, sunetului \u0219i atingerii nou-n\u0103scutului.<\/p>\n<p>Adun\u0103-le pe toate!<\/p>\n<p>Inclus<\/p>\n<p><strong>1 dentier<\/strong><\/p>\n<p><strong>Caracteristici<\/strong><\/p>\n<p>Pentru nou-n\u0103scu\u021bi<\/p>\n","protected":false},"excerpt":{"rendered":"<p>[:ru_RU]\u041c\u0430\u043b\u044b\u0448\u0438 \u043c\u043e\u0433\u0443\u0442 \u043e\u0442\u043f\u0440\u0430\u0432\u0438\u0442\u044c\u0441\u044f \u0432 \u0441\u0435\u043d\u0441\u043e\u0440\u043d\u043e\u0435 \u0441\u0430\u0444\u0430\u0440\u0438 \u0441 \u044d\u0442\u0438\u043c\u0438 \u0438\u0433\u0440\u0443\u0448\u043a\u0430\u043c\u0438 \u043d\u0430 \u0442\u0435\u043c\u0443 \u0436\u0438\u0432\u043e\u0442\u043d\u044b\u0445 \u043e\u0442 Fisher-Price. \u0423 \u043a\u0430\u0436\u0434\u043e\u0433\u043e \u0436\u0438\u0432\u043e\u0442\u043d\u043e\u0433\u043e \u0435\u0441\u0442\u044c \u0440\u0430\u0437\u043d\u044b\u0435 \u0437\u0430\u043d\u044f\u0442\u0438\u044f \u0434\u043b\u044f \u043c\u0430\u043b\u044b\u0448\u0435\u0439. \u042d\u0442\u0438 \u0431\u0435\u0437\u0443\u043c\u043d\u043e \u0437\u0430\u0431\u0430\u0432\u043d\u044b\u0435 \u0438\u0433\u0440\u0443\u0448\u043a\u0438, \u0440\u0430\u0437\u0440\u0430\u0431\u043e\u0442\u0430\u043d\u043d\u044b\u0435 \u0442\u0430\u043a\u0438\u043c \u043e\u0431\u0440\u0430\u0437\u043e\u043c, \u0447\u0442\u043e\u0431\u044b \u0438\u0445 \u0431\u044b\u043b\u043e \u043b\u0435\u0433\u043a\u043e \u0432\u0437\u044f\u0442\u044c \u0432 \u0440\u0443\u043a\u0438, \u043f\u043e\u043c\u043e\u0433\u0430\u044e\u0442 \u0443\u043a\u0440\u0435\u043f\u0438\u0442\u044c \u043b\u043e\u0432\u043a\u043e\u0441\u0442\u044c \u0438 \u0437\u0430\u0434\u0435\u0439\u0441\u0442\u0432\u043e\u0432\u0430\u0442\u044c \u0437\u0440\u0435\u043d\u0438\u0435, \u0441\u043b\u0443\u0445 \u0438 \u043e\u0441\u044f\u0437\u0430\u043d\u0438\u0435 \u0432\u0430\u0448\u0435\u0433\u043e \u043d\u043e\u0432\u043e\u0440\u043e\u0436\u0434\u0435\u043d\u043d\u043e\u0433\u043e. \u0421\u043e\u0431\u0435\u0440\u0438 \u0438\u0445 \u0432\u0441\u0435\u0445! \u0412 \u043a\u043e\u043c\u043f\u043b\u0435\u043a\u0442\u0435 1 \u043f\u0440\u043e\u0440\u0435\u0437\u044b\u0432\u0430\u0442\u0435\u043b\u044c \u0425\u0430\u0440\u0430\u043a\u0442\u0435\u0440\u0438\u0441\u0442\u0438\u043a\u0438 [&hellip;]<\/p>\n","protected":false},"featured_media":44495,"comment_status":"open","ping_status":"closed","template":"","meta":{"_acf_changed":false},"product_brand":[],"product_cat":[6731],"product_tag":[],"class_list":{"0":"post-44505","1":"product","2":"type-product","3":"status-publish","4":"has-post-thumbnail","6":"product_cat-ru_ru-pogremushki-trim-ro_r","8":"first","9":"instock","10":"shipping-taxable","11":"purchasable","12":"product-type-simple"},"acf":[],"_links":{"self":[{"href":"https:\/\/minimax.md\/ru\/wp-json\/wp\/v2\/product\/44505","targetHints":{"allow":["GET"]}}],"collection":[{"href":"https:\/\/minimax.md\/ru\/wp-json\/wp\/v2\/product"}],"about":[{"href":"https:\/\/minimax.md\/ru\/wp-json\/wp\/v2\/types\/product"}],"replies":[{"embeddable":true,"href":"https:\/\/minimax.md\/ru\/wp-json\/wp\/v2\/comments?post=44505"}],"version-history":[{"count":0,"href":"https:\/\/minimax.md\/ru\/wp-json\/wp\/v2\/product\/44505\/revisions"}],"wp:featuredmedia":[{"embeddable":true,"href":"https:\/\/minimax.md\/ru\/wp-json\/wp\/v2\/media\/44495"}],"wp:attachment":[{"href":"https:\/\/minimax.md\/ru\/wp-json\/wp\/v2\/media?parent=44505"}],"wp:term":[{"taxonomy":"product_brand","embeddable":true,"href":"https:\/\/minimax.md\/ru\/wp-json\/wp\/v2\/product_brand?post=44505"},{"taxonomy":"product_cat","embeddable":true,"href":"https:\/\/minimax.md\/ru\/wp-json\/wp\/v2\/product_cat?post=44505"},{"taxonomy":"product_tag","embeddable":true,"href":"https:\/\/minimax.md\/ru\/wp-json\/wp\/v2\/product_tag?post=44505"}],"curies":[{"name":"wp","href":"https:\/\/api.w.org\/{rel}","templated":true}]}}