{"id":44568,"date":"2024-01-11T17:11:56","date_gmt":"2024-01-11T14:11:56","guid":{"rendered":"https:\/\/minimax.md\/product\/44568.html"},"modified":"2024-03-13T00:17:42","modified_gmt":"2024-03-12T21:17:42","slug":"ru_ru-bizibord-nastennyj-edinorog-trim-ro_ro-busyboard-de-perete-unicorn","status":"publish","type":"product","link":"https:\/\/minimax.md\/ru\/product\/44568.html","title":{"rendered":"\u0411\u0438\u0437\u0438\u0431\u043e\u0440\u0434 (\u043d\u0430\u0441\u0442\u0435\u043d\u043d\u044b\u0439) \"\u0415\u0434\u0438\u043d\u043e\u0440\u043e\u0433\""},"content":{"rendered":"<p>[:ru_RU]\u042d\u0442\u0430 \u043a\u0440\u0430\u0441\u0438\u0432\u0430\u044f \u043d\u0430\u0441\u0442\u0435\u043d\u043d\u0430\u044f \u0438\u0433\u0440\u0443\u0448\u043a\u0430 \u0432 \u0432\u0438\u0434\u0435 \u0435\u0434\u0438\u043d\u043e\u0440\u043e\u0433\u0430 \u0432\u043a\u043b\u044e\u0447\u0430\u0435\u0442 \u0432 \u0441\u0435\u0431\u044f \u0442\u0430\u043a\u0438\u0435 \u043f\u043e\u043f\u0443\u043b\u044f\u0440\u043d\u044b\u0435 \u0444\u0443\u043d\u043a\u0446\u0438\u0438, \u043a\u0430\u043a \u043f\u043e\u0432\u043e\u0440\u043e\u0442\u043d\u044b\u0435 \u043c\u0435\u0445\u0430\u043d\u0438\u0437\u043c\u044b, \u043f\u0440\u043e\u0432\u043e\u043b\u043e\u0447\u043d\u044b\u0435 \u0431\u0443\u0441\u0438\u043d\u044b, \u043a\u0441\u0438\u043b\u043e\u0444\u043e\u043d, \u0432\u043e\u0433\u043d\u0443\u0442\u043e\u0435 \u0438 \u0432\u044b\u043f\u0443\u043a\u043b\u043e\u0435 \u0437\u0435\u0440\u043a\u0430\u043b\u043e, \u0433\u043e\u043d\u0433 \u0438 \u0442.\u00a0\u0434.<br \/>\n\u0413\u043b\u0430\u0437\u0430 \u0435\u0434\u0438\u043d\u043e\u0440\u043e\u0433\u0430 \u043c\u043e\u0436\u043d\u043e \u043f\u043e\u0432\u043e\u0440\u0430\u0447\u0438\u0432\u0430\u0442\u044c, \u0447\u0442\u043e\u0431\u044b \u043f\u043e\u043a\u0430\u0437\u044b\u0432\u0430\u0442\u044c \u0440\u0430\u0437\u043d\u044b\u0435 \u0432\u044b\u0440\u0430\u0436\u0435\u043d\u0438\u044f, \u0441\u043f\u043e\u0441\u043e\u0431\u0441\u0442\u0432\u0443\u044f \u044d\u043c\u043e\u0446\u0438\u043e\u043d\u0430\u043b\u044c\u043d\u043e\u043c\u0443 \u0438 \u043a\u043e\u0433\u043d\u0438\u0442\u0438\u0432\u043d\u043e\u043c\u0443 \u0440\u0430\u0437\u0432\u0438\u0442\u0438\u044e. \u0420\u0430\u0437\u0434\u0435\u043b\u0435\u043d \u043d\u0430 4 \u0447\u0430\u0441\u0442\u0438 \u0434\u043b\u044f \u0443\u0434\u043e\u0431\u0441\u0442\u0432\u0430 \u0442\u0440\u0430\u043d\u0441\u043f\u043e\u0440\u0442\u0438\u0440\u043e\u0432\u043a\u0438 \u0438 \u0443\u0441\u0442\u0430\u043d\u043e\u0432\u043a\u0438. \u00a0\u041f\u043e\u0437\u0432\u043e\u043b\u044f\u0435\u0442 \u0434\u0435\u0442\u044f\u043c \u0438\u0433\u0440\u0430\u0442\u044c \u0432\u043c\u0435\u0441\u0442\u0435 \u0438 \u0443\u0437\u043d\u0430\u0432\u0430\u0442\u044c \u043e\u0431 \u043e\u0441\u043d\u043e\u0432\u043d\u044b\u0445 \u043f\u043e\u043d\u044f\u0442\u0438\u044f\u0445 \u0446\u0432\u0435\u0442\u0430, \u0444\u043e\u0440\u043c, \u0437\u0432\u0443\u043a\u043e\u0432 \u0438 \u0437\u0435\u0440\u043a\u0430\u043b.<\/p>\n<p>\u0418\u0434\u0435\u0430\u043b\u044c\u043d\u043e\u0435 \u0438 \u044f\u0440\u043a\u043e\u0435 \u0441\u043e\u0447\u0435\u0442\u0430\u043d\u0438\u0435 \u0438\u0433\u0440\u0443\u0448\u0435\u043a \u0434\u043b\u044f \u0448\u043a\u043e\u043b, \u0434\u0435\u0442\u0441\u043a\u0438\u0445 \u0441\u0430\u0434\u043e\u0432, \u0443\u0447\u0435\u0431\u043d\u044b\u0445 \u0446\u0435\u043d\u0442\u0440\u043e\u0432 \u0438 \u043e\u0431\u0449\u0435\u0441\u0442\u0432\u0435\u043d\u043d\u044b\u0445 \u043c\u0435\u0441\u0442.[trim][:ro_RO]<strong>Aceast\u0103 juc\u0103rie frumoas\u0103 de perete cu unicorn include caracteristici populare, cum ar fi mecanisme de pivotare, margele pe s\u00e2rm\u0103, xilofon, oglind\u0103 concav\u0103 \u0219i convex\u0103, gong etc.<\/strong><br \/>\nOchii unicornului pot fi rotiti pentru a arata diferite expresii, promovand dezvoltarea emotionala si cognitiva. \u00cemp\u0103r\u021bit \u00een 4 p\u0103r\u021bi pentru transport \u0219i instalare u\u0219oar\u0103. Permite copiilor s\u0103 se joace \u00eempreun\u0103 \u0219i s\u0103 \u00eenve\u021be despre conceptele de baz\u0103 de culori, forme, sunete \u0219i oglinzi.<br \/>\n<em>O combina\u021bie ideal\u0103 \u0219i luminoas\u0103 de juc\u0103rii pentru \u0219coli, gr\u0103dini\u021be, centre educa\u021bionale \u0219i locuri publice.<\/em><\/p>\n","protected":false},"excerpt":{"rendered":"<p>[:ru_RU]\u042d\u0442\u0430 \u043a\u0440\u0430\u0441\u0438\u0432\u0430\u044f \u043d\u0430\u0441\u0442\u0435\u043d\u043d\u0430\u044f \u0438\u0433\u0440\u0443\u0448\u043a\u0430 \u0432 \u0432\u0438\u0434\u0435 \u0435\u0434\u0438\u043d\u043e\u0440\u043e\u0433\u0430 \u0432\u043a\u043b\u044e\u0447\u0430\u0435\u0442 \u0432 \u0441\u0435\u0431\u044f \u0442\u0430\u043a\u0438\u0435 \u043f\u043e\u043f\u0443\u043b\u044f\u0440\u043d\u044b\u0435 \u0444\u0443\u043d\u043a\u0446\u0438\u0438, \u043a\u0430\u043a \u043f\u043e\u0432\u043e\u0440\u043e\u0442\u043d\u044b\u0435 \u043c\u0435\u0445\u0430\u043d\u0438\u0437\u043c\u044b, \u043f\u0440\u043e\u0432\u043e\u043b\u043e\u0447\u043d\u044b\u0435 \u0431\u0443\u0441\u0438\u043d\u044b, \u043a\u0441\u0438\u043b\u043e\u0444\u043e\u043d, \u0432\u043e\u0433\u043d\u0443\u0442\u043e\u0435 \u0438 \u0432\u044b\u043f\u0443\u043a\u043b\u043e\u0435 \u0437\u0435\u0440\u043a\u0430\u043b\u043e, \u0433\u043e\u043d\u0433 \u0438 \u0442.\u00a0\u0434. \u0413\u043b\u0430\u0437\u0430 \u0435\u0434\u0438\u043d\u043e\u0440\u043e\u0433\u0430 \u043c\u043e\u0436\u043d\u043e \u043f\u043e\u0432\u043e\u0440\u0430\u0447\u0438\u0432\u0430\u0442\u044c, \u0447\u0442\u043e\u0431\u044b \u043f\u043e\u043a\u0430\u0437\u044b\u0432\u0430\u0442\u044c \u0440\u0430\u0437\u043d\u044b\u0435 \u0432\u044b\u0440\u0430\u0436\u0435\u043d\u0438\u044f, \u0441\u043f\u043e\u0441\u043e\u0431\u0441\u0442\u0432\u0443\u044f \u044d\u043c\u043e\u0446\u0438\u043e\u043d\u0430\u043b\u044c\u043d\u043e\u043c\u0443 \u0438 \u043a\u043e\u0433\u043d\u0438\u0442\u0438\u0432\u043d\u043e\u043c\u0443 \u0440\u0430\u0437\u0432\u0438\u0442\u0438\u044e. \u0420\u0430\u0437\u0434\u0435\u043b\u0435\u043d \u043d\u0430 4 \u0447\u0430\u0441\u0442\u0438 \u0434\u043b\u044f \u0443\u0434\u043e\u0431\u0441\u0442\u0432\u0430 \u0442\u0440\u0430\u043d\u0441\u043f\u043e\u0440\u0442\u0438\u0440\u043e\u0432\u043a\u0438 \u0438 \u0443\u0441\u0442\u0430\u043d\u043e\u0432\u043a\u0438. \u00a0\u041f\u043e\u0437\u0432\u043e\u043b\u044f\u0435\u0442 \u0434\u0435\u0442\u044f\u043c \u0438\u0433\u0440\u0430\u0442\u044c \u0432\u043c\u0435\u0441\u0442\u0435 \u0438 \u0443\u0437\u043d\u0430\u0432\u0430\u0442\u044c \u043e\u0431 [&hellip;]<\/p>\n","protected":false},"featured_media":44561,"comment_status":"open","ping_status":"closed","template":"","meta":{"_acf_changed":false},"product_brand":[],"product_cat":[6730],"product_tag":[],"class_list":{"0":"post-44568","1":"product","2":"type-product","3":"status-publish","4":"has-post-thumbnail","6":"product_cat-ru_ru-razvivashki-trim-ro_r","8":"first","9":"instock","10":"shipping-taxable","11":"purchasable","12":"product-type-simple"},"acf":[],"_links":{"self":[{"href":"https:\/\/minimax.md\/ru\/wp-json\/wp\/v2\/product\/44568","targetHints":{"allow":["GET"]}}],"collection":[{"href":"https:\/\/minimax.md\/ru\/wp-json\/wp\/v2\/product"}],"about":[{"href":"https:\/\/minimax.md\/ru\/wp-json\/wp\/v2\/types\/product"}],"replies":[{"embeddable":true,"href":"https:\/\/minimax.md\/ru\/wp-json\/wp\/v2\/comments?post=44568"}],"version-history":[{"count":0,"href":"https:\/\/minimax.md\/ru\/wp-json\/wp\/v2\/product\/44568\/revisions"}],"wp:featuredmedia":[{"embeddable":true,"href":"https:\/\/minimax.md\/ru\/wp-json\/wp\/v2\/media\/44561"}],"wp:attachment":[{"href":"https:\/\/minimax.md\/ru\/wp-json\/wp\/v2\/media?parent=44568"}],"wp:term":[{"taxonomy":"product_brand","embeddable":true,"href":"https:\/\/minimax.md\/ru\/wp-json\/wp\/v2\/product_brand?post=44568"},{"taxonomy":"product_cat","embeddable":true,"href":"https:\/\/minimax.md\/ru\/wp-json\/wp\/v2\/product_cat?post=44568"},{"taxonomy":"product_tag","embeddable":true,"href":"https:\/\/minimax.md\/ru\/wp-json\/wp\/v2\/product_tag?post=44568"}],"curies":[{"name":"wp","href":"https:\/\/api.w.org\/{rel}","templated":true}]}}