{"id":44585,"date":"2024-01-11T17:11:59","date_gmt":"2024-01-11T14:11:59","guid":{"rendered":"https:\/\/minimax.md\/product\/44585.html"},"modified":"2024-03-13T01:04:38","modified_gmt":"2024-03-12T22:04:38","slug":"ru_ru-3d-pazl-piratskij-korabl-letuchij-gollandec-svetitsja-v-temnote-360-elementov-trim-ro_ro-3d-puzzle-corabie-de-pira-i-olandezul-zbur-tor-str-luce-te-n-ntuneric-360-elemente","status":"publish","type":"product","link":"https:\/\/minimax.md\/ru\/product\/44585.html","title":{"rendered":"3D \u043f\u0430\u0437\u043b \u041f\u0438\u0440\u0430\u0442\u0441\u043a\u0438\u0439 \u043a\u043e\u0440\u0430\u0431\u043b\u044c \"\u041b\u0435\u0442\u0443\u0447\u0438\u0439 \u0433\u043e\u043b\u043b\u0430\u043d\u0434\u0435\u0446\", \u0441\u0432\u0435\u0442\u0438\u0442\u0441\u044f \u0432 \u0442\u0435\u043c\u043d\u043e\u0442\u0435, 360 \u0435\u043b\u0435\u043c\u0435\u043d\u0442\u043e\u0432"},"content":{"rendered":"<p>[:ru_RU]3D-\u043f\u0430\u0437\u043b \u043a\u043e\u043d\u0441\u0442\u0440\u0443\u043a\u0442\u043e\u0440 \u043e\u0442 CubicFun &#8211; \u043f\u0438\u0440\u0430\u0442\u0441\u043a\u0438\u0439 \u043a\u043e\u0440\u0430\u0431\u043b\u044c \u00ab\u041b\u0435\u0442\u0443\u0447\u0438\u0439 \u0413\u043e\u043b\u043b\u0430\u043d\u0434\u0435\u0446\u00bb. \u0420\u0435\u0430\u043b\u0438\u0441\u0442\u0438\u0447\u043d\u0430\u044f \u043e\u0431\u044a\u0435\u043c\u043d\u0430\u044f \u043c\u043e\u0434\u0435\u043b\u044c \u043a\u043e\u0440\u0430\u0431\u043b\u044f \u0434\u043b\u044f \u0441\u0431\u043e\u0440\u043a\u0438 \u0434\u043b\u044f \u0434\u0435\u0442\u0435\u0439 \u0438 \u0432\u0437\u0440\u043e\u0441\u043b\u044b\u0445.<\/p>\n<p>\u041b\u0435\u0433\u0435\u043d\u0434\u0430\u0440\u043d\u044b\u0439 \u043f\u0430\u0440\u0443\u0441\u043d\u044b\u0439 \u043a\u043e\u0440\u0430\u0431\u043b\u044c-\u043f\u0440\u0438\u0437\u0440\u0430\u043a, \u043a\u043e\u0442\u043e\u0440\u044b\u0439 \u043d\u0435 \u043c\u043e\u0436\u0435\u0442 \u043f\u0440\u0438\u0441\u0442\u0430\u0442\u044c \u043a \u0431\u0435\u0440\u0435\u0433\u0443 \u0438 \u043e\u0431\u0440\u0435\u0447\u0451\u043d \u0432\u0435\u0447\u043d\u043e \u0431\u043e\u0440\u043e\u0437\u0434\u0438\u0442\u044c \u043c\u043e\u0440\u044f. \u0412\u0441\u0442\u0440\u0435\u0447\u0430 \u0441 \u043d\u0438\u043c \u0441\u0443\u043b\u0438\u0442 \u0441\u0442\u0440\u0430\u0448\u043d\u044b\u0435 \u0431\u0435\u0434\u044b. \u0418\u0441\u0442\u043e\u0440\u0438\u044f \u0433\u043b\u0430\u0441\u0438\u0442, \u0447\u0442\u043e \u00ab\u041b\u0435\u0442\u0443\u0447\u0438\u0439 \u0433\u043e\u043b\u043b\u0430\u043d\u0434\u0435\u0446\u00bb \u043f\u043e\u044f\u0432\u043b\u044f\u0435\u0442\u0441\u044f \u0442\u043e\u043b\u044c\u043a\u043e \u0432 \u0448\u0442\u043e\u0440\u043c\u043e\u0432\u0443\u044e \u043d\u043e\u0447\u044c. \u0412\u0441\u0435\u043c\u0438 \u0441\u0438\u043b\u0430\u043c\u0438 \u043e\u043d \u0441\u0442\u0440\u0435\u043c\u0438\u0442\u0441\u044f \u043f\u0440\u0438\u0431\u043b\u0438\u0437\u0438\u0442\u044c\u0441\u044f \u043a \u0436\u0435\u043b\u0430\u043d\u043d\u043e\u043c\u0443 \u0431\u0435\u0440\u0435\u0433\u0443, \u043d\u043e, \u043a\u0430\u043a \u0442\u043e\u043b\u044c\u043a\u043e \u044d\u0442\u043e \u0441\u043b\u0443\u0447\u0430\u0435\u0442\u0441\u044f, \u043a\u043e\u0440\u0430\u0431\u043b\u044c \u0438\u0441\u0447\u0435\u0437\u0430\u0435\u0442, \u0431\u0443\u0434\u0442\u043e \u0435\u0433\u043e \u0438 \u043d\u0435 \u0431\u044b\u043b\u043e. \u041f\u0440\u0438\u0447\u0438\u043d\u0430 \u2014 \u0443\u0436\u0430\u0441\u043d\u043e\u0435 \u043f\u0440\u043e\u043a\u043b\u044f\u0442\u044c\u0435, \u043d\u0430\u043b\u043e\u0436\u0435\u043d\u043d\u043e\u0435 \u043d\u0430 \u043d\u0435\u0433\u043e.<\/p>\n<p>\u041c\u043e\u0434\u0435\u043b\u044c \u0441\u0432\u0435\u0442\u0438\u0442\u0441\u044f \u0432 \u0442\u0435\u043c\u043d\u043e\u0442\u0435, \u0432 \u0434\u043d\u0435\u0432\u043d\u043e\u0435 \u0432\u0440\u0435\u043c\u044f \u043f\u043e\u0433\u043b\u043e\u0449\u0430\u0435\u0442 \u0441\u0432\u0435\u0442, \u0430 \u0432\u0435\u0447\u0435\u0440\u043e\u043c \u0438\u043b\u0438 \u0432 \u0442\u0435\u043c\u043d\u043e\u0442\u0435 \u043d\u0430\u0447\u0438\u043d\u0430\u0435\u0442 \u0441\u0432\u0435\u0442\u0438\u0442\u044c\u0441\u044f.<br \/>\n\u041a\u043e\u043d\u0441\u0442\u0440\u0443\u043a\u0442\u043e\u0440-\u0433\u043e\u043b\u043e\u0432\u043e\u043b\u043e\u043c\u043a\u0430 \u0441\u043e\u0431\u0438\u0440\u0430\u0435\u0442\u0441\u044f \u0431\u0435\u0437 \u043a\u043b\u0435\u044f \u0438 \u043d\u043e\u0436\u043d\u0438\u0446, \u043f\u043e\u0434\u0445\u043e\u0434\u0438\u0442 \u0434\u043b\u044f \u043a\u043e\u043b\u043b\u0435\u043a\u0446\u0438\u043e\u043d\u0435\u0440\u043e\u0432 \u0438 \u043d\u0430\u0447\u0438\u043d\u0430\u044e\u0449\u0438\u0445 \u043c\u043e\u0434\u0435\u043b\u0438\u0441\u0442\u043e\u0432.<\/p>\n<p>\u0423\u0432\u043b\u0435\u043a\u0430\u0442\u0435\u043b\u044c\u043d\u043e\u0435 \u0445\u043e\u0431\u0431\u0438 \u0434\u043b\u044f \u0432\u0441\u0435\u0439 \u0441\u0435\u043c\u044c\u0438. \u0421\u043e\u0431\u0440\u0430\u043d\u043d\u044b\u0439 \u043e\u0431\u044a\u0435\u043c\u043d\u044b\u0439 \u043f\u0430\u0437\u043b &#8211; \u043a\u0440\u0430\u0441\u0438\u0432\u044b\u0439 \u0434\u0435\u043a\u043e\u0440 \u0434\u043b\u044f \u0434\u043e\u043c\u0430.<\/p>\n<p>\u041f\u0430\u0437\u043b\u044b CubicFun \u0438\u0437\u0433\u043e\u0442\u043e\u0432\u043b\u0435\u043d\u044b \u0438\u0437 \u043a\u0430\u0440\u0442\u043e\u043d\u0430 \u0438 \u043f\u0435\u043d\u043e\u043f\u043e\u043b\u0438\u0441\u0442\u0438\u0440\u043e\u043b\u0430. \u0420\u0430\u0437\u043c\u0435\u0440 \u043f\u0430\u0437\u043b\u0430: 69 \u0445 24 \u0445 60 \u0441\u043c.[trim][:ro_RO]<strong>3D puzzle de la CubicFun &#8211; nava pira\u021bilor &#8220;Olandezul zbur\u0103tor&#8221;. Model realist de nav\u0103 3D\u00a0 care poate fi construit de copii \u0219i adul\u021bi.<\/strong><\/p>\n<p>O nav\u0103 fantom\u0103 legendar\u0103 care nu poate acosta \u0219i este condamnat\u0103 s\u0103 navigheze ve\u0219nic pe mare. \u00cent\u00e2lnirea cu el promite necazuri groaznice. Legenda spune c\u0103 Olandezul Zbur\u0103tor apare doar noaptea, \u00een tump de furtun\u0103. Echipa de pe nav\u0103 face tot ce \u00eei st\u0103 \u00een puteri ca nava\u00a0s\u0103 se apropie de \u021b\u0103rmul dorit, dar de \u00eendat\u0103 ce se \u00eent\u00e2mpl\u0103 acest lucru, corabia dispare, de parc\u0103 n-ar fi existat niciodat\u0103. Motivul este un blestem teribil impus asupra lui.<\/p>\n<p>Modelul str\u0103luce\u0219te \u00een \u00eentuneric, ziua absoarbe lumina, iar seara sau \u00een \u00eentuneric \u00eencepe s\u0103 str\u0103luceasc\u0103.<\/p>\n<p>Puzzle-ul este asamblat f\u0103r\u0103 a utiliza lipici \u0219i foarfece, potrivit pentru colec\u021bionari \u0219i\u00a0 \u00eencep\u0103tori.<\/p>\n<p>Un hobby distractiv pentru \u00eentreaga familie. Puzzle-ul tridimensional asamblat este un decor frumos pentru cas\u0103.<\/p>\n<p>Puzzle-urile CubicFun sunt realizate din carton \u0219i polistiren.<\/p>\n<p>Dimensiune puzzle: 69 <\/p>\n","protected":false},"excerpt":{"rendered":"<p>[:ru_RU]3D-\u043f\u0430\u0437\u043b \u043a\u043e\u043d\u0441\u0442\u0440\u0443\u043a\u0442\u043e\u0440 \u043e\u0442 CubicFun &#8211; \u043f\u0438\u0440\u0430\u0442\u0441\u043a\u0438\u0439 \u043a\u043e\u0440\u0430\u0431\u043b\u044c \u00ab\u041b\u0435\u0442\u0443\u0447\u0438\u0439 \u0413\u043e\u043b\u043b\u0430\u043d\u0434\u0435\u0446\u00bb. \u0420\u0435\u0430\u043b\u0438\u0441\u0442\u0438\u0447\u043d\u0430\u044f \u043e\u0431\u044a\u0435\u043c\u043d\u0430\u044f \u043c\u043e\u0434\u0435\u043b\u044c \u043a\u043e\u0440\u0430\u0431\u043b\u044f \u0434\u043b\u044f \u0441\u0431\u043e\u0440\u043a\u0438 \u0434\u043b\u044f \u0434\u0435\u0442\u0435\u0439 \u0438 \u0432\u0437\u0440\u043e\u0441\u043b\u044b\u0445. \u041b\u0435\u0433\u0435\u043d\u0434\u0430\u0440\u043d\u044b\u0439 \u043f\u0430\u0440\u0443\u0441\u043d\u044b\u0439 \u043a\u043e\u0440\u0430\u0431\u043b\u044c-\u043f\u0440\u0438\u0437\u0440\u0430\u043a, \u043a\u043e\u0442\u043e\u0440\u044b\u0439 \u043d\u0435 \u043c\u043e\u0436\u0435\u0442 \u043f\u0440\u0438\u0441\u0442\u0430\u0442\u044c \u043a \u0431\u0435\u0440\u0435\u0433\u0443 \u0438 \u043e\u0431\u0440\u0435\u0447\u0451\u043d \u0432\u0435\u0447\u043d\u043e \u0431\u043e\u0440\u043e\u0437\u0434\u0438\u0442\u044c \u043c\u043e\u0440\u044f. \u0412\u0441\u0442\u0440\u0435\u0447\u0430 \u0441 \u043d\u0438\u043c \u0441\u0443\u043b\u0438\u0442 \u0441\u0442\u0440\u0430\u0448\u043d\u044b\u0435 \u0431\u0435\u0434\u044b. \u0418\u0441\u0442\u043e\u0440\u0438\u044f \u0433\u043b\u0430\u0441\u0438\u0442, \u0447\u0442\u043e \u00ab\u041b\u0435\u0442\u0443\u0447\u0438\u0439 \u0433\u043e\u043b\u043b\u0430\u043d\u0434\u0435\u0446\u00bb \u043f\u043e\u044f\u0432\u043b\u044f\u0435\u0442\u0441\u044f \u0442\u043e\u043b\u044c\u043a\u043e \u0432 \u0448\u0442\u043e\u0440\u043c\u043e\u0432\u0443\u044e \u043d\u043e\u0447\u044c. \u0412\u0441\u0435\u043c\u0438 \u0441\u0438\u043b\u0430\u043c\u0438 \u043e\u043d \u0441\u0442\u0440\u0435\u043c\u0438\u0442\u0441\u044f \u043f\u0440\u0438\u0431\u043b\u0438\u0437\u0438\u0442\u044c\u0441\u044f \u043a [&hellip;]<\/p>\n","protected":false},"featured_media":44579,"comment_status":"open","ping_status":"closed","template":"","meta":{"_acf_changed":false},"product_brand":[],"product_cat":[6713],"product_tag":[],"class_list":{"0":"post-44585","1":"product","2":"type-product","3":"status-publish","4":"has-post-thumbnail","6":"product_cat-ru_ru-pazly-i-mozaiki-trim","8":"first","9":"instock","10":"shipping-taxable","11":"purchasable","12":"product-type-simple"},"acf":[],"_links":{"self":[{"href":"https:\/\/minimax.md\/ru\/wp-json\/wp\/v2\/product\/44585","targetHints":{"allow":["GET"]}}],"collection":[{"href":"https:\/\/minimax.md\/ru\/wp-json\/wp\/v2\/product"}],"about":[{"href":"https:\/\/minimax.md\/ru\/wp-json\/wp\/v2\/types\/product"}],"replies":[{"embeddable":true,"href":"https:\/\/minimax.md\/ru\/wp-json\/wp\/v2\/comments?post=44585"}],"version-history":[{"count":0,"href":"https:\/\/minimax.md\/ru\/wp-json\/wp\/v2\/product\/44585\/revisions"}],"wp:featuredmedia":[{"embeddable":true,"href":"https:\/\/minimax.md\/ru\/wp-json\/wp\/v2\/media\/44579"}],"wp:attachment":[{"href":"https:\/\/minimax.md\/ru\/wp-json\/wp\/v2\/media?parent=44585"}],"wp:term":[{"taxonomy":"product_brand","embeddable":true,"href":"https:\/\/minimax.md\/ru\/wp-json\/wp\/v2\/product_brand?post=44585"},{"taxonomy":"product_cat","embeddable":true,"href":"https:\/\/minimax.md\/ru\/wp-json\/wp\/v2\/product_cat?post=44585"},{"taxonomy":"product_tag","embeddable":true,"href":"https:\/\/minimax.md\/ru\/wp-json\/wp\/v2\/product_tag?post=44585"}],"curies":[{"name":"wp","href":"https:\/\/api.w.org\/{rel}","templated":true}]}}