{"id":44613,"date":"2024-01-11T17:12:06","date_gmt":"2024-01-11T14:12:06","guid":{"rendered":"https:\/\/minimax.md\/product\/44613.html"},"modified":"2024-03-13T01:03:58","modified_gmt":"2024-03-12T22:03:58","slug":"ru_ru-kraft-blok-konstruktor-s-naklejkami-101-jelem-trim-ro_ro-constructor-cu-blocuri-kraft-i-autocolonte-101-elem","status":"publish","type":"product","link":"https:\/\/minimax.md\/ru\/product\/44613.html","title":{"rendered":"\u041a\u0440\u0430\u0444\u0442-\u0431\u043b\u043e\u043a \u043a\u043e\u043d\u0441\u0442\u0440\u0443\u043a\u0442\u043e\u0440 \u0441 \u043d\u0430\u043a\u043b\u0435\u0439\u043a\u0430\u043c\u0438 101 \u044d\u043b\u0435\u043c."},"content":{"rendered":"<p>[:ru_RU]\u041a\u0440\u0430\u0444\u0442-\u0431\u043b\u043e\u043a \u043a\u043e\u043d\u0441\u0442\u0440\u0443\u043a\u0442\u043e\u0440 \u0441 \u043d\u0430\u043a\u043b\u0435\u0439\u043a\u0430\u043c\u0438 &#8211; \u0440\u0430\u0437\u0432\u0438\u0432\u0430\u044e\u0449\u0430\u044f \u0438\u0433\u0440\u0443\u0448\u043a\u0430 \u0434\u043b\u044f \u043c\u0430\u043b\u044c\u0447\u0438\u043a\u043e\u0432 \u0438 \u0434\u0435\u0432\u043e\u0447\u0435\u043a..<\/p>\n<p>Craft Blok \u0438\u043c\u0435\u0435\u0442 \u0440\u044f\u0434 \u043f\u0440\u0435\u0438\u043c\u0443\u0449\u0435\u0441\u0442\u0432:<\/p>\n<p> \t101 \u044d\u043b\u0435\u043c\u0435\u043d\u0442\u043e\u0432.<br \/>\n \t\u043a\u043e\u043d\u0441\u0442\u0440\u0443\u043a\u0442\u043e\u0440 2\u04321 \u2013 \u0434\u0435\u0442\u0430\u043b\u0438 \u043a\u0440\u0435\u043f\u044f\u0442\u0441\u044f \u043c\u0435\u0436\u0434\u0443 \u0441\u043e\u0431\u043e\u0439 \u043a\u0430\u043a \u043f\u0430\u0437\u043b\u044b.<br \/>\n \t\u0441\u043e\u0432\u0440\u0435\u043c\u0435\u043d\u043d\u044b\u0439 \u0434\u0438\u0437\u0430\u0439\u043d.<br \/>\n \t\u00a0\u0438\u0437 \u0434\u0435\u0442\u0430\u043b\u0435\u0439 \u043d\u0430\u0431\u043e\u0440\u0430 \u043c\u043e\u0436\u043d\u043e \u043f\u043e\u0441\u0442\u0440\u043e\u0438\u0442\u044c \u043d\u0435\u0441\u043a\u043e\u043b\u044c\u043a\u043e \u0434\u043e\u043c\u043e\u0432 \u0438\u043b\u0438 \u043e\u0434\u0438\u043d \u0431\u043e\u043b\u044c\u0448\u043e\u0439 \u0434\u043e\u043c, \u043c\u0430\u0448\u0438\u043d\u0443, \u0444\u0438\u0433\u0443\u0440\u043a\u0438 \u0447\u0435\u043b\u043e\u0432\u0435\u0447\u043a\u043e\u0432 \u0438 \u0436\u0438\u0432\u043e\u0442\u043d\u044b\u0445. \u0422\u0430\u043a\u0436\u0435 \u0435\u0441\u0442\u044c \u043d\u0430\u043a\u043b\u0435\u0439\u043a\u0438 \u0434\u043b\u044f \u0444\u0438\u0433\u0443\u0440\u043e\u043a. \u041d\u0430\u0431\u043e\u0440 \u0432\u044b\u043f\u043e\u043b\u043d\u0435\u043d \u0438\u0437 \u043f\u0440\u043e\u0447\u043d\u044b\u0445 \u0438 \u0431\u0435\u0437\u043e\u043f\u0430\u0441\u043d\u044b\u0445 \u043c\u0430\u0442\u0435\u0440\u0438\u0430\u043b\u043e\u0432<br \/>\n \t\u044f\u0440\u043a\u0438\u0435 \u0438 \u043d\u0430\u0441\u044b\u0449\u0435\u043d\u043d\u044b\u0435 \u0446\u0432\u0435\u0442\u0430 \u2013 \u043f\u043e\u0434\u0430\u0440\u044f\u0442 \u0440\u0430\u0434\u043e\u0441\u0442\u044c \u043e\u0442 \u0438\u0433\u0440\u044b \u0441 \u043d\u0438\u043c\u0438.<br \/>\n \t\u0431\u0435\u0437\u043e\u043f\u0430\u0441\u043d\u044b\u0435 \u0438 \u0443\u0434\u043e\u0431\u043d\u044b\u0435 \u0434\u0435\u0442\u0430\u043b\u0438 \u0434\u043b\u044f \u043c\u0430\u043b\u0435\u043d\u044c\u043a\u0438\u0445 \u0440\u0443\u043a.<br \/>\n \t\u00a0\u0443\u0434\u043e\u0431\u043d\u0430\u044f \u0443\u043f\u0430\u043a\u043e\u0432\u043a\u0430 \u0434\u043b\u044f \u0445\u0440\u0430\u043d\u0435\u043d\u0438\u044f.<\/p>\n<p>\u0418\u0433\u0440\u0430 \u0441 \u043a\u043e\u043d\u0441\u0442\u0440\u0443\u043a\u0442\u043e\u0440\u043e\u043c \u0441\u043f\u043e\u0441\u043e\u0431\u0441\u0442\u0432\u0443\u0435\u0442 \u0440\u0430\u0437\u0432\u0438\u0442\u0438\u044e \u043c\u0435\u043b\u043a\u043e\u0439 \u043c\u043e\u0442\u043e\u0440\u0438\u043a\u0438, \u0444\u0430\u043d\u0442\u0430\u0437\u0438\u0438.<\/p>\n<p>\u0421\u043e\u0437\u0434\u0430\u0439 \u0441\u0432\u043e\u044e \u0441\u043e\u0431\u0441\u0442\u0432\u0435\u043d\u043d\u0443\u044e \u0444\u0435\u0440\u043c\u0443, \u0433\u043e\u0440\u043e\u0434\u043e\u043a \u0438\u043b\u0438 \u043f\u043e\u0441\u0442\u0440\u043e\u0439 \u0434\u043e\u043c \u0441\u0432\u043e\u0435\u0439 \u043c\u0435\u0447\u0442\u044b \u2013 \u0432\u043c\u0435\u0441\u0442\u0435 \u0441 \u043a\u043e\u043d\u0441\u0442\u0440\u0443\u043a\u0442\u043e\u0440\u043e\u043c &#8220;Craft Blok&#8221;.<\/p>\n<p>\u0418\u0433\u0440\u0430\u0439! \u0423\u0447\u0438\u0441\u044c! \u0420\u0430\u0437\u0432\u0438\u0432\u0430\u0439\u0441\u044f![trim][:ro_RO]Constructor cu blocuri-kraft \u0219i autocolonate 101 elem<\/p>\n<ul>\n<li>101 de piese.<\/li>\n<li>constructor 2 \u00een 1 &#8211; piesele pot fi ata\u0219ate \u00eentre ele ca ni\u0219te puzzle-uri.<\/li>\n<li>design modern.<\/li>\n<li>pute\u021bi construi mai multe case sau o cas\u0103 mare, o ma\u0219in\u0103, figurine de oameni \u0219i animale. Exist\u0103 \u0219i autocolante pentru figurine.<\/li>\n<li>Setul este realizat din materiale rezistente si sigure.<\/li>\n<li>culorile luminoase \u0219i bogate &#8211; vor oferi bucurie de a se juca cu ele.<\/li>\n<li>piese sigure \u0219i confortabile pentru m\u00e2nu\u021bele mici.<\/li>\n<li>ambalaj comod pentru depozitare.<\/li>\n<\/ul>\n<p><strong>Copilul \u00een timpul jocului va fi bucuros s\u0103-\u0219i dezvolte concentrarea, motricitatea fin\u0103 \u0219i coordonarea mi\u0219c\u0103rilor.<\/strong><\/p>\n<p>Colect\u00e2nd diferite modele, copilul va \u00eenv\u0103\u021ba s\u0103 creeze \u00een mod constant modele noi, folosind principalul instrument &#8211; imagina\u021bia.<\/p>\n<p><em>Toate juc\u0103riile TM \u201eMaximus\u201d sunt fabricate din plastic certificat de \u00eenalt\u0103 calitate \u0219i coloran\u021bi alimentari siguri.<\/em><\/p>\n<p><strong>Joaca! \u00cenv\u0103\u021ba!<\/p>\n","protected":false},"excerpt":{"rendered":"<p>[:ru_RU]\u041a\u0440\u0430\u0444\u0442-\u0431\u043b\u043e\u043a \u043a\u043e\u043d\u0441\u0442\u0440\u0443\u043a\u0442\u043e\u0440 \u0441 \u043d\u0430\u043a\u043b\u0435\u0439\u043a\u0430\u043c\u0438 &#8211; \u0440\u0430\u0437\u0432\u0438\u0432\u0430\u044e\u0449\u0430\u044f \u0438\u0433\u0440\u0443\u0448\u043a\u0430 \u0434\u043b\u044f \u043c\u0430\u043b\u044c\u0447\u0438\u043a\u043e\u0432 \u0438 \u0434\u0435\u0432\u043e\u0447\u0435\u043a.. Craft Blok \u0438\u043c\u0435\u0435\u0442 \u0440\u044f\u0434 \u043f\u0440\u0435\u0438\u043c\u0443\u0449\u0435\u0441\u0442\u0432: 101 \u044d\u043b\u0435\u043c\u0435\u043d\u0442\u043e\u0432. \u043a\u043e\u043d\u0441\u0442\u0440\u0443\u043a\u0442\u043e\u0440 2\u04321 \u2013 \u0434\u0435\u0442\u0430\u043b\u0438 \u043a\u0440\u0435\u043f\u044f\u0442\u0441\u044f \u043c\u0435\u0436\u0434\u0443 \u0441\u043e\u0431\u043e\u0439 \u043a\u0430\u043a \u043f\u0430\u0437\u043b\u044b. \u0441\u043e\u0432\u0440\u0435\u043c\u0435\u043d\u043d\u044b\u0439 \u0434\u0438\u0437\u0430\u0439\u043d. \u00a0\u0438\u0437 \u0434\u0435\u0442\u0430\u043b\u0435\u0439 \u043d\u0430\u0431\u043e\u0440\u0430 \u043c\u043e\u0436\u043d\u043e \u043f\u043e\u0441\u0442\u0440\u043e\u0438\u0442\u044c \u043d\u0435\u0441\u043a\u043e\u043b\u044c\u043a\u043e \u0434\u043e\u043c\u043e\u0432 \u0438\u043b\u0438 \u043e\u0434\u0438\u043d \u0431\u043e\u043b\u044c\u0448\u043e\u0439 \u0434\u043e\u043c, \u043c\u0430\u0448\u0438\u043d\u0443, \u0444\u0438\u0433\u0443\u0440\u043a\u0438 \u0447\u0435\u043b\u043e\u0432\u0435\u0447\u043a\u043e\u0432 \u0438 \u0436\u0438\u0432\u043e\u0442\u043d\u044b\u0445. \u0422\u0430\u043a\u0436\u0435 \u0435\u0441\u0442\u044c \u043d\u0430\u043a\u043b\u0435\u0439\u043a\u0438 \u0434\u043b\u044f \u0444\u0438\u0433\u0443\u0440\u043e\u043a. \u041d\u0430\u0431\u043e\u0440 \u0432\u044b\u043f\u043e\u043b\u043d\u0435\u043d \u0438\u0437 \u043f\u0440\u043e\u0447\u043d\u044b\u0445 \u0438 [&hellip;]<\/p>\n","protected":false},"featured_media":44608,"comment_status":"open","ping_status":"closed","template":"","meta":{"_acf_changed":false},"product_brand":[],"product_cat":[6711],"product_tag":[],"class_list":{"0":"post-44613","1":"product","2":"type-product","3":"status-publish","4":"has-post-thumbnail","6":"product_cat-ru_ru-konstruktory-trim-ro_","8":"first","9":"instock","10":"shipping-taxable","11":"purchasable","12":"product-type-simple"},"acf":[],"_links":{"self":[{"href":"https:\/\/minimax.md\/ru\/wp-json\/wp\/v2\/product\/44613","targetHints":{"allow":["GET"]}}],"collection":[{"href":"https:\/\/minimax.md\/ru\/wp-json\/wp\/v2\/product"}],"about":[{"href":"https:\/\/minimax.md\/ru\/wp-json\/wp\/v2\/types\/product"}],"replies":[{"embeddable":true,"href":"https:\/\/minimax.md\/ru\/wp-json\/wp\/v2\/comments?post=44613"}],"version-history":[{"count":0,"href":"https:\/\/minimax.md\/ru\/wp-json\/wp\/v2\/product\/44613\/revisions"}],"wp:featuredmedia":[{"embeddable":true,"href":"https:\/\/minimax.md\/ru\/wp-json\/wp\/v2\/media\/44608"}],"wp:attachment":[{"href":"https:\/\/minimax.md\/ru\/wp-json\/wp\/v2\/media?parent=44613"}],"wp:term":[{"taxonomy":"product_brand","embeddable":true,"href":"https:\/\/minimax.md\/ru\/wp-json\/wp\/v2\/product_brand?post=44613"},{"taxonomy":"product_cat","embeddable":true,"href":"https:\/\/minimax.md\/ru\/wp-json\/wp\/v2\/product_cat?post=44613"},{"taxonomy":"product_tag","embeddable":true,"href":"https:\/\/minimax.md\/ru\/wp-json\/wp\/v2\/product_tag?post=44613"}],"curies":[{"name":"wp","href":"https:\/\/api.w.org\/{rel}","templated":true}]}}