{"id":44629,"date":"2024-01-11T17:12:07","date_gmt":"2024-01-11T14:12:07","guid":{"rendered":"https:\/\/minimax.md\/product\/44629.html"},"modified":"2024-03-13T01:03:57","modified_gmt":"2024-03-12T22:03:57","slug":"ru_ru-3d-pazl-lev-40-jelementov-trim-ro_ro-3d-puzzle-leu-40-elemente","status":"publish","type":"product","link":"https:\/\/minimax.md\/ru\/product\/44629.html","title":{"rendered":"3D \u043f\u0430\u0437\u043b \"\u041b\u0435\u0432\", 40 \u044d\u043b\u0435\u043c\u0435\u043d\u0442\u043e\u0432"},"content":{"rendered":"<p>[:ru_RU]3D \u043f\u0430\u0437\u043b &#8220;\u041b\u0435\u0432&#8221; \u043e\u0442\u00a0 CubicFun \u043e\u0447\u0435\u043d\u044c \u0438\u043d\u0442\u0435\u0440\u0435\u0441\u043d\u0430\u044f \u0433\u043e\u043b\u043e\u0432\u043e\u043b\u043e\u043c\u043a\u0430 \u0434\u043b\u044f \u0432\u0441\u0435\u0439 \u0441\u0435\u043c\u044c\u0438.\u00a0<\/p>\n<p>\u0412\u043c\u0435\u0441\u0442\u0435 \u0441\u043e\u0431\u0438\u0440\u0430\u044f 3D \u043f\u0430\u0437\u043b \u0441\u043e \u0441\u0432\u043e\u0438\u043c\u0438 \u0434\u0435\u0442\u044c\u043c\u0438, \u0432\u044b\u00a0 \u043c\u043e\u0436\u0435\u0442\u0435 \u0438\u043c \u0440\u0430\u0441\u0441\u043a\u0430\u0437\u0430\u0442\u044c \u043e \u0442\u043e\u043c \u0447\u0442\u043e \u041b\u0435\u0432 \u043e\u0434\u0438\u043d \u0438\u0437 \u043f\u044f\u0442\u0438 \u043f\u0440\u0435\u0434\u0441\u0442\u0430\u0432\u0438\u0442\u0435\u043b\u0435\u0439 \u0440\u043e\u0434\u0430 \u043f\u0430\u043d\u0442\u0435\u0440 (Panthera), \u043e\u0442\u043d\u043e\u0441\u044f\u0449\u0435\u0433\u043e\u0441\u044f \u043a \u043f\u043e\u0434\u0441\u0435\u043c\u0435\u0439\u0441\u0442\u0432\u0443 \u0431\u043e\u043b\u044c\u0448\u0438\u0445 \u043a\u043e\u0448\u0435\u043a \u0432 \u0441\u043e\u0441\u0442\u0430\u0432\u0435 \u0441\u0435\u043c\u0435\u0439\u0441\u0442\u0432\u0430 \u043a\u043e\u0448\u0430\u0447\u044c\u0438\u0445. \u041d\u0430\u0440\u044f\u0434\u0443 \u0441 \u0442\u0438\u0433\u0440\u043e\u043c \u2014 \u0441\u0430\u043c\u0430\u044f \u043a\u0440\u0443\u043f\u043d\u0430\u044f \u0438\u0437 \u043d\u044b\u043d\u0435 \u0436\u0438\u0432\u0443\u0449\u0438\u0445 \u043a\u043e\u0448\u0435\u043a, \u043c\u0430\u0441\u0441\u0430 \u043d\u0435\u043a\u043e\u0442\u043e\u0440\u044b\u0445 \u0441\u0430\u043c\u0446\u043e\u0432 \u043c\u043e\u0436\u0435\u0442 \u0434\u043e\u0441\u0442\u0438\u0433\u0430\u0442\u044c 250 \u043a\u0433.<\/p>\n<p>\u041f\u043e\u0437\u043d\u0430\u043a\u043e\u043c\u044c\u0442\u0435 \u0440\u0435\u0431\u0435\u043d\u043a\u0430 \u0441 \u0443\u0432\u043b\u0435\u043a\u0430\u0442\u0435\u043b\u044c\u043d\u044b\u043c \u043c\u0438\u0440\u043e\u043c \u0434\u0438\u043a\u0438\u0445 \u0436\u0438\u0432\u043e\u0442\u043d\u044b\u0445 \u0432\u043c\u0435\u0441\u0442\u0435 \u0441 \u043d\u043e\u0432\u043e\u0439 \u043a\u043e\u043b\u043b\u0435\u043a\u0446\u0438\u0435\u0439 3D \u043f\u0430\u0437\u043b\u043e\u0432 CubicFun. \u041c\u043e\u0434\u0435\u043b\u044c \u0438\u043c\u0435\u0435\u0442 \u0432\u044b\u0441\u043e\u043a\u0443\u044e \u0434\u0435\u0442\u0430\u043b\u0438\u0437\u0430\u0446\u0438\u044e \u0438 \u043d\u0435\u0431\u043e\u043b\u044c\u0448\u043e\u0435 \u043a\u043e\u043b\u0438\u0447\u0435\u0441\u0442\u0432\u043e \u0434\u0435\u0442\u0430\u043b\u0435\u0439, \u043f\u043e\u044d\u0442\u043e\u043c\u0443 \u0443 \u0440\u0435\u0431\u0435\u043d\u043a\u0430 \u043d\u0435 \u0432\u043e\u0437\u043d\u0438\u043a\u043d\u0435\u0442 \u0442\u0440\u0443\u0434\u043d\u043e\u0441\u0442\u0435\u0439 \u043f\u0440\u0438 \u0441\u0431\u043e\u0440\u043a\u0435. \u0421\u043e\u0431\u0440\u0430\u043d\u043d\u0430\u044f \u043c\u043e\u0434\u0435\u043b\u044c \u043f\u0440\u0435\u0434\u0441\u0442\u0430\u0432\u043b\u044f\u0435\u0442 \u0438\u0437 \u0441\u0435\u0431\u044f \u043b\u044c\u0432\u0430, \u0441\u0442\u043e\u044f\u0449\u0435\u0433\u043e \u043d\u0430 \u0444\u043e\u043d\u0435 \u043a\u0440\u0430\u0441\u0438\u0432\u043e\u0439 \u0444\u0430\u0443\u043d\u044b \u0410\u0444\u0440\u0438\u043a\u0438.<br \/>\n\u0412\u044b\u0441\u043e\u043a\u043e\u0435 \u043a\u0430\u0447\u0435\u0441\u0442\u0432\u043e \u043c\u0430\u0442\u0435\u0440\u0438\u0430\u043b\u043e\u0432, \u043d\u0430\u0440\u044f\u0434\u0443 \u0441 \u0447\u0435\u0442\u043a\u0438\u043c\u0438, \u043f\u043e\u0434\u0440\u043e\u0431\u043d\u044b\u043c\u0438 \u0438\u043d\u0441\u0442\u0440\u0443\u043a\u0446\u0438\u044f\u043c\u0438, \u043f\u043e\u0437\u0432\u043e\u043b\u044f\u044e\u0442 \u043b\u0435\u0433\u043a\u043e \u0441\u043e\u0431\u0440\u0430\u0442\u044c \u044d\u0442\u0443 \u043c\u043e\u0434\u0435\u043b\u044c \u0434\u0430\u0436\u0435 \u043d\u043e\u0432\u0438\u0447\u043a\u0430\u043c.<br \/>\n\u0414\u043b\u044f \u0441\u0431\u043e\u0440\u043a\u0438 \u043c\u043e\u0434\u0435\u043b\u0438 \u043d\u0435 \u043f\u043e\u0442\u0440\u0435\u0431\u0443\u0435\u0442\u0441\u044f \u043a\u043b\u0435\u0439 \u0438\u043b\u0438 \u043d\u043e\u0436\u043d\u0438\u0446\u044b<\/p>\n<p>3D \u043f\u0430\u0437\u043b\u044b \u0443\u0434\u0438\u0432\u0438\u0442\u0435\u043b\u044c\u043d\u043e\u0435 \u0445\u043e\u0431\u0431\u0438 \u043a\u043e\u0442\u043e\u0440\u043e\u0435 \u0440\u0430\u0437\u0432\u0438\u0432\u0430\u0435\u0442 \u043d\u0435 \u0442\u043e\u043b\u044c\u043a\u043e \u043b\u043e\u0433\u0438\u0447\u0435\u0441\u043a\u043e\u0433\u043e \u043c\u044b\u0448\u043b\u0435\u043d\u0438\u044f, \u043c\u0435\u043b\u043a\u0443\u044e \u043c\u043e\u0442\u043e\u0440\u0438\u043a\u0443, \u0443\u0441\u0438\u0434\u0447\u0438\u0432\u043e\u0441\u0442\u0438 \u0438 \u0430\u043a\u043a\u0443\u0440\u0430\u0442\u043d\u043e\u0441\u0442\u044c, \u043d\u043e \u0438 \u0443\u0447\u0438\u0442 \u043c\u043d\u043e\u0433\u043e\u043c\u0443 \u0438\u043d\u0442\u0435\u0440\u0435\u0441\u043d\u043e\u043c\u0443 \u043e \u043c[trim][:ro_RO]<strong>Puzzle 3D &#8220;Leul&#8221;, de la CubicFun este un joc de puzzle foarte interesant pentru \u00eentreaga familie.<\/strong><\/p>\n<p>\u00cen timul jocului cu\u00a0 puzzle 3D \u00eempreun\u0103 cu copiii t\u0103i, le po\u021bi povesti c\u0103Leul este unul dintre cei cinci reprezentan\u021bi ai genului Panthera (Panthera), apar\u021bin\u00e2nd subfamiliei pisicilor mari din familia pisicilor. Al\u0103turi de tigru, este cea mai mare dintre pisicile vii, greutatea unor masculi put\u00e2nd ajunge la 250 kg.<\/p>\n<p>Puzzle-urile 3D sunt un hobby uimitor care dezvolt\u0103 nu numai g\u00e2ndirea logic\u0103, abilit\u0103\u021bile motorii fine, perseveren\u021ba \u0219i acurate\u021bea, dar \u00eenva\u021b\u0103 \u0219i o mul\u021bime de lucruri interesante despre univers, \u00een timp ce te distrezi cu familia ta.<\/p>\n<p>O metod\u0103 vesel\u0103 de a cunoa\u0219te lumea fascinant\u0103 a animalelor s\u0103lbatice \u00eempreun\u0103 cu noua colec\u021bie de puzzle-uri 3D CubicFun. Modelul un num\u0103r mic de piese, \u00eens\u0103 detaliile puzzle-ului sunt precise, iar copilul nu va avea dificult\u0103\u021bi \u00een asamblare. <strong>Modelul asamblat este un leu care st\u0103 pe fundalul faunei frumoase a Africii.<\/strong><\/p>\n<p>Materiale<\/p>\n","protected":false},"excerpt":{"rendered":"<p>[:ru_RU]3D \u043f\u0430\u0437\u043b &#8220;\u041b\u0435\u0432&#8221; \u043e\u0442\u00a0 CubicFun \u043e\u0447\u0435\u043d\u044c \u0438\u043d\u0442\u0435\u0440\u0435\u0441\u043d\u0430\u044f \u0433\u043e\u043b\u043e\u0432\u043e\u043b\u043e\u043c\u043a\u0430 \u0434\u043b\u044f \u0432\u0441\u0435\u0439 \u0441\u0435\u043c\u044c\u0438.\u00a0 \u0412\u043c\u0435\u0441\u0442\u0435 \u0441\u043e\u0431\u0438\u0440\u0430\u044f 3D \u043f\u0430\u0437\u043b \u0441\u043e \u0441\u0432\u043e\u0438\u043c\u0438 \u0434\u0435\u0442\u044c\u043c\u0438, \u0432\u044b\u00a0 \u043c\u043e\u0436\u0435\u0442\u0435 \u0438\u043c \u0440\u0430\u0441\u0441\u043a\u0430\u0437\u0430\u0442\u044c \u043e \u0442\u043e\u043c \u0447\u0442\u043e \u041b\u0435\u0432 \u043e\u0434\u0438\u043d \u0438\u0437 \u043f\u044f\u0442\u0438 \u043f\u0440\u0435\u0434\u0441\u0442\u0430\u0432\u0438\u0442\u0435\u043b\u0435\u0439 \u0440\u043e\u0434\u0430 \u043f\u0430\u043d\u0442\u0435\u0440 (Panthera), \u043e\u0442\u043d\u043e\u0441\u044f\u0449\u0435\u0433\u043e\u0441\u044f \u043a \u043f\u043e\u0434\u0441\u0435\u043c\u0435\u0439\u0441\u0442\u0432\u0443 \u0431\u043e\u043b\u044c\u0448\u0438\u0445 \u043a\u043e\u0448\u0435\u043a \u0432 \u0441\u043e\u0441\u0442\u0430\u0432\u0435 \u0441\u0435\u043c\u0435\u0439\u0441\u0442\u0432\u0430 \u043a\u043e\u0448\u0430\u0447\u044c\u0438\u0445. \u041d\u0430\u0440\u044f\u0434\u0443 \u0441 \u0442\u0438\u0433\u0440\u043e\u043c \u2014 \u0441\u0430\u043c\u0430\u044f \u043a\u0440\u0443\u043f\u043d\u0430\u044f \u0438\u0437 \u043d\u044b\u043d\u0435 \u0436\u0438\u0432\u0443\u0449\u0438\u0445 \u043a\u043e\u0448\u0435\u043a, \u043c\u0430\u0441\u0441\u0430 \u043d\u0435\u043a\u043e\u0442\u043e\u0440\u044b\u0445 \u0441\u0430\u043c\u0446\u043e\u0432 [&hellip;]<\/p>\n","protected":false},"featured_media":44624,"comment_status":"open","ping_status":"closed","template":"","meta":{"_acf_changed":false},"product_brand":[],"product_cat":[6713],"product_tag":[],"class_list":{"0":"post-44629","1":"product","2":"type-product","3":"status-publish","4":"has-post-thumbnail","6":"product_cat-ru_ru-pazly-i-mozaiki-trim","8":"first","9":"instock","10":"shipping-taxable","11":"purchasable","12":"product-type-simple"},"acf":[],"_links":{"self":[{"href":"https:\/\/minimax.md\/ru\/wp-json\/wp\/v2\/product\/44629","targetHints":{"allow":["GET"]}}],"collection":[{"href":"https:\/\/minimax.md\/ru\/wp-json\/wp\/v2\/product"}],"about":[{"href":"https:\/\/minimax.md\/ru\/wp-json\/wp\/v2\/types\/product"}],"replies":[{"embeddable":true,"href":"https:\/\/minimax.md\/ru\/wp-json\/wp\/v2\/comments?post=44629"}],"version-history":[{"count":0,"href":"https:\/\/minimax.md\/ru\/wp-json\/wp\/v2\/product\/44629\/revisions"}],"wp:featuredmedia":[{"embeddable":true,"href":"https:\/\/minimax.md\/ru\/wp-json\/wp\/v2\/media\/44624"}],"wp:attachment":[{"href":"https:\/\/minimax.md\/ru\/wp-json\/wp\/v2\/media?parent=44629"}],"wp:term":[{"taxonomy":"product_brand","embeddable":true,"href":"https:\/\/minimax.md\/ru\/wp-json\/wp\/v2\/product_brand?post=44629"},{"taxonomy":"product_cat","embeddable":true,"href":"https:\/\/minimax.md\/ru\/wp-json\/wp\/v2\/product_cat?post=44629"},{"taxonomy":"product_tag","embeddable":true,"href":"https:\/\/minimax.md\/ru\/wp-json\/wp\/v2\/product_tag?post=44629"}],"curies":[{"name":"wp","href":"https:\/\/api.w.org\/{rel}","templated":true}]}}