{"id":44654,"date":"2024-01-11T17:12:09","date_gmt":"2024-01-11T14:12:09","guid":{"rendered":"https:\/\/minimax.md\/product\/44654.html"},"modified":"2024-03-13T01:03:58","modified_gmt":"2024-03-12T22:03:58","slug":"ru_ru-3d-pazl-zhiraf-43-jelementa-trim-ro_ro-3d-puzzle-girafa-43-elemente","status":"publish","type":"product","link":"https:\/\/minimax.md\/ru\/product\/44654.html","title":{"rendered":"3D \u043f\u0430\u0437\u043b \"\u0416\u0438\u0440\u0430\u0444\", 43 \u044d\u043b\u0435\u043c\u0435\u043d\u0442\u0430"},"content":{"rendered":"<p>[:ru_RU]3D \u043f\u0430\u0437\u043b &#8220;\u0416\u0438\u0440\u0430\u0444&#8221;\u043e\u0442\u00a0 CubicFun \u043e\u0447\u0435\u043d\u044c \u0438\u043d\u0442\u0435\u0440\u0435\u0441\u043d\u0430\u044f \u0433\u043e\u043b\u043e\u0432\u043e\u043b\u043e\u043c\u043a\u0430 \u0434\u043b\u044f \u0432\u0441\u0435\u0439 \u0441\u0435\u043c\u044c\u0438.\u00a0<\/p>\n<p>\u0412\u043c\u0435\u0441\u0442\u0435 \u0441\u043e\u0431\u0438\u0440\u0430\u044f 3D \u043f\u0430\u0437\u043b \u0441\u043e \u0441\u0432\u043e\u0438\u043c\u0438 \u0434\u0435\u0442\u044c\u043c\u0438, \u0432\u044b\u00a0 \u043c\u043e\u0436\u0435\u0442\u0435 \u0438\u043c \u0440\u0430\u0441\u0441\u043a\u0430\u0437\u0430\u0442\u044c \u043e \u0442\u043e\u043c \u0447\u0442\u043e \u0416\u0438\u0440\u0430\u0444\u00a0\u044f\u0432\u043b\u044f\u0435\u0442\u0441\u044f \u0441\u0430\u043c\u044b\u043c \u0432\u044b\u0441\u043e\u043a\u0438\u043c \u043d\u0430\u0437\u0435\u043c\u043d\u044b\u043c \u043c\u043b\u0435\u043a\u043e\u043f\u0438\u0442\u0430\u044e\u0449\u0438\u043c \u043d\u0430 \u043f\u043b\u0430\u043d\u0435\u0442\u0435. \u0421\u0430\u043c\u0446\u044b \u0434\u043e\u0441\u0442\u0438\u0433\u0430\u044e\u0442 \u0440\u043e\u0441\u0442\u0430 5,7 \u043c\u0435\u0442\u0440\u043e\u0432, \u0441\u0430\u043c\u043a\u0438 \u043f\u0440\u0438\u043c\u0435\u0440\u043d\u043e \u043d\u0430 \u043c\u0435\u0442\u0440 \u043a\u043e\u0440\u043e\u0447\u0435. \u0428\u0435\u044f \u0436\u0438\u0432\u043e\u0442\u043d\u043e\u0433\u043e \u043d\u0435\u043e\u0431\u044b\u0447\u0430\u0439\u043d\u043e \u0434\u043b\u0438\u043d\u043d\u0430\u044f, \u0438 \u044d\u0442\u043e \u043d\u0435\u0441\u043c\u043e\u0442\u0440\u044f \u043d\u0430 \u0442\u043e, \u0447\u0442\u043e \u0443 \u043d\u0438\u0445, \u043a\u0430\u043a \u0438 \u0443 \u043f\u043e\u0447\u0442\u0438 \u0432\u0441\u0435\u0445 \u0434\u0440\u0443\u0433\u0438\u0445 \u043c\u043b\u0435\u043a\u043e\u043f\u0438\u0442\u0430\u044e\u0449\u0438\u0445, \u043b\u0438\u0448\u044c \u0441\u0435\u043c\u044c \u0448\u0435\u0439\u043d\u044b\u0445 \u043f\u043e\u0437\u0432\u043e\u043d\u043a\u043e\u0432.<\/p>\n<p>3D \u043f\u0430\u0437\u043b\u044b \u0443\u0434\u0438\u0432\u0438\u0442\u0435\u043b\u044c\u043d\u043e\u0435 \u0445\u043e\u0431\u0431\u0438 \u043a\u043e\u0442\u043e\u0440\u043e\u0435 \u0440\u0430\u0437\u0432\u0438\u0432\u0430\u0435\u0442 \u043d\u0435 \u0442\u043e\u043b\u044c\u043a\u043e \u043b\u043e\u0433\u0438\u0447\u0435\u0441\u043a\u043e\u0433\u043e \u043c\u044b\u0448\u043b\u0435\u043d\u0438\u044f, \u043c\u0435\u043b\u043a\u0443\u044e \u043c\u043e\u0442\u043e\u0440\u0438\u043a\u0443, \u0443\u0441\u0438\u0434\u0447\u0438\u0432\u043e\u0441\u0442\u0438 \u0438 \u0430\u043a\u043a\u0443\u0440\u0430\u0442\u043d\u043e\u0441\u0442\u044c, \u043d\u043e \u0438 \u0443\u0447\u0438\u0442 \u043c\u043d\u043e\u0433\u043e\u043c\u0443 \u0438\u043d\u0442\u0435\u0440\u0435\u0441\u043d\u043e\u043c\u0443 \u043e \u043c\u0438\u0440\u0435 \u0437\u0430 \u0432\u0435\u0441\u0435\u043b\u043e \u043f\u0440\u043e\u0432\u0435\u0434\u0435\u043d\u043d\u043e\u043c \u0432\u0440\u0435\u043c\u0435\u043d\u0438 \u0432 \u043a\u0440\u0443\u0433\u0443 \u0441\u0435\u043c\u044c\u0438.<\/p>\n<p>\u041f\u043e\u0437\u043d\u0430\u043a\u043e\u043c\u044c\u0442\u0435 \u0440\u0435\u0431\u0435\u043d\u043a\u0430 \u0441 \u0443\u0432\u043b\u0435\u043a\u0430\u0442\u0435\u043b\u044c\u043d\u044b\u043c \u043c\u0438\u0440\u043e\u043c \u0434\u0438\u043a\u0438\u0445 \u0436\u0438\u0432\u043e\u0442\u043d\u044b\u0445 \u0432\u043c\u0435\u0441\u0442\u0435 \u0441 \u043d\u043e\u0432\u043e\u0439 \u043a\u043e\u043b\u043b\u0435\u043a\u0446\u0438\u0435\u0439 3D \u043f\u0430\u0437\u043b\u043e\u0432 CubicFun. \u041c\u043e\u0434\u0435\u043b\u044c \u0438\u043c\u0435\u0435\u0442 \u0432\u044b\u0441\u043e\u043a\u0443\u044e \u0434\u0435\u0442\u0430\u043b\u0438\u0437\u0430\u0446\u0438\u044e \u0438 \u043d\u0435\u0431\u043e\u043b\u044c\u0448\u043e\u0435 \u043a\u043e\u043b\u0438\u0447\u0435\u0441\u0442\u0432\u043e \u0434\u0435\u0442\u0430\u043b\u0435\u0439, \u043f\u043e\u044d\u0442\u043e\u043c\u0443 \u0443 \u0440\u0435\u0431\u0435\u043d\u043a\u0430 \u043d\u0435 \u0432\u043e\u0437\u043d\u0438\u043a\u043d\u0435\u0442 \u0442\u0440\u0443\u0434\u043d\u043e\u0441\u0442\u0435\u0439 \u043f\u0440\u0438 \u0441\u0431\u043e\u0440\u043a\u0435. \u0421\u043e\u0431\u0440\u0430\u043d\u043d\u0430\u044f \u043c\u043e\u0434\u0435\u043b\u044c \u043f\u0440\u0435\u0434\u0441\u0442\u0430\u0432\u043b\u044f\u0435\u0442 \u0438\u0437 \u0441\u0435\u0431\u044f \u0436\u0438\u0440\u0430\u0444\u0430, \u0441\u0442\u043e\u044f\u0449\u0435\u0433\u043e \u043d\u0430 \u0444\u043e\u043d\u0435 \u043a\u0440\u0430\u0441\u0438\u0432\u043e\u0439 \u0444\u0430\u0443\u043d\u044b \u0410\u0444\u0440\u0438\u043a\u0438.<br \/>\n\u0412\u044b\u0441\u043e\u043a\u043e\u0435 \u043a\u0430\u0447\u0435\u0441\u0442\u0432\u043e \u043c\u0430\u0442\u0435\u0440\u0438\u0430\u043b\u043e\u0432, \u043d\u0430\u0440\u044f\u0434\u0443 \u0441 \u0447\u0435\u0442\u043a\u0438\u043c\u0438, \u043f\u043e\u0434\u0440\u043e\u0431\u043d\u044b\u043c\u0438 \u0438\u043d\u0441\u0442\u0440\u0443\u043a\u0446\u0438\u044f\u043c\u0438, \u043f\u043e\u0437\u0432\u043e\u043b\u044f\u044e\u0442 \u043b\u0435\u0433\u043a[trim][:ro_RO]<strong>Puzzle 3D &#8220;Girafa&#8221;, de la CubicFun este un joc de puzzle foarte interesant pentru \u00eentreaga familie.<\/strong><\/p>\n<p>\u00cen timul jocului cu\u00a0 puzzle 3D \u00eempreun\u0103 cu copiii t\u0103i, le po\u021bi povesti c\u0103 <strong>Girafa<\/strong> este cel mai \u00eenalt mamifer terestru de pe planet\u0103. Masculii ating o \u00een\u0103l\u021bime de 5,7 metri, femelele sunt cu aproximativ un metru mai scurte. G\u00e2tul animalului este neobi\u0219nuit de lung, \u00een ciuda faptului c\u0103, la fel ca aproape toate celelalte mamifere, au doar \u0219apte vertebre cervicale.<\/p>\n<p>Puzzle-urile 3D sunt un hobby uimitor care dezvolt\u0103 nu numai g\u00e2ndirea logic\u0103, abilit\u0103\u021bile motorii fine, perseveren\u021ba \u0219i acurate\u021bea, dar \u00eenva\u021b\u0103 \u0219i o mul\u021bime de lucruri interesante despre univers, \u00een timp ce te distrezi cu familia ta.<\/p>\n<p>O metod\u0103 vesel\u0103 de a cunoa\u0219te lumea fascinant\u0103 a animalelor s\u0103lbatice \u00eempreun\u0103 cu noua colec\u021bie de puzzle-uri 3D CubicFun. Modelul un num\u0103r mic de piese, \u00eens\u0103 detaliile puzzle-ului sunt precise, iar copilul nu va avea dificult\u0103\u021bi \u00een asamblare. <strong>Modelul asamblat este o giraf\u0103 c<\/p>\n","protected":false},"excerpt":{"rendered":"<p>[:ru_RU]3D \u043f\u0430\u0437\u043b &#8220;\u0416\u0438\u0440\u0430\u0444&#8221;\u043e\u0442\u00a0 CubicFun \u043e\u0447\u0435\u043d\u044c \u0438\u043d\u0442\u0435\u0440\u0435\u0441\u043d\u0430\u044f \u0433\u043e\u043b\u043e\u0432\u043e\u043b\u043e\u043c\u043a\u0430 \u0434\u043b\u044f \u0432\u0441\u0435\u0439 \u0441\u0435\u043c\u044c\u0438.\u00a0 \u0412\u043c\u0435\u0441\u0442\u0435 \u0441\u043e\u0431\u0438\u0440\u0430\u044f 3D \u043f\u0430\u0437\u043b \u0441\u043e \u0441\u0432\u043e\u0438\u043c\u0438 \u0434\u0435\u0442\u044c\u043c\u0438, \u0432\u044b\u00a0 \u043c\u043e\u0436\u0435\u0442\u0435 \u0438\u043c \u0440\u0430\u0441\u0441\u043a\u0430\u0437\u0430\u0442\u044c \u043e \u0442\u043e\u043c \u0447\u0442\u043e \u0416\u0438\u0440\u0430\u0444\u00a0\u044f\u0432\u043b\u044f\u0435\u0442\u0441\u044f \u0441\u0430\u043c\u044b\u043c \u0432\u044b\u0441\u043e\u043a\u0438\u043c \u043d\u0430\u0437\u0435\u043c\u043d\u044b\u043c \u043c\u043b\u0435\u043a\u043e\u043f\u0438\u0442\u0430\u044e\u0449\u0438\u043c \u043d\u0430 \u043f\u043b\u0430\u043d\u0435\u0442\u0435. \u0421\u0430\u043c\u0446\u044b \u0434\u043e\u0441\u0442\u0438\u0433\u0430\u044e\u0442 \u0440\u043e\u0441\u0442\u0430 5,7 \u043c\u0435\u0442\u0440\u043e\u0432, \u0441\u0430\u043c\u043a\u0438 \u043f\u0440\u0438\u043c\u0435\u0440\u043d\u043e \u043d\u0430 \u043c\u0435\u0442\u0440 \u043a\u043e\u0440\u043e\u0447\u0435. \u0428\u0435\u044f \u0436\u0438\u0432\u043e\u0442\u043d\u043e\u0433\u043e \u043d\u0435\u043e\u0431\u044b\u0447\u0430\u0439\u043d\u043e \u0434\u043b\u0438\u043d\u043d\u0430\u044f, \u0438 \u044d\u0442\u043e \u043d\u0435\u0441\u043c\u043e\u0442\u0440\u044f \u043d\u0430 \u0442\u043e, \u0447\u0442\u043e \u0443 \u043d\u0438\u0445, \u043a\u0430\u043a \u0438 [&hellip;]<\/p>\n","protected":false},"featured_media":44650,"comment_status":"open","ping_status":"closed","template":"","meta":{"_acf_changed":false},"product_brand":[],"product_cat":[6713],"product_tag":[],"class_list":{"0":"post-44654","1":"product","2":"type-product","3":"status-publish","4":"has-post-thumbnail","6":"product_cat-ru_ru-pazly-i-mozaiki-trim","8":"first","9":"instock","10":"shipping-taxable","11":"purchasable","12":"product-type-simple"},"acf":[],"_links":{"self":[{"href":"https:\/\/minimax.md\/ru\/wp-json\/wp\/v2\/product\/44654","targetHints":{"allow":["GET"]}}],"collection":[{"href":"https:\/\/minimax.md\/ru\/wp-json\/wp\/v2\/product"}],"about":[{"href":"https:\/\/minimax.md\/ru\/wp-json\/wp\/v2\/types\/product"}],"replies":[{"embeddable":true,"href":"https:\/\/minimax.md\/ru\/wp-json\/wp\/v2\/comments?post=44654"}],"version-history":[{"count":0,"href":"https:\/\/minimax.md\/ru\/wp-json\/wp\/v2\/product\/44654\/revisions"}],"wp:featuredmedia":[{"embeddable":true,"href":"https:\/\/minimax.md\/ru\/wp-json\/wp\/v2\/media\/44650"}],"wp:attachment":[{"href":"https:\/\/minimax.md\/ru\/wp-json\/wp\/v2\/media?parent=44654"}],"wp:term":[{"taxonomy":"product_brand","embeddable":true,"href":"https:\/\/minimax.md\/ru\/wp-json\/wp\/v2\/product_brand?post=44654"},{"taxonomy":"product_cat","embeddable":true,"href":"https:\/\/minimax.md\/ru\/wp-json\/wp\/v2\/product_cat?post=44654"},{"taxonomy":"product_tag","embeddable":true,"href":"https:\/\/minimax.md\/ru\/wp-json\/wp\/v2\/product_tag?post=44654"}],"curies":[{"name":"wp","href":"https:\/\/api.w.org\/{rel}","templated":true}]}}