{"id":44660,"date":"2024-01-11T17:12:10","date_gmt":"2024-01-11T14:12:10","guid":{"rendered":"https:\/\/minimax.md\/product\/44660.html"},"modified":"2024-03-13T01:04:13","modified_gmt":"2024-03-12T22:04:13","slug":"ru_ru-mashinka-konstruktor-dlja-puskanija-mylnyh-puzyrej-samolet-pistolet-trim-ro_ro-suflant-constructor-cu-bule-avion-pistol","status":"publish","type":"product","link":"https:\/\/minimax.md\/ru\/product\/44660.html","title":{"rendered":"\u041c\u0430\u0448\u0438\u043d\u043a\u0430-\u043a\u043e\u043d\u0441\u0442\u0440\u0443\u043a\u0442\u043e\u0440 \u0434\u043b\u044f \u043f\u0443\u0441\u043a\u0430\u043d\u0438\u044f \u043c\u044b\u043b\u044c\u043d\u044b\u0445 \u043f\u0443\u0437\u044b\u0440\u0435\u0439 \"\u0421\u0430\u043c\u043e\u043b\u0435\u0442-\u043f\u0438\u0441\u0442\u043e\u043b\u0435\u0442\""},"content":{"rendered":"<p>[:ru_RU]\u041c\u044b\u043b\u044c\u043d\u044b\u0435 \u043f\u0443\u0437\u044b\u0440\u0438\u00a0 \u2013 \u044d\u0442\u043e \u043e\u0442\u043b\u0438\u0447\u043d\u043e\u0435 \u0440\u0430\u0437\u0432\u043b\u0435\u0447\u0435\u043d\u0438\u0435\u00a0 \u0434\u043b\u044f \u0434\u0435\u0442\u0435\u0439 \u0438 \u0432\u0437\u0440\u043e\u0441\u043b\u044b\u0445, \u0430 \u0442\u0430\u043a\u0436\u0435 \u0430\u043a\u0442\u0438\u0432\u043d\u044b\u0439 \u0438 \u043e\u0447\u0435\u043d\u044c \u0432\u0435\u0441\u0435\u043b\u044b\u0439 \u0434\u043e\u0441\u0443\u0433.<\/p>\n<p>\u041f\u0440\u043e\u0441\u0442\u0430\u044f \u0438\u0433\u0440\u0430 \u0441\u043f\u043e\u0441\u043e\u0431\u043d\u0430 \u0437\u0430\u0440\u044f\u0434\u0438\u0442\u044c \u0412\u0430\u0441 \u0438 \u043d\u0430\u0441\u0442\u0440\u043e\u0438\u0442\u044c \u043d\u0430 \u0445\u043e\u0440\u043e\u0448\u0435\u0435 \u043d\u0430\u0441\u0442\u0440\u043e\u0435\u043d\u0438\u0435. \u0412\u044b \u043c\u043e\u0436\u0435\u0442\u0435 \u043f\u0440\u0438\u0434\u0443\u043c\u0430\u0442\u044c \u0434\u0435\u0441\u044f\u0442\u043e\u043a \u0438\u0433\u0440 \u0438\u043b\u0438 \u043f\u0440\u043e\u0441\u0442\u043e \u043d\u0430\u0431\u043b\u044e\u0434\u0430\u0442\u044c \u0437\u0430 \u0434\u0432\u0438\u0436\u0435\u043d\u0438\u0435\u043c \u0440\u0430\u0437\u043d\u043e\u0446\u0432\u0435\u0442\u043d\u044b\u0445 \u043c\u044b\u043b\u044c\u043d\u044b\u0445 \u0448\u0430\u0440\u043e\u0432.<\/p>\n<p>\u041c\u0430\u0448\u0438\u043d\u043a\u0430-\u043a\u043e\u043d\u0441\u0442\u0440\u0443\u043a\u0442\u043e\u0440 \u0434\u043b\u044f \u043f\u0443\u0441\u043a\u0430\u043d\u0438\u044f \u043c\u044b\u043b\u044c\u043d\u044b\u0445 \u043f\u0443\u0437\u044b\u0440\u0435\u0439 &#8220;\u0421\u0430\u043c\u043e\u043b\u0435\u0442-\u043f\u0438\u0441\u0442\u043e\u043b\u0435\u0442&#8221;\u00a0\u0440\u0430\u0431\u043e\u0442\u0430\u0435\u0442 \u0441 \u043f\u043e\u043c\u043e\u0449\u044c\u044e 3 \u0431\u0430\u0442\u0430\u0440\u0435\u0435\u043a \u0442\u0438\u043f\u0430 \u0410\u0410, \u0442\u0430\u043a \u0436\u0435 \u0432\u043a\u043b\u044e\u0447\u0430\u0435\u0442 2 \u0431\u0430\u043d\u043e\u0447\u043a\u0438 \u0441 \u0440\u0430\u0441\u0442\u0432\u043e\u0440\u043e\u043c \u0434\u043b\u044f \u043c\u044b\u043b\u044c\u043d\u044b\u0445 \u043f\u0443\u0437\u044b\u0440\u0435\u0439, \u043a\u0430\u0436\u0434\u0430\u044f \u043e\u0431\u044a\u0435\u043c\u043e\u043c 60 \u043c\u043b.<\/p>\n<p>\u0420\u0435\u0431\u0435\u043d\u043e\u043a \u0441\u043c\u043e\u0436\u0435\u0442 \u0441\u0430\u043c \u0441\u043e\u0437\u0434\u0430\u0442\u044c \u0441\u0432\u043e\u0439 \u0441\u043e\u0431\u0441\u0442\u0432\u0435\u043d\u043d\u044b\u0439 \u0430\u043f\u043f\u0430\u0440\u0430\u0442 \u0434\u043b\u044f \u043f\u0443\u0441\u043a\u0430\u043d\u0438\u044f \u043c\u044b\u043b\u044c\u043d\u044b\u0445 \u043f\u0443\u0437\u044b\u0440\u0435\u0439!<\/p>\n<p>&nbsp;<\/p>\n<p>&nbsp;[trim][:ro_RO]<strong>Baloanele de s\u0103pun <\/strong>\u00a0este o distrac\u021bie excelent\u0103 pentru copii \u0219i adul\u021bi, precum \u0219i un timp activ \u0219i foarte distractiv petrecut \u00eempreuna.<\/p>\n<p>Un simplu joc simplu te poate \u00eenc\u0103rca de energie pozitiv\u0103. Pute\u021bi descoperi o mul\u021bime de jocuri sau pur \u0219i simplu s\u0103 urm\u0103ri\u021bi mi\u0219carea baloanelor de s\u0103pun colorate.<\/p>\n<p><strong>Suflanta-constructor cu bule \u201eAvion-pistol\u201d <\/strong>este alimentata de 3 baterii AA \u0219i include 2 borc\u0103nele cu solu\u021bie pentru bule, fiecare de 60 ml.<\/p>\n<p><strong>Copilul \u00ee\u0219i va putea crea propria ma\u0219in\u0103 pentru suflarea bulelor de s\u0103pun!<\/strong><\/p>\n","protected":false},"excerpt":{"rendered":"<p>[:ru_RU]\u041c\u044b\u043b\u044c\u043d\u044b\u0435 \u043f\u0443\u0437\u044b\u0440\u0438\u00a0 \u2013 \u044d\u0442\u043e \u043e\u0442\u043b\u0438\u0447\u043d\u043e\u0435 \u0440\u0430\u0437\u0432\u043b\u0435\u0447\u0435\u043d\u0438\u0435\u00a0 \u0434\u043b\u044f \u0434\u0435\u0442\u0435\u0439 \u0438 \u0432\u0437\u0440\u043e\u0441\u043b\u044b\u0445, \u0430 \u0442\u0430\u043a\u0436\u0435 \u0430\u043a\u0442\u0438\u0432\u043d\u044b\u0439 \u0438 \u043e\u0447\u0435\u043d\u044c \u0432\u0435\u0441\u0435\u043b\u044b\u0439 \u0434\u043e\u0441\u0443\u0433. \u041f\u0440\u043e\u0441\u0442\u0430\u044f \u0438\u0433\u0440\u0430 \u0441\u043f\u043e\u0441\u043e\u0431\u043d\u0430 \u0437\u0430\u0440\u044f\u0434\u0438\u0442\u044c \u0412\u0430\u0441 \u0438 \u043d\u0430\u0441\u0442\u0440\u043e\u0438\u0442\u044c \u043d\u0430 \u0445\u043e\u0440\u043e\u0448\u0435\u0435 \u043d\u0430\u0441\u0442\u0440\u043e\u0435\u043d\u0438\u0435. \u0412\u044b \u043c\u043e\u0436\u0435\u0442\u0435 \u043f\u0440\u0438\u0434\u0443\u043c\u0430\u0442\u044c \u0434\u0435\u0441\u044f\u0442\u043e\u043a \u0438\u0433\u0440 \u0438\u043b\u0438 \u043f\u0440\u043e\u0441\u0442\u043e \u043d\u0430\u0431\u043b\u044e\u0434\u0430\u0442\u044c \u0437\u0430 \u0434\u0432\u0438\u0436\u0435\u043d\u0438\u0435\u043c \u0440\u0430\u0437\u043d\u043e\u0446\u0432\u0435\u0442\u043d\u044b\u0445 \u043c\u044b\u043b\u044c\u043d\u044b\u0445 \u0448\u0430\u0440\u043e\u0432. \u041c\u0430\u0448\u0438\u043d\u043a\u0430-\u043a\u043e\u043d\u0441\u0442\u0440\u0443\u043a\u0442\u043e\u0440 \u0434\u043b\u044f \u043f\u0443\u0441\u043a\u0430\u043d\u0438\u044f \u043c\u044b\u043b\u044c\u043d\u044b\u0445 \u043f\u0443\u0437\u044b\u0440\u0435\u0439 &#8220;\u0421\u0430\u043c\u043e\u043b\u0435\u0442-\u043f\u0438\u0441\u0442\u043e\u043b\u0435\u0442&#8221;\u00a0\u0440\u0430\u0431\u043e\u0442\u0430\u0435\u0442 \u0441 \u043f\u043e\u043c\u043e\u0449\u044c\u044e 3 \u0431\u0430\u0442\u0430\u0440\u0435\u0435\u043a \u0442\u0438\u043f\u0430 \u0410\u0410, \u0442\u0430\u043a \u0436\u0435 \u0432\u043a\u043b\u044e\u0447\u0430\u0435\u0442 [&hellip;]<\/p>\n","protected":false},"featured_media":44658,"comment_status":"open","ping_status":"closed","template":"","meta":{"_acf_changed":false},"product_brand":[],"product_cat":[6700],"product_tag":[],"class_list":{"0":"post-44660","1":"product","2":"type-product","3":"status-publish","4":"has-post-thumbnail","6":"product_cat-ru_ru-dlja-igry-s-vodoj-tri","8":"first","9":"instock","10":"shipping-taxable","11":"purchasable","12":"product-type-simple"},"acf":[],"_links":{"self":[{"href":"https:\/\/minimax.md\/ru\/wp-json\/wp\/v2\/product\/44660","targetHints":{"allow":["GET"]}}],"collection":[{"href":"https:\/\/minimax.md\/ru\/wp-json\/wp\/v2\/product"}],"about":[{"href":"https:\/\/minimax.md\/ru\/wp-json\/wp\/v2\/types\/product"}],"replies":[{"embeddable":true,"href":"https:\/\/minimax.md\/ru\/wp-json\/wp\/v2\/comments?post=44660"}],"version-history":[{"count":0,"href":"https:\/\/minimax.md\/ru\/wp-json\/wp\/v2\/product\/44660\/revisions"}],"wp:featuredmedia":[{"embeddable":true,"href":"https:\/\/minimax.md\/ru\/wp-json\/wp\/v2\/media\/44658"}],"wp:attachment":[{"href":"https:\/\/minimax.md\/ru\/wp-json\/wp\/v2\/media?parent=44660"}],"wp:term":[{"taxonomy":"product_brand","embeddable":true,"href":"https:\/\/minimax.md\/ru\/wp-json\/wp\/v2\/product_brand?post=44660"},{"taxonomy":"product_cat","embeddable":true,"href":"https:\/\/minimax.md\/ru\/wp-json\/wp\/v2\/product_cat?post=44660"},{"taxonomy":"product_tag","embeddable":true,"href":"https:\/\/minimax.md\/ru\/wp-json\/wp\/v2\/product_tag?post=44660"}],"curies":[{"name":"wp","href":"https:\/\/api.w.org\/{rel}","templated":true}]}}