{"id":44676,"date":"2024-01-11T17:12:28","date_gmt":"2024-01-11T14:12:28","guid":{"rendered":"https:\/\/minimax.md\/product\/44676.html"},"modified":"2024-03-13T00:17:06","modified_gmt":"2024-03-12T21:17:06","slug":"ru_ru-domik-zamok-princessy-2-cveta-trim-ro_ro-c-su-castelul-prin-esei-2-culori","status":"publish","type":"product","link":"https:\/\/minimax.md\/ru\/product\/44676.html","title":{"rendered":"\u0414\u043e\u043c\u0438\u043a \"\u0417\u0430\u043c\u043e\u043a \u041f\u0440\u0438\u043d\u0446\u0435\u0441\u0441\u044b\" (2 \u0446\u0432\u0435\u0442\u0430)"},"content":{"rendered":"<p>[:ru_RU]\u041a\u0440\u0430\u0441\u0438\u0432\u044b\u0439 \u0437\u0430\u043c\u043e\u043a \u043e\u0442\u043b\u0438\u0447\u043d\u043e \u043f\u043e\u0434\u0445\u043e\u0434\u0438\u0442 \u043a\u0430\u043a \u0434\u043b\u044f \u0438\u0433\u0440\u044b \u0432\u043e \u0434\u0432\u043e\u0440\u0435, \u0442\u0430\u043a \u0438 \u0432 \u0434\u0435\u0442\u0441\u043a\u043e\u0439. \u0418\u0433\u0440\u0430\u0439 \u0432 \u0434\u043e\u043c\u0435 \u0438 \u0432\u043e\u0437\u044c\u043c\u0438 \u043d\u0430 \u0441\u0435\u0431\u044f \u0440\u043e\u043b\u044c \u043d\u0430\u0441\u0442\u043e\u044f\u0449\u0435\u0439 \u043f\u0440\u0438\u043d\u0446\u0435\u0441\u0441\u044b. \u041f\u043b\u0430\u0441\u0442\u0438\u043a\u043e\u0432\u044b\u0439 \u0434\u043e\u043c\u0438\u043a \u043f\u0440\u043e\u0441\u0442 \u0432 \u0443\u0441\u0442\u0430\u043d\u043e\u0432\u043a\u0435, \u0438\u0437\u0433\u043e\u0442\u043e\u0432\u043b\u0435\u043d \u0438\u0437 \u0431\u0435\u0437\u043e\u043f\u0430\u0441\u043d\u044b\u0445 \u043c\u0430\u0442\u0435\u0440\u0438\u0430\u043b\u043e\u0432.<\/p>\n<p>&#8211; \u0420\u0435\u043a\u043e\u043c\u0435\u043d\u0434\u0443\u0435\u043c\u044b\u0439 \u0432\u043e\u0437\u0440\u0430\u0441\u0442 3+<br \/>\n&#8211; \u0412\u043e\u0437\u043c\u043e\u0436\u043d\u043e\u0441\u0442\u044c \u0438\u0441\u043f\u043e\u043b\u044c\u0437\u043e\u0432\u0430\u043d\u0438\u044f \u0432 \u043e\u0442\u043a\u0440\u044b\u0442\u044b\u0445 \u0438 \u0437\u0430\u043a\u0440\u044b\u0442\u044b\u0445 \u043f\u043e\u043c\u0435\u0449\u0435\u043d\u0438\u044f\u0445<br \/>\n&#8211; \u0412\u043e\u0437\u043c\u043e\u0436\u043d\u043e\u0441\u0442\u044c \u0438\u0441\u043f\u043e\u043b\u044c\u0437\u043e\u0432\u0430\u0442\u044c \u0432 \u0440\u043e\u043b\u0435\u0432\u044b\u0445 \u0438 \u043a\u043e\u043b\u043b\u0435\u043a\u0442\u0438\u0432\u043d\u044b\u0445 \u0438\u0433\u0440\u0430\u0445<br \/>\n&#8211; \u041f\u0440\u043e\u0441\u0442\u0430\u044f \u0443\u0441\u0442\u0430\u043d\u043e\u0432\u043a\u0430<br \/>\n&#8211; \u0420\u0430\u0437\u0432\u0438\u0432\u0430\u0435\u0442 \u0434\u0435\u0442\u0441\u043a\u0443\u044e \u0444\u0430\u043d\u0442\u0430\u0437\u0438\u044e<br \/>\n&#8211; \u041f\u0440\u043e\u0447\u043d\u044b\u0439 \u0438 \u043d\u0430\u0434\u0435\u0436\u043d\u044b\u0439<br \/>\n&#8211; \u042d\u0440\u0433\u043e\u043d\u043e\u043c\u0438\u0447\u043d\u044b\u0439 \u0434\u0438\u0437\u0430\u0439\u043d<br \/>\n&#8211; \u0412\u044b\u0441\u043e\u043a\u043e\u043a\u0430\u0447\u0435\u0441\u0442\u0432\u0435\u043d\u043d\u043e\u0435 \u0441\u044b\u0440\u044c\u0435, \u043a\u043e\u0442\u043e\u0440\u043e\u0435 \u043d\u0435 \u0441\u043e\u0434\u0435\u0440\u0436\u0438\u0442 \u043a\u0430\u043d\u0446\u0435\u0440\u043e\u0433\u0435\u043d\u043d\u044b\u0445 \u0432\u0435\u0449\u0435\u0441\u0442\u0432<\/p>\n<p>&nbsp;[trim][:ro_RO]Castelul este grozav at\u00e2t pentru joaca \u00een curte, c\u00e2t \u0219i \u00een interior. Joac\u0103-te \u00een c\u0103su\u021b\u0103 \u0219i preia rolul unei adev\u0103rate prin\u021bese. C\u0103su\u021ba din plastic este u\u0219or de instalat, realizat\u0103 din materiale sigure.<\/p>\n<p>\u2014 V\u00e2rsta recomandat\u0103 3+<br \/>\n&#8211; Poate fi folosit in interior si exterior<br \/>\n&#8211; Capacitate de utilizare \u00een jocuri de rol \u0219i jocuri colective<br \/>\n&#8211; Instalare usoara<br \/>\n&#8211; Dezvolt\u0103 imagina\u021bia copiilor<br \/>\n&#8211; Durabil \u0219i fiabil<br \/>\n&#8211; Design ergonomic<br \/>\n&#8211; Materie prim\u0103 de cea mai inalta calitate ce nu contine substan\u021be cancerigene<\/p>\n","protected":false},"excerpt":{"rendered":"<p>[:ru_RU]\u041a\u0440\u0430\u0441\u0438\u0432\u044b\u0439 \u0437\u0430\u043c\u043e\u043a \u043e\u0442\u043b\u0438\u0447\u043d\u043e \u043f\u043e\u0434\u0445\u043e\u0434\u0438\u0442 \u043a\u0430\u043a \u0434\u043b\u044f \u0438\u0433\u0440\u044b \u0432\u043e \u0434\u0432\u043e\u0440\u0435, \u0442\u0430\u043a \u0438 \u0432 \u0434\u0435\u0442\u0441\u043a\u043e\u0439. \u0418\u0433\u0440\u0430\u0439 \u0432 \u0434\u043e\u043c\u0435 \u0438 \u0432\u043e\u0437\u044c\u043c\u0438 \u043d\u0430 \u0441\u0435\u0431\u044f \u0440\u043e\u043b\u044c \u043d\u0430\u0441\u0442\u043e\u044f\u0449\u0435\u0439 \u043f\u0440\u0438\u043d\u0446\u0435\u0441\u0441\u044b. \u041f\u043b\u0430\u0441\u0442\u0438\u043a\u043e\u0432\u044b\u0439 \u0434\u043e\u043c\u0438\u043a \u043f\u0440\u043e\u0441\u0442 \u0432 \u0443\u0441\u0442\u0430\u043d\u043e\u0432\u043a\u0435, \u0438\u0437\u0433\u043e\u0442\u043e\u0432\u043b\u0435\u043d \u0438\u0437 \u0431\u0435\u0437\u043e\u043f\u0430\u0441\u043d\u044b\u0445 \u043c\u0430\u0442\u0435\u0440\u0438\u0430\u043b\u043e\u0432. &#8211; \u0420\u0435\u043a\u043e\u043c\u0435\u043d\u0434\u0443\u0435\u043c\u044b\u0439 \u0432\u043e\u0437\u0440\u0430\u0441\u0442 3+ &#8211; \u0412\u043e\u0437\u043c\u043e\u0436\u043d\u043e\u0441\u0442\u044c \u0438\u0441\u043f\u043e\u043b\u044c\u0437\u043e\u0432\u0430\u043d\u0438\u044f \u0432 \u043e\u0442\u043a\u0440\u044b\u0442\u044b\u0445 \u0438 \u0437\u0430\u043a\u0440\u044b\u0442\u044b\u0445 \u043f\u043e\u043c\u0435\u0449\u0435\u043d\u0438\u044f\u0445 &#8211; \u0412\u043e\u0437\u043c\u043e\u0436\u043d\u043e\u0441\u0442\u044c \u0438\u0441\u043f\u043e\u043b\u044c\u0437\u043e\u0432\u0430\u0442\u044c \u0432 \u0440\u043e\u043b\u0435\u0432\u044b\u0445 \u0438 \u043a\u043e\u043b\u043b\u0435\u043a\u0442\u0438\u0432\u043d\u044b\u0445 \u0438\u0433\u0440\u0430\u0445 &#8211; \u041f\u0440\u043e\u0441\u0442\u0430\u044f \u0443\u0441\u0442\u0430\u043d\u043e\u0432\u043a\u0430 [&hellip;]<\/p>\n","protected":false},"featured_media":44672,"comment_status":"open","ping_status":"closed","template":"","meta":{"_acf_changed":false},"product_brand":[],"product_cat":[6704],"product_tag":[],"class_list":{"0":"post-44676","1":"product","2":"type-product","3":"status-publish","4":"has-post-thumbnail","6":"product_cat-ru_ru-igrovye-palatki-trim","8":"first","9":"instock","10":"shipping-taxable","11":"purchasable","12":"product-type-simple"},"acf":[],"_links":{"self":[{"href":"https:\/\/minimax.md\/ru\/wp-json\/wp\/v2\/product\/44676","targetHints":{"allow":["GET"]}}],"collection":[{"href":"https:\/\/minimax.md\/ru\/wp-json\/wp\/v2\/product"}],"about":[{"href":"https:\/\/minimax.md\/ru\/wp-json\/wp\/v2\/types\/product"}],"replies":[{"embeddable":true,"href":"https:\/\/minimax.md\/ru\/wp-json\/wp\/v2\/comments?post=44676"}],"version-history":[{"count":0,"href":"https:\/\/minimax.md\/ru\/wp-json\/wp\/v2\/product\/44676\/revisions"}],"wp:featuredmedia":[{"embeddable":true,"href":"https:\/\/minimax.md\/ru\/wp-json\/wp\/v2\/media\/44672"}],"wp:attachment":[{"href":"https:\/\/minimax.md\/ru\/wp-json\/wp\/v2\/media?parent=44676"}],"wp:term":[{"taxonomy":"product_brand","embeddable":true,"href":"https:\/\/minimax.md\/ru\/wp-json\/wp\/v2\/product_brand?post=44676"},{"taxonomy":"product_cat","embeddable":true,"href":"https:\/\/minimax.md\/ru\/wp-json\/wp\/v2\/product_cat?post=44676"},{"taxonomy":"product_tag","embeddable":true,"href":"https:\/\/minimax.md\/ru\/wp-json\/wp\/v2\/product_tag?post=44676"}],"curies":[{"name":"wp","href":"https:\/\/api.w.org\/{rel}","templated":true}]}}