{"id":44698,"date":"2024-01-11T17:12:30","date_gmt":"2024-01-11T14:12:30","guid":{"rendered":"https:\/\/minimax.md\/product\/44698.html"},"modified":"2024-03-13T00:32:42","modified_gmt":"2024-03-12T21:32:42","slug":"ru_ru-inercionnaja-mashinka-vezdehod-4-modeli-trim-ro_ro-ma-in-cu-iner-ie-jeep-4-modele","status":"publish","type":"product","link":"https:\/\/minimax.md\/ru\/product\/44698.html","title":{"rendered":"\u0418\u043d\u0435\u0440\u0446\u0438\u043e\u043d\u043d\u0430\u044f \u043c\u0430\u0448\u0438\u043d\u043a\u0430 \"\u0412\u0435\u0437\u0434\u0435\u0445\u043e\u0434\", 4 \u043c\u043e\u0434\u0435\u043b\u0438"},"content":{"rendered":"<p>[:ru_RU]\u0418\u043d\u0435\u0440\u0446\u0438\u043e\u043d\u043d\u0430\u044f \u043c\u0430\u0448\u0438\u043d\u043a\u0430 &#8220;\u0412\u0435\u0437\u0434\u0435\u0445\u043e\u0434&#8221;&#8221; \u0441\u00a0 \u043a\u0440\u0430\u0448-\u044d\u0444\u0444\u0435\u043a\u0442\u043e\u043c, \u043a\u0430\u043a \u043d\u0435\u043b\u044c\u0437\u044f \u043b\u0443\u0447\u0448\u0435 \u043f\u043e\u0434\u043e\u0439\u0434\u0451\u0442 \u043c\u0430\u043b\u0435\u043d\u044c\u043a\u043e\u043c\u0443 \u043b\u044e\u0431\u0438\u0442\u0435\u043b\u044e \u0430\u0432\u0442\u043e\u043c\u043e\u0431\u0438\u043b\u0435\u0439!<\/p>\n<p>\u041a\u043e\u0440\u043f\u0443\u0441 \u0432\u043d\u0435\u0434\u043e\u0440\u043e\u0436\u043d\u0438\u043a\u0430 \u0441\u0434\u0435\u043b\u0430\u043d \u0438\u0437 \u0432\u044b\u0441\u043e\u043a\u043e\u043a\u0430\u0447\u0435\u0441\u0442\u0432\u0435\u043d\u043d\u043e\u0433\u043e \u043f\u043b\u0430\u0441\u0442\u0438\u043a\u0430, \u043a\u043e\u043b\u0451\u0441\u0430 &#8211; \u0438\u0437 \u0440\u0435\u0437\u0438\u043d\u044b, \u0430 \u0442\u0430\u043a\u0436\u0435 \u043c\u0430\u0448\u0438\u043d\u0430 \u043e\u0431\u043b\u0430\u0434\u0430\u0435\u0442 \u043c\u043e\u0449\u043d\u044b\u043c\u0438 \u0440\u0435\u0441\u0441\u043e\u0440\u0430\u043c\u0438. \u041e\u0441\u043e\u0431\u0435\u043d\u043d\u043e\u0441\u0442\u044c\u044e \u0432\u043d\u0435\u0434\u043e\u0440\u043e\u0436\u043d\u0438\u043a\u0430 \u044f\u0432\u043b\u044f\u0435\u0442\u0441\u044f \u0442\u043e, \u0447\u0442\u043e \u043c\u0430\u0448\u0438\u043d\u043a\u0430 \u0444\u0440\u0438\u043a\u0446\u0438\u043e\u043d\u043d\u0430\u044f, \u0438 \u0434\u043b\u044f \u0434\u0432\u0438\u0436\u0435\u043d\u0438\u044f \u043d\u0435\u043e\u0431\u0445\u043e\u0434\u0438\u043c\u043e \u043e\u0442\u043a\u0430\u0442\u0438\u0442\u044c \u043d\u0430\u0437\u0430\u0434 \u0438 \u043e\u0442\u043f\u0443\u0441\u0442\u0438\u0442\u044c. \u041f\u0440\u0443\u0436\u0438\u043d\u044b \u0430\u043c\u043e\u0440\u0442\u0438\u0437\u0430\u0446\u0438\u0438 \u043f\u043e\u0434\u0432\u0438\u0436\u043d\u044b \u0438 \u043c\u043e\u0433\u0443\u0442 \u0441\u0436\u0438\u043c\u0430\u0442\u044c\u0441\u044f \u0438 \u0440\u0430\u0437\u0436\u0438\u043c\u0430\u0442\u044c\u0441\u044f.<\/p>\n<p>\u0410 \u0441\u0430\u043c\u043e\u0435 \u0438\u043d\u0442\u0435\u0440\u0435\u0441\u043d\u043e\u0435 &#8211; \u044d\u0442\u043e \u0442\u043e, \u0447\u0442\u043e \u043f\u0440\u0438 \u0441\u0442\u043e\u043b\u043a\u043d\u043e\u0432\u0435\u043d\u0438\u0438 \u0441 \u0447\u0435\u043c-\u0442\u043e, \u043c\u0430\u0448\u0438\u043d\u043a\u0430 \u043f\u043e\u0434\u043f\u0440\u044b\u0433\u0438\u0432\u0430\u0435\u0442, \u043f\u043e\u044d\u0442\u043e\u043c\u0443 \u043c\u0430\u043b\u044b\u0448 \u0431\u0435\u0437 \u043e\u043f\u0430\u0441\u0435\u043d\u0438\u0439 \u043c\u043e\u0436\u0435\u0442 \u0438\u043d\u0441\u0446\u0435\u043d\u0438\u0440\u043e\u0432\u0430\u0442\u044c \u0430\u0432\u0430\u0440\u0438\u0438 \u0438 \u043f\u0440\u043e\u0432\u0435\u0440\u044f\u0442\u044c \u043c\u0430\u0448\u0438\u043d\u043a\u0443 \u043d\u0430 \u043f\u0440\u043e\u0447\u043d\u043e\u0441\u0442\u044c!<\/p>\n<p>\u0418\u0433\u0440\u0443\u0448\u0435\u0447\u043d\u044b\u0435 \u043c\u0430\u0448\u0438\u043d\u043a\u0438 \u043f\u043e\u043b\u0435\u0437\u043d\u044b \u0434\u043b\u044f \u0440\u0430\u0437\u0432\u0438\u0442\u0438\u044f \u0434\u0435\u0442\u0435\u0439, \u0442\u0430\u043a\u0438\u043c \u043e\u0431\u0440\u0430\u0437\u043e\u043c \u0440\u0435\u0431\u0435\u043d\u043e\u043a \u0442\u0440\u0435\u043d\u0438\u0440\u0443\u0435\u0442 \u0432\u0437\u0440\u043e\u0441\u043b\u044b\u0435 \u043e\u0442\u0432\u0435\u0442\u0441\u0442\u0432\u0435\u043d\u043d\u044b\u0435 \u043d\u0430\u0432\u044b\u043a\u0438, \u0440\u0430\u0437\u0432\u0438\u0432\u0430\u044f \u043f\u0440\u043e\u0441\u0442\u0440\u0430\u043d\u0441\u0442\u0432\u0435\u043d\u043d\u043e\u0435 \u043c\u044b\u0448\u043b\u0435\u043d\u0438\u0435, \u0432\u043e\u043e\u0431\u0440\u0430\u0436\u0435\u043d\u0438\u0435 \u0438 \u043c\u0435\u043b\u043a\u0443\u044e \u043c\u043e\u0442\u043e\u0440\u0438\u043a\u0443.[trim][:ro_RO]<strong>Ma\u0219in\u0103 cu iner\u021bie &#8220;Jeep&#8221; este cea mai potrivit\u0103 pentru un mic iubitor de ma\u0219ini!<\/strong><\/p>\n<p>Caroseria automobilului este realizat\u0103 din plastic de \u00eenalt\u0103 calitate, ro\u021bile sunt din cauciuc, iar ma\u0219ina are arcuri puternice. Una din caracteristici este c\u0103 ma\u0219ina are iner\u021bie, iar pentru mi\u0219care este necesar s\u0103 o mi\u0219ca\u021bi un pic \u00een spate \u0219i s\u0103 o elibera\u021bi. Arcurile de amortizare sunt mobile \u0219i pot fi comprimate \u0219i decomprimate.<\/p>\n<p>Atunci c\u00e2nd se ciocne\u0219te cu ceva, ma\u0219ina sare, astfel \u00eenc\u00e2t copilul poate \u00eenscena accidente f\u0103r\u0103 team\u0103 \u0219i poate testa ma\u0219ina la rezisten\u021b\u0103!<\/p>\n<p>Ma\u0219inu\u021bile sunt utile pentru dezvoltarea copiilor. <strong>Prin joc, copilul \u00ee\u0219i dezvolt\u0103 imagina\u021bia, abilit\u0103\u021bile motorii fine, cunoa\u0219te mai multe despre cum este s\u0103 fii responsabil.<\/strong><\/p>\n","protected":false},"excerpt":{"rendered":"<p>[:ru_RU]\u0418\u043d\u0435\u0440\u0446\u0438\u043e\u043d\u043d\u0430\u044f \u043c\u0430\u0448\u0438\u043d\u043a\u0430 &#8220;\u0412\u0435\u0437\u0434\u0435\u0445\u043e\u0434&#8221;&#8221; \u0441\u00a0 \u043a\u0440\u0430\u0448-\u044d\u0444\u0444\u0435\u043a\u0442\u043e\u043c, \u043a\u0430\u043a \u043d\u0435\u043b\u044c\u0437\u044f \u043b\u0443\u0447\u0448\u0435 \u043f\u043e\u0434\u043e\u0439\u0434\u0451\u0442 \u043c\u0430\u043b\u0435\u043d\u044c\u043a\u043e\u043c\u0443 \u043b\u044e\u0431\u0438\u0442\u0435\u043b\u044e \u0430\u0432\u0442\u043e\u043c\u043e\u0431\u0438\u043b\u0435\u0439! \u041a\u043e\u0440\u043f\u0443\u0441 \u0432\u043d\u0435\u0434\u043e\u0440\u043e\u0436\u043d\u0438\u043a\u0430 \u0441\u0434\u0435\u043b\u0430\u043d \u0438\u0437 \u0432\u044b\u0441\u043e\u043a\u043e\u043a\u0430\u0447\u0435\u0441\u0442\u0432\u0435\u043d\u043d\u043e\u0433\u043e \u043f\u043b\u0430\u0441\u0442\u0438\u043a\u0430, \u043a\u043e\u043b\u0451\u0441\u0430 &#8211; \u0438\u0437 \u0440\u0435\u0437\u0438\u043d\u044b, \u0430 \u0442\u0430\u043a\u0436\u0435 \u043c\u0430\u0448\u0438\u043d\u0430 \u043e\u0431\u043b\u0430\u0434\u0430\u0435\u0442 \u043c\u043e\u0449\u043d\u044b\u043c\u0438 \u0440\u0435\u0441\u0441\u043e\u0440\u0430\u043c\u0438. \u041e\u0441\u043e\u0431\u0435\u043d\u043d\u043e\u0441\u0442\u044c\u044e \u0432\u043d\u0435\u0434\u043e\u0440\u043e\u0436\u043d\u0438\u043a\u0430 \u044f\u0432\u043b\u044f\u0435\u0442\u0441\u044f \u0442\u043e, \u0447\u0442\u043e \u043c\u0430\u0448\u0438\u043d\u043a\u0430 \u0444\u0440\u0438\u043a\u0446\u0438\u043e\u043d\u043d\u0430\u044f, \u0438 \u0434\u043b\u044f \u0434\u0432\u0438\u0436\u0435\u043d\u0438\u044f \u043d\u0435\u043e\u0431\u0445\u043e\u0434\u0438\u043c\u043e \u043e\u0442\u043a\u0430\u0442\u0438\u0442\u044c \u043d\u0430\u0437\u0430\u0434 \u0438 \u043e\u0442\u043f\u0443\u0441\u0442\u0438\u0442\u044c. \u041f\u0440\u0443\u0436\u0438\u043d\u044b \u0430\u043c\u043e\u0440\u0442\u0438\u0437\u0430\u0446\u0438\u0438 \u043f\u043e\u0434\u0432\u0438\u0436\u043d\u044b \u0438 \u043c\u043e\u0433\u0443\u0442 \u0441\u0436\u0438\u043c\u0430\u0442\u044c\u0441\u044f \u0438 \u0440\u0430\u0437\u0436\u0438\u043c\u0430\u0442\u044c\u0441\u044f. \u0410 \u0441\u0430\u043c\u043e\u0435 \u0438\u043d\u0442\u0435\u0440\u0435\u0441\u043d\u043e\u0435 &#8211; [&hellip;]<\/p>\n","protected":false},"featured_media":44693,"comment_status":"open","ping_status":"closed","template":"","meta":{"_acf_changed":false},"product_brand":[],"product_cat":[6726],"product_tag":[],"class_list":{"0":"post-44698","1":"product","2":"type-product","3":"status-publish","4":"has-post-thumbnail","6":"product_cat-ru_ru-mashinki-trim-ro_ro-m","8":"first","9":"instock","10":"shipping-taxable","11":"purchasable","12":"product-type-simple"},"acf":[],"_links":{"self":[{"href":"https:\/\/minimax.md\/ru\/wp-json\/wp\/v2\/product\/44698","targetHints":{"allow":["GET"]}}],"collection":[{"href":"https:\/\/minimax.md\/ru\/wp-json\/wp\/v2\/product"}],"about":[{"href":"https:\/\/minimax.md\/ru\/wp-json\/wp\/v2\/types\/product"}],"replies":[{"embeddable":true,"href":"https:\/\/minimax.md\/ru\/wp-json\/wp\/v2\/comments?post=44698"}],"version-history":[{"count":0,"href":"https:\/\/minimax.md\/ru\/wp-json\/wp\/v2\/product\/44698\/revisions"}],"wp:featuredmedia":[{"embeddable":true,"href":"https:\/\/minimax.md\/ru\/wp-json\/wp\/v2\/media\/44693"}],"wp:attachment":[{"href":"https:\/\/minimax.md\/ru\/wp-json\/wp\/v2\/media?parent=44698"}],"wp:term":[{"taxonomy":"product_brand","embeddable":true,"href":"https:\/\/minimax.md\/ru\/wp-json\/wp\/v2\/product_brand?post=44698"},{"taxonomy":"product_cat","embeddable":true,"href":"https:\/\/minimax.md\/ru\/wp-json\/wp\/v2\/product_cat?post=44698"},{"taxonomy":"product_tag","embeddable":true,"href":"https:\/\/minimax.md\/ru\/wp-json\/wp\/v2\/product_tag?post=44698"}],"curies":[{"name":"wp","href":"https:\/\/api.w.org\/{rel}","templated":true}]}}