{"id":44708,"date":"2024-01-11T17:12:31","date_gmt":"2024-01-11T14:12:31","guid":{"rendered":"https:\/\/minimax.md\/product\/44708.html"},"modified":"2024-03-13T00:17:06","modified_gmt":"2024-03-12T21:17:06","slug":"ru_ru-nastolnaja-igra-ushastye-gonki-trim-ro_ro-joc-de-societate-cursa-iepura-ilor","status":"publish","type":"product","link":"https:\/\/minimax.md\/ru\/product\/44708.html","title":{"rendered":"\u041d\u0430\u0441\u0442\u043e\u043b\u044c\u043d\u0430\u044f \u0438\u0433\u0440\u0430 \"\u0423\u0448\u0430\u0441\u0442\u044b\u0435 \u0433\u043e\u043d\u043a\u0438\""},"content":{"rendered":"<p>[:ru_RU]\u0423\u0441\u0442\u0440\u043e\u0438\u043c \u0433\u043e\u043d\u043a\u0438<\/p>\n<p>\u0428\u0443\u0441\u0442\u0440\u044b\u0435 \u0437\u0430\u0439\u0447\u0438\u043a\u0438 \u0441\u043f\u0435\u0448\u0430\u0442 \u0437\u0430 \u043c\u043e\u0440\u043a\u043e\u0432\u043a\u043e\u0439. \u041f\u043e\u043c\u043e\u0433\u0438\u0442\u0435 \u0443\u0448\u0430\u0441\u0442\u044b\u043c \u0441\u043f\u043e\u0440\u0442\u0441\u043c\u0435\u043d\u0430\u043c \u0432\u0437\u043e\u0431\u0440\u0430\u0442\u044c\u0441\u044f \u043d\u0430 \u0432\u0435\u0440\u0448\u0438\u043d\u0443 \u0437\u0435\u043b\u0451\u043d\u043e\u0433\u043e \u0445\u043e\u043b\u043c\u0430. \u0411\u0443\u0434\u044c\u0442\u0435 \u0432\u043d\u0438\u043c\u0430\u0442\u0435\u043b\u044c\u043d\u044b: \u043d\u0430 \u043f\u043e\u043b\u0435 \u0435\u0441\u0442\u044c \u043d\u043e\u0440\u043a\u0438-\u043b\u043e\u0432\u0443\u0448\u043a\u0438 \u2014 \u0432 \u043b\u044e\u0431\u043e\u0439 \u043c\u043e\u043c\u0435\u043d\u0442 \u0432\u0430\u0448 \u0437\u0430\u0439\u043a\u0430 \u043c\u043e\u0436\u0435\u0442 \u0438\u0441\u0447\u0435\u0437\u043d\u0443\u0442\u044c!<\/p>\n<p>\u0418\u0433\u0440\u0430 \u043d\u0430\u0447\u0438\u043d\u0430\u0435\u0442\u0441\u044f:<\/p>\n<p> \t\u0423\u0441\u0442\u0430\u043d\u043e\u0432\u0438\u0442\u0435 \u043b\u0443\u0436\u0430\u0439\u043a\u0443 \u043d\u0430 \u0440\u043e\u0432\u043d\u0443\u044e \u043f\u043e\u0432\u0435\u0440\u0445\u043d\u043e\u0441\u0442\u044c.<br \/>\n \t\u0420\u0430\u0437\u0434\u0430\u0439\u0442\u0435 \u043a\u0430\u0436\u0434\u043e\u043c\u0443 \u0438\u0433\u0440\u043e\u043a\u0443 \u043f\u043e 4 \u0437\u0430\u0439\u0447\u0438\u043a\u0430 \u043e\u0434\u043d\u043e\u0433\u043e \u0446\u0432\u0435\u0442\u0430.<br \/>\n \t\u041f\u0435\u0440\u0435\u0432\u043e\u0440\u0430\u0447\u0438\u0432\u0430\u0439\u0442\u0435 \u043a\u0430\u0440\u0442\u043e\u0447\u043a\u0438 \u0438 \u043f\u0435\u0440\u0435\u0434\u0432\u0438\u0433\u0430\u0439\u0442\u0435 \u0444\u0438\u0433\u0443\u0440\u043a\u0438 \u0437\u0430\u0439\u0447\u0430\u0442 \u043d\u0430 \u0443\u043a\u0430\u0437\u0430\u043d\u043d\u043e\u0435 \u043a\u043e\u043b\u0438\u0447\u0435\u0441\u0442\u0432\u043e \u043f\u0440\u044b\u0436\u043a\u043e\u0432.<br \/>\n \t\u041f\u043e\u0431\u0435\u0434\u0438\u0442 \u0442\u043e\u0442, \u043a\u0442\u043e \u043f\u0435\u0440\u0432\u044b\u043c \u0434\u043e\u0431\u0435\u0440\u0451\u0442\u0441\u044f \u0434\u043e \u0445\u0440\u0443\u0441\u0442\u044f\u0449\u0435\u0433\u043e \u043b\u0430\u043a\u043e\u043c\u0441\u0442\u0432\u0430.<br \/>\n \t\u0417\u0430\u0439\u043a\u0430 \u0443\u043f\u0430\u043b \u0432 \u043d\u043e\u0440\u043a\u0443?<br \/>\n \t\u0422\u0435\u043f\u0435\u0440\u044c \u043e\u043d \u0431\u0443\u0434\u0435\u0442 \u0432\u043d\u0435 \u0438\u0433\u0440\u044b. \u0418\u0441\u043f\u043e\u043b\u044c\u0437\u0443\u0439\u0442\u0435 \u043e\u0441\u0442\u0430\u0432\u0448\u0438\u0445\u0441\u044f \u0443\u0448\u0430\u0441\u0442\u044b\u0445 \u0443\u0447\u0430\u0441\u0442\u043d\u0438\u043a\u043e\u0432. \u0410 \u0435\u0441\u043b\u0438 \u0443 \u0432\u0430\u0441 \u0435\u0441\u0442\u044c \u0437\u0432\u0435\u0440\u044f\u0442\u0430 \u0432 \u0437\u0430\u043f\u0430\u0441\u0435, \u0443\u0441\u0442\u0430\u043d\u043e\u0432\u0438\u0442\u0435 \u0438\u0445 \u043d\u0430 \u043d\u0430\u0447\u0430\u043b\u043e \u0434\u043e\u0440\u043e\u0436\u043a\u0438 \u0438 \u043f\u0440\u043e\u0434\u043e\u043b\u0436\u0430\u0439\u0442\u0435 \u0438\u0433\u0440\u0443.<\/p>\n<p>\u0412 \u043a\u043e\u043c\u043f\u043b\u0435\u043a\u0442\u0435 \u0432\u044b \u043d\u0430\u0439\u0434\u0451\u0442\u0435:<\/p>\n<p> \t\u0438\u0433\u0440\u043e\u0432\u043e\u0435 \u043f\u043e\u043b\u0435;<br \/>\n \t24 \u043a\u0430\u0440\u0442\u043e\u0447\u043a\u0438;<br \/>\n \t16 \u0444\u0438\u0433\u0443\u0440\u043e\u043a \u0437\u0430\u0439\u0447\u0438\u043a\u043e\u0432;<br \/>\n \t\u043a\u0430\u0440\u0442\u043e\u043d\u043d\u044b\u0439 \u043a\u0443\u0431\u0438\u043a;<br \/>\n \t\u043f\u0440\u0430\u0432\u0438\u043b\u0430 \u0438\u0433\u0440\u044b.<\/p>\n<p>\u0417\u0430\u0431\u0430\u0432\u043d\u043e\u0435 \u0440\u0430\u0437\u0432\u043b\u0435\u0447\u0435\u043d\u0438\u0435 \u043f\u0440\u043e\u0431\u0443\u0434\u0438\u0442 \u0444\u0430\u043d\u0442\u0430\u0437\u0438\u044e \u0440\u0435\u0431\u0451\u043d\u043a\u0430, \u0430 \u0442\u0430\u043a\u0436\u0435 \u0431\u0443\u0434\u0435\u0442 \u0441\u043f\u043e\u0441\u043e\u0431\u0441\u0442\u0432\u043e\u0432\u0430\u0442\u044c \u0440\u0430\u0437\u0432\u0438\u0442\u0438\u044e \u0432\u043d\u0438\u043c\u0430\u0442\u0435\u043b\u044c\u043d\u043e\u0441\u0442\u0438, \u0432\u044b\u0440\u0430\u0431\u043e\u0442\u0430\u0435\u0442 \u0441\u043f\u043e\u0440\u0442\u0438\u0432\u043d\u044b\u0439 \u0430\u0437\u0430\u0440\u0442 \u0438 \u0432\u043e\u043b\u044e \u043a \u043f\u043e\u0431\u0435\u0434\u0435.<\/p>\n<p>\u041a\u043e\u043b\u0438\u0447\u0435\u0441\u0442\u0432\u043e \u0438\u0433\u0440\u043e\u043a\u043e\u0432: 2\u20126.[trim][:ro_RO]S\u0103 facem o curs\u0103<\/p>\n<p>Iepura\u0219ii ageri se reped dup\u0103 morcovi. Ajut\u0103 sportivii cu urechi s\u0103 urce \u00een v\u00e2rful dealului verde. Aten\u021bie: exist\u0103 capcane pentru nurci pe c\u00e2mp &#8211; \u00een orice moment iepura\u0219ul t\u0103u poate disp\u0103rea!<\/p>\n<p>\u00cencepe jocul:<\/p>\n<ul>\n<li>A\u0219eza\u021bi gazonul pe o suprafa\u021b\u0103 orizontal\u0103.<\/li>\n<li>Ofer\u0103 fiec\u0103rui juc\u0103tor c\u00e2te 4 iepura\u0219i de aceea\u0219i culoare.<\/li>\n<li>\u00centoarce\u021bi cartona\u0219ele \u0219i muta\u021bi figurile iepurelui cu num\u0103rul de s\u0103rituri specificat pe cartona\u0219.<\/li>\n<li>C\u00e2\u0219tig\u0103 cel care ajunge primul la dulcele crocant.<\/li>\n<li>Iepura\u0219ul a c\u0103zut \u00eentr-o groap\u0103?<\/li>\n<li>Acum el va ie\u0219i \u00een afara jocului. Folosi\u021bi participan\u021bii cu urechi r\u0103ma\u0219i . \u0218i dac\u0103 mai ave\u021bi anim\u0103lu\u021be r\u0103mase, plasa\u021bi-le la \u00eenceputul pistei \u0219i continua\u021bi jocul.<\/li>\n<\/ul>\n<p>Setul include:<\/p>\n<ul>\n<li>teren de joc;<\/li>\n<li>24 carduri;<\/li>\n<li>16 figurine de iepura\u0219;<\/li>\n<li>regulile de joc.<\/li>\n<\/ul>\n<p>Distrac\u021bia amuzant\u0103 va trezi imagina\u021bia copilului \u0219i, de asemenea, va contribui la dezvoltarea aten\u021biei, a pasiunii <\/p>\n","protected":false},"excerpt":{"rendered":"<p>[:ru_RU]\u0423\u0441\u0442\u0440\u043e\u0438\u043c \u0433\u043e\u043d\u043a\u0438 \u0428\u0443\u0441\u0442\u0440\u044b\u0435 \u0437\u0430\u0439\u0447\u0438\u043a\u0438 \u0441\u043f\u0435\u0448\u0430\u0442 \u0437\u0430 \u043c\u043e\u0440\u043a\u043e\u0432\u043a\u043e\u0439. \u041f\u043e\u043c\u043e\u0433\u0438\u0442\u0435 \u0443\u0448\u0430\u0441\u0442\u044b\u043c \u0441\u043f\u043e\u0440\u0442\u0441\u043c\u0435\u043d\u0430\u043c \u0432\u0437\u043e\u0431\u0440\u0430\u0442\u044c\u0441\u044f \u043d\u0430 \u0432\u0435\u0440\u0448\u0438\u043d\u0443 \u0437\u0435\u043b\u0451\u043d\u043e\u0433\u043e \u0445\u043e\u043b\u043c\u0430. \u0411\u0443\u0434\u044c\u0442\u0435 \u0432\u043d\u0438\u043c\u0430\u0442\u0435\u043b\u044c\u043d\u044b: \u043d\u0430 \u043f\u043e\u043b\u0435 \u0435\u0441\u0442\u044c \u043d\u043e\u0440\u043a\u0438-\u043b\u043e\u0432\u0443\u0448\u043a\u0438 \u2014 \u0432 \u043b\u044e\u0431\u043e\u0439 \u043c\u043e\u043c\u0435\u043d\u0442 \u0432\u0430\u0448 \u0437\u0430\u0439\u043a\u0430 \u043c\u043e\u0436\u0435\u0442 \u0438\u0441\u0447\u0435\u0437\u043d\u0443\u0442\u044c! \u0418\u0433\u0440\u0430 \u043d\u0430\u0447\u0438\u043d\u0430\u0435\u0442\u0441\u044f: \u0423\u0441\u0442\u0430\u043d\u043e\u0432\u0438\u0442\u0435 \u043b\u0443\u0436\u0430\u0439\u043a\u0443 \u043d\u0430 \u0440\u043e\u0432\u043d\u0443\u044e \u043f\u043e\u0432\u0435\u0440\u0445\u043d\u043e\u0441\u0442\u044c. \u0420\u0430\u0437\u0434\u0430\u0439\u0442\u0435 \u043a\u0430\u0436\u0434\u043e\u043c\u0443 \u0438\u0433\u0440\u043e\u043a\u0443 \u043f\u043e 4 \u0437\u0430\u0439\u0447\u0438\u043a\u0430 \u043e\u0434\u043d\u043e\u0433\u043e \u0446\u0432\u0435\u0442\u0430. \u041f\u0435\u0440\u0435\u0432\u043e\u0440\u0430\u0447\u0438\u0432\u0430\u0439\u0442\u0435 \u043a\u0430\u0440\u0442\u043e\u0447\u043a\u0438 \u0438 \u043f\u0435\u0440\u0435\u0434\u0432\u0438\u0433\u0430\u0439\u0442\u0435 \u0444\u0438\u0433\u0443\u0440\u043a\u0438 \u0437\u0430\u0439\u0447\u0430\u0442 \u043d\u0430 \u0443\u043a\u0430\u0437\u0430\u043d\u043d\u043e\u0435 \u043a\u043e\u043b\u0438\u0447\u0435\u0441\u0442\u0432\u043e \u043f\u0440\u044b\u0436\u043a\u043e\u0432. \u041f\u043e\u0431\u0435\u0434\u0438\u0442 [&hellip;]<\/p>\n","protected":false},"featured_media":44705,"comment_status":"open","ping_status":"closed","template":"","meta":{"_acf_changed":false},"product_brand":[],"product_cat":[6695],"product_tag":[],"class_list":{"0":"post-44708","1":"product","2":"type-product","3":"status-publish","4":"has-post-thumbnail","6":"product_cat-ru_ru-logicheskie-trim-ro_r","8":"first","9":"instock","10":"shipping-taxable","11":"purchasable","12":"product-type-simple"},"acf":[],"_links":{"self":[{"href":"https:\/\/minimax.md\/ru\/wp-json\/wp\/v2\/product\/44708","targetHints":{"allow":["GET"]}}],"collection":[{"href":"https:\/\/minimax.md\/ru\/wp-json\/wp\/v2\/product"}],"about":[{"href":"https:\/\/minimax.md\/ru\/wp-json\/wp\/v2\/types\/product"}],"replies":[{"embeddable":true,"href":"https:\/\/minimax.md\/ru\/wp-json\/wp\/v2\/comments?post=44708"}],"version-history":[{"count":0,"href":"https:\/\/minimax.md\/ru\/wp-json\/wp\/v2\/product\/44708\/revisions"}],"wp:featuredmedia":[{"embeddable":true,"href":"https:\/\/minimax.md\/ru\/wp-json\/wp\/v2\/media\/44705"}],"wp:attachment":[{"href":"https:\/\/minimax.md\/ru\/wp-json\/wp\/v2\/media?parent=44708"}],"wp:term":[{"taxonomy":"product_brand","embeddable":true,"href":"https:\/\/minimax.md\/ru\/wp-json\/wp\/v2\/product_brand?post=44708"},{"taxonomy":"product_cat","embeddable":true,"href":"https:\/\/minimax.md\/ru\/wp-json\/wp\/v2\/product_cat?post=44708"},{"taxonomy":"product_tag","embeddable":true,"href":"https:\/\/minimax.md\/ru\/wp-json\/wp\/v2\/product_tag?post=44708"}],"curies":[{"name":"wp","href":"https:\/\/api.w.org\/{rel}","templated":true}]}}