{"id":44779,"date":"2024-01-11T17:12:38","date_gmt":"2024-01-11T14:12:38","guid":{"rendered":"https:\/\/minimax.md\/product\/44779.html"},"modified":"2024-03-13T00:17:41","modified_gmt":"2024-03-12T21:17:41","slug":"ru_ru-bizibord-miksuem-cveta-trim-ro_ro-busyboard-mix-m-culorile","status":"publish","type":"product","link":"https:\/\/minimax.md\/ru\/product\/44779.html","title":{"rendered":"\u0411\u0438\u0437\u0438\u0431\u043e\u0440\u0434 \"\u041c\u0438\u043a\u0441\u0443\u0435\u043c \u0446\u0432\u0435\u0442\u0430\""},"content":{"rendered":"<p>[:ru_RU]\u041c\u043e\u0436\u0435\u0442 \u043b\u0438 \u0438\u0433\u0440\u0430 \u0441 \u043c\u0430\u043b\u0435\u043d\u044c\u043a\u0438\u043c \u0440\u0435\u0431\u0435\u043d\u043a\u043e\u043c \u0431\u044b\u0442\u044c \u0447\u0443\u0442\u043e\u0447\u043a\u0443 \u0432\u043e\u043b\u0448\u0435\u0431\u043d\u043e\u0439? \u0414\u0430, \u0435\u0441\u043b\u0438 \u0432 \u043d\u0435\u0439 \u0435\u0441\u0442\u044c \u0431\u0438\u0437\u0438\u0431\u043e\u0440\u0434 Viga Toys &#8220;\u041c\u0438\u043a\u0441\u0443\u0435\u043c \u0446\u0432\u0435\u0442\u0430&#8221;.<\/p>\n<p>\u042d\u0442\u043e \u0434\u0435\u0440\u0435\u0432\u044f\u043d\u043d\u0430\u044f \u0440\u0430\u0437\u0432\u0438\u0432\u0430\u044e\u0449\u0430\u044f \u0438\u0433\u0440\u0443\u0448\u043a\u0430 \u0434\u043b\u044f \u043c\u0430\u043b\u044b\u0448\u0435\u0439 \u043e\u0442 18 \u043c\u0435\u0441\u044f\u0446\u0435\u0432 \u0434\u043e 3 \u043b\u0435\u0442. \u041d\u0430 \u043a\u0440\u0443\u0433\u043b\u043e\u0439 \u043e\u0441\u043d\u043e\u0432\u0435 \u0441 \u0443\u0448\u043a\u0430\u043c\u0438 \u0435\u0441\u0442\u044c \u0441\u0435\u0433\u043c\u0435\u043d\u0442\u0438\u0440\u043e\u0432\u0430\u043d\u043d\u044b\u0439 \u043f\u043e \u0446\u0432\u0435\u0442\u0430\u043c \u043a\u0440\u0443\u0433 \u0441 \u043e\u0442\u0432\u0435\u0440\u0441\u0442\u0438\u044f\u043c\u0438. \u0415\u0433\u043e \u043c\u043e\u0436\u043d\u043e \u043a\u0440\u0443\u0442\u0438\u0442\u044c \u0432 \u0440\u0430\u0437\u043d\u044b\u0435 \u0441\u0442\u043e\u0440\u043e\u043d\u044b \u0438 \u0441\u043b\u0435\u0434\u0438\u0442\u044c, \u043a\u0430\u043a \u043c\u0435\u043d\u044f\u044e\u0442\u0441\u044f \u0446\u0432\u0435\u0442\u0430 \u0432 \u043e\u043a\u043e\u0448\u043a\u0430\u0445.<br \/>\n\u0421 \u0442\u0430\u043a\u043e\u0439 \u0434\u0435\u0440\u0435\u0432\u044f\u043d\u043d\u043e\u0439 \u0438\u0433\u0440\u0443\u0448\u043a\u043e\u0439 \u0440\u0435\u0431\u0435\u043d\u043e\u043a \u043f\u043e\u043b\u0443\u0447\u0430\u0435\u0442 \u0438\u043d\u0442\u0435\u0440\u0435\u0441\u043d\u044b\u0435 \u0438 \u0431\u0435\u0437\u043e\u043f\u0430\u0441\u043d\u044b\u0435 \u043e\u0431\u044a\u0435\u043a\u0442\u044b \u0434\u043b\u044f \u0438\u0441\u0441\u043b\u0435\u0434\u043e\u0432\u0430\u043d\u0438\u044f. \u041e\u043d \u0443\u0447\u0438\u0442\u0441\u044f \u043d\u0430\u043f\u0440\u0430\u0432\u043b\u044f\u0442\u044c \u0432\u043d\u0438\u043c\u0430\u043d\u0438\u0435, \u0437\u043d\u0430\u043a\u043e\u043c\u0438\u0442\u0441\u044f \u0441 \u0446\u0432\u0435\u0442\u0430\u043c\u0438. \u0412 \u0440\u0435\u0437\u0443\u043b\u044c\u0442\u0430\u0442\u0435 \u0443\u043b\u0443\u0447\u0448\u0430\u0435\u0442\u0441\u044f \u0446\u0432\u0435\u0442\u043e\u0432\u043e\u0435 \u0432\u043e\u0441\u043f\u0440\u0438\u044f\u0442\u0438\u0435, \u0442\u0440\u0435\u043d\u0438\u0440\u0443\u0435\u0442\u0441\u044f \u043a\u043e\u043e\u0440\u0434\u0438\u043d\u0430\u0446\u0438\u044f \u0440\u0443\u043a \u0438 \u0433\u043b\u0430\u0437. \u041c\u0430\u043b\u044b\u0448 \u043d\u0430\u0447\u0438\u043d\u0430\u0435\u0442 \u0440\u0430\u0437\u043b\u0438\u0447\u0430\u0442\u044c \u0446\u0432\u0435\u0442\u0430 \u0438 \u0438\u0445 \u0441\u043e\u0447\u0435\u0442\u0430\u043d\u0438\u044f.<br \/>\n\u0411\u0438\u0437\u0438\u0431\u043e\u0440\u0434 Viga Toys \u041c\u0438\u043a\u0441\u0443\u0435\u043c \u0446\u0432\u0435\u0442\u0430 \u2013 \u044d\u0442\u043e \u0443\u043d\u0438\u043a\u0430\u043b\u044c\u043d\u0430\u044f \u0440\u0430\u0437\u0432\u0438\u0432\u0430\u044e\u0449\u0430\u044f \u0438\u0433\u0440\u0443\u0448\u043a\u0430. \u041e\u043d\u0430 \u043c\u043e\u0436\u0435\u0442 \u0437\u0430\u043d\u044f\u0442\u044c \u043d\u0435\u0441\u043a\u043e\u043b\u044c\u043a\u0438\u0445 \u0434\u0435\u0442\u0435\u0439 \u043e\u0434\u043d\u043e\u0432\u0440\u0435\u043c\u0435\u043d\u043d\u043e. \u041f\u043e\u044d\u0442\u043e\u043c\u0443 \u0435\u0435 \u0438\u0441\u043f\u043e\u043b\u044c\u0437\u0443\u044e\u0442 \u043a\u0430\u043a \u0434\u043e\u043c\u0430, \u0442\u0430\u043a \u0438 \u0432 \u0434\u0435\u0442\u0441\u043a\u0438\u0445 \u0441\u0430\u0434\u0430\u0445 \u0438 \u0446\u0435\u043d\u0442\u0440\u0430\u0445. \u041d\u0430\u0441\u0442\u0435\u043d\u043d\u0430\u044f \u0438\u0433\u0440\u0443\u0448\u043a\u0430 \u043f\u043e\u0434\u0445\u043e\u0434\u0438\u0442 \u0434\u043b\u044f \u043c\u0435\u0442\u043e\u0434\u0438\u043a\u0438 \u041c\u043e\u043d\u0442\u0435\u0441\u0441\u043e\u0440\u0438.<br \/>\n\u0412\u0441\u0435 \u044d\u043b\u0435\u043c\u0435\u043d\u0442\u044b \u0432\u044b\u043f\u043e\u043b\u043d\u0435\u043d\u044b \u0438\u0437 \u043f\u0440\u0438\u0440\u043e\u0434\u043d\u043e\u0433\u043e \u043c\u0430\u0442\u0435\u0440\u0438\u0430\u043b\u0430 \u2013 \u0434\u0435\u0440\u0435\u0432\u0430, \u043e\u043a\u0440\u0430\u0448\u0435\u043d\u044b \u0431\u0435\u0437\u043e\u043f\u0430\u0441\u043d\u044b\u043c\u0438 \u043a\u0440\u0430\u0441\u043a\u0430\u043c\u0438. \u0414\u0435\u0442\u0430\u043b\u0438 \u044f\u0440\u043a\u0438\u0435, \u0433\u043b\u0430\u0434\u043a\u043e \u043e\u0442\u0448\u043b\u0438\u0444\u043e\u0432\u0430\u043d\u043d\u044b\u0435. \u0412 \u043a\u043e\u043c\u043f\u043b\u0435\u043a\u0442\u0435 \u0435\u0441\u0442\u044c \u0448\u0443\u0440\u0443\u043f\u044b \u0434\u043b\u044f \u043a\u0440\u0435\u043f\u043b\u0435\u043d\u0438\u044f \u043d\u0430 [trim][:ro_RO]<strong>Poate deveni jocul \u0219i mai magic pentru copil? Da, dac\u0103 are Busyboard-ul Viga Toys \u201eMix\u0103m culorile\u201d.<\/strong><\/p>\n<p>Aceasta este o juc\u0103rie educativ\u0103 din lemn pentru copiii cu v\u00e2rsta cuprins\u0103 \u00eentre 18 luni \u0219i 3 ani. Pe o baz\u0103 rotund\u0103 cu urechiu\u0219e se afl\u0103 un cerc segmentat dup\u0103 culoare, cu orificii de mici dimensiuni . Poate fi r\u0103sucit \u00een direc\u021bii diferite, iar magia apare cand culorile \u00eencep s\u0103 se schimbe.<br \/>\nCu aceast\u0103 juc\u0103rie educativ\u0103, copilul prime\u0219te obiective interesante \u0219i sigure pentru cercetare. \u00cenva\u021b\u0103 s\u0103 direc\u021bioneze aten\u021bia, se familiarizeaz\u0103 cu culorile. Ca urmare, percep\u021bia nuan\u021belor se \u00eembun\u0103t\u0103\u021be\u0219te, coordonarea ochi-m\u00e2n\u0103 este antrenat\u0103. Copila\u0219ul \u00eencepe s\u0103 disting\u0103 culorile \u0219i combina\u021biile lor.<br \/>\n<strong>Busyboard-ul Viga Toys \u201eMix\u0103m culorile\u201d<\/strong> este o juc\u0103rie educa\u021bional\u0103 unic\u0103 \u00een care se pot juca simultan mai mul\u021bi copii. Prin urmare, se folose\u0219te at\u00e2t acas\u0103, c\u00e2t \u0219i \u00een gr\u0103dini\u021be \u0219i centre. Juc\u0103ria de perete este potrivit\u0103 pentru tehnica Montessori.<br \/>\nToate elementele sunt realizate din <\/p>\n","protected":false},"excerpt":{"rendered":"<p>[:ru_RU]\u041c\u043e\u0436\u0435\u0442 \u043b\u0438 \u0438\u0433\u0440\u0430 \u0441 \u043c\u0430\u043b\u0435\u043d\u044c\u043a\u0438\u043c \u0440\u0435\u0431\u0435\u043d\u043a\u043e\u043c \u0431\u044b\u0442\u044c \u0447\u0443\u0442\u043e\u0447\u043a\u0443 \u0432\u043e\u043b\u0448\u0435\u0431\u043d\u043e\u0439? \u0414\u0430, \u0435\u0441\u043b\u0438 \u0432 \u043d\u0435\u0439 \u0435\u0441\u0442\u044c \u0431\u0438\u0437\u0438\u0431\u043e\u0440\u0434 Viga Toys &#8220;\u041c\u0438\u043a\u0441\u0443\u0435\u043c \u0446\u0432\u0435\u0442\u0430&#8221;. \u042d\u0442\u043e \u0434\u0435\u0440\u0435\u0432\u044f\u043d\u043d\u0430\u044f \u0440\u0430\u0437\u0432\u0438\u0432\u0430\u044e\u0449\u0430\u044f \u0438\u0433\u0440\u0443\u0448\u043a\u0430 \u0434\u043b\u044f \u043c\u0430\u043b\u044b\u0448\u0435\u0439 \u043e\u0442 18 \u043c\u0435\u0441\u044f\u0446\u0435\u0432 \u0434\u043e 3 \u043b\u0435\u0442. \u041d\u0430 \u043a\u0440\u0443\u0433\u043b\u043e\u0439 \u043e\u0441\u043d\u043e\u0432\u0435 \u0441 \u0443\u0448\u043a\u0430\u043c\u0438 \u0435\u0441\u0442\u044c \u0441\u0435\u0433\u043c\u0435\u043d\u0442\u0438\u0440\u043e\u0432\u0430\u043d\u043d\u044b\u0439 \u043f\u043e \u0446\u0432\u0435\u0442\u0430\u043c \u043a\u0440\u0443\u0433 \u0441 \u043e\u0442\u0432\u0435\u0440\u0441\u0442\u0438\u044f\u043c\u0438. \u0415\u0433\u043e \u043c\u043e\u0436\u043d\u043e \u043a\u0440\u0443\u0442\u0438\u0442\u044c \u0432 \u0440\u0430\u0437\u043d\u044b\u0435 \u0441\u0442\u043e\u0440\u043e\u043d\u044b \u0438 \u0441\u043b\u0435\u0434\u0438\u0442\u044c, \u043a\u0430\u043a \u043c\u0435\u043d\u044f\u044e\u0442\u0441\u044f \u0446\u0432\u0435\u0442\u0430 \u0432 [&hellip;]<\/p>\n","protected":false},"featured_media":44775,"comment_status":"open","ping_status":"closed","template":"","meta":{"_acf_changed":false},"product_brand":[],"product_cat":[6730],"product_tag":[],"class_list":{"0":"post-44779","1":"product","2":"type-product","3":"status-publish","4":"has-post-thumbnail","6":"product_cat-ru_ru-razvivashki-trim-ro_r","8":"first","9":"instock","10":"shipping-taxable","11":"purchasable","12":"product-type-simple"},"acf":[],"_links":{"self":[{"href":"https:\/\/minimax.md\/ru\/wp-json\/wp\/v2\/product\/44779","targetHints":{"allow":["GET"]}}],"collection":[{"href":"https:\/\/minimax.md\/ru\/wp-json\/wp\/v2\/product"}],"about":[{"href":"https:\/\/minimax.md\/ru\/wp-json\/wp\/v2\/types\/product"}],"replies":[{"embeddable":true,"href":"https:\/\/minimax.md\/ru\/wp-json\/wp\/v2\/comments?post=44779"}],"version-history":[{"count":0,"href":"https:\/\/minimax.md\/ru\/wp-json\/wp\/v2\/product\/44779\/revisions"}],"wp:featuredmedia":[{"embeddable":true,"href":"https:\/\/minimax.md\/ru\/wp-json\/wp\/v2\/media\/44775"}],"wp:attachment":[{"href":"https:\/\/minimax.md\/ru\/wp-json\/wp\/v2\/media?parent=44779"}],"wp:term":[{"taxonomy":"product_brand","embeddable":true,"href":"https:\/\/minimax.md\/ru\/wp-json\/wp\/v2\/product_brand?post=44779"},{"taxonomy":"product_cat","embeddable":true,"href":"https:\/\/minimax.md\/ru\/wp-json\/wp\/v2\/product_cat?post=44779"},{"taxonomy":"product_tag","embeddable":true,"href":"https:\/\/minimax.md\/ru\/wp-json\/wp\/v2\/product_tag?post=44779"}],"curies":[{"name":"wp","href":"https:\/\/api.w.org\/{rel}","templated":true}]}}