{"id":44785,"date":"2024-01-11T17:12:38","date_gmt":"2024-01-11T14:12:38","guid":{"rendered":"https:\/\/minimax.md\/product\/44785.html"},"modified":"2024-03-13T01:04:13","modified_gmt":"2024-03-12T22:04:13","slug":"ru_ru-kitenok-dlja-kupanija-s-zavodnym-mehanizmom-trim-ro_ro-juc-rie-de-baie-balen-cu-sistem-mecanic","status":"publish","type":"product","link":"https:\/\/minimax.md\/ru\/product\/44785.html","title":{"rendered":"\u041a\u0438\u0442\u0435\u043d\u043e\u043a \u0434\u043b\u044f \u043a\u0443\u043f\u0430\u043d\u0438\u044f (\u0441 \u0437\u0430\u0432\u043e\u0434\u043d\u044b\u043c \u043c\u0435\u0445\u0430\u043d\u0438\u0437\u043c\u043e\u043c)"},"content":{"rendered":"<p>[:ru_RU]\u0417\u0430\u0431\u0430\u0432\u043d\u044b\u0439 \u043a\u0438\u0442\u0435\u043d\u043e\u043a \u0434\u043b\u044f \u043a\u0443\u043f\u0430\u043d\u0438\u044f \u043d\u0435 \u043f\u043e\u0437\u0432\u043e\u043b\u0438\u0442 \u043c\u0430\u043b\u044b\u0448\u0443 \u0441\u043a\u0443\u0447\u0430\u0442\u044c \u0432\u043e \u0432\u0440\u0435\u043c\u044f \u043f\u0440\u0438\u043d\u044f\u0442\u0438\u044f \u0432\u0430\u043d\u043d\u044b \u0438 \u0441\u0434\u0435\u043b\u0430\u0435\u0442 \u0435\u0436\u0435\u0434\u043d\u0435\u0432\u043d\u0443\u044e \u043f\u0440\u043e\u0446\u0435\u0434\u0443\u0440\u0443 \u043d\u0430\u0441\u0442\u043e\u044f\u0449\u0438\u043c \u043e\u043a\u0435\u0430\u043d\u0441\u043a\u0438\u043c \u043f\u0440\u0438\u043a\u043b\u044e\u0447\u0435\u043d\u0438\u0435\u043c. \u041c\u0430\u043b\u0435\u043d\u044c\u043a\u0438\u0439 \u043a\u0438\u0442\u0435\u043d\u043e\u043a \u0430\u043a\u0442\u0438\u0432\u043d\u043e \u0434\u0432\u0438\u0433\u0430\u0435\u0442 \u043b\u0430\u043f\u043a\u0430\u043c\u0438 \u0438 \u043f\u043b\u044b\u0432\u0435\u0442 \u043d\u0430 \u0432\u043e\u0434\u0435. \u0418\u0433\u0440\u0443\u0448\u043a\u0430 \u043e\u043a\u0440\u0443\u0433\u043b\u043e\u0439 \u0444\u043e\u0440\u043c\u044b \u043d\u0435 \u043e\u043f\u0430\u0441\u043d\u0430 \u0434\u0430\u0436\u0435 \u0434\u043b\u044f \u0441\u0430\u043c\u044b\u0445 \u043c\u0430\u043b\u0435\u043d\u044c\u043a\u0438\u0445 \u043a\u0443\u043f\u0430\u043b\u044c\u0449\u0438\u043a\u043e\u0432. \u0418\u0433\u0440\u0430 \u0441 \u043d\u0435\u0439 \u043f\u043e\u043c\u043e\u0436\u0435\u0442 \u043a\u0440\u043e\u0445\u0435 \u0440\u0430\u0437\u0432\u0438\u0442\u044c \u0432\u043e\u043e\u0431\u0440\u0430\u0436\u0435\u043d\u0438\u0435.<\/p>\n<p>\u0425\u0430\u0440\u0430\u043a\u0442\u0435\u0440\u0438\u0441\u0442\u0438\u043a\u0438:<\/p>\n<p> \t\u041f\u0440\u0435\u0434\u0441\u0442\u0430\u0432\u043b\u0435\u043d \u0432 \u043d\u0435\u0441\u043a\u043e\u043b\u044c\u043a\u0438\u0445 \u0446\u0432\u0435\u0442\u0430\u0445<br \/>\n \t\u041c\u0430\u0442\u0435\u0440\u0438\u0430\u043b: \u0432\u044b\u0441\u043e\u043a\u043e\u043a\u0430\u0447\u0435\u0441\u0442\u0432\u0435\u043d\u043d\u044b\u0439 \u043f\u043b\u0430\u0441\u0442\u0438\u043a<br \/>\n \t\u0417\u0430\u0432\u043e\u0434\u043d\u043e\u0439 \u043c\u0435\u0445\u0430\u043d\u0438\u0437\u043c[trim][:ro_RO]Aceast\u0103 balen\u0103 amuzant\u0103 nu va l\u0103sa copilul s\u0103 se plictiseasc\u0103 \u00een timp ce face baie \u0219i va transforma rutina zilnic\u0103 \u00eentr-o adev\u0103rat\u0103 aventur\u0103 oceanic\u0103. Juc\u0103ria are forme rotunjite \u0219i nu este periculoas\u0103 nici m\u0103car pentru cei mai mici sc\u0103ld\u0103tori. Pe l\u00e2ng\u0103 aceste lucruri, balena \u00eencurajeaz\u0103 copiii s\u0103 dezvolte abilit\u0103\u021bi motorii fine, coordonarea m\u00e2n\u0103-ochi \u0219i imagina\u021bia!<\/p>\n<p>Caracteristici:<\/p>\n<ul>\n<li>Disponibil \u00een mai multe culori<\/li>\n<li>Material: plastic de calitate \u00eenalt\u0103<\/li>\n<li>Sistem mecanic de \u00eenot<\/li>\n<\/ul>\n","protected":false},"excerpt":{"rendered":"<p>[:ru_RU]\u0417\u0430\u0431\u0430\u0432\u043d\u044b\u0439 \u043a\u0438\u0442\u0435\u043d\u043e\u043a \u0434\u043b\u044f \u043a\u0443\u043f\u0430\u043d\u0438\u044f \u043d\u0435 \u043f\u043e\u0437\u0432\u043e\u043b\u0438\u0442 \u043c\u0430\u043b\u044b\u0448\u0443 \u0441\u043a\u0443\u0447\u0430\u0442\u044c \u0432\u043e \u0432\u0440\u0435\u043c\u044f \u043f\u0440\u0438\u043d\u044f\u0442\u0438\u044f \u0432\u0430\u043d\u043d\u044b \u0438 \u0441\u0434\u0435\u043b\u0430\u0435\u0442 \u0435\u0436\u0435\u0434\u043d\u0435\u0432\u043d\u0443\u044e \u043f\u0440\u043e\u0446\u0435\u0434\u0443\u0440\u0443 \u043d\u0430\u0441\u0442\u043e\u044f\u0449\u0438\u043c \u043e\u043a\u0435\u0430\u043d\u0441\u043a\u0438\u043c \u043f\u0440\u0438\u043a\u043b\u044e\u0447\u0435\u043d\u0438\u0435\u043c. \u041c\u0430\u043b\u0435\u043d\u044c\u043a\u0438\u0439 \u043a\u0438\u0442\u0435\u043d\u043e\u043a \u0430\u043a\u0442\u0438\u0432\u043d\u043e \u0434\u0432\u0438\u0433\u0430\u0435\u0442 \u043b\u0430\u043f\u043a\u0430\u043c\u0438 \u0438 \u043f\u043b\u044b\u0432\u0435\u0442 \u043d\u0430 \u0432\u043e\u0434\u0435. \u0418\u0433\u0440\u0443\u0448\u043a\u0430 \u043e\u043a\u0440\u0443\u0433\u043b\u043e\u0439 \u0444\u043e\u0440\u043c\u044b \u043d\u0435 \u043e\u043f\u0430\u0441\u043d\u0430 \u0434\u0430\u0436\u0435 \u0434\u043b\u044f \u0441\u0430\u043c\u044b\u0445 \u043c\u0430\u043b\u0435\u043d\u044c\u043a\u0438\u0445 \u043a\u0443\u043f\u0430\u043b\u044c\u0449\u0438\u043a\u043e\u0432. \u0418\u0433\u0440\u0430 \u0441 \u043d\u0435\u0439 \u043f\u043e\u043c\u043e\u0436\u0435\u0442 \u043a\u0440\u043e\u0445\u0435 \u0440\u0430\u0437\u0432\u0438\u0442\u044c \u0432\u043e\u043e\u0431\u0440\u0430\u0436\u0435\u043d\u0438\u0435. \u0425\u0430\u0440\u0430\u043a\u0442\u0435\u0440\u0438\u0441\u0442\u0438\u043a\u0438: \u041f\u0440\u0435\u0434\u0441\u0442\u0430\u0432\u043b\u0435\u043d \u0432 \u043d\u0435\u0441\u043a\u043e\u043b\u044c\u043a\u0438\u0445 \u0446\u0432\u0435\u0442\u0430\u0445 \u041c\u0430\u0442\u0435\u0440\u0438\u0430\u043b: \u0432\u044b\u0441\u043e\u043a\u043e\u043a\u0430\u0447\u0435\u0441\u0442\u0432\u0435\u043d\u043d\u044b\u0439 \u043f\u043b\u0430\u0441\u0442\u0438\u043a \u0417\u0430\u0432\u043e\u0434\u043d\u043e\u0439 \u043c\u0435\u0445\u0430\u043d\u0438\u0437\u043c[trim][:ro_RO]Aceast\u0103 [&hellip;]<\/p>\n","protected":false},"featured_media":44783,"comment_status":"open","ping_status":"closed","template":"","meta":{"_acf_changed":false},"product_brand":[],"product_cat":[6700],"product_tag":[],"class_list":{"0":"post-44785","1":"product","2":"type-product","3":"status-publish","4":"has-post-thumbnail","6":"product_cat-ru_ru-dlja-igry-s-vodoj-tri","8":"first","9":"instock","10":"shipping-taxable","11":"purchasable","12":"product-type-simple"},"acf":[],"_links":{"self":[{"href":"https:\/\/minimax.md\/ru\/wp-json\/wp\/v2\/product\/44785","targetHints":{"allow":["GET"]}}],"collection":[{"href":"https:\/\/minimax.md\/ru\/wp-json\/wp\/v2\/product"}],"about":[{"href":"https:\/\/minimax.md\/ru\/wp-json\/wp\/v2\/types\/product"}],"replies":[{"embeddable":true,"href":"https:\/\/minimax.md\/ru\/wp-json\/wp\/v2\/comments?post=44785"}],"version-history":[{"count":0,"href":"https:\/\/minimax.md\/ru\/wp-json\/wp\/v2\/product\/44785\/revisions"}],"wp:featuredmedia":[{"embeddable":true,"href":"https:\/\/minimax.md\/ru\/wp-json\/wp\/v2\/media\/44783"}],"wp:attachment":[{"href":"https:\/\/minimax.md\/ru\/wp-json\/wp\/v2\/media?parent=44785"}],"wp:term":[{"taxonomy":"product_brand","embeddable":true,"href":"https:\/\/minimax.md\/ru\/wp-json\/wp\/v2\/product_brand?post=44785"},{"taxonomy":"product_cat","embeddable":true,"href":"https:\/\/minimax.md\/ru\/wp-json\/wp\/v2\/product_cat?post=44785"},{"taxonomy":"product_tag","embeddable":true,"href":"https:\/\/minimax.md\/ru\/wp-json\/wp\/v2\/product_tag?post=44785"}],"curies":[{"name":"wp","href":"https:\/\/api.w.org\/{rel}","templated":true}]}}