{"id":44804,"date":"2024-01-11T17:12:40","date_gmt":"2024-01-11T14:12:40","guid":{"rendered":"https:\/\/minimax.md\/product\/44804.html"},"modified":"2024-02-21T09:03:58","modified_gmt":"2024-02-21T06:03:58","slug":"ru_ru-derevjannyj-pazl-stroitelnaja-tehnika-trim-ro_ro-puzzle-tactil-ma-ini-de-construc-ie","status":"publish","type":"product","link":"https:\/\/minimax.md\/ru\/product\/44804.html","title":{"rendered":"\u0414\u0435\u0440\u0435\u0432\u044f\u043d\u043d\u044b\u0439 \u043f\u0430\u0437\u043b \"\u0421\u0442\u0440\u043e\u0438\u0442\u0435\u043b\u044c\u043d\u0430\u044f \u0442\u0435\u0445\u043d\u0438\u043a\u0430\""},"content":{"rendered":"<p>[:ru_RU]\u0421\u0442\u0440\u043e\u0438\u0442\u0435\u043b\u044c\u043d\u0430\u044f \u0442\u0435\u0445\u043d\u0438\u043a\u0430 \u043f\u043e\u043c\u043e\u0436\u0435\u0442 \u0443\u0437\u043d\u0430\u0442\u044c \u043e \u0440\u0430\u0437\u043b\u0438\u0447\u043d\u044b\u0445 \u0432\u0438\u0434\u0430\u0445 \u0442\u0440\u0430\u043d\u0441\u043f\u043e\u0440\u0442\u043d\u044b\u0445 \u0441\u0440\u0435\u0434\u0441\u0442\u0432, \u0441 \u043a\u043e\u0442\u043e\u0440\u044b\u043c\u0438 \u0432\u044b \u043c\u043e\u0436\u0435\u0442\u0435 \u0441\u0442\u043e\u043b\u043a\u043d\u0443\u0442\u044c\u0441\u044f \u043d\u0430 \u0441\u0442\u0440\u043e\u0438\u0442\u0435\u043b\u044c\u043d\u043e\u0439 \u043f\u043b\u043e\u0449\u0430\u0434\u043a\u0435.[trim][:ro_RO]Hape Puzzle pe o tabl\u0103 &#8211; Constructori<\/p>\n<p>Puzzle din lemn cu m\u00e2nere pentru copii de la 2 ani. Ma\u0219inile individuale de construc\u021bie a\u0219teapt\u0103 ca copiii s\u0103 le g\u0103seasc\u0103 locul potrivit.<\/p>\n<p>Ma\u0219inile de construc\u021bii vor fi apreciate mai ales de b\u0103ie\u021bi.<br \/>\nJuc\u0103ria sus\u021bine coordonarea ochi-m\u00e2n\u0103, abilit\u0103\u021bile motorii fine, logica, percep\u021bia spa\u021bial\u0103, imagina\u021bia.<br \/>\nDe asemenea, pute\u021bi utiliza puzzle-ul ca joc de comunicare cu copiii.<br \/>\n\u00cenv\u0103\u021ba\u021bi-i s\u0103 numeasc\u0103 ma\u0219ini individuale de construc\u021bie \u0219i descrie\u021bi copiilor pentru ce sunt folosite.<br \/>\nDimensiunea produsului este de 29,4 x 24,8 x 1,8 cm.<\/p>\n","protected":false},"excerpt":{"rendered":"<p>[:ru_RU]\u0421\u0442\u0440\u043e\u0438\u0442\u0435\u043b\u044c\u043d\u0430\u044f \u0442\u0435\u0445\u043d\u0438\u043a\u0430 \u043f\u043e\u043c\u043e\u0436\u0435\u0442 \u0443\u0437\u043d\u0430\u0442\u044c \u043e \u0440\u0430\u0437\u043b\u0438\u0447\u043d\u044b\u0445 \u0432\u0438\u0434\u0430\u0445 \u0442\u0440\u0430\u043d\u0441\u043f\u043e\u0440\u0442\u043d\u044b\u0445 \u0441\u0440\u0435\u0434\u0441\u0442\u0432, \u0441 \u043a\u043e\u0442\u043e\u0440\u044b\u043c\u0438 \u0432\u044b \u043c\u043e\u0436\u0435\u0442\u0435 \u0441\u0442\u043e\u043b\u043a\u043d\u0443\u0442\u044c\u0441\u044f \u043d\u0430 \u0441\u0442\u0440\u043e\u0438\u0442\u0435\u043b\u044c\u043d\u043e\u0439 \u043f\u043b\u043e\u0449\u0430\u0434\u043a\u0435.[trim][:ro_RO]Hape Puzzle pe o tabl\u0103 &#8211; Constructori Puzzle din lemn cu m\u00e2nere pentru copii de la 2 ani. Ma\u0219inile individuale de construc\u021bie a\u0219teapt\u0103 ca copiii s\u0103 le g\u0103seasc\u0103 locul potrivit. Ma\u0219inile de construc\u021bii vor fi apreciate mai ales de [&hellip;]<\/p>\n","protected":false},"featured_media":44801,"comment_status":"open","ping_status":"closed","template":"","meta":{"_acf_changed":false},"product_brand":[],"product_cat":[6720],"product_tag":[],"class_list":{"0":"post-44804","1":"product","2":"type-product","3":"status-publish","4":"has-post-thumbnail","6":"product_cat-ru_ru-pazl-derevjannyj-trim","8":"first","9":"instock","10":"shipping-taxable","11":"purchasable","12":"product-type-simple"},"acf":[],"_links":{"self":[{"href":"https:\/\/minimax.md\/ru\/wp-json\/wp\/v2\/product\/44804","targetHints":{"allow":["GET"]}}],"collection":[{"href":"https:\/\/minimax.md\/ru\/wp-json\/wp\/v2\/product"}],"about":[{"href":"https:\/\/minimax.md\/ru\/wp-json\/wp\/v2\/types\/product"}],"replies":[{"embeddable":true,"href":"https:\/\/minimax.md\/ru\/wp-json\/wp\/v2\/comments?post=44804"}],"version-history":[{"count":0,"href":"https:\/\/minimax.md\/ru\/wp-json\/wp\/v2\/product\/44804\/revisions"}],"wp:featuredmedia":[{"embeddable":true,"href":"https:\/\/minimax.md\/ru\/wp-json\/wp\/v2\/media\/44801"}],"wp:attachment":[{"href":"https:\/\/minimax.md\/ru\/wp-json\/wp\/v2\/media?parent=44804"}],"wp:term":[{"taxonomy":"product_brand","embeddable":true,"href":"https:\/\/minimax.md\/ru\/wp-json\/wp\/v2\/product_brand?post=44804"},{"taxonomy":"product_cat","embeddable":true,"href":"https:\/\/minimax.md\/ru\/wp-json\/wp\/v2\/product_cat?post=44804"},{"taxonomy":"product_tag","embeddable":true,"href":"https:\/\/minimax.md\/ru\/wp-json\/wp\/v2\/product_tag?post=44804"}],"curies":[{"name":"wp","href":"https:\/\/api.w.org\/{rel}","templated":true}]}}