{"id":44830,"date":"2024-01-11T17:12:43","date_gmt":"2024-01-11T14:12:43","guid":{"rendered":"https:\/\/minimax.md\/product\/44830.html"},"modified":"2024-03-13T00:17:42","modified_gmt":"2024-03-12T21:17:42","slug":"ru_ru-bizibord-nastennyj-gonochnyj-avtomobil-trim-ro_ro-busyboard-de-perete-ma-ina-de-curse","status":"publish","type":"product","link":"https:\/\/minimax.md\/ru\/product\/44830.html","title":{"rendered":"\u0411\u0438\u0437\u0438\u0431\u043e\u0440\u0434 (\u043d\u0430\u0441\u0442\u0435\u043d\u043d\u044b\u0439) \"\u0413\u043e\u043d\u043e\u0447\u043d\u044b\u0439 \u0430\u0432\u0442\u043e\u043c\u043e\u0431\u0438\u043b\u044c\""},"content":{"rendered":"<p>[:ru_RU]\u0411\u0438\u0437\u0438\u0431\u043e\u0440\u0434 \u0441\u043f\u043e\u0441\u043e\u0431\u0441\u0442\u0432\u0443\u0435\u0442 \u0440\u0430\u0437\u0432\u0438\u0442\u0438\u044e \u0441\u0430\u043c\u043e\u0441\u0442\u043e\u044f\u0442\u0435\u043b\u044c\u043d\u043e\u0441\u0442\u0438, \u0444\u043e\u0440\u043c\u0438\u0440\u0443\u0435\u0442 \u043f\u0440\u0438\u0447\u0438\u043d\u043d\u043e-\u0441\u043b\u0435\u0434\u0441\u0442\u0432\u0435\u043d\u043d\u044b\u0435 \u0441\u0432\u044f\u0437\u0438. \u042d\u0442\u043e \u043e\u0442\u043b\u0438\u0447\u043d\u043e\u0435 \u043f\u043e\u0441\u043e\u0431\u0438\u0435 \u0434\u043b\u044f \u0444\u0438\u0437\u0438\u0447\u0435\u0441\u043a\u043e\u0433\u043e \u0438 \u0438\u043d\u0442\u0435\u043b\u043b\u0435\u043a\u0442\u0443\u0430\u043b\u044c\u043d\u043e\u0433\u043e \u0440\u0430\u0437\u0432\u0438\u0442\u0438\u044f. \u0418 \u0432\u0441\u0435 \u044d\u0442\u043e \u043f\u0440\u043e\u0445\u043e\u0434\u0438\u0442 \u0432 \u0444\u043e\u0440\u043c\u0435 \u0438\u043d\u0442\u0435\u0440\u0435\u0441\u043d\u043e\u0439 \u0438\u0433\u0440\u044b.\u00a0 \u041e\u0434\u043d\u0438\u043c \u0441\u043b\u043e\u0432\u043e\u043c &#8211; \u043d\u0435\u0437\u0430\u043c\u0435\u043d\u0438\u043c\u0430\u044f \u0440\u0430\u0437\u0432\u0438\u0432\u0430\u044e\u0449\u0430\u044f \u0438\u0433\u0440\u0443\u0448\u043a\u0430!<\/p>\n<p>\u0421\u0445\u0435\u043c\u0430 \u043a\u043e\u0440\u043e\u0431\u043a\u0438 \u043f\u0435\u0440\u0435\u0434\u0430\u0447 \u043e\u0442\u0440\u0430\u0436\u0430\u0435\u0442 \u0440\u0435\u0430\u043b\u044c\u043d\u0443\u044e \u043c\u043e\u0434\u0435\u043b\u044c \u0430\u0432\u0442\u043e\u043c\u043e\u0431\u0438\u043b\u044f, \u043f\u043e\u044d\u0442\u043e\u043c\u0443 \u0443 \u043c\u0430\u043b\u0435\u043d\u044c\u043a\u043e\u0433\u043e \u0440\u0435\u0431\u0435\u043d\u043a\u0430 \u043c\u043e\u0436\u043d\u043e \u043d\u0430\u0443\u0447\u0438\u0442\u044c\u0441\u044f \u0447\u0435\u043c\u0443-\u0442\u043e \u043f\u043e\u043b\u0435\u0437\u043d\u043e\u043c\u0443 \u0432 \u0434\u0430\u043b\u044c\u043d\u0435\u0439\u0448\u0435\u0439 \u0436\u0438\u0437\u043d\u0438.<\/p>\n<p>\u0412\u043a\u043b\u044e\u0447\u0430\u0435\u0442 \u0432 \u0441\u0435\u0431\u044f \u0438\u043d\u0441\u0442\u0440\u0443\u043c\u0435\u043d\u0442\u0430\u043b\u044c\u043d\u0443\u044e \u043f\u0430\u043d\u0435\u043b\u044c, \u0440\u0443\u043b\u044c \u0438 \u0448\u0435\u0441\u0442\u0435\u0440\u043d\u0438, \u043a\u0430\u043a \u0443 \u043d\u0430\u0441\u0442\u043e\u044f\u0449\u0435\u0433\u043e \u0430\u0432\u0442\u043e\u043c\u043e\u0431\u0438\u043b\u044f!<\/p>\n<p>\u042d\u0442\u0430 \u043a\u0440\u0430\u0441\u043e\u0447\u043d\u0430\u044f \u043d\u0430\u0441\u0442\u0435\u043d\u043d\u0430\u044f \u0438\u0433\u0440\u0443\u0448\u043a\u0430 \u043f\u043e\u043c\u043e\u0433\u0430\u0435\u0442 \u043c\u0430\u043b\u044b\u0448\u0430\u043c \u043e\u0441\u0432\u043e\u0438\u0442\u044c \u043d\u0430\u0432\u044b\u043a\u0438 \u043a\u043e\u043e\u0440\u0434\u0438\u043d\u0430\u0446\u0438\u0438 \u0440\u0443\u043a \u0438 \u0433\u043b\u0430\u0437 .<\/p>\n<p>\u0414\u043e\u0441\u043a\u0430 \u0430\u043a\u043a\u0443\u0440\u0430\u0442\u043d\u043e \u043a\u0440\u0435\u043f\u0438\u0442\u0441\u044f \u043a \u0441\u0442\u0435\u043d\u0435, \u043f\u043e\u044d\u0442\u043e\u043c\u0443 \u043e\u043d\u0430 \u043d\u0435 \u0437\u0430\u043d\u0438\u043c\u0430\u0435\u0442 \u043c\u043d\u043e\u0433\u043e \u043c\u0435\u0441\u0442\u0430, \u0447\u0442\u043e \u0438\u0434\u0435\u0430\u043b\u044c\u043d\u043e \u043f\u043e\u0434\u0445\u043e\u0434\u0438\u0442 \u0434\u043b\u044f \u0448\u043a\u043e\u043b \u0438 \u0434\u0435\u0442\u0441\u043a\u0438\u0445 \u0441\u0430\u0434\u043e\u0432,\u00a0\u0442\u0430\u043a\u0436\u0435 \u0438\u0433\u0440\u043e\u0432\u044b\u0445 \u043a\u043e\u043c\u043d\u0430\u0442 \u0438 \u0437\u0430\u043b\u043e\u0432 \u043e\u0436\u0438\u0434\u0430\u043d\u0438\u044f.[trim][:ro_RO]<strong>Busyboard-ul<\/strong> promoveaz\u0103 dezvoltarea independen\u021bei, formeaz\u0103 rela\u021bii cauz\u0103-efect. Acesta este ghid excelent pentru dezvoltarea fizic\u0103 \u0219i intelectual\u0103. \u0218i toate acestea au loc sub forma unui joc interesant. \u00centr-un cuv\u00e2nt &#8211; o juc\u0103rie educa\u021bional\u0103 indispensabil\u0103!<\/p>\n<p>Diagrama cutiei de viteze reflect\u0103 modelul real al ma\u0219inii, astfel \u00eenc\u00e2t copilul poate \u00eenv\u0103\u021ba ceva util pentru mai t\u00e2rziu.<\/p>\n<p>Include panoul de instrumente, volan \u0219i viteze la fel ca o ma\u0219in\u0103 adev\u0103rat\u0103!<\/p>\n<p>Aceast\u0103 juc\u0103rie colorat\u0103 de perete, \u00eei ajut\u0103 pe copii s\u0103-\u0219i dezvolte abilit\u0103\u021bile de coordonare m\u00e2n\u0103-ochi.<\/p>\n<p><em>Tabla este bine ata\u0219at\u0103 de perete, deci nu ocup\u0103 mult spa\u021biu, ceea ce este ideal pentru \u0219coli \u0219i gr\u0103dini\u021be, precum \u0219i pentru s\u0103li de joac\u0103 \u0219i s\u0103li de a\u0219teptare.<\/em><\/p>\n","protected":false},"excerpt":{"rendered":"<p>[:ru_RU]\u0411\u0438\u0437\u0438\u0431\u043e\u0440\u0434 \u0441\u043f\u043e\u0441\u043e\u0431\u0441\u0442\u0432\u0443\u0435\u0442 \u0440\u0430\u0437\u0432\u0438\u0442\u0438\u044e \u0441\u0430\u043c\u043e\u0441\u0442\u043e\u044f\u0442\u0435\u043b\u044c\u043d\u043e\u0441\u0442\u0438, \u0444\u043e\u0440\u043c\u0438\u0440\u0443\u0435\u0442 \u043f\u0440\u0438\u0447\u0438\u043d\u043d\u043e-\u0441\u043b\u0435\u0434\u0441\u0442\u0432\u0435\u043d\u043d\u044b\u0435 \u0441\u0432\u044f\u0437\u0438. \u042d\u0442\u043e \u043e\u0442\u043b\u0438\u0447\u043d\u043e\u0435 \u043f\u043e\u0441\u043e\u0431\u0438\u0435 \u0434\u043b\u044f \u0444\u0438\u0437\u0438\u0447\u0435\u0441\u043a\u043e\u0433\u043e \u0438 \u0438\u043d\u0442\u0435\u043b\u043b\u0435\u043a\u0442\u0443\u0430\u043b\u044c\u043d\u043e\u0433\u043e \u0440\u0430\u0437\u0432\u0438\u0442\u0438\u044f. \u0418 \u0432\u0441\u0435 \u044d\u0442\u043e \u043f\u0440\u043e\u0445\u043e\u0434\u0438\u0442 \u0432 \u0444\u043e\u0440\u043c\u0435 \u0438\u043d\u0442\u0435\u0440\u0435\u0441\u043d\u043e\u0439 \u0438\u0433\u0440\u044b.\u00a0 \u041e\u0434\u043d\u0438\u043c \u0441\u043b\u043e\u0432\u043e\u043c &#8211; \u043d\u0435\u0437\u0430\u043c\u0435\u043d\u0438\u043c\u0430\u044f \u0440\u0430\u0437\u0432\u0438\u0432\u0430\u044e\u0449\u0430\u044f \u0438\u0433\u0440\u0443\u0448\u043a\u0430! \u0421\u0445\u0435\u043c\u0430 \u043a\u043e\u0440\u043e\u0431\u043a\u0438 \u043f\u0435\u0440\u0435\u0434\u0430\u0447 \u043e\u0442\u0440\u0430\u0436\u0430\u0435\u0442 \u0440\u0435\u0430\u043b\u044c\u043d\u0443\u044e \u043c\u043e\u0434\u0435\u043b\u044c \u0430\u0432\u0442\u043e\u043c\u043e\u0431\u0438\u043b\u044f, \u043f\u043e\u044d\u0442\u043e\u043c\u0443 \u0443 \u043c\u0430\u043b\u0435\u043d\u044c\u043a\u043e\u0433\u043e \u0440\u0435\u0431\u0435\u043d\u043a\u0430 \u043c\u043e\u0436\u043d\u043e \u043d\u0430\u0443\u0447\u0438\u0442\u044c\u0441\u044f \u0447\u0435\u043c\u0443-\u0442\u043e \u043f\u043e\u043b\u0435\u0437\u043d\u043e\u043c\u0443 \u0432 \u0434\u0430\u043b\u044c\u043d\u0435\u0439\u0448\u0435\u0439 \u0436\u0438\u0437\u043d\u0438. \u0412\u043a\u043b\u044e\u0447\u0430\u0435\u0442 \u0432 \u0441\u0435\u0431\u044f \u0438\u043d\u0441\u0442\u0440\u0443\u043c\u0435\u043d\u0442\u0430\u043b\u044c\u043d\u0443\u044e \u043f\u0430\u043d\u0435\u043b\u044c, \u0440\u0443\u043b\u044c \u0438 \u0448\u0435\u0441\u0442\u0435\u0440\u043d\u0438, [&hellip;]<\/p>\n","protected":false},"featured_media":0,"comment_status":"open","ping_status":"closed","template":"","meta":{"_acf_changed":false},"product_brand":[],"product_cat":[6730],"product_tag":[],"class_list":{"0":"post-44830","1":"product","2":"type-product","3":"status-publish","5":"product_cat-ru_ru-razvivashki-trim-ro_r","7":"first","8":"instock","9":"shipping-taxable","10":"purchasable","11":"product-type-simple"},"acf":[],"_links":{"self":[{"href":"https:\/\/minimax.md\/ru\/wp-json\/wp\/v2\/product\/44830","targetHints":{"allow":["GET"]}}],"collection":[{"href":"https:\/\/minimax.md\/ru\/wp-json\/wp\/v2\/product"}],"about":[{"href":"https:\/\/minimax.md\/ru\/wp-json\/wp\/v2\/types\/product"}],"replies":[{"embeddable":true,"href":"https:\/\/minimax.md\/ru\/wp-json\/wp\/v2\/comments?post=44830"}],"version-history":[{"count":0,"href":"https:\/\/minimax.md\/ru\/wp-json\/wp\/v2\/product\/44830\/revisions"}],"wp:attachment":[{"href":"https:\/\/minimax.md\/ru\/wp-json\/wp\/v2\/media?parent=44830"}],"wp:term":[{"taxonomy":"product_brand","embeddable":true,"href":"https:\/\/minimax.md\/ru\/wp-json\/wp\/v2\/product_brand?post=44830"},{"taxonomy":"product_cat","embeddable":true,"href":"https:\/\/minimax.md\/ru\/wp-json\/wp\/v2\/product_cat?post=44830"},{"taxonomy":"product_tag","embeddable":true,"href":"https:\/\/minimax.md\/ru\/wp-json\/wp\/v2\/product_tag?post=44830"}],"curies":[{"name":"wp","href":"https:\/\/api.w.org\/{rel}","templated":true}]}}