{"id":44837,"date":"2024-01-11T17:12:44","date_gmt":"2024-01-11T14:12:44","guid":{"rendered":"https:\/\/minimax.md\/product\/44837.html"},"modified":"2024-02-21T09:03:23","modified_gmt":"2024-02-21T06:03:23","slug":"ru_ru-pogremushka-nevaljashka-zvonochek-trim-ro_ro-juc-rie-zorn-itoare-cu-clopo-el","status":"publish","type":"product","link":"https:\/\/minimax.md\/ru\/product\/44837.html","title":{"rendered":"\u041f\u043e\u0433\u0440\u0435\u043c\u0443\u0448\u043a\u0430-\u043d\u0435\u0432\u0430\u043b\u044f\u0448\u043a\u0430 \"\u0417\u0432\u043e\u043d\u043e\u0447\u0435\u043a\""},"content":{"rendered":"<p>[:ru_RU]\u041f\u043e\u0433\u0440\u0435\u043c\u0443\u0448\u043a\u0430-\u043d\u0435\u0432\u0430\u043b\u044f\u0448\u043a\u0430 \u0434\u0435\u0440\u0435\u0432\u044f\u043d\u043d\u0430\u044f Hape \u0417\u0432\u043e\u043d\u043e\u0447\u0435\u043a \u043e\u043a\u0440\u0430\u0448\u0435\u043d\u0430 \u0431\u0435\u0437\u043e\u043f\u0430\u0441\u043d\u044b\u043c\u0438 \u043a\u0440\u0430\u0441\u043a\u0430\u043c\u0438 \u043d\u0430 \u0432\u043e\u0434\u043d\u043e\u0439 \u043e\u0441\u043d\u043e\u0432\u0435. \u0412\u044b\u0441\u043e\u0442\u0430 \u0438\u0437\u0434\u0435\u043b\u0438\u044f: 8,4 \u0441\u043c. \u0421\u0442\u0430\u043d\u0435\u0442 \u043f\u0440\u0435\u043a\u0440\u0430\u0441\u043d\u044b\u043c \u043f\u043e\u0434\u0430\u0440\u043a\u043e\u043c \u0434\u0435\u0432\u043e\u0447\u043a\u0435 \u0438 \u043c\u0430\u043b\u044c\u0447\u0438\u043a\u0443 \u0441 \u0441\u0430\u043c\u043e\u0433\u043e \u0440\u043e\u0436\u0434\u0435\u043d\u0438\u044f.<\/p>\n<p>\u0414\u0435\u0442\u0441\u043a\u0430\u044f \u0438\u0433\u0440\u0443\u0448\u043a\u0430 \u0441\u043e\u043e\u0442\u0432\u0435\u0442\u0441\u0442\u0432\u0443\u0435\u0442 \u043c\u0435\u0436\u0434\u0443\u043d\u0430\u0440\u043e\u0434\u043d\u044b\u043c \u0441\u0442\u0430\u043d\u0434\u0430\u0440\u0442\u0430\u043c \u043a\u0430\u0447\u0435\u0441\u0442\u0432\u0430 EN 71 \u0438 ASTM F963.[trim][:ro_RO]Zornaitoare cu clopotel colorat este o jucarie \u00een form\u0103 de ou perfect pentru ca cei mici s\u0103 \u00eel scuture, s\u0103 \u00eel roteasc\u0103 \u0219i s\u0103 \u00eel fac\u0103 s\u0103 sune. Datorit\u0103 naturii sale u\u0219or de prins \u0219i deschiderilor laterale, aceast\u0103 juc\u0103rie este minunat\u0103 pentru ca cei mici s\u0103 o \u00eemping\u0103, s\u0103 o trag\u0103, s\u0103 o rostogoleasc\u0103 \u0219i s\u0103 o exploreze, in timp ce isi dezvolta motricitatea fina si auzul.<\/p>\n","protected":false},"excerpt":{"rendered":"<p>[:ru_RU]\u041f\u043e\u0433\u0440\u0435\u043c\u0443\u0448\u043a\u0430-\u043d\u0435\u0432\u0430\u043b\u044f\u0448\u043a\u0430 \u0434\u0435\u0440\u0435\u0432\u044f\u043d\u043d\u0430\u044f Hape \u0417\u0432\u043e\u043d\u043e\u0447\u0435\u043a \u043e\u043a\u0440\u0430\u0448\u0435\u043d\u0430 \u0431\u0435\u0437\u043e\u043f\u0430\u0441\u043d\u044b\u043c\u0438 \u043a\u0440\u0430\u0441\u043a\u0430\u043c\u0438 \u043d\u0430 \u0432\u043e\u0434\u043d\u043e\u0439 \u043e\u0441\u043d\u043e\u0432\u0435. \u0412\u044b\u0441\u043e\u0442\u0430 \u0438\u0437\u0434\u0435\u043b\u0438\u044f: 8,4 \u0441\u043c. \u0421\u0442\u0430\u043d\u0435\u0442 \u043f\u0440\u0435\u043a\u0440\u0430\u0441\u043d\u044b\u043c \u043f\u043e\u0434\u0430\u0440\u043a\u043e\u043c \u0434\u0435\u0432\u043e\u0447\u043a\u0435 \u0438 \u043c\u0430\u043b\u044c\u0447\u0438\u043a\u0443 \u0441 \u0441\u0430\u043c\u043e\u0433\u043e \u0440\u043e\u0436\u0434\u0435\u043d\u0438\u044f. \u0414\u0435\u0442\u0441\u043a\u0430\u044f \u0438\u0433\u0440\u0443\u0448\u043a\u0430 \u0441\u043e\u043e\u0442\u0432\u0435\u0442\u0441\u0442\u0432\u0443\u0435\u0442 \u043c\u0435\u0436\u0434\u0443\u043d\u0430\u0440\u043e\u0434\u043d\u044b\u043c \u0441\u0442\u0430\u043d\u0434\u0430\u0440\u0442\u0430\u043c \u043a\u0430\u0447\u0435\u0441\u0442\u0432\u0430 EN 71 \u0438 ASTM F963.[trim][:ro_RO]Zornaitoare cu clopotel colorat este o jucarie \u00een form\u0103 de ou perfect pentru ca cei mici s\u0103 \u00eel scuture, s\u0103 \u00eel roteasc\u0103 [&hellip;]<\/p>\n","protected":false},"featured_media":44831,"comment_status":"open","ping_status":"closed","template":"","meta":{"_acf_changed":false},"product_brand":[],"product_cat":[6731],"product_tag":[],"class_list":{"0":"post-44837","1":"product","2":"type-product","3":"status-publish","4":"has-post-thumbnail","6":"product_cat-ru_ru-pogremushki-trim-ro_r","8":"first","9":"instock","10":"shipping-taxable","11":"purchasable","12":"product-type-simple"},"acf":[],"_links":{"self":[{"href":"https:\/\/minimax.md\/ru\/wp-json\/wp\/v2\/product\/44837","targetHints":{"allow":["GET"]}}],"collection":[{"href":"https:\/\/minimax.md\/ru\/wp-json\/wp\/v2\/product"}],"about":[{"href":"https:\/\/minimax.md\/ru\/wp-json\/wp\/v2\/types\/product"}],"replies":[{"embeddable":true,"href":"https:\/\/minimax.md\/ru\/wp-json\/wp\/v2\/comments?post=44837"}],"version-history":[{"count":0,"href":"https:\/\/minimax.md\/ru\/wp-json\/wp\/v2\/product\/44837\/revisions"}],"wp:featuredmedia":[{"embeddable":true,"href":"https:\/\/minimax.md\/ru\/wp-json\/wp\/v2\/media\/44831"}],"wp:attachment":[{"href":"https:\/\/minimax.md\/ru\/wp-json\/wp\/v2\/media?parent=44837"}],"wp:term":[{"taxonomy":"product_brand","embeddable":true,"href":"https:\/\/minimax.md\/ru\/wp-json\/wp\/v2\/product_brand?post=44837"},{"taxonomy":"product_cat","embeddable":true,"href":"https:\/\/minimax.md\/ru\/wp-json\/wp\/v2\/product_cat?post=44837"},{"taxonomy":"product_tag","embeddable":true,"href":"https:\/\/minimax.md\/ru\/wp-json\/wp\/v2\/product_tag?post=44837"}],"curies":[{"name":"wp","href":"https:\/\/api.w.org\/{rel}","templated":true}]}}