{"id":44858,"date":"2024-01-11T17:12:46","date_gmt":"2024-01-11T14:12:46","guid":{"rendered":"https:\/\/minimax.md\/product\/44858.html"},"modified":"2024-03-13T00:32:55","modified_gmt":"2024-03-12T21:32:55","slug":"ru_ru-figurka-dikogo-zhivotnogo-ass-trim-ro_ro-figurin-animal-s-lbatic-n-asortiment","status":"publish","type":"product","link":"https:\/\/minimax.md\/ru\/product\/44858.html","title":{"rendered":"\u0424\u0438\u0433\u0443\u0440\u043a\u0430 \u0434\u0438\u043a\u043e\u0433\u043e \u0436\u0438\u0432\u043e\u0442\u043d\u043e\u0433\u043e (\u0430\u0441\u0441)."},"content":{"rendered":"<p>[:ru_RU]\u0424\u0438\u0433\u0443\u0440\u043a\u0430 \u0436\u0438\u0432\u043e\u0442\u043d\u043e\u0433\u043e \u2014 \u044d\u0444\u0444\u0435\u043a\u0442\u0438\u0432\u043d\u044b\u0439 \u0438\u043d\u0441\u0442\u0440\u0443\u043c\u0435\u043d\u0442 \u0434\u043b\u044f \u043e\u0431\u0443\u0447\u0435\u043d\u0438\u044f \u0438 \u0440\u0430\u0441\u0448\u0438\u0440\u0435\u043d\u0438\u044f \u043a\u0440\u0443\u0433\u043e\u0437\u043e\u0440\u0430 \u0440\u0435\u0431\u0451\u043d\u043a\u0430. \u0414\u043b\u044f \u043f\u043e\u043b\u043d\u043e\u0446\u0435\u043d\u043d\u043e\u0433\u043e \u0440\u0430\u0437\u0432\u0438\u0442\u0438\u044f \u0440\u0435\u0431\u0451\u043d\u043a\u0443 \u043d\u0435\u043e\u0431\u0445\u043e\u0434\u0438\u043c\u044b \u0442\u0430\u043a\u0442\u0438\u043b\u044c\u043d\u044b\u0435 \u043e\u0449\u0443\u0449\u0435\u043d\u0438\u044f. \u0424\u0438\u0433\u0443\u0440\u043a\u0430 \u043d\u0435\u0431\u043e\u043b\u044c\u0448\u043e\u0433\u043e \u0440\u0430\u0437\u043c\u0435\u0440\u0430 \u043f\u043e\u0437\u0432\u043e\u043b\u0438\u0442 \u043b\u0443\u0447\u0448\u0435 \u0443\u0437\u043d\u0430\u0442\u044c: \u043a\u0430\u043a \u0432\u044b\u0433\u043b\u044f\u0434\u044f\u0442 \u0436\u0438\u0432\u043e\u0442\u043d\u044b\u0435, \u043a\u0430\u043a\u0438\u0435 \u0431\u044b\u0432\u0430\u044e\u0442 \u0437\u0432\u0435\u0440\u0438, \u0447\u0435\u043c \u043e\u0442\u043b\u0438\u0447\u0430\u044e\u0442\u0441\u044f \u0434\u043e\u043c\u0430\u0448\u043d\u0438\u0435 \u0436\u0438\u0432\u043e\u0442\u043d\u044b\u0435 \u043e\u0442 \u0434\u0438\u043a\u0438\u0445, \u043a\u0442\u043e \u0436\u0438\u0432\u0435\u0442 \u0440\u044f\u0434\u043e\u043c \u0441 \u043d\u0430\u043c\u0438, \u0430 \u043a\u0442\u043e \u043e\u0431\u0438\u0442\u0430\u0435\u0442 \u043e\u0447\u0435\u043d\u044c \u0434\u0430\u043b\u0435\u043a\u043e, \u043a\u0430\u043a\u0438\u0435 \u0436\u0438\u0432\u043e\u0442\u043d\u044b\u0435 \u043f\u0440\u0438\u043d\u043e\u0441\u044f\u0442 \u043f\u043e\u043b\u044c\u0437\u0443 \u043b\u044e\u0434\u044f\u043c, \u0430 \u043a\u0430\u043a\u0438\u0445 \u0441\u0442\u043e\u0438\u0442 \u043e\u0441\u0442\u0435\u0440\u0435\u0433\u0430\u0442\u044c\u0441\u044f. \u0424\u0438\u0433\u0443\u0440\u043a\u0438 \u0441\u0434\u0435\u043b\u0430\u043d\u044b \u0432 \u0440\u0435\u0430\u043b\u0438\u0441\u0442\u0438\u0447\u043d\u043e\u0439 \u043c\u0430\u043d\u0435\u0440\u0435, \u0438 \u0432 \u043f\u0440\u043e\u0446\u0435\u0441\u0441\u0435 \u0438\u0433\u0440\u044b \u043c\u0430\u043b\u044b\u0448 \u0431\u0443\u0434\u0435\u0442 \u0443\u0437\u043d\u0430\u0432\u0430\u0442\u044c \u0438 \u0437\u0430\u043f\u043e\u043c\u0438\u043d\u0430\u0442\u044c \u043d\u043e\u0432\u044b\u0435 \u0432\u0438\u0434\u044b \u0438 \u043f\u043e\u0440\u043e\u0434\u044b \u0436\u0438\u0432\u043e\u0442\u043d\u044b\u0445.[trim][:ro_RO]Figurina de animal s\u0103lbatic este un instrument eficient de predare si extindere a orizontului copilului. Pentru dezvoltarea deplin\u0103 a copilului sunt necesare senza\u021biile tactile. O mic\u0103 figurin\u0103 va reprezenta mai bine: cum arat\u0103 animalele, ce animale exist\u0103, cum difer\u0103 animalele domestice de cele s\u0103lbatice, cine locuie\u0219te l\u00e2ng\u0103 noi \u0219i cine locuie\u0219te foarte departe, ce animale sunt \u00een folosul oamenilor \u0219i de care s\u0103 ne ferim. Model realistic ce \u00eentruchipeaza \u00een mod exact toate detaliile animalului.<\/p>\n","protected":false},"excerpt":{"rendered":"<p>[:ru_RU]\u0424\u0438\u0433\u0443\u0440\u043a\u0430 \u0436\u0438\u0432\u043e\u0442\u043d\u043e\u0433\u043e \u2014 \u044d\u0444\u0444\u0435\u043a\u0442\u0438\u0432\u043d\u044b\u0439 \u0438\u043d\u0441\u0442\u0440\u0443\u043c\u0435\u043d\u0442 \u0434\u043b\u044f \u043e\u0431\u0443\u0447\u0435\u043d\u0438\u044f \u0438 \u0440\u0430\u0441\u0448\u0438\u0440\u0435\u043d\u0438\u044f \u043a\u0440\u0443\u0433\u043e\u0437\u043e\u0440\u0430 \u0440\u0435\u0431\u0451\u043d\u043a\u0430. \u0414\u043b\u044f \u043f\u043e\u043b\u043d\u043e\u0446\u0435\u043d\u043d\u043e\u0433\u043e \u0440\u0430\u0437\u0432\u0438\u0442\u0438\u044f \u0440\u0435\u0431\u0451\u043d\u043a\u0443 \u043d\u0435\u043e\u0431\u0445\u043e\u0434\u0438\u043c\u044b \u0442\u0430\u043a\u0442\u0438\u043b\u044c\u043d\u044b\u0435 \u043e\u0449\u0443\u0449\u0435\u043d\u0438\u044f. \u0424\u0438\u0433\u0443\u0440\u043a\u0430 \u043d\u0435\u0431\u043e\u043b\u044c\u0448\u043e\u0433\u043e \u0440\u0430\u0437\u043c\u0435\u0440\u0430 \u043f\u043e\u0437\u0432\u043e\u043b\u0438\u0442 \u043b\u0443\u0447\u0448\u0435 \u0443\u0437\u043d\u0430\u0442\u044c: \u043a\u0430\u043a \u0432\u044b\u0433\u043b\u044f\u0434\u044f\u0442 \u0436\u0438\u0432\u043e\u0442\u043d\u044b\u0435, \u043a\u0430\u043a\u0438\u0435 \u0431\u044b\u0432\u0430\u044e\u0442 \u0437\u0432\u0435\u0440\u0438, \u0447\u0435\u043c \u043e\u0442\u043b\u0438\u0447\u0430\u044e\u0442\u0441\u044f \u0434\u043e\u043c\u0430\u0448\u043d\u0438\u0435 \u0436\u0438\u0432\u043e\u0442\u043d\u044b\u0435 \u043e\u0442 \u0434\u0438\u043a\u0438\u0445, \u043a\u0442\u043e \u0436\u0438\u0432\u0435\u0442 \u0440\u044f\u0434\u043e\u043c \u0441 \u043d\u0430\u043c\u0438, \u0430 \u043a\u0442\u043e \u043e\u0431\u0438\u0442\u0430\u0435\u0442 \u043e\u0447\u0435\u043d\u044c \u0434\u0430\u043b\u0435\u043a\u043e, \u043a\u0430\u043a\u0438\u0435 \u0436\u0438\u0432\u043e\u0442\u043d\u044b\u0435 \u043f\u0440\u0438\u043d\u043e\u0441\u044f\u0442 \u043f\u043e\u043b\u044c\u0437\u0443 \u043b\u044e\u0434\u044f\u043c, \u0430 \u043a\u0430\u043a\u0438\u0445 \u0441\u0442\u043e\u0438\u0442 \u043e\u0441\u0442\u0435\u0440\u0435\u0433\u0430\u0442\u044c\u0441\u044f. [&hellip;]<\/p>\n","protected":false},"featured_media":44857,"comment_status":"open","ping_status":"closed","template":"","meta":{"_acf_changed":false},"product_brand":[],"product_cat":[6709],"product_tag":[],"class_list":{"0":"post-44858","1":"product","2":"type-product","3":"status-publish","4":"has-post-thumbnail","6":"product_cat-ru_ru-interaktivnye-igrushk","8":"first","9":"instock","10":"shipping-taxable","11":"purchasable","12":"product-type-simple"},"acf":[],"_links":{"self":[{"href":"https:\/\/minimax.md\/ru\/wp-json\/wp\/v2\/product\/44858","targetHints":{"allow":["GET"]}}],"collection":[{"href":"https:\/\/minimax.md\/ru\/wp-json\/wp\/v2\/product"}],"about":[{"href":"https:\/\/minimax.md\/ru\/wp-json\/wp\/v2\/types\/product"}],"replies":[{"embeddable":true,"href":"https:\/\/minimax.md\/ru\/wp-json\/wp\/v2\/comments?post=44858"}],"version-history":[{"count":0,"href":"https:\/\/minimax.md\/ru\/wp-json\/wp\/v2\/product\/44858\/revisions"}],"wp:featuredmedia":[{"embeddable":true,"href":"https:\/\/minimax.md\/ru\/wp-json\/wp\/v2\/media\/44857"}],"wp:attachment":[{"href":"https:\/\/minimax.md\/ru\/wp-json\/wp\/v2\/media?parent=44858"}],"wp:term":[{"taxonomy":"product_brand","embeddable":true,"href":"https:\/\/minimax.md\/ru\/wp-json\/wp\/v2\/product_brand?post=44858"},{"taxonomy":"product_cat","embeddable":true,"href":"https:\/\/minimax.md\/ru\/wp-json\/wp\/v2\/product_cat?post=44858"},{"taxonomy":"product_tag","embeddable":true,"href":"https:\/\/minimax.md\/ru\/wp-json\/wp\/v2\/product_tag?post=44858"}],"curies":[{"name":"wp","href":"https:\/\/api.w.org\/{rel}","templated":true}]}}