{"id":44861,"date":"2024-01-11T17:12:46","date_gmt":"2024-01-11T14:12:46","guid":{"rendered":"https:\/\/minimax.md\/product\/44861.html"},"modified":"2024-03-13T00:17:55","modified_gmt":"2024-03-12T21:17:55","slug":"ru_ru-gorka-monkey-trim-ro_ro-topogan-monkey-usor-demontabil","status":"publish","type":"product","link":"https:\/\/minimax.md\/ru\/product\/44861.html","title":{"rendered":"\u0413\u043e\u0440\u043a\u0430 MONKEY"},"content":{"rendered":"<p>[:ru_RU]Monkey Slider\u00a0\u2013 \u0443\u0434\u043e\u0431\u043d\u0430\u044f \u0438 \u0431\u0435\u0437\u043e\u043f\u0430\u0441\u043d\u0430\u044f\u00a0\u0434\u0435\u0442\u0441\u043a\u0430\u044f \u0433\u043e\u0440\u043a\u0430, \u043e\u0431\u043b\u0430\u0434\u0430\u044e\u0449\u0430\u044f \u0443\u0434\u043e\u0431\u043d\u043e\u0439 \u0437\u043e\u043d\u043e\u0439 \u043f\u0440\u0438\u0437\u0435\u043c\u043b\u0435\u043d\u0438\u044f. \u041e\u043d\u0430 \u0432\u044b\u043f\u043e\u043b\u043d\u0435\u043d\u0430 \u0432 \u044f\u0440\u043a\u0438\u0445 \u0442\u043e\u043d\u0430\u0445, \u043f\u043e\u044d\u0442\u043e\u043c\u0443 \u043e\u0431\u044f\u0437\u0430\u0442\u0435\u043b\u044c\u043d\u043e \u043f\u043e\u043d\u0440\u0430\u0432\u0438\u0442\u0441\u044f \u043c\u0430\u043b\u044b\u0448\u0430\u043c.<\/p>\n<p>\u042d\u0442\u043e \u043d\u0430\u0441\u0442\u043e\u044f\u0449\u0438\u0439 \u0438\u0433\u0440\u043e\u0432\u043e\u0439 \u0430\u0442\u0442\u0440\u0430\u043a\u0446\u0438\u043e\u043d, \u043f\u0440\u0435\u0434\u043d\u0430\u0437\u043d\u0430\u0447\u0435\u043d\u043d\u044b\u0439 \u0434\u043b\u044f \u0434\u0435\u0442\u043e\u043a \u0432 \u0432\u043e\u0437\u0440\u0430\u0441\u0442\u0435 \u043e\u0442 1 \u0434\u043e 7 \u043b\u0435\u0442. \u0418\u0437\u0434\u0435\u043b\u0438\u0435 \u0432\u044b\u043f\u043e\u043b\u043d\u0435\u043d\u043e \u0438\u0437 \u043f\u0440\u043e\u0447\u043d\u043e\u0433\u043e \u043f\u043b\u0430\u0441\u0442\u0438\u043a\u0430, \u0443\u0441\u0442\u043e\u0439\u0447\u0438\u0432\u043e\u0433\u043e \u043a \u0432\u043e\u0437\u0434\u0435\u0439\u0441\u0442\u0432\u0438\u044e \u0443\u043b\u044c\u0442\u0440\u0430\u0444\u0438\u043e\u043b\u0435\u0442\u043e\u0432\u044b\u0445 \u043b\u0443\u0447\u0435\u0439, \u0447\u0442\u043e \u0438\u0441\u043a\u043b\u044e\u0447\u0430\u0435\u0442 \u0432\u0435\u0440\u043e\u044f\u0442\u043d\u043e\u0441\u0442\u044c \u043f\u0440\u0435\u0436\u0434\u0435\u0432\u0440\u0435\u043c\u0435\u043d\u043d\u043e\u0433\u043e \u0432\u044b\u0433\u043e\u0440\u0430\u043d\u0438\u044f \u043c\u0430\u0442\u0435\u0440\u0438\u043b\u0430.<\/p>\n<p>\u0414\u0435\u0442\u0441\u043a\u0430\u044f \u0433\u043e\u0440\u043a\u0430 Pilsan 06179\u00a0\u043c\u043e\u0436\u0435\u0442 \u0438\u0441\u043f\u043e\u043b\u044c\u0437\u043e\u0432\u0430\u0442\u044c\u0441\u044f \u043d\u0435 \u0442\u043e\u043b\u044c\u043a\u043e \u043d\u0430 \u0443\u043b\u0438\u0446\u0435, \u043d\u043e \u0438 \u0432\u043d\u0443\u0442\u0440\u0438 \u043f\u043e\u043c\u0435\u0449\u0435\u043d\u0438\u044f (\u0442\u043e\u0440\u0433\u043e\u0432\u044b\u0435 \u0446\u0435\u043d\u0442\u0440\u044b, \u0434\u0435\u0442\u0441\u043a\u0438\u0435 \u0443\u0447\u0440\u0435\u0436\u0434\u0435\u043d\u0438\u044f).<\/p>\n<p> \t\u0432\u043e\u0437\u0440\u0430\u0441\u0442: \u043e\u0442 1 \u0434\u043e 7 \u043b\u0435\u0442;<br \/>\n \t\u044d\u0440\u0433\u043e\u043d\u043e\u043c\u0438\u0447\u043d\u0430\u044f \u0444\u043e\u0440\u043c\u0430;<br \/>\n \t\u043f\u0440\u043e\u0447\u043d\u0430\u044f \u043a\u043e\u043d\u0441\u0442\u0440\u0443\u043a\u0446\u0438\u044f;<br \/>\n \t\u0443\u0441\u0442\u043e\u0439\u0447\u0438\u0432\u043e\u0441\u0442\u044c \u043a \u0443\u043b\u044c\u0442\u0440\u0430\u0444\u0438\u043e\u043b\u0435\u0442\u0443 \u0431\u043b\u0430\u0433\u043e\u0434\u0430\u0440\u044f \u0441\u043f\u0435\u0446\u0438\u0430\u043b\u044c\u043d\u043e\u0439 \u043e\u0431\u0440\u0430\u0431\u043e\u0442\u043a\u0435;<br \/>\n \t\u043e\u0442\u0441\u0443\u0442\u0441\u0442\u0432\u0438\u0435 \u043e\u0441\u0442\u0440\u044b\u0445 \u0443\u0433\u043b\u043e\u0432 (\u0432\u0441\u0435 \u043a\u0440\u0430\u044f \u0438\u043c\u0435\u044e\u0442 \u043e\u043a\u0440\u0443\u0433\u043b\u0443\u044e \u0444\u043e\u0440\u043c\u0443);<br \/>\n \t\u0441\u043a\u043b\u0430\u0434\u044b\u0432\u0430\u044e\u0449\u0430\u044f\u0441\u044f \u043a\u043e\u043d\u0441\u0442\u0440\u0443\u043a\u0446\u0438\u044f;<br \/>\n \t\u043f\u0440\u043e\u0441\u0442\u0430\u044f \u0438 \u0431\u044b\u0441\u0442\u0440\u0430\u044f \u0441\u0431\u043e\u0440\u043a\u0430;<br \/>\n \t\u0443\u0434\u043e\u0431\u043d\u043e\u0435 \u0445\u0440\u0430\u043d\u0435\u043d\u0438\u0435;<br \/>\n \t\u0434\u043e\u043f\u0443\u0441\u0442\u0438\u043c\u0430\u044f \u043d\u0430\u0433\u0440\u0443\u0437\u043a\u0430, \u043a\u0433: 50;<br \/>\n \t\u0432\u0435\u0441 \u0443\u043f\u0430\u043a\u043e\u0432\u043a\u0438, \u043a\u0433: 11;<br \/>\n \t\u0433\u0430\u0431\u0430\u0440\u0438\u0442\u043d\u044b\u0435 \u0440\u0430\u0437\u043c\u0435\u0440\u044b (\u0414\u0445\u0428\u0445\u0412), \u0441\u043c: 185 \u0445 84 \u0445 109.[trim][:ro_RO]<strong>Monkey Slider<\/strong> este un topogan confortabil \u0219i absolut sigur pentru copii cu v\u00e2rsta cuprins\u0103 \u00eentre 1-7 ani. Este realizat \u00een culori vii , dintr-un plastic durabil, rezistent la razele ultraviolete , ceea ce exclude posibilitatea arderii premature a materialului.<\/p>\n<p>Construc\u021bia poate fi utilizat\u0103 at\u00e2t \u00een spa\u021bii \u00eenchise c\u00e2t \u0219i deschise.<\/p>\n<ul>\n<li>V\u00e2rsta recomandat\u0103: de la 1 la 7 ani<\/li>\n<li>Design ergonomic<\/li>\n<li>Construc\u021bie durabil\u0103 \u0219i sigur\u0103<\/li>\n<li>Rezistent\u0103 la raze ultraviolete datorit\u0103 unei prelucr\u0103ri speciale<\/li>\n<li>Nu dispune de col\u021buri ascu\u021bite ( marginile sunt rotunjite)<\/li>\n<li>Asamblare simpl\u0103 \u0219i rapid\u0103<\/li>\n<li>Capacitate maxim\u0103: 50 kg<\/li>\n<li>Greutate: 11 kg<\/li>\n<li>Dimensiuni : 185 x 84 x 109 cm<\/li>\n<\/ul>\n","protected":false},"excerpt":{"rendered":"<p>[:ru_RU]Monkey Slider\u00a0\u2013 \u0443\u0434\u043e\u0431\u043d\u0430\u044f \u0438 \u0431\u0435\u0437\u043e\u043f\u0430\u0441\u043d\u0430\u044f\u00a0\u0434\u0435\u0442\u0441\u043a\u0430\u044f \u0433\u043e\u0440\u043a\u0430, \u043e\u0431\u043b\u0430\u0434\u0430\u044e\u0449\u0430\u044f \u0443\u0434\u043e\u0431\u043d\u043e\u0439 \u0437\u043e\u043d\u043e\u0439 \u043f\u0440\u0438\u0437\u0435\u043c\u043b\u0435\u043d\u0438\u044f. \u041e\u043d\u0430 \u0432\u044b\u043f\u043e\u043b\u043d\u0435\u043d\u0430 \u0432 \u044f\u0440\u043a\u0438\u0445 \u0442\u043e\u043d\u0430\u0445, \u043f\u043e\u044d\u0442\u043e\u043c\u0443 \u043e\u0431\u044f\u0437\u0430\u0442\u0435\u043b\u044c\u043d\u043e \u043f\u043e\u043d\u0440\u0430\u0432\u0438\u0442\u0441\u044f \u043c\u0430\u043b\u044b\u0448\u0430\u043c. \u042d\u0442\u043e \u043d\u0430\u0441\u0442\u043e\u044f\u0449\u0438\u0439 \u0438\u0433\u0440\u043e\u0432\u043e\u0439 \u0430\u0442\u0442\u0440\u0430\u043a\u0446\u0438\u043e\u043d, \u043f\u0440\u0435\u0434\u043d\u0430\u0437\u043d\u0430\u0447\u0435\u043d\u043d\u044b\u0439 \u0434\u043b\u044f \u0434\u0435\u0442\u043e\u043a \u0432 \u0432\u043e\u0437\u0440\u0430\u0441\u0442\u0435 \u043e\u0442 1 \u0434\u043e 7 \u043b\u0435\u0442. \u0418\u0437\u0434\u0435\u043b\u0438\u0435 \u0432\u044b\u043f\u043e\u043b\u043d\u0435\u043d\u043e \u0438\u0437 \u043f\u0440\u043e\u0447\u043d\u043e\u0433\u043e \u043f\u043b\u0430\u0441\u0442\u0438\u043a\u0430, \u0443\u0441\u0442\u043e\u0439\u0447\u0438\u0432\u043e\u0433\u043e \u043a \u0432\u043e\u0437\u0434\u0435\u0439\u0441\u0442\u0432\u0438\u044e \u0443\u043b\u044c\u0442\u0440\u0430\u0444\u0438\u043e\u043b\u0435\u0442\u043e\u0432\u044b\u0445 \u043b\u0443\u0447\u0435\u0439, \u0447\u0442\u043e \u0438\u0441\u043a\u043b\u044e\u0447\u0430\u0435\u0442 \u0432\u0435\u0440\u043e\u044f\u0442\u043d\u043e\u0441\u0442\u044c \u043f\u0440\u0435\u0436\u0434\u0435\u0432\u0440\u0435\u043c\u0435\u043d\u043d\u043e\u0433\u043e \u0432\u044b\u0433\u043e\u0440\u0430\u043d\u0438\u044f \u043c\u0430\u0442\u0435\u0440\u0438\u043b\u0430. \u0414\u0435\u0442\u0441\u043a\u0430\u044f \u0433\u043e\u0440\u043a\u0430 Pilsan 06179\u00a0\u043c\u043e\u0436\u0435\u0442 \u0438\u0441\u043f\u043e\u043b\u044c\u0437\u043e\u0432\u0430\u0442\u044c\u0441\u044f \u043d\u0435 [&hellip;]<\/p>\n","protected":false},"featured_media":44859,"comment_status":"open","ping_status":"closed","template":"","meta":{"_acf_changed":false},"product_brand":[],"product_cat":[6705],"product_tag":[],"class_list":{"0":"post-44861","1":"product","2":"type-product","3":"status-publish","4":"has-post-thumbnail","6":"product_cat-ru_ru-igrovaja-ploshhadka-t","8":"first","9":"instock","10":"shipping-taxable","11":"purchasable","12":"product-type-simple"},"acf":[],"_links":{"self":[{"href":"https:\/\/minimax.md\/ru\/wp-json\/wp\/v2\/product\/44861","targetHints":{"allow":["GET"]}}],"collection":[{"href":"https:\/\/minimax.md\/ru\/wp-json\/wp\/v2\/product"}],"about":[{"href":"https:\/\/minimax.md\/ru\/wp-json\/wp\/v2\/types\/product"}],"replies":[{"embeddable":true,"href":"https:\/\/minimax.md\/ru\/wp-json\/wp\/v2\/comments?post=44861"}],"version-history":[{"count":0,"href":"https:\/\/minimax.md\/ru\/wp-json\/wp\/v2\/product\/44861\/revisions"}],"wp:featuredmedia":[{"embeddable":true,"href":"https:\/\/minimax.md\/ru\/wp-json\/wp\/v2\/media\/44859"}],"wp:attachment":[{"href":"https:\/\/minimax.md\/ru\/wp-json\/wp\/v2\/media?parent=44861"}],"wp:term":[{"taxonomy":"product_brand","embeddable":true,"href":"https:\/\/minimax.md\/ru\/wp-json\/wp\/v2\/product_brand?post=44861"},{"taxonomy":"product_cat","embeddable":true,"href":"https:\/\/minimax.md\/ru\/wp-json\/wp\/v2\/product_cat?post=44861"},{"taxonomy":"product_tag","embeddable":true,"href":"https:\/\/minimax.md\/ru\/wp-json\/wp\/v2\/product_tag?post=44861"}],"curies":[{"name":"wp","href":"https:\/\/api.w.org\/{rel}","templated":true}]}}