{"id":44866,"date":"2024-01-11T17:12:47","date_gmt":"2024-01-11T14:12:47","guid":{"rendered":"https:\/\/minimax.md\/product\/44866.html"},"modified":"2024-02-21T09:03:23","modified_gmt":"2024-02-21T06:03:23","slug":"ru_ru-1-16-inercionnyj-trejlerovoz-s-samoletom-svet-zvuk-trim-ro_ro-1-16-camion-transportator-cu-fric-iune-cu-avion-lumini-sunete","status":"publish","type":"product","link":"https:\/\/minimax.md\/ru\/product\/44866.html","title":{"rendered":"1:16 \u0418\u043d\u0435\u0440\u0446\u0438\u043e\u043d\u043d\u044b\u0439 \u0422\u0440\u0435\u0439\u043b\u0435\u0440\u043e\u0432\u043e\u0437 \u0441 \u0441\u0430\u043c\u043e\u043b\u0435\u0442\u043e\u043c (\u0441\u0432\u0435\u0442 \/ \u0437\u0432\u0443\u043a)"},"content":{"rendered":"<p>[:ru_RU]\u0418\u0433\u0440\u043e\u0432\u043e\u0439 \u043d\u0430\u0431\u043e\u0440 \u043f\u0440\u0435\u0434\u0441\u0442\u0430\u0432\u043b\u0435\u043d \u0433\u0440\u0443\u0437\u043e\u0432\u0438\u043a\u043e\u043c \u0441 \u043f\u043b\u0430\u0442\u0444\u043e\u0440\u043c\u043e\u0439, \u043d\u0430 \u043a\u043e\u0442\u043e\u0440\u043e\u0439 \u043c\u043e\u0436\u043d\u043e \u0442\u0440\u0430\u043d\u0441\u043f\u043e\u0440\u0442\u0438\u0440\u043e\u0432\u0430\u0442\u044c \u0441\u0430\u043c\u043e\u043b\u0435\u0442.<\/p>\n<p>\u0418\u0433\u0440\u0443\u0448\u043a\u0430 \u0438\u043c\u0435\u0435\u0442 \u043f\u0440\u0438\u0432\u043b\u0435\u043a\u0430\u0442\u0435\u043b\u044c\u043d\u044b\u0439 \u0432\u0438\u0434, \u0432\u044b\u043f\u043e\u043b\u043d\u0435\u043d \u0430\u0432\u0442\u043e\u043c\u043e\u0431\u0438\u043b\u044c \u0432 \u0434\u0438\u0437\u0430\u0439\u043d\u0435 \u0430\u0432\u0442\u043e\u0432\u043e\u0437\u0430 \u0441 \u043f\u043b\u0430\u0442\u0444\u043e\u0440\u043c\u043e\u0439, \u043d\u0430 \u043a\u043e\u0442\u043e\u0440\u043e\u0439 \u0443\u0441\u0442\u0430\u043d\u043e\u0432\u043b\u0435\u043d \u0441\u0430\u043c\u043e\u043b\u0435\u0442.<\/p>\n<p>\u0411\u043b\u0430\u0433\u043e\u0434\u0430\u0440\u044f \u043a\u043e\u043b\u0435\u0441\u0430\u043c \u0441\u043e \u0441\u0432\u043e\u0431\u043e\u0434\u043d\u044b\u043c \u0445\u043e\u0434\u043e\u043c \u0430\u0432\u0442\u043e\u043c\u043e\u0431\u0438\u043b\u044c \u043c\u043e\u0436\u043d\u043e \u043a\u0430\u0442\u0430\u0442\u044c \u043f\u043e \u0438\u0433\u0440\u043e\u0432\u043e\u0439 \u043f\u043e\u0432\u0435\u0440\u0445\u043d\u043e\u0441\u0442\u0438 \u0442\u0440\u0435\u043d\u0438\u0440\u0443\u044f \u043c\u043e\u0442\u043e\u0440\u0438\u043a\u0443 \u0440\u0443\u043a.<\/p>\n<p>\u0421\u0430\u043c\u043e\u043b\u0435\u0442 \u043c\u043e\u0436\u043d\u043e \u0441\u043d\u044f\u0442\u044c \u0441 \u043f\u0440\u0438\u0446\u0435\u043f\u0430 \u0438 \u0438\u0433\u0440\u0430\u0442\u044c \u0433\u0440\u0443\u0437\u043e\u0432\u0438\u043a\u043e\u043c \u043e\u0442\u0434\u0435\u043b\u044c\u043d\u043e.<\/p>\n<p>\u0412\u043d\u0438\u043c\u0430\u0442\u0435\u043b\u044c\u043d\u043e\u0435 \u0438 \u0442\u0449\u0430\u0442\u0435\u043b\u044c\u043d\u043e\u0435 \u0438\u0441\u043f\u043e\u043b\u043d\u0435\u043d\u0438\u0435 \u0434\u0435\u0442\u0430\u043b\u0435\u0439, \u043d\u0430\u043b\u0438\u0447\u0438\u0435 \u043f\u043e\u0434\u0432\u0438\u0436\u043d\u044b\u0445 \u044d\u043b\u0435\u043c\u0435\u043d\u0442\u043e\u0432 \u0434\u0435\u043b\u0430\u0435\u0442 \u043d\u0430\u0431\u043e\u0440 \u0438\u043d\u0442\u0435\u0440\u0435\u0441\u043d\u044b\u043c \u0434\u043b\u044f \u0438\u0433\u0440\u044b.<\/p>\n<p>\u041a\u043e\u043c\u043f\u0430\u043a\u0442\u043d\u044b\u0435 \u0440\u0430\u0437\u043c\u0435\u0440\u044b \u043c\u043e\u0434\u0435\u043b\u0438 \u043f\u043e\u0437\u0432\u043e\u043b\u044f\u0442 \u043c\u0430\u043b\u044b\u0448\u0443 \u043b\u0435\u0433\u043a\u043e \u043f\u0440\u0438\u0445\u0432\u0430\u0442\u0438\u0442\u044c \u0438\u0433\u0440\u0443\u0448\u043a\u0443 \u0441 \u0441\u043e\u0431\u043e\u0439 \u043d\u0430 \u043f\u0440\u043e\u0433\u0443\u043b\u043a\u0443 \u0438\u043b\u0438 \u0432 \u0434\u0435\u0442\u0441\u043a\u0438\u0439 \u0441\u0430\u0434.<\/p>\n<p>\u0425\u0430\u0440\u0430\u043a\u0442\u0435\u0440\u0438\u0441\u0442\u0438\u043a\u0438:<\/p>\n<p>\u0418\u0433\u0440\u0443\u0448\u043a\u0430 \u0432\u044b\u043f\u043e\u043b\u043d\u0435\u043d\u0430 \u0438\u0437 \u043f\u0440\u043e\u0447\u043d\u043e\u0433\u043e \u043c\u0430\u0442\u0435\u0440\u0438\u0430\u043b\u0430, \u043e\u043a\u0440\u0430\u0448\u0435\u043d\u043d\u043e\u0433\u043e \u0431\u0435\u0437\u043e\u043f\u0430\u0441\u043d\u044b\u043c\u0438 \u0434\u043b\u044f \u0437\u0434\u043e\u0440\u043e\u0432\u044c\u044f \u0434\u0435\u0442\u0435\u0439 \u043a\u0440\u0430\u0441\u0438\u0442\u0435\u043b\u044f\u043c\u0438.<br \/>\n\u0412\u043e\u0437\u0440\u0430\u0441\u0442: \u043e\u0442 3-\u0445 \u043b\u0435\u0442.[trim][:ro_RO]Camionul transportator cu avion va oferi distrac\u021bie creativ\u0103. Ma\u0219ina este echipat\u0103 cu efecte sonore \u0219i luminoase, a\u0219a ca distrac\u021bia va fi \u0219i mai realist\u0103.<\/p>\n<p>Atrac\u021bii ale vehiculului:<br \/>\n\u2013 camionul condus de mecanismul de putere de fric\u021biune, adic\u0103 accelerat prin mutarea juc\u0103riei pe o suprafa\u021ba neted\u0103<br \/>\n\u2013 lumini pe acoperi\u0219ul camionului<br \/>\n\u2013 prin ap\u0103sarea butoanelor de pe acoperi\u0219 pute\u021bi auzi sunetul vehiculului pornind, munca motorului, inversarea, claxonul<br \/>\n\u2013 juc\u0103ria este realizat\u0103 din plastic de calitate \u00eenalt\u0103<br \/>\n\u2013 anvelopele pentru camioane sunt \u00eenconjurate de o band\u0103 de cauciuc<\/p>\n<p>Setul include:<br \/>\n\u2013 camion \u2013 camion tractant<br \/>\n\u2013 1 avion<\/p>\n<p>\u2013 scara 1:16<br \/>\nJuc\u0103ria este alimentat\u0103 de baterii (3 x AG13) incluse \u00een set.<\/p>\n","protected":false},"excerpt":{"rendered":"<p>[:ru_RU]\u0418\u0433\u0440\u043e\u0432\u043e\u0439 \u043d\u0430\u0431\u043e\u0440 \u043f\u0440\u0435\u0434\u0441\u0442\u0430\u0432\u043b\u0435\u043d \u0433\u0440\u0443\u0437\u043e\u0432\u0438\u043a\u043e\u043c \u0441 \u043f\u043b\u0430\u0442\u0444\u043e\u0440\u043c\u043e\u0439, \u043d\u0430 \u043a\u043e\u0442\u043e\u0440\u043e\u0439 \u043c\u043e\u0436\u043d\u043e \u0442\u0440\u0430\u043d\u0441\u043f\u043e\u0440\u0442\u0438\u0440\u043e\u0432\u0430\u0442\u044c \u0441\u0430\u043c\u043e\u043b\u0435\u0442. \u0418\u0433\u0440\u0443\u0448\u043a\u0430 \u0438\u043c\u0435\u0435\u0442 \u043f\u0440\u0438\u0432\u043b\u0435\u043a\u0430\u0442\u0435\u043b\u044c\u043d\u044b\u0439 \u0432\u0438\u0434, \u0432\u044b\u043f\u043e\u043b\u043d\u0435\u043d \u0430\u0432\u0442\u043e\u043c\u043e\u0431\u0438\u043b\u044c \u0432 \u0434\u0438\u0437\u0430\u0439\u043d\u0435 \u0430\u0432\u0442\u043e\u0432\u043e\u0437\u0430 \u0441 \u043f\u043b\u0430\u0442\u0444\u043e\u0440\u043c\u043e\u0439, \u043d\u0430 \u043a\u043e\u0442\u043e\u0440\u043e\u0439 \u0443\u0441\u0442\u0430\u043d\u043e\u0432\u043b\u0435\u043d \u0441\u0430\u043c\u043e\u043b\u0435\u0442. \u0411\u043b\u0430\u0433\u043e\u0434\u0430\u0440\u044f \u043a\u043e\u043b\u0435\u0441\u0430\u043c \u0441\u043e \u0441\u0432\u043e\u0431\u043e\u0434\u043d\u044b\u043c \u0445\u043e\u0434\u043e\u043c \u0430\u0432\u0442\u043e\u043c\u043e\u0431\u0438\u043b\u044c \u043c\u043e\u0436\u043d\u043e \u043a\u0430\u0442\u0430\u0442\u044c \u043f\u043e \u0438\u0433\u0440\u043e\u0432\u043e\u0439 \u043f\u043e\u0432\u0435\u0440\u0445\u043d\u043e\u0441\u0442\u0438 \u0442\u0440\u0435\u043d\u0438\u0440\u0443\u044f \u043c\u043e\u0442\u043e\u0440\u0438\u043a\u0443 \u0440\u0443\u043a. \u0421\u0430\u043c\u043e\u043b\u0435\u0442 \u043c\u043e\u0436\u043d\u043e \u0441\u043d\u044f\u0442\u044c \u0441 \u043f\u0440\u0438\u0446\u0435\u043f\u0430 \u0438 \u0438\u0433\u0440\u0430\u0442\u044c \u0433\u0440\u0443\u0437\u043e\u0432\u0438\u043a\u043e\u043c \u043e\u0442\u0434\u0435\u043b\u044c\u043d\u043e. \u0412\u043d\u0438\u043c\u0430\u0442\u0435\u043b\u044c\u043d\u043e\u0435 \u0438 \u0442\u0449\u0430\u0442\u0435\u043b\u044c\u043d\u043e\u0435 \u0438\u0441\u043f\u043e\u043b\u043d\u0435\u043d\u0438\u0435 \u0434\u0435\u0442\u0430\u043b\u0435\u0439, \u043d\u0430\u043b\u0438\u0447\u0438\u0435 [&hellip;]<\/p>\n","protected":false},"featured_media":44864,"comment_status":"open","ping_status":"closed","template":"","meta":{"_acf_changed":false},"product_brand":[],"product_cat":[6723],"product_tag":[],"class_list":{"0":"post-44866","1":"product","2":"type-product","3":"status-publish","4":"has-post-thumbnail","6":"product_cat-ru_ru-samoljoty-trim-ro_ro","8":"first","9":"instock","10":"shipping-taxable","11":"purchasable","12":"product-type-simple"},"acf":[],"_links":{"self":[{"href":"https:\/\/minimax.md\/ru\/wp-json\/wp\/v2\/product\/44866","targetHints":{"allow":["GET"]}}],"collection":[{"href":"https:\/\/minimax.md\/ru\/wp-json\/wp\/v2\/product"}],"about":[{"href":"https:\/\/minimax.md\/ru\/wp-json\/wp\/v2\/types\/product"}],"replies":[{"embeddable":true,"href":"https:\/\/minimax.md\/ru\/wp-json\/wp\/v2\/comments?post=44866"}],"version-history":[{"count":0,"href":"https:\/\/minimax.md\/ru\/wp-json\/wp\/v2\/product\/44866\/revisions"}],"wp:featuredmedia":[{"embeddable":true,"href":"https:\/\/minimax.md\/ru\/wp-json\/wp\/v2\/media\/44864"}],"wp:attachment":[{"href":"https:\/\/minimax.md\/ru\/wp-json\/wp\/v2\/media?parent=44866"}],"wp:term":[{"taxonomy":"product_brand","embeddable":true,"href":"https:\/\/minimax.md\/ru\/wp-json\/wp\/v2\/product_brand?post=44866"},{"taxonomy":"product_cat","embeddable":true,"href":"https:\/\/minimax.md\/ru\/wp-json\/wp\/v2\/product_cat?post=44866"},{"taxonomy":"product_tag","embeddable":true,"href":"https:\/\/minimax.md\/ru\/wp-json\/wp\/v2\/product_tag?post=44866"}],"curies":[{"name":"wp","href":"https:\/\/api.w.org\/{rel}","templated":true}]}}