{"id":44869,"date":"2024-01-11T17:12:47","date_gmt":"2024-01-11T14:12:47","guid":{"rendered":"https:\/\/minimax.md\/product\/44869.html"},"modified":"2024-03-13T01:04:10","modified_gmt":"2024-03-12T22:04:10","slug":"ru_ru-1-16-inercionnaja-voennaja-mashina-trim-ro_ro-1-16-ma-in-militar-cu-fric-iune-lumini-sunete","status":"publish","type":"product","link":"https:\/\/minimax.md\/ru\/product\/44869.html","title":{"rendered":"1:16 \u0418\u043d\u0435\u0440\u0446\u0438\u043e\u043d\u043d\u0430\u044f \u0432\u043e\u0435\u043d\u043d\u0430\u044f \u043c\u0430\u0448\u0438\u043d\u0430"},"content":{"rendered":"<p>[:ru_RU]\u0418\u043d\u0435\u0440\u0446\u0438\u043e\u043d\u043d\u0430\u044f \u0432\u043e\u0435\u043d\u043d\u0430\u044f \u043c\u0430\u0448\u0438\u043d\u0430 \u2014 \u044d\u0442\u043e \u043a\u043e\u043f\u0438\u044f \u043d\u0430\u0441\u0442\u043e\u044f\u0449\u0435\u0433\u043e \u0430\u0432\u0442\u043e\u043c\u043e\u0431\u0438\u043b\u044f \u0441 \u043f\u0440\u043e\u0447\u043d\u044b\u043c \u043a\u043e\u0440\u043f\u0443\u0441\u043e\u043c. \u0422\u0430\u043a\u0430\u044f \u0438\u0433\u0440\u0443\u0448\u043a\u0430 \u043f\u043e\u043d\u0440\u0430\u0432\u0438\u0442\u0441\u044f \u044e\u043d\u043e\u043c\u0443 \u0430\u0432\u0442\u043e\u043b\u044e\u0431\u0438\u0442\u0435\u043b\u044e. \u0422\u0440\u0430\u043d\u0441\u043f\u043e\u0440\u0442\u043d\u043e\u0435 \u0441\u0440\u0435\u0434\u0441\u0442\u0432\u043e \u0434\u043e\u043f\u043e\u043b\u043d\u0435\u043d\u043e \u0441\u0432\u0435\u0442\u043e\u0432\u044b\u043c\u0438 \u0438 \u0437\u0432\u0443\u043a\u043e\u0432\u044b\u043c\u0438 \u044d\u0444\u0444\u0435\u043a\u0442\u0430\u043c\u0438, \u0430\u043a\u0442\u0438\u0432\u0438\u0440\u043e\u0432\u0430\u0442\u044c \u043a\u043e\u0442\u043e\u0440\u044b\u0435 \u043c\u043e\u0436\u043d\u043e \u043d\u0430\u0436\u0430\u0442\u0438\u0435\u043c \u043a\u043d\u043e\u043f\u043a\u0438 \u043d\u0430 \u043a\u043e\u0440\u043f\u0443\u0441\u0435, \u0447\u0442\u043e \u043f\u0440\u0438\u0434\u0430\u0435\u0442 \u0438\u0433\u0440\u043e\u0432\u043e\u043c\u0443 \u043f\u0440\u043e\u0446\u0435\u0441\u0441\u0443 \u044d\u0444\u0444\u0435\u043a\u0442 \u0440\u0435\u0430\u043b\u0438\u0441\u0442\u0438\u0447\u043d\u043e\u0441\u0442\u0438.\u00a0 \u0420\u0435\u0430\u043b\u0438\u0441\u0442\u0438\u0447\u043d\u044b\u0439 \u0434\u0438\u0437\u0430\u0439\u043d \u043c\u0430\u0448\u0438\u043d\u043a\u0438 \u043f\u043e\u0437\u0432\u043e\u043b\u0438\u0442 \u0441 \u0433\u043e\u043b\u043e\u0432\u043e\u0439 \u043f\u043e\u0433\u0440\u0443\u0437\u0438\u0442\u044c\u0441\u044f \u0432 \u0438\u0433\u0440\u0443, \u043e\u0442\u043f\u0440\u0430\u0432\u0438\u0442\u044c\u0441\u044f \u043d\u0430\u0432\u0441\u0442\u0440\u0435\u0447\u0443 \u043f\u0440\u0438\u043a\u043b\u044e\u0447\u0435\u043d\u0438\u044f\u043c.<\/p>\n<p>\u0425\u0430\u0440\u0430\u043a\u0442\u0435\u0440\u0438\u0441\u0442\u0438\u043a\u0438:<\/p>\n<p> \t\u0410\u0432\u0442\u043e\u043c\u043e\u0431\u0438\u043b\u044c \u043f\u0440\u0435\u0434\u0441\u0442\u0430\u0432\u043b\u0435\u043d \u0432 \u043c\u0430\u0441\u0448\u0442\u0430\u0431\u0435 1:16.<br \/>\n \t\u0418\u043d\u0435\u0440\u0446\u0438\u043e\u043d\u043d\u044b\u0439 \u043c\u0435\u0445\u0430\u043d\u0438\u0437\u043c.<br \/>\n \t\u041a\u043e\u043b\u0451\u0441\u0430 \u0441 \u0440\u0435\u0437\u0438\u043d\u043e\u0432\u044b\u043c\u0438 \u043f\u043e\u043a\u0440\u044b\u0448\u043a\u0430\u043c\u0438.<br \/>\n \t\u0418\u0433\u0440\u0443\u0448\u043a\u0430 \u0438\u0437\u0433\u043e\u0442\u043e\u0432\u043b\u0435\u043d\u0430 \u0438\u0437 \u0431\u0435\u0437\u043e\u043f\u0430\u0441\u043d\u043e\u0433\u043e \u0438 \u043f\u0440\u043e\u0447\u043d\u043e\u0433\u043e \u043f\u043b\u0430\u0441\u0442\u0438\u043a\u0430.<br \/>\n \t\u0421\u0432\u0435\u0442 \u0438 \u0437\u0432\u0443\u043a \u0440\u0430\u0431\u043e\u0442\u0430\u044e\u0442 \u043e\u0442 3-\u0445 \u0431\u0430\u0442\u0430\u0440\u0435\u0435\u043a \u00abAG13\u00bb (\u0432\u0445\u043e\u0434\u044f\u0442 \u0432 \u043a\u043e\u043c\u043f\u043b\u0435\u043a\u0442 \u0434\u043b\u044f \u0434\u0435\u043c\u043e\u043d\u0441\u0442\u0440\u0430\u0446\u0438\u0438).[trim][:ro_RO]Acest model de ma\u0219in\u0103 militar\u0103 este executat detaliat \u0219i cu siguran\u021b\u0103 va capta aten\u021bia copiilor. La fel ca toate modelele Wenyi, \u0219i acesta exceleaz\u0103 prin manopera de calitate \u0219i func\u021bii reale distractive.<\/p>\n<p>Caracteristici:<\/p>\n<ul>\n<li>Dispune de elemente mobile<\/li>\n<li>4 butoane activeaz\u0103 sunetele \u0219i luminile de aten\u021bionare<\/li>\n<li>Ma\u0219inu\u021ba este dotat\u0103 cu motor cu fric\u021biune, astfel, ea va fi \u00eempins\u0103 pu\u021bin \u0219i datorit\u0103 fric\u021biunii ea se va deplasa pe o mare distan\u021b\u0103 pe direc\u021bia \u00eenainte<\/li>\n<li>Ro\u021bile sunt de cauciuc<\/li>\n<li>Este fabricat\u0103 din material plastic de \u00eenalt\u0103 calitate<\/li>\n<li>Juc\u0103ria este alimentat\u0103 de baterii: 3 x AG13 (bateriile sunt incluse)<\/li>\n<\/ul>\n","protected":false},"excerpt":{"rendered":"<p>[:ru_RU]\u0418\u043d\u0435\u0440\u0446\u0438\u043e\u043d\u043d\u0430\u044f \u0432\u043e\u0435\u043d\u043d\u0430\u044f \u043c\u0430\u0448\u0438\u043d\u0430 \u2014 \u044d\u0442\u043e \u043a\u043e\u043f\u0438\u044f \u043d\u0430\u0441\u0442\u043e\u044f\u0449\u0435\u0433\u043e \u0430\u0432\u0442\u043e\u043c\u043e\u0431\u0438\u043b\u044f \u0441 \u043f\u0440\u043e\u0447\u043d\u044b\u043c \u043a\u043e\u0440\u043f\u0443\u0441\u043e\u043c. \u0422\u0430\u043a\u0430\u044f \u0438\u0433\u0440\u0443\u0448\u043a\u0430 \u043f\u043e\u043d\u0440\u0430\u0432\u0438\u0442\u0441\u044f \u044e\u043d\u043e\u043c\u0443 \u0430\u0432\u0442\u043e\u043b\u044e\u0431\u0438\u0442\u0435\u043b\u044e. \u0422\u0440\u0430\u043d\u0441\u043f\u043e\u0440\u0442\u043d\u043e\u0435 \u0441\u0440\u0435\u0434\u0441\u0442\u0432\u043e \u0434\u043e\u043f\u043e\u043b\u043d\u0435\u043d\u043e \u0441\u0432\u0435\u0442\u043e\u0432\u044b\u043c\u0438 \u0438 \u0437\u0432\u0443\u043a\u043e\u0432\u044b\u043c\u0438 \u044d\u0444\u0444\u0435\u043a\u0442\u0430\u043c\u0438, \u0430\u043a\u0442\u0438\u0432\u0438\u0440\u043e\u0432\u0430\u0442\u044c \u043a\u043e\u0442\u043e\u0440\u044b\u0435 \u043c\u043e\u0436\u043d\u043e \u043d\u0430\u0436\u0430\u0442\u0438\u0435\u043c \u043a\u043d\u043e\u043f\u043a\u0438 \u043d\u0430 \u043a\u043e\u0440\u043f\u0443\u0441\u0435, \u0447\u0442\u043e \u043f\u0440\u0438\u0434\u0430\u0435\u0442 \u0438\u0433\u0440\u043e\u0432\u043e\u043c\u0443 \u043f\u0440\u043e\u0446\u0435\u0441\u0441\u0443 \u044d\u0444\u0444\u0435\u043a\u0442 \u0440\u0435\u0430\u043b\u0438\u0441\u0442\u0438\u0447\u043d\u043e\u0441\u0442\u0438.\u00a0 \u0420\u0435\u0430\u043b\u0438\u0441\u0442\u0438\u0447\u043d\u044b\u0439 \u0434\u0438\u0437\u0430\u0439\u043d \u043c\u0430\u0448\u0438\u043d\u043a\u0438 \u043f\u043e\u0437\u0432\u043e\u043b\u0438\u0442 \u0441 \u0433\u043e\u043b\u043e\u0432\u043e\u0439 \u043f\u043e\u0433\u0440\u0443\u0437\u0438\u0442\u044c\u0441\u044f \u0432 \u0438\u0433\u0440\u0443, \u043e\u0442\u043f\u0440\u0430\u0432\u0438\u0442\u044c\u0441\u044f \u043d\u0430\u0432\u0441\u0442\u0440\u0435\u0447\u0443 \u043f\u0440\u0438\u043a\u043b\u044e\u0447\u0435\u043d\u0438\u044f\u043c. \u0425\u0430\u0440\u0430\u043a\u0442\u0435\u0440\u0438\u0441\u0442\u0438\u043a\u0438: \u0410\u0432\u0442\u043e\u043c\u043e\u0431\u0438\u043b\u044c \u043f\u0440\u0435\u0434\u0441\u0442\u0430\u0432\u043b\u0435\u043d \u0432 \u043c\u0430\u0441\u0448\u0442\u0430\u0431\u0435 1:16. \u0418\u043d\u0435\u0440\u0446\u0438\u043e\u043d\u043d\u044b\u0439 [&hellip;]<\/p>\n","protected":false},"featured_media":44867,"comment_status":"open","ping_status":"closed","template":"","meta":{"_acf_changed":false},"product_brand":[],"product_cat":[6726],"product_tag":[],"class_list":{"0":"post-44869","1":"product","2":"type-product","3":"status-publish","4":"has-post-thumbnail","6":"product_cat-ru_ru-mashinki-trim-ro_ro-m","8":"first","9":"instock","10":"shipping-taxable","11":"purchasable","12":"product-type-simple"},"acf":[],"_links":{"self":[{"href":"https:\/\/minimax.md\/ru\/wp-json\/wp\/v2\/product\/44869","targetHints":{"allow":["GET"]}}],"collection":[{"href":"https:\/\/minimax.md\/ru\/wp-json\/wp\/v2\/product"}],"about":[{"href":"https:\/\/minimax.md\/ru\/wp-json\/wp\/v2\/types\/product"}],"replies":[{"embeddable":true,"href":"https:\/\/minimax.md\/ru\/wp-json\/wp\/v2\/comments?post=44869"}],"version-history":[{"count":0,"href":"https:\/\/minimax.md\/ru\/wp-json\/wp\/v2\/product\/44869\/revisions"}],"wp:featuredmedia":[{"embeddable":true,"href":"https:\/\/minimax.md\/ru\/wp-json\/wp\/v2\/media\/44867"}],"wp:attachment":[{"href":"https:\/\/minimax.md\/ru\/wp-json\/wp\/v2\/media?parent=44869"}],"wp:term":[{"taxonomy":"product_brand","embeddable":true,"href":"https:\/\/minimax.md\/ru\/wp-json\/wp\/v2\/product_brand?post=44869"},{"taxonomy":"product_cat","embeddable":true,"href":"https:\/\/minimax.md\/ru\/wp-json\/wp\/v2\/product_cat?post=44869"},{"taxonomy":"product_tag","embeddable":true,"href":"https:\/\/minimax.md\/ru\/wp-json\/wp\/v2\/product_tag?post=44869"}],"curies":[{"name":"wp","href":"https:\/\/api.w.org\/{rel}","templated":true}]}}