{"id":44876,"date":"2024-01-11T17:12:48","date_gmt":"2024-01-11T14:12:48","guid":{"rendered":"https:\/\/minimax.md\/product\/44876.html"},"modified":"2024-03-13T00:32:41","modified_gmt":"2024-03-12T21:32:41","slug":"ru_ru-triceratops-na-pulte-upravlenija-svet-zvuk-trim-ro_ro-juc-rie-interactiv-dinozaur-triceratops-cu-telecomand-lumini-si-sunet","status":"publish","type":"product","link":"https:\/\/minimax.md\/ru\/product\/44876.html","title":{"rendered":"\u0422\u0440\u0438\u0446\u0435\u0440\u0430\u0442\u043e\u043f\u0441 \u043d\u0430 \u043f\u0443\u043b\u044c\u0442\u0435 \u0443\u043f\u0440\u0430\u0432\u043b\u0435\u043d\u0438\u044f (\u0441\u0432\u0435\u0442, \u0437\u0432\u0443\u043a)"},"content":{"rendered":"<p>[:ru_RU]\u042d\u0442\u043e\u0442 \u0440\u0435\u0430\u043b\u0438\u0441\u0442\u0438\u0447\u043d\u044b\u0439 \u0438\u043d\u0444\u0440\u0430\u043a\u0440\u0430\u0441\u043d\u044b\u0439 \u0434\u0438\u043d\u043e\u0437\u0430\u0432\u0440 \u0441 \u0437\u0432\u0443\u043a\u043e\u043c-\u0438\u0434\u0435\u0430\u043b\u044c\u043d\u0430\u044f \u0438\u0433\u0440\u0443\u0448\u043a\u0430 \u0434\u043b\u044f \u043b\u044e\u0431\u043e\u0433\u043e \u043d\u0430\u0447\u0438\u043d\u0430\u044e\u0449\u0435\u0433\u043e \u043f\u0430\u043b\u0435\u043e\u043d\u0442\u043e\u043b\u043e\u0433\u0430. \u041a\u0430\u0436\u0434\u0430\u044f \u0438\u0433\u0440\u0443\u0448\u043a\u0430 \u0434\u0438\u043d\u043e\u0437\u0430\u0432\u0440\u0430 \u0441 \u0434\u0438\u0441\u0442\u0430\u043d\u0446\u0438\u043e\u043d\u043d\u044b\u043c \u0443\u043f\u0440\u0430\u0432\u043b\u0435\u043d\u0438\u0435\u043c \u0438\u043c\u0435\u0435\u0442 \u0441\u0432\u0435\u0442\u044f\u0449\u0438\u0435\u0441\u044f \u043a\u0440\u0430\u0441\u043d\u044b\u0435 \u0433\u043b\u0430\u0437\u0430 \u0438 \u0440\u0430\u0441\u043a\u0440\u044b\u0432\u0430\u0435\u0442 \u0440\u043e\u0442, \u043a\u043e\u0433\u0434\u0430 \u0434\u0432\u0438\u0436\u0435\u0442\u0441\u044f. \u0412\u044b \u043c\u043e\u0436\u0435\u0442\u0435 \u043a\u043e\u043d\u0442\u0440\u043e\u043b\u0438\u0440\u043e\u0432\u0430\u0442\u044c, \u0434\u0435\u043b\u0430\u0435\u0442 \u043b\u0438 \u0434\u0438\u043d\u043e\u0437\u0430\u0432\u0440 \u043e\u0434\u0438\u043d \u0448\u0430\u0433 \u0432\u043f\u0435\u0440\u0435\u0434 \u0438 \u0431\u0440\u043e\u0434\u0438\u0442 \u0438\u043b\u0438 \u0435\u0441\u043b\u0438 \u043e\u043d \u043d\u0435\u043f\u0440\u0435\u0440\u044b\u0432\u043d\u043e \u0438\u0434\u0435\u0442 \u0432\u043f\u0435\u0440\u0435\u0434. \u0414\u0438\u043d\u043e\u0437\u0430\u0432\u0440 \u0437\u0430\u0440\u044f\u0436\u0430\u0435\u0442\u0441\u044f \u0441 \u043f\u043e\u043c\u043e\u0449\u044c\u044e \u043f\u0443\u043b\u044c\u0442\u0430 \u0434\u0438\u0441\u0442\u0430\u043d\u0446\u0438\u043e\u043d\u043d\u043e\u0433\u043e \u0443\u043f\u0440\u0430\u0432\u043b\u0435\u043d\u0438\u044f \u0432 \u043a\u0430\u0447\u0435\u0441\u0442\u0432\u0435 \u0438\u0441\u0442\u043e\u0447\u043d\u0438\u043a\u0430 \u043f\u0438\u0442\u0430\u043d\u0438\u044f.<\/p>\n<p>\u041f\u0440\u0438\u043c\u0435\u043d\u0435\u043d\u0438\u0435:<\/p>\n<p>1. \u041d\u0430\u0436\u043c\u0438\u0442\u0435 \u043b\u0435\u0432\u0443\u044e \u043a\u043d\u043e\u043f\u043a\u0443 \u0438 \u0434\u0438\u043d\u043e\u0437\u0430\u0432\u0440 \u0434\u0432\u0438\u0436\u0435\u0442\u0441\u044f \u0432\u043f\u0435\u0440\u0435\u0434 \u0441 \u043e\u0433\u0440\u043e\u043c\u043d\u044b\u043c \u0440\u0435\u0432\u043e\u043c.<br \/>\n2. \u041d\u0430\u0436\u043c\u0438\u0442\u0435 \u043f\u0440\u0430\u0432\u0443\u044e \u043a\u043d\u043e\u043f\u043a\u0443 \u0434\u043b\u044f \u043d\u0435\u043f\u0440\u0435\u0440\u044b\u0432\u043d\u043e\u0439 \u0445\u043e\u0434\u044c\u0431\u044b \u0438 \u0440\u0436\u0430\u0432\u0447\u0438\u043d\u044b.<br \/>\n3. \u0417\u0430\u0440\u044f\u0434\u043a\u0430: \u0441\u043d\u0430\u0447\u0430\u043b\u0430 \u043f\u043e\u043c\u0435\u0441\u0442\u0438\u0442\u0435 3 \u0431\u0430\u0442\u0430\u0440\u0435\u0439\u043a\u0438 AAA \u0432 \u043f\u0443\u043b\u044c\u0442 \u0434\u0438\u0441\u0442\u0430\u043d\u0446\u0438\u043e\u043d\u043d\u043e\u0433\u043e \u0443\u043f\u0440\u0430\u0432\u043b\u0435\u043d\u0438\u044f. \u0417\u0430\u0442\u0435\u043c \u043e\u0442\u043a\u0440\u043e\u0439\u0442\u0435 \u043a\u0440\u044b\u0448\u043a\u0443 \u0432 \u0431\u043e\u043a\u043e\u0432\u043e\u0439 \u0447\u0430\u0441\u0442\u0438 \u043f\u0443\u043b\u044c\u0442\u0430 \u0434\u0438\u0441\u0442\u0430\u043d\u0446\u0438\u043e\u043d\u043d\u043e\u0433\u043e \u0443\u043f\u0440\u0430\u0432\u043b\u0435\u043d\u0438\u044f, \u0441\u043d\u0438\u043c\u0438\u0442\u0435 \u0432\u043d\u0443\u0442\u0440\u0435\u043d\u043d\u0438\u0439 \u0437\u0430\u0440\u044f\u0434\u043d\u044b\u0439 \u043a\u0430\u0431\u0435\u043b\u044c, \u043f\u043e\u0434\u043a\u043b\u044e\u0447\u0438\u0442\u0435 \u0435\u0433\u043e \u043a \u0438\u0433\u0440\u0443\u0448\u043a\u0435 \u0434\u0438\u043d\u043e\u0437\u0430\u0432\u0440\u0430, \u0438\u0433\u0440\u0443\u0448\u043a\u0430 dimosaur \u0431\u0443\u0434\u0435\u0442 \u0437\u0430\u0440\u044f\u0436\u0430\u0442\u044c\u0441\u044f \u043f\u0443\u043b\u044c\u0442\u043e\u043c \u0434\u0438\u0441\u0442\u0430\u043d\u0446\u0438\u043e\u043d\u043d\u043e\u0433\u043e \u0443\u043f\u0440\u0430\u0432\u043b\u0435\u043d\u0438\u044f.<br \/>\n4. \u041c\u0435\u0442\u043e\u0434 \u043a\u043e\u0440\u0440\u0435\u043a\u0446\u0438\u0438 \u0447\u0430\u0441\u0442\u043e\u0442\u044b: \u0412\u044b\u0431\u0435\u0440\u0438\u0442\u0435 \u043b\u044e\u0431\u043e\u0439 \u0438\u0437 \u043a\u0430\u043d\u0430\u043b\u043e\u0432 A, B, C, \u043d\u0430\u0436\u043c\u0438\u0442\u0435 \u043a\u043b\u0430\u0432\u0438\u0448\u0443 forward \u0434\u043b\u044f \u043a\u043e\u0440\u0440\u0435\u043a\u0446\u0438\u0438 \u0447\u0430\u0441\u0442\u043e\u0442\u044b, \u0435\u0441\u043b\u0438 \u0447\u0430\u0441\u0442\u043e\u0442\u0430 \u043d\u0435\u0441\u043e\u0432\u043c\u0435\u0441\u0442\u0438\u043c\u0430, \u041f\u0435\u0440\u0435\u043a\u043b\u044e\u0447\u0430\u0439\u0442\u0435 \u043a\u0430\u043d\u0430\u043b ant[trim][:ro_RO]Dinozaurul interactiv, controlat de la distan\u021b\u0103 aduce o not\u0103 de poveste \u0219i basm. Atunci c\u00e2nd \u00eel aprinzi, po\u021bi vedea cum gura acestuia se mi\u0219c\u0103, av\u00e2nd o mi\u0219care \u00eenainte-\u00eenapoi c\u00e2t mai real\u0103. Atunci c\u00e2nd gura se deschide, acesta scoate un sunet puternic \u0219i imit\u0103 cu adev\u0103rat Triceratopsul.<\/p>\n<p>Caracteristici:<\/p>\n<ul>\n<li>Calitate superioar\u0103<\/li>\n<li>Aspect realist<\/li>\n<li>Efecte sonore<\/li>\n<li>Efecte de lumin\u0103<\/li>\n<li>Telecomand\u0103<\/li>\n<li>Mare distrac\u021bie pentru \u00eentreaga familie<\/li>\n<\/ul>\n<p>Dinozaurul are un aspect foarte realist. Structura detaliat\u0103, mi\u0219carea capului, mi\u0219carea labelor, modul de a merge \u0219i sunetele care ies ne fac s\u0103 sim\u021bim c\u0103 comunic\u0103m cu un adev\u0103rat animal preistoric. Control\u0103m dinozaurul cu telecomanda inclus\u0103. Aspectul s\u0103u original este o atrac\u021bie suplimentar\u0103 \u0219i arat\u0103 grozav \u00een camera unui t\u00e2n\u0103r explorator al secretelor creaturilor preistorice.<\/p>\n<ul>\n<li>Material: plastic de calitate \u00eenalt\u0103<\/li>\n<li>Func\u021bioneaz\u0103 cu 3 baterii AAA (nu sunt incluse \u00een set)<\/li>\n<\/ul>\n","protected":false},"excerpt":{"rendered":"<p>[:ru_RU]\u042d\u0442\u043e\u0442 \u0440\u0435\u0430\u043b\u0438\u0441\u0442\u0438\u0447\u043d\u044b\u0439 \u0438\u043d\u0444\u0440\u0430\u043a\u0440\u0430\u0441\u043d\u044b\u0439 \u0434\u0438\u043d\u043e\u0437\u0430\u0432\u0440 \u0441 \u0437\u0432\u0443\u043a\u043e\u043c-\u0438\u0434\u0435\u0430\u043b\u044c\u043d\u0430\u044f \u0438\u0433\u0440\u0443\u0448\u043a\u0430 \u0434\u043b\u044f \u043b\u044e\u0431\u043e\u0433\u043e \u043d\u0430\u0447\u0438\u043d\u0430\u044e\u0449\u0435\u0433\u043e \u043f\u0430\u043b\u0435\u043e\u043d\u0442\u043e\u043b\u043e\u0433\u0430. \u041a\u0430\u0436\u0434\u0430\u044f \u0438\u0433\u0440\u0443\u0448\u043a\u0430 \u0434\u0438\u043d\u043e\u0437\u0430\u0432\u0440\u0430 \u0441 \u0434\u0438\u0441\u0442\u0430\u043d\u0446\u0438\u043e\u043d\u043d\u044b\u043c \u0443\u043f\u0440\u0430\u0432\u043b\u0435\u043d\u0438\u0435\u043c \u0438\u043c\u0435\u0435\u0442 \u0441\u0432\u0435\u0442\u044f\u0449\u0438\u0435\u0441\u044f \u043a\u0440\u0430\u0441\u043d\u044b\u0435 \u0433\u043b\u0430\u0437\u0430 \u0438 \u0440\u0430\u0441\u043a\u0440\u044b\u0432\u0430\u0435\u0442 \u0440\u043e\u0442, \u043a\u043e\u0433\u0434\u0430 \u0434\u0432\u0438\u0436\u0435\u0442\u0441\u044f. \u0412\u044b \u043c\u043e\u0436\u0435\u0442\u0435 \u043a\u043e\u043d\u0442\u0440\u043e\u043b\u0438\u0440\u043e\u0432\u0430\u0442\u044c, \u0434\u0435\u043b\u0430\u0435\u0442 \u043b\u0438 \u0434\u0438\u043d\u043e\u0437\u0430\u0432\u0440 \u043e\u0434\u0438\u043d \u0448\u0430\u0433 \u0432\u043f\u0435\u0440\u0435\u0434 \u0438 \u0431\u0440\u043e\u0434\u0438\u0442 \u0438\u043b\u0438 \u0435\u0441\u043b\u0438 \u043e\u043d \u043d\u0435\u043f\u0440\u0435\u0440\u044b\u0432\u043d\u043e \u0438\u0434\u0435\u0442 \u0432\u043f\u0435\u0440\u0435\u0434. \u0414\u0438\u043d\u043e\u0437\u0430\u0432\u0440 \u0437\u0430\u0440\u044f\u0436\u0430\u0435\u0442\u0441\u044f \u0441 \u043f\u043e\u043c\u043e\u0449\u044c\u044e \u043f\u0443\u043b\u044c\u0442\u0430 \u0434\u0438\u0441\u0442\u0430\u043d\u0446\u0438\u043e\u043d\u043d\u043e\u0433\u043e \u0443\u043f\u0440\u0430\u0432\u043b\u0435\u043d\u0438\u044f \u0432 \u043a\u0430\u0447\u0435\u0441\u0442\u0432\u0435 \u0438\u0441\u0442\u043e\u0447\u043d\u0438\u043a\u0430 \u043f\u0438\u0442\u0430\u043d\u0438\u044f. \u041f\u0440\u0438\u043c\u0435\u043d\u0435\u043d\u0438\u0435: [&hellip;]<\/p>\n","protected":false},"featured_media":44870,"comment_status":"open","ping_status":"closed","template":"","meta":{"_acf_changed":false},"product_brand":[],"product_cat":[6821],"product_tag":[],"class_list":{"0":"post-44876","1":"product","2":"type-product","3":"status-publish","4":"has-post-thumbnail","6":"product_cat-ru_ru-radioupravljaemye-avt","8":"first","9":"instock","10":"shipping-taxable","11":"purchasable","12":"product-type-simple"},"acf":[],"_links":{"self":[{"href":"https:\/\/minimax.md\/ru\/wp-json\/wp\/v2\/product\/44876","targetHints":{"allow":["GET"]}}],"collection":[{"href":"https:\/\/minimax.md\/ru\/wp-json\/wp\/v2\/product"}],"about":[{"href":"https:\/\/minimax.md\/ru\/wp-json\/wp\/v2\/types\/product"}],"replies":[{"embeddable":true,"href":"https:\/\/minimax.md\/ru\/wp-json\/wp\/v2\/comments?post=44876"}],"version-history":[{"count":0,"href":"https:\/\/minimax.md\/ru\/wp-json\/wp\/v2\/product\/44876\/revisions"}],"wp:featuredmedia":[{"embeddable":true,"href":"https:\/\/minimax.md\/ru\/wp-json\/wp\/v2\/media\/44870"}],"wp:attachment":[{"href":"https:\/\/minimax.md\/ru\/wp-json\/wp\/v2\/media?parent=44876"}],"wp:term":[{"taxonomy":"product_brand","embeddable":true,"href":"https:\/\/minimax.md\/ru\/wp-json\/wp\/v2\/product_brand?post=44876"},{"taxonomy":"product_cat","embeddable":true,"href":"https:\/\/minimax.md\/ru\/wp-json\/wp\/v2\/product_cat?post=44876"},{"taxonomy":"product_tag","embeddable":true,"href":"https:\/\/minimax.md\/ru\/wp-json\/wp\/v2\/product_tag?post=44876"}],"curies":[{"name":"wp","href":"https:\/\/api.w.org\/{rel}","templated":true}]}}