{"id":44878,"date":"2024-01-11T17:12:48","date_gmt":"2024-01-11T14:12:48","guid":{"rendered":"https:\/\/minimax.md\/product\/44878.html"},"modified":"2024-03-13T01:04:39","modified_gmt":"2024-03-12T22:04:39","slug":"ru_ru-magnitnaja-nastolnaja-igra-4-v-1-trim-ro_ro-joc-de-societate-magnetic-4-n-1","status":"publish","type":"product","link":"https:\/\/minimax.md\/ru\/product\/44878.html","title":{"rendered":"\u041c\u0430\u0433\u043d\u0438\u0442\u043d\u0430\u044f \u043d\u0430\u0441\u0442\u043e\u043b\u044c\u043d\u0430\u044f \u0438\u0433\u0440\u0430 4 \u0432 1"},"content":{"rendered":"<p>[:ru_RU]\u041c\u0430\u0433\u043d\u0438\u0442\u043d\u0430\u044f \u043d\u0430\u0441\u0442\u043e\u043b\u044c\u043d\u0430\u044f \u0438\u0433\u0440\u0430 4 \u0432 1 \u043f\u043e\u043c\u043e\u0436\u0435\u0442 \u0432 \u0440\u0430\u0437\u0432\u0438\u0442\u0438\u0438 \u0443 \u0440\u0435\u0431\u0435\u043d\u043a\u0430 \u043b\u043e\u0433\u0438\u0447\u0435\u0441\u043a\u043e\u0433\u043e, \u043f\u0440\u043e\u0441\u0442\u0440\u0430\u043d\u0441\u0442\u0432\u0435\u043d\u043d\u043e\u0433\u043e \u0438 \u0441\u0442\u0440\u0430\u0442\u0435\u0433\u0438\u0447\u0435\u0441\u043a\u043e\u0433\u043e \u043c\u044b\u0448\u043b\u0435\u043d\u0438\u044f, \u0438\u043d\u0442\u0435\u043b\u043b\u0435\u043a\u0442\u0430, \u0443\u0432\u0430\u0436\u0435\u043d\u0438\u044f \u043a \u043f\u0440\u043e\u0442\u0438\u0432\u043d\u0438\u043a\u0443, \u0443\u043c\u0435\u043d\u0438\u044e \u043f\u043e\u0431\u0435\u0436\u0434\u0430\u0442\u044c \u0438 \u0442\u0435\u0440\u043f\u0435\u0442\u044c \u043f\u043e\u0440\u0430\u0436\u0435\u043d\u0438\u0435. \u0412 \u043d\u0430\u0431\u043e\u0440\u0435 4 \u043f\u043e\u043f\u0443\u043b\u044f\u0440\u043d\u044b\u0445 \u043d\u0430\u0441\u0442\u043e\u043b\u044c\u043d\u044b\u0445 \u0438\u0433\u0440. \u0424\u0438\u0433\u0443\u0440\u043a\u0438 \u0441\u043d\u0430\u0431\u0436\u0435\u043d\u044b \u043c\u0430\u0433\u043d\u0438\u0442\u043d\u043e\u0439 \u043e\u0441\u043d\u043e\u0432\u043e\u0439, \u0447\u0442\u043e \u043f\u043e\u0437\u0432\u043e\u043b\u044f\u0435\u0442 \u0438\u0433\u0440\u0430\u0442\u044c \u0441 \u043a\u043e\u043c\u0444\u043e\u0440\u0442\u043e\u043c \u0434\u0430\u0436\u0435 \u0432 \u0434\u043e\u0440\u043e\u0433\u0435![trim][:ro_RO]Jocul de societate magnetic 4 \u00een 1 ajut\u0103 la dezvoltarea g\u00e2ndirii logice \u0219i strategice a copilului, a inteligen\u021bei, a respectului fa\u021b\u0103 de inamic, a capacit\u0103\u021bii de a c\u00e2\u0219tiga \u0219i de a pierde. Include 4 jocuri populare de societate. Figurinele sunt echipate cu o baz\u0103 magnetic\u0103, care v\u0103 permite s\u0103 v\u0103 juca\u021bi confortabil chiar \u0219i \u00een drum!<\/p>\n","protected":false},"excerpt":{"rendered":"<p>[:ru_RU]\u041c\u0430\u0433\u043d\u0438\u0442\u043d\u0430\u044f \u043d\u0430\u0441\u0442\u043e\u043b\u044c\u043d\u0430\u044f \u0438\u0433\u0440\u0430 4 \u0432 1 \u043f\u043e\u043c\u043e\u0436\u0435\u0442 \u0432 \u0440\u0430\u0437\u0432\u0438\u0442\u0438\u0438 \u0443 \u0440\u0435\u0431\u0435\u043d\u043a\u0430 \u043b\u043e\u0433\u0438\u0447\u0435\u0441\u043a\u043e\u0433\u043e, \u043f\u0440\u043e\u0441\u0442\u0440\u0430\u043d\u0441\u0442\u0432\u0435\u043d\u043d\u043e\u0433\u043e \u0438 \u0441\u0442\u0440\u0430\u0442\u0435\u0433\u0438\u0447\u0435\u0441\u043a\u043e\u0433\u043e \u043c\u044b\u0448\u043b\u0435\u043d\u0438\u044f, \u0438\u043d\u0442\u0435\u043b\u043b\u0435\u043a\u0442\u0430, \u0443\u0432\u0430\u0436\u0435\u043d\u0438\u044f \u043a \u043f\u0440\u043e\u0442\u0438\u0432\u043d\u0438\u043a\u0443, \u0443\u043c\u0435\u043d\u0438\u044e \u043f\u043e\u0431\u0435\u0436\u0434\u0430\u0442\u044c \u0438 \u0442\u0435\u0440\u043f\u0435\u0442\u044c \u043f\u043e\u0440\u0430\u0436\u0435\u043d\u0438\u0435. \u0412 \u043d\u0430\u0431\u043e\u0440\u0435 4 \u043f\u043e\u043f\u0443\u043b\u044f\u0440\u043d\u044b\u0445 \u043d\u0430\u0441\u0442\u043e\u043b\u044c\u043d\u044b\u0445 \u0438\u0433\u0440. \u0424\u0438\u0433\u0443\u0440\u043a\u0438 \u0441\u043d\u0430\u0431\u0436\u0435\u043d\u044b \u043c\u0430\u0433\u043d\u0438\u0442\u043d\u043e\u0439 \u043e\u0441\u043d\u043e\u0432\u043e\u0439, \u0447\u0442\u043e \u043f\u043e\u0437\u0432\u043e\u043b\u044f\u0435\u0442 \u0438\u0433\u0440\u0430\u0442\u044c \u0441 \u043a\u043e\u043c\u0444\u043e\u0440\u0442\u043e\u043c \u0434\u0430\u0436\u0435 \u0432 \u0434\u043e\u0440\u043e\u0433\u0435![trim][:ro_RO]Jocul de societate magnetic 4 \u00een 1 ajut\u0103 la dezvoltarea g\u00e2ndirii logice \u0219i [&hellip;]<\/p>\n","protected":false},"featured_media":44877,"comment_status":"open","ping_status":"closed","template":"","meta":{"_acf_changed":false},"product_brand":[],"product_cat":[6695],"product_tag":[],"class_list":{"0":"post-44878","1":"product","2":"type-product","3":"status-publish","4":"has-post-thumbnail","6":"product_cat-ru_ru-logicheskie-trim-ro_r","8":"first","9":"instock","10":"shipping-taxable","11":"purchasable","12":"product-type-simple"},"acf":[],"_links":{"self":[{"href":"https:\/\/minimax.md\/ru\/wp-json\/wp\/v2\/product\/44878","targetHints":{"allow":["GET"]}}],"collection":[{"href":"https:\/\/minimax.md\/ru\/wp-json\/wp\/v2\/product"}],"about":[{"href":"https:\/\/minimax.md\/ru\/wp-json\/wp\/v2\/types\/product"}],"replies":[{"embeddable":true,"href":"https:\/\/minimax.md\/ru\/wp-json\/wp\/v2\/comments?post=44878"}],"version-history":[{"count":0,"href":"https:\/\/minimax.md\/ru\/wp-json\/wp\/v2\/product\/44878\/revisions"}],"wp:featuredmedia":[{"embeddable":true,"href":"https:\/\/minimax.md\/ru\/wp-json\/wp\/v2\/media\/44877"}],"wp:attachment":[{"href":"https:\/\/minimax.md\/ru\/wp-json\/wp\/v2\/media?parent=44878"}],"wp:term":[{"taxonomy":"product_brand","embeddable":true,"href":"https:\/\/minimax.md\/ru\/wp-json\/wp\/v2\/product_brand?post=44878"},{"taxonomy":"product_cat","embeddable":true,"href":"https:\/\/minimax.md\/ru\/wp-json\/wp\/v2\/product_cat?post=44878"},{"taxonomy":"product_tag","embeddable":true,"href":"https:\/\/minimax.md\/ru\/wp-json\/wp\/v2\/product_tag?post=44878"}],"curies":[{"name":"wp","href":"https:\/\/api.w.org\/{rel}","templated":true}]}}