{"id":44935,"date":"2024-01-11T17:12:54","date_gmt":"2024-01-11T14:12:54","guid":{"rendered":"https:\/\/minimax.md\/product\/44935.html"},"modified":"2024-03-13T01:04:13","modified_gmt":"2024-03-12T22:04:13","slug":"ru_ru-hot-wheels-portativnyj-garazh-kejs-s-dorozhkami-dlja-hranenija-mashinok-trim-ro_ro-hot-wheels-garaj-portabil-cu-enile-pentru-depozitarea-ma-inilor","status":"publish","type":"product","link":"https:\/\/minimax.md\/ru\/product\/44935.html","title":{"rendered":"Hot Wheels  \u041f\u043e\u0440\u0442\u0430\u0442\u0438\u0432\u043d\u044b\u0439 \u0433\u0430\u0440\u0430\u0436-\u043a\u0435\u0439\u0441 \u0441 \u0434\u043e\u0440\u043e\u0436\u043a\u0430\u043c\u0438 \u0434\u043b\u044f \u0445\u0440\u0430\u043d\u0435\u043d\u0438\u044f \u043c\u0430\u0448\u0438\u043d\u043e\u043a"},"content":{"rendered":"<p>[:ru_RU]\u041f\u043e\u0440\u0442\u0430\u0442\u0438\u0432\u043d\u044b\u0439 \u0433\u0430\u0440\u0430\u0436-\u043a\u0435\u0439\u0441 \u0434\u043b\u044f \u0445\u0440\u0430\u043d\u0435\u043d\u0438\u044f \u043c\u0430\u0448\u0438\u043d\u043e\u043a Hot Wheels \u0438 \u0434\u043b\u044f \u0438\u0433\u0440.<\/p>\n<p>\u0412\u043c\u0435\u0449\u0430\u0435\u0442 \u0432 \u0441\u0435\u0431\u044f 44 \u043c\u0430\u0448\u0438\u043d\u043a\u0438, 11 \u0443\u0440\u043e\u0432\u043d\u0435\u0439, \u0435\u0433\u043e \u043c\u043e\u0436\u043d\u043e \u0442\u0440\u0430\u043d\u0441\u0444\u043e\u0440\u043c\u0438\u0440\u043e\u0432\u0430\u0442\u044c \u0432 \u0438\u0433\u0440\u043e\u0432\u0443\u044e \u0442\u0440\u0430\u0441\u0441\u0443 (\u043f\u0435\u0442\u043b\u044e \u0438\u043b\u0438 \u0442\u0440\u0430\u043c\u043f\u043b\u0438\u043d\u044b). \u041e\u0431\u0449\u0430\u044f \u043f\u0440\u043e\u0442\u044f\u0436\u0451\u043d\u043d\u043e\u0441\u0442\u044c \u0442\u0440\u0430\u0441\u0441\u044b 210 \u0441\u043c, \u043e\u043d\u0430 \u0441\u043e\u0432\u043c\u0435\u0441\u0442\u0438\u043c\u0430 \u0434\u043b\u044f \u0441\u043e\u0435\u0434\u0438\u043d\u0435\u043d\u0438\u044f \u0441 \u043b\u044e\u0431\u044b\u043c\u0438 \u0434\u0440\u0443\u0433\u0438\u043c\u0438 \u0442\u0440\u0435\u043a\u0430\u043c\u0438 Hot Wheels.<\/p>\n<p>\u0413\u0430\u0440\u0430\u0436-\u043a\u0435\u0439\u0441 \u0441\u043d\u0430\u0431\u0436\u0435\u043d \u0443\u0434\u043e\u0431\u043d\u043e\u0439 \u0440\u0443\u0447\u043a\u043e\u0439 \u0434\u043b\u044f \u043f\u0435\u0440\u0435\u043d\u043e\u0441\u043a\u0438. \u0411\u043b\u0430\u0433\u043e\u0434\u0430\u0440\u044f \u0435\u043c\u0443, \u043c\u0430\u0448\u0438\u043d\u043a\u0438 \u0432\u0430\u0448\u0435\u0433\u043e \u0440\u0435\u0431\u0435\u043d\u043a\u0430 \u0431\u0443\u0434\u0443\u0442 \u0445\u0440\u0430\u043d\u0438\u0442\u044c\u0441\u044f \u0432 \u043e\u0434\u043d\u043e\u043c \u043c\u0435\u0441\u0442\u0435 \u0438 \u043d\u0435 \u043f\u043e\u0442\u0435\u0440\u044f\u044e\u0442\u0441\u044f, \u0430 \u0432 \u043b\u044e\u0431\u043e\u0439 \u043c\u043e\u043c\u0435\u043d\u0442 \u043e\u043d \u0442\u0440\u0430\u043d\u0441\u0444\u043e\u0440\u043c\u0438\u0440\u0443\u0435\u0442\u0441\u044f \u0432 \u0443\u0432\u043b\u0435\u043a\u0430\u0442\u0435\u043b\u044c\u043d\u0443\u044e \u0438\u0433\u0440\u0443!<\/p>\n<p>\u041c\u0430\u0448\u0438\u043d\u043a\u0438 \u043d\u0435 \u0432\u043a\u043b\u044e\u0447\u0435\u043d\u044b \u0432 \u043d\u0430\u0431\u043e\u0440.[trim][:ro_RO]Garajul portabil pentru depozitarea ma\u0219inilor \u0219i a jocurilor Hot Wheels.<\/p>\n<p>Poate depozita 44 ma\u0219ini, are 11 nivele \u0219i poate fi transformat\u0103 \u00eentr-o pist\u0103 de joac\u0103 (circuit sau trambuline). Lungimea total\u0103 a pistei este de 210 cm, este compatibil\u0103 cu orice alte piste Hot Wheels.<\/p>\n<p>Cutia este echipat\u0103 cu un m\u00e2ner de transport convenabil. Datorit\u0103 acesteia, ma\u0219inile copilului t\u0103u vor fi depozitate \u00eentr-un singur loc \u0219i nu se vor pierde, iar \u00een orice moment se vor transforma \u00eentr-un joc captivant!<\/p>\n<p><strong>Ma\u0219inile nu sunt incluse \u00een set.<\/strong><\/p>\n","protected":false},"excerpt":{"rendered":"<p>[:ru_RU]\u041f\u043e\u0440\u0442\u0430\u0442\u0438\u0432\u043d\u044b\u0439 \u0433\u0430\u0440\u0430\u0436-\u043a\u0435\u0439\u0441 \u0434\u043b\u044f \u0445\u0440\u0430\u043d\u0435\u043d\u0438\u044f \u043c\u0430\u0448\u0438\u043d\u043e\u043a Hot Wheels \u0438 \u0434\u043b\u044f \u0438\u0433\u0440. \u0412\u043c\u0435\u0449\u0430\u0435\u0442 \u0432 \u0441\u0435\u0431\u044f 44 \u043c\u0430\u0448\u0438\u043d\u043a\u0438, 11 \u0443\u0440\u043e\u0432\u043d\u0435\u0439, \u0435\u0433\u043e \u043c\u043e\u0436\u043d\u043e \u0442\u0440\u0430\u043d\u0441\u0444\u043e\u0440\u043c\u0438\u0440\u043e\u0432\u0430\u0442\u044c \u0432 \u0438\u0433\u0440\u043e\u0432\u0443\u044e \u0442\u0440\u0430\u0441\u0441\u0443 (\u043f\u0435\u0442\u043b\u044e \u0438\u043b\u0438 \u0442\u0440\u0430\u043c\u043f\u043b\u0438\u043d\u044b). \u041e\u0431\u0449\u0430\u044f \u043f\u0440\u043e\u0442\u044f\u0436\u0451\u043d\u043d\u043e\u0441\u0442\u044c \u0442\u0440\u0430\u0441\u0441\u044b 210 \u0441\u043c, \u043e\u043d\u0430 \u0441\u043e\u0432\u043c\u0435\u0441\u0442\u0438\u043c\u0430 \u0434\u043b\u044f \u0441\u043e\u0435\u0434\u0438\u043d\u0435\u043d\u0438\u044f \u0441 \u043b\u044e\u0431\u044b\u043c\u0438 \u0434\u0440\u0443\u0433\u0438\u043c\u0438 \u0442\u0440\u0435\u043a\u0430\u043c\u0438 Hot Wheels. \u0413\u0430\u0440\u0430\u0436-\u043a\u0435\u0439\u0441 \u0441\u043d\u0430\u0431\u0436\u0435\u043d \u0443\u0434\u043e\u0431\u043d\u043e\u0439 \u0440\u0443\u0447\u043a\u043e\u0439 \u0434\u043b\u044f \u043f\u0435\u0440\u0435\u043d\u043e\u0441\u043a\u0438. \u0411\u043b\u0430\u0433\u043e\u0434\u0430\u0440\u044f \u0435\u043c\u0443, \u043c\u0430\u0448\u0438\u043d\u043a\u0438 \u0432\u0430\u0448\u0435\u0433\u043e \u0440\u0435\u0431\u0435\u043d\u043a\u0430 \u0431\u0443\u0434\u0443\u0442 \u0445\u0440\u0430\u043d\u0438\u0442\u044c\u0441\u044f \u0432 [&hellip;]<\/p>\n","protected":false},"featured_media":44928,"comment_status":"open","ping_status":"closed","template":"","meta":{"_acf_changed":false},"product_brand":[],"product_cat":[6725],"product_tag":[],"class_list":{"0":"post-44935","1":"product","2":"type-product","3":"status-publish","4":"has-post-thumbnail","6":"product_cat-ru_ru-avtoralli-trim-ro_ro","8":"first","9":"instock","10":"shipping-taxable","11":"purchasable","12":"product-type-simple"},"acf":[],"_links":{"self":[{"href":"https:\/\/minimax.md\/ru\/wp-json\/wp\/v2\/product\/44935","targetHints":{"allow":["GET"]}}],"collection":[{"href":"https:\/\/minimax.md\/ru\/wp-json\/wp\/v2\/product"}],"about":[{"href":"https:\/\/minimax.md\/ru\/wp-json\/wp\/v2\/types\/product"}],"replies":[{"embeddable":true,"href":"https:\/\/minimax.md\/ru\/wp-json\/wp\/v2\/comments?post=44935"}],"version-history":[{"count":0,"href":"https:\/\/minimax.md\/ru\/wp-json\/wp\/v2\/product\/44935\/revisions"}],"wp:featuredmedia":[{"embeddable":true,"href":"https:\/\/minimax.md\/ru\/wp-json\/wp\/v2\/media\/44928"}],"wp:attachment":[{"href":"https:\/\/minimax.md\/ru\/wp-json\/wp\/v2\/media?parent=44935"}],"wp:term":[{"taxonomy":"product_brand","embeddable":true,"href":"https:\/\/minimax.md\/ru\/wp-json\/wp\/v2\/product_brand?post=44935"},{"taxonomy":"product_cat","embeddable":true,"href":"https:\/\/minimax.md\/ru\/wp-json\/wp\/v2\/product_cat?post=44935"},{"taxonomy":"product_tag","embeddable":true,"href":"https:\/\/minimax.md\/ru\/wp-json\/wp\/v2\/product_tag?post=44935"}],"curies":[{"name":"wp","href":"https:\/\/api.w.org\/{rel}","templated":true}]}}