{"id":44955,"date":"2024-01-11T17:13:03","date_gmt":"2024-01-11T14:13:03","guid":{"rendered":"https:\/\/minimax.md\/product\/44955.html"},"modified":"2024-03-13T00:17:42","modified_gmt":"2024-03-12T21:17:42","slug":"ru_ru-bizibord-nastennyj-krokodil-trim-ro_ro-busyboard-de-perete-crocodil","status":"publish","type":"product","link":"https:\/\/minimax.md\/ru\/product\/44955.html","title":{"rendered":"\u0411\u0438\u0437\u0438\u0431\u043e\u0440\u0434 (\u043d\u0430\u0441\u0442\u0435\u043d\u043d\u044b\u0439) \"\u041a\u0440\u043e\u043a\u043e\u0434\u0438\u043b\""},"content":{"rendered":"<p>[:ru_RU]\u041c\u043d\u043e\u0433\u043e\u0444\u0443\u043d\u043a\u0446\u0438\u043e\u043d\u0430\u043b\u044c\u043d\u0430\u044f \u043d\u0430\u0441\u0442\u0435\u043d\u043d\u0430\u044f \u0438\u0433\u0440\u0443\u0448\u043a\u0430 \u0441 \u0441\u0438\u043c\u043f\u0430\u0442\u0438\u0447\u043d\u044b\u043c \u0438\u0437\u043e\u0431\u0440\u0430\u0436\u0435\u043d\u0438\u0435\u043c \u043a\u0440\u043e\u043a\u043e\u0434\u0438\u043b\u0430, \u0432\u043a\u043b\u044e\u0447\u0430\u044e\u0449\u0430\u044f \u0432 \u0441\u0435\u0431\u044f \u043f\u0440\u043e\u0432\u043e\u043b\u043e\u0447\u043d\u044b\u0435 \u0431\u0443\u0441\u0438\u043d\u044b, \u043c\u0430\u0433\u043d\u0438\u0442\u043d\u044b\u0435 \u0441\u043b\u0435\u0434\u044b \u043e\u0442 \u0431\u0443\u0441\u0438\u043d, \u043a\u0441\u0438\u043b\u043e\u0444\u043e\u043d, \u043a\u0430\u0441\u0442\u0430\u043d\u044c\u0435\u0442\u044b, \u0437\u0435\u0440\u043a\u0430\u043b\u043e, \u043f\u0435\u0440\u0435\u043c\u0435\u0449\u0435\u043d\u0438\u0435 \u0431\u0443\u0441\u0438\u043d, \u043f\u043e\u0432\u043e\u0440\u043e\u0442\u043d\u044b\u0439 \u043c\u0435\u0445\u0430\u043d\u0438\u0437\u043c \u0438 \u0431\u043b\u043e\u043a\u0438 \u0434\u043b\u044f \u0442\u0440\u0430\u0441\u0441\u0438\u0440\u043e\u0432\u043a\u0438.<\/p>\n<p>\u0422\u0435\u043b\u043e \u043a\u0440\u043e\u043a\u043e\u0434\u0438\u043b\u0430 \u0440\u0430\u0437\u0434\u0435\u043b\u0435\u043d\u043e \u043d\u0430 5 \u0447\u0430\u0441\u0442\u0435\u0439, \u043a\u043e\u0442\u043e\u0440\u044b\u0435 \u043b\u0435\u0433\u043a\u043e \u0440\u0430\u0437\u0431\u0438\u0440\u0430\u0442\u044c, \u0443\u0441\u0442\u0430\u043d\u0430\u0432\u043b\u0438\u0432\u0430\u0442\u044c \u0438 \u0442\u0440\u0430\u043d\u0441\u043f\u043e\u0440\u0442\u0438\u0440\u043e\u0432\u0430\u0442\u044c. \u041d\u0430 \u043a\u0430\u0436\u0434\u043e\u0439 \u0434\u0435\u0440\u0435\u0432\u044f\u043d\u043d\u043e\u0439 \u0434\u043e\u0441\u043a\u0435 \u0435\u0441\u0442\u044c \u0440\u0430\u0437\u043b\u0438\u0447\u043d\u044b\u0435 \u0432\u0438\u0434\u044b \u0438\u0433\u0440\u0443\u0448\u0435\u0447\u043d\u044b\u0445 \u0444\u0443\u043d\u043a\u0446\u0438\u0439. \u0412 \u0441\u043b\u0443\u0447\u0430\u0435 \u043f\u043e\u0432\u0440\u0435\u0436\u0434\u0435\u043d\u0438\u044f \u044d\u0442\u0443 \u0434\u0435\u0442\u0430\u043b\u044c \u043c\u043e\u0436\u043d\u043e \u0437\u0430\u043c\u0435\u043d\u0438\u0442\u044c \u043d\u0430 \u043d\u043e\u0432\u0443\u044e \u043e\u0442\u0434\u0435\u043b\u044c\u043d\u043e.<br \/>\n\u041e\u043d \u0438\u0437\u0433\u043e\u0442\u043e\u0432\u043b\u0435\u043d \u0438\u0437 \u0432\u044b\u0441\u043e\u043a\u043e\u043a\u0430\u0447\u0435\u0441\u0442\u0432\u0435\u043d\u043d\u043e\u0439 \u0438 \u044d\u043a\u043e\u043b\u043e\u0433\u0438\u0447\u0435\u0441\u043a\u0438 \u0447\u0438\u0441\u0442\u043e\u0439 \u0434\u0440\u0435\u0432\u0435\u0441\u0438\u043d\u044b, \u043f\u0440\u043e\u0447\u043d\u043e\u0439 \u043a\u043e\u043d\u0441\u0442\u0440\u0443\u043a\u0446\u0438\u0438, \u043a\u043e\u0442\u043e\u0440\u0443\u044e \u043c\u043e\u0436\u043d\u043e \u0438\u0441\u043f\u043e\u043b\u044c\u0437\u043e\u0432\u0430\u0442\u044c \u0433\u043e\u0434\u0430\u043c\u0438. \u041d\u0435\u0441\u043a\u043e\u043b\u044c\u043a\u043e \u0434\u0435\u0442\u0435\u0439 \u043c\u043e\u0433\u0443\u0442 \u0438\u0433\u0440\u0430\u0442\u044c \u0432\u043c\u0435\u0441\u0442\u0435 \u0438 \u0434\u0435\u043b\u0438\u0442\u044c\u0441\u044f \u0441\u0447\u0430\u0441\u0442\u044c\u0435\u043c, \u0438 \u043e\u043d\u0438 \u043c\u043e\u0433\u0443\u0442 \u043d\u0435 \u0442\u043e\u043b\u044c\u043a\u043e \u0438\u0433\u0440\u0430\u0442\u044c \u0434\u043b\u044f \u0440\u0430\u0437\u0432\u043b\u0435\u0447\u0435\u043d\u0438\u044f, \u043d\u043e \u0438 \u043c\u043d\u043e\u0433\u043e\u043c\u0443 \u043d\u0430\u0443\u0447\u0438\u0442\u044c\u0441\u044f, \u043d\u0430\u043f\u0440\u0438\u043c\u0435\u0440, \u0431\u0430\u0437\u043e\u0432\u044b\u043c \u043f\u0440\u0435\u0434\u0441\u0442\u0430\u0432\u043b\u0435\u043d\u0438\u044f\u043c \u043e \u0446\u0432\u0435\u0442\u0430\u0445, \u0444\u043e\u0440\u043c\u0430\u0445, \u0437\u0432\u0443\u043a\u0430\u0445, \u0447\u0438\u0441\u043b\u0430\u0445 \u0438 \u043e\u0441\u043d\u043e\u0432\u043d\u044b\u043c \u0436\u0438\u0437\u043d\u0435\u043d\u043d\u044b\u043c \u043d\u0430\u0432\u044b\u043a\u0430\u043c.<br \/>\n\u0418\u0434\u0435\u0430\u043b\u044c\u043d\u043e\u0435 \u0438 \u044f\u0440\u043a\u043e\u0435 \u0441\u043e\u0447\u0435\u0442\u0430\u043d\u0438\u0435 \u0438\u0433\u0440\u0443\u0448\u0435\u043a \u0434\u043b\u044f \u0448\u043a\u043e\u043b, \u0434\u0435\u0442\u0441\u043a\u0438\u0445 \u0441\u0430\u0434\u043e\u0432, \u0443\u0447\u0435\u0431\u043d\u044b\u0445 \u0446\u0435\u043d\u0442\u0440\u043e\u0432 \u0438 \u043e\u0431\u0449\u0435\u0441\u0442\u0432\u0435\u043d\u043d\u044b\u0445 \u043c\u0435\u0441\u0442.[trim][:ro_RO]<strong>Juc\u0103ria multifunc\u021bional\u0103 de perete cu un design dr\u0103gu\u021b de crocodil, incluide m\u0103rgele de s\u00e2rm\u0103, urme de margele magnetice, xilofon, castanete, oglind\u0103, mi\u0219care de margele, mecanism de rotire \u0219i blocuri de trasare.<\/strong><\/p>\n<p>Corpul crocodilului este \u00eemp\u0103r\u021bit \u00een 5 p\u0103r\u021bi, care sunt u\u0219or de dezasamblat, instalat \u0219i transportat. Exist\u0103 diferite tipuri de func\u021bii de juc\u0103rie pe fiecare plac\u0103 de lemn. \u00cen caz de deteriorare, aceast\u0103 pies\u0103 poate fi \u00eenlocuit\u0103 separat cu una nou\u0103.<br \/>\nEste realizat din lemn de \u00eenalt\u0103 calitate \u0219i ecologic, construc\u021bie durabil\u0103 care poate fi folosit\u0103 ani de zile. Mai mul\u021bi copii se pot juca \u00eempreun\u0103 \u0219i pot \u00eemp\u0103rt\u0103\u0219i fericirea \u0219i nu pot doar s\u0103 se distreze, ci \u0219i s\u0103 \u00eenve\u021be multe, cum ar fi concepte de baz\u0103 despre culori, forme, sunete, numere \u0219i abilit\u0103\u021bi de via\u021b\u0103 de baz\u0103.<\/p>\n","protected":false},"excerpt":{"rendered":"<p>[:ru_RU]\u041c\u043d\u043e\u0433\u043e\u0444\u0443\u043d\u043a\u0446\u0438\u043e\u043d\u0430\u043b\u044c\u043d\u0430\u044f \u043d\u0430\u0441\u0442\u0435\u043d\u043d\u0430\u044f \u0438\u0433\u0440\u0443\u0448\u043a\u0430 \u0441 \u0441\u0438\u043c\u043f\u0430\u0442\u0438\u0447\u043d\u044b\u043c \u0438\u0437\u043e\u0431\u0440\u0430\u0436\u0435\u043d\u0438\u0435\u043c \u043a\u0440\u043e\u043a\u043e\u0434\u0438\u043b\u0430, \u0432\u043a\u043b\u044e\u0447\u0430\u044e\u0449\u0430\u044f \u0432 \u0441\u0435\u0431\u044f \u043f\u0440\u043e\u0432\u043e\u043b\u043e\u0447\u043d\u044b\u0435 \u0431\u0443\u0441\u0438\u043d\u044b, \u043c\u0430\u0433\u043d\u0438\u0442\u043d\u044b\u0435 \u0441\u043b\u0435\u0434\u044b \u043e\u0442 \u0431\u0443\u0441\u0438\u043d, \u043a\u0441\u0438\u043b\u043e\u0444\u043e\u043d, \u043a\u0430\u0441\u0442\u0430\u043d\u044c\u0435\u0442\u044b, \u0437\u0435\u0440\u043a\u0430\u043b\u043e, \u043f\u0435\u0440\u0435\u043c\u0435\u0449\u0435\u043d\u0438\u0435 \u0431\u0443\u0441\u0438\u043d, \u043f\u043e\u0432\u043e\u0440\u043e\u0442\u043d\u044b\u0439 \u043c\u0435\u0445\u0430\u043d\u0438\u0437\u043c \u0438 \u0431\u043b\u043e\u043a\u0438 \u0434\u043b\u044f \u0442\u0440\u0430\u0441\u0441\u0438\u0440\u043e\u0432\u043a\u0438. \u0422\u0435\u043b\u043e \u043a\u0440\u043e\u043a\u043e\u0434\u0438\u043b\u0430 \u0440\u0430\u0437\u0434\u0435\u043b\u0435\u043d\u043e \u043d\u0430 5 \u0447\u0430\u0441\u0442\u0435\u0439, \u043a\u043e\u0442\u043e\u0440\u044b\u0435 \u043b\u0435\u0433\u043a\u043e \u0440\u0430\u0437\u0431\u0438\u0440\u0430\u0442\u044c, \u0443\u0441\u0442\u0430\u043d\u0430\u0432\u043b\u0438\u0432\u0430\u0442\u044c \u0438 \u0442\u0440\u0430\u043d\u0441\u043f\u043e\u0440\u0442\u0438\u0440\u043e\u0432\u0430\u0442\u044c. \u041d\u0430 \u043a\u0430\u0436\u0434\u043e\u0439 \u0434\u0435\u0440\u0435\u0432\u044f\u043d\u043d\u043e\u0439 \u0434\u043e\u0441\u043a\u0435 \u0435\u0441\u0442\u044c \u0440\u0430\u0437\u043b\u0438\u0447\u043d\u044b\u0435 \u0432\u0438\u0434\u044b \u0438\u0433\u0440\u0443\u0448\u0435\u0447\u043d\u044b\u0445 \u0444\u0443\u043d\u043a\u0446\u0438\u0439. \u0412 \u0441\u043b\u0443\u0447\u0430\u0435 \u043f\u043e\u0432\u0440\u0435\u0436\u0434\u0435\u043d\u0438\u044f \u044d\u0442\u0443 \u0434\u0435\u0442\u0430\u043b\u044c \u043c\u043e\u0436\u043d\u043e \u0437\u0430\u043c\u0435\u043d\u0438\u0442\u044c [&hellip;]<\/p>\n","protected":false},"featured_media":44936,"comment_status":"open","ping_status":"closed","template":"","meta":{"_acf_changed":false},"product_brand":[],"product_cat":[6730],"product_tag":[],"class_list":{"0":"post-44955","1":"product","2":"type-product","3":"status-publish","4":"has-post-thumbnail","6":"product_cat-ru_ru-razvivashki-trim-ro_r","8":"first","9":"instock","10":"shipping-taxable","11":"purchasable","12":"product-type-simple"},"acf":[],"_links":{"self":[{"href":"https:\/\/minimax.md\/ru\/wp-json\/wp\/v2\/product\/44955","targetHints":{"allow":["GET"]}}],"collection":[{"href":"https:\/\/minimax.md\/ru\/wp-json\/wp\/v2\/product"}],"about":[{"href":"https:\/\/minimax.md\/ru\/wp-json\/wp\/v2\/types\/product"}],"replies":[{"embeddable":true,"href":"https:\/\/minimax.md\/ru\/wp-json\/wp\/v2\/comments?post=44955"}],"version-history":[{"count":0,"href":"https:\/\/minimax.md\/ru\/wp-json\/wp\/v2\/product\/44955\/revisions"}],"wp:featuredmedia":[{"embeddable":true,"href":"https:\/\/minimax.md\/ru\/wp-json\/wp\/v2\/media\/44936"}],"wp:attachment":[{"href":"https:\/\/minimax.md\/ru\/wp-json\/wp\/v2\/media?parent=44955"}],"wp:term":[{"taxonomy":"product_brand","embeddable":true,"href":"https:\/\/minimax.md\/ru\/wp-json\/wp\/v2\/product_brand?post=44955"},{"taxonomy":"product_cat","embeddable":true,"href":"https:\/\/minimax.md\/ru\/wp-json\/wp\/v2\/product_cat?post=44955"},{"taxonomy":"product_tag","embeddable":true,"href":"https:\/\/minimax.md\/ru\/wp-json\/wp\/v2\/product_tag?post=44955"}],"curies":[{"name":"wp","href":"https:\/\/api.w.org\/{rel}","templated":true}]}}