{"id":44974,"date":"2024-01-11T17:13:05","date_gmt":"2024-01-11T14:13:05","guid":{"rendered":"https:\/\/minimax.md\/product\/44974.html"},"modified":"2024-03-13T00:17:42","modified_gmt":"2024-03-12T21:17:42","slug":"ru_ru-pilsan-loshadka-na-pruzhine-trim-ro_ro-cal-balansoar-pe-arc-de-otel","status":"publish","type":"product","link":"https:\/\/minimax.md\/ru\/product\/44974.html","title":{"rendered":"Pilsan \u041b\u043e\u0448\u0430\u0434\u043a\u0430 \u043d\u0430 \u043f\u0440\u0443\u0436\u0438\u043d\u0435"},"content":{"rendered":"<p>[:ru_RU]Pilsan 07909 \u2013 \u043a\u0440\u0430\u0441\u0438\u0432\u0430\u044f \u0438 \u0443\u0434\u043e\u0431\u043d\u0430\u044f \u043f\u0440\u0443\u0436\u0438\u043d\u043d\u0430\u044f \u0434\u0435\u0442\u0441\u043a\u0430\u044f \u043a\u0430\u0447\u0430\u043b\u043a\u0430, \u0438\u0437\u0433\u043e\u0442\u043e\u0432\u043b\u0435\u043d\u043d\u0430\u044f \u0432 \u0432\u0438\u0434\u0435 \u0432\u0435\u0441\u0435\u043b\u043e\u0439 \u043b\u043e\u0448\u0430\u0434\u043a\u0438. \u0426\u0435\u043b\u044c\u043d\u0430\u044f \u0444\u0438\u0433\u0443\u0440\u043a\u0430 \u0436\u0438\u0432\u043e\u0442\u043d\u043e\u0433\u043e \u0443\u0441\u0442\u0430\u043d\u043e\u0432\u043b\u0435\u043d\u0430 \u043d\u0430 \u0441\u0442\u0430\u043b\u044c\u043d\u043e\u0439 \u043f\u0440\u0443\u0436\u0438\u043d\u0435 \u0441 \u043a\u0440\u0435\u043f\u043b\u0435\u043d\u0438\u0435\u043c \u043a \u043f\u043e\u043b\u0443. \u0418\u0437\u0434\u0435\u043b\u0438\u0435 \u0432\u044b\u043f\u043e\u043b\u043d\u0435\u043d\u043e \u0438\u0437 \u043f\u0440\u043e\u0447\u043d\u043e\u0433\u043e \u043e\u0434\u043d\u043e\u0440\u043e\u0434\u043d\u043e\u0433\u043e \u043f\u043b\u0430\u0441\u0442\u0438\u043a\u0430, \u0443\u0441\u0442\u043e\u0439\u0447\u0438\u0432\u043e\u0433\u043e \u043a \u0434\u0435\u0439\u0441\u0442\u0432\u0438\u044e \u0443\u043b\u044c\u0442\u0440\u0430\u0444\u0438\u043e\u043b\u0435\u0442\u0430 \u0438 \u043f\u0435\u0440\u0435\u043f\u0430\u0434\u0430\u043c \u0442\u0435\u043c\u043f\u0435\u0440\u0430\u0442\u0443\u0440. \u041f\u0440\u0443\u0436\u0438\u043d\u0430 \u0438\u043c\u0435\u0435\u0442 \u0430\u043d\u0442\u0438\u043a\u043e\u0440\u0440\u043e\u0437\u0438\u043e\u043d\u043d\u043e\u0435 \u043f\u043e\u043a\u0440\u044b\u0442\u0438\u0435.<\/p>\n<p>\u041a\u0430\u0447\u0430\u043b\u043a\u0430 \u00abHorse\u00bb \u043e\u0442\u043b\u0438\u0447\u0430\u0435\u0442\u0441\u044f \u044f\u0440\u043a\u0438\u043c \u0438 \u043e\u0440\u0438\u0433\u0438\u043d\u0430\u043b\u044c\u043d\u044b\u043c \u0434\u0438\u0437\u0430\u0439\u043d\u043e\u043c. \u0412 \u0435\u0435 \u043a\u043e\u043d\u0441\u0442\u0440\u0443\u043a\u0446\u0438\u0438 \u043f\u043e\u043b\u043d\u043e\u0441\u0442\u044c\u044e \u043e\u0442\u0441\u0443\u0442\u0441\u0442\u0432\u0443\u044e\u0442 \u043e\u0441\u0442\u0440\u044b\u0435 \u0443\u0433\u043b\u044b, \u0447\u0442\u043e \u0434\u0435\u043b\u0430\u0435\u0442 \u043a\u0430\u0442\u0430\u043d\u0438\u0435 \u0430\u0431\u0441\u043e\u043b\u044e\u0442\u043d\u043e \u0431\u0435\u0437\u043e\u043f\u0430\u0441\u043d\u044b\u043c. \u041c\u0430\u043a\u0441\u0438\u043c\u0430\u043b\u044c\u043d\u044b\u0439 \u0432\u0435\u0441 \u0440\u0435\u0431\u0435\u043d\u043a\u0430, \u043a\u043e\u0442\u043e\u0440\u044b\u0439 \u043c\u043e\u0436\u0435\u0442 \u0432\u044b\u0434\u0435\u0440\u0436\u0430\u0442\u044c \u043a\u0430\u0442\u0430\u043b\u043a\u0430, \u0441\u043e\u0441\u0442\u0430\u0432\u043b\u044f\u0435\u0442 50 \u043a\u0433.<\/p>\n<p>\u0414\u0430\u043d\u043d\u0430\u044f \u043c\u043e\u0434\u0435\u043b\u044c \u043e\u0447\u0435\u043d\u044c \u043b\u0435\u0433\u043a\u043e \u0447\u0438\u0441\u0442\u0438\u0442\u0441\u044f \u0438 \u043c\u043e\u0436\u0435\u0442 \u0438\u0441\u043f\u043e\u043b\u044c\u0437\u043e\u0432\u0430\u0442\u044c\u0441\u044f \u043a\u0430\u043a \u0432\u043d\u0443\u0442\u0440\u0438 \u043f\u043e\u043c\u0435\u0449\u0435\u043d\u0438\u044f, \u0442\u0430\u043a \u0438 \u043d\u0430 \u0443\u043b\u0438\u0446\u0435. \u041a\u0430\u0442\u0430\u043d\u0438\u0435 \u043d\u0430 \u043a\u0430\u0447\u0430\u043b\u043a\u0435 \u0441\u043f\u043e\u0441\u043e\u0431\u0441\u0442\u0432\u0443\u0435\u0442 \u0440\u0430\u0437\u0432\u0438\u0442\u0438\u044e \u043c\u044b\u0448\u0446 \u0440\u0435\u0431\u0435\u043d\u043a\u0430, \u0430 \u0442\u0430\u043a\u0436\u0435 \u0432\u0435\u0441\u0442\u0438\u0431\u0443\u043b\u044f\u0440\u043d\u043e\u0433\u043e \u0430\u043f\u043f\u0430\u0440\u0430\u0442\u0430 \u0438 \u043a\u043e\u043e\u0440\u0434\u0438\u043d\u0430\u0446\u0438\u0438 \u0434\u0432\u0438\u0436\u0435\u043d\u0438\u0439.<\/p>\n<p>\u0425\u0430\u0440\u0430\u043a\u0442\u0435\u0440\u0438\u0441\u0442\u0438\u043a\u0438:<\/p>\n<p> \t\u0442\u0438\u043f: \u0434\u0435\u0442\u0441\u043a\u0430\u044f \u043a\u0430\u0447\u0430\u043b\u043a\u0430;<br \/>\n \t\u0432\u043e\u0437\u0440\u0430\u0441\u0442: 3+;<br \/>\n \t\u043f\u043e\u043b: \u0443\u043d\u0438\u0432\u0435\u0440\u0441\u0430\u043b\u044c\u043d\u044b\u0439;<br \/>\n \t\u043f\u0440\u0443\u0436\u0438\u043d\u0430 \u043a\u0440\u0435\u043f\u0438\u0442\u0441\u044f \u043a \u043f\u043e\u043b\u0443;<br \/>\n \t\u043f\u0440\u0435\u0434\u0435\u043b\u044c\u043d\u043e-\u0434\u043e\u043f\u0443\u0441\u0442\u0438\u043c\u044b\u0439 \u0432\u0435\u0441, \u043a\u0433: 50;[trim][:ro_RO]Pilsan 07909 este un balansoar frumos \u0219i confortabil, realizat sub forma unui cal amuzant. \u00centreaga figur\u0103 a animalului este montat\u0103 pe un arc de o\u021bel cu o montare pe podea. Produsul este confec\u021bionat dintr-un plastic puternic uniform, rezistent la radia\u021biile ultraviolete \u0219i la temperaturi extreme. Arcul are un strat anticoroziv.<\/p>\n<p>Are un design luminos \u0219i original. \u00cen designul s\u0103u nu exist\u0103 col\u021buri ascu\u021bite, ceea ce face jocul absolut sigur.<\/p>\n<p>Acest model este foarte u\u0219or de cur\u0103\u021bat \u0219i poate fi folosit at\u00e2t \u00een \u00eenc\u0103peri cat \u0219i \u00een exterior. C\u0103l\u0103ritul pe un balansoar promoveaz\u0103 dezvoltarea mu\u0219chilor copilului, precum \u0219i aparatul vestibular \u0219i coordonarea mi\u0219c\u0103rilor.<\/p>\n<p>Caracteristici:<\/p>\n<p>tip: balansoar;<br \/>\nvarsta: 3+;<br \/>\nsex: universal;<br \/>\narcul este ata\u0219at de podea;<br \/>\ngreutate maxim\u0103 admis\u0103, kg: 50;<\/p>\n","protected":false},"excerpt":{"rendered":"<p>[:ru_RU]Pilsan 07909 \u2013 \u043a\u0440\u0430\u0441\u0438\u0432\u0430\u044f \u0438 \u0443\u0434\u043e\u0431\u043d\u0430\u044f \u043f\u0440\u0443\u0436\u0438\u043d\u043d\u0430\u044f \u0434\u0435\u0442\u0441\u043a\u0430\u044f \u043a\u0430\u0447\u0430\u043b\u043a\u0430, \u0438\u0437\u0433\u043e\u0442\u043e\u0432\u043b\u0435\u043d\u043d\u0430\u044f \u0432 \u0432\u0438\u0434\u0435 \u0432\u0435\u0441\u0435\u043b\u043e\u0439 \u043b\u043e\u0448\u0430\u0434\u043a\u0438. \u0426\u0435\u043b\u044c\u043d\u0430\u044f \u0444\u0438\u0433\u0443\u0440\u043a\u0430 \u0436\u0438\u0432\u043e\u0442\u043d\u043e\u0433\u043e \u0443\u0441\u0442\u0430\u043d\u043e\u0432\u043b\u0435\u043d\u0430 \u043d\u0430 \u0441\u0442\u0430\u043b\u044c\u043d\u043e\u0439 \u043f\u0440\u0443\u0436\u0438\u043d\u0435 \u0441 \u043a\u0440\u0435\u043f\u043b\u0435\u043d\u0438\u0435\u043c \u043a \u043f\u043e\u043b\u0443. \u0418\u0437\u0434\u0435\u043b\u0438\u0435 \u0432\u044b\u043f\u043e\u043b\u043d\u0435\u043d\u043e \u0438\u0437 \u043f\u0440\u043e\u0447\u043d\u043e\u0433\u043e \u043e\u0434\u043d\u043e\u0440\u043e\u0434\u043d\u043e\u0433\u043e \u043f\u043b\u0430\u0441\u0442\u0438\u043a\u0430, \u0443\u0441\u0442\u043e\u0439\u0447\u0438\u0432\u043e\u0433\u043e \u043a \u0434\u0435\u0439\u0441\u0442\u0432\u0438\u044e \u0443\u043b\u044c\u0442\u0440\u0430\u0444\u0438\u043e\u043b\u0435\u0442\u0430 \u0438 \u043f\u0435\u0440\u0435\u043f\u0430\u0434\u0430\u043c \u0442\u0435\u043c\u043f\u0435\u0440\u0430\u0442\u0443\u0440. \u041f\u0440\u0443\u0436\u0438\u043d\u0430 \u0438\u043c\u0435\u0435\u0442 \u0430\u043d\u0442\u0438\u043a\u043e\u0440\u0440\u043e\u0437\u0438\u043e\u043d\u043d\u043e\u0435 \u043f\u043e\u043a\u0440\u044b\u0442\u0438\u0435. \u041a\u0430\u0447\u0430\u043b\u043a\u0430 \u00abHorse\u00bb \u043e\u0442\u043b\u0438\u0447\u0430\u0435\u0442\u0441\u044f \u044f\u0440\u043a\u0438\u043c \u0438 \u043e\u0440\u0438\u0433\u0438\u043d\u0430\u043b\u044c\u043d\u044b\u043c \u0434\u0438\u0437\u0430\u0439\u043d\u043e\u043c. \u0412 \u0435\u0435 \u043a\u043e\u043d\u0441\u0442\u0440\u0443\u043a\u0446\u0438\u0438 \u043f\u043e\u043b\u043d\u043e\u0441\u0442\u044c\u044e \u043e\u0442\u0441\u0443\u0442\u0441\u0442\u0432\u0443\u044e\u0442 \u043e\u0441\u0442\u0440\u044b\u0435 [&hellip;]<\/p>\n","protected":false},"featured_media":44969,"comment_status":"open","ping_status":"closed","template":"","meta":{"_acf_changed":false},"product_brand":[],"product_cat":[6797],"product_tag":[],"class_list":{"0":"post-44974","1":"product","2":"type-product","3":"status-publish","4":"has-post-thumbnail","6":"product_cat-ru_ru-kacheli-i-kachalki-tr","8":"first","9":"instock","10":"shipping-taxable","11":"purchasable","12":"product-type-simple"},"acf":[],"_links":{"self":[{"href":"https:\/\/minimax.md\/ru\/wp-json\/wp\/v2\/product\/44974","targetHints":{"allow":["GET"]}}],"collection":[{"href":"https:\/\/minimax.md\/ru\/wp-json\/wp\/v2\/product"}],"about":[{"href":"https:\/\/minimax.md\/ru\/wp-json\/wp\/v2\/types\/product"}],"replies":[{"embeddable":true,"href":"https:\/\/minimax.md\/ru\/wp-json\/wp\/v2\/comments?post=44974"}],"version-history":[{"count":0,"href":"https:\/\/minimax.md\/ru\/wp-json\/wp\/v2\/product\/44974\/revisions"}],"wp:featuredmedia":[{"embeddable":true,"href":"https:\/\/minimax.md\/ru\/wp-json\/wp\/v2\/media\/44969"}],"wp:attachment":[{"href":"https:\/\/minimax.md\/ru\/wp-json\/wp\/v2\/media?parent=44974"}],"wp:term":[{"taxonomy":"product_brand","embeddable":true,"href":"https:\/\/minimax.md\/ru\/wp-json\/wp\/v2\/product_brand?post=44974"},{"taxonomy":"product_cat","embeddable":true,"href":"https:\/\/minimax.md\/ru\/wp-json\/wp\/v2\/product_cat?post=44974"},{"taxonomy":"product_tag","embeddable":true,"href":"https:\/\/minimax.md\/ru\/wp-json\/wp\/v2\/product_tag?post=44974"}],"curies":[{"name":"wp","href":"https:\/\/api.w.org\/{rel}","templated":true}]}}