{"id":44985,"date":"2024-01-11T17:13:06","date_gmt":"2024-01-11T14:13:06","guid":{"rendered":"https:\/\/minimax.md\/product\/44985.html"},"modified":"2024-03-13T01:04:10","modified_gmt":"2024-03-12T22:04:10","slug":"ru_ru-1-16-inercionnaja-skoraja-pomoshh-furgon-svet-zvuk-trim-ro_ro-1-16-ambulan-cu-fric-iune-lumini-sunete","status":"publish","type":"product","link":"https:\/\/minimax.md\/ru\/product\/44985.html","title":{"rendered":"1:16 \u0418\u043d\u0435\u0440\u0446\u0438\u043e\u043d\u043d\u0430\u044f \u0421\u043a\u043e\u0440\u0430\u044f \u043f\u043e\u043c\u043e\u0449\u044c \u0424\u0443\u0440\u0433\u043e\u043d (\u0441\u0432\u0435\u0442 \/ \u0437\u0432\u0443\u043a)"},"content":{"rendered":"<p>[:ru_RU]\u0421\u043a\u043e\u0440\u0430\u044f \u043f\u043e\u043c\u043e\u0449\u044c Wenyi \u2013 \u044d\u0442\u043e \u0438\u043d\u0435\u0440\u0446\u0438\u043e\u043d\u043d\u0430\u044f \u043c\u0430\u0448\u0438\u043d\u043a\u0430 \u0441\u043e \u0437\u0432\u0443\u043a\u043e\u043c \u0438 \u0441\u0432\u0435\u0442\u043e\u043c. \u0418\u0437\u0433\u043e\u0442\u043e\u0432\u043b\u0435\u043d\u0430 \u0438\u0437 \u043f\u043b\u0430\u0441\u0442\u0438\u043a\u0430, \u043d\u0435 \u0442\u043e\u043a\u0441\u0438\u0447\u043d\u0430, \u043d\u0435 \u0438\u043c\u0435\u0435\u0442 \u0437\u0430\u043f\u0430\u0445\u0430. \u0422\u0430\u043a\u0430\u044f \u043c\u0430\u0448\u0438\u043d\u043a\u0430 \u043d\u0430\u0432\u0435\u0440\u043d\u044f\u043a\u0430 \u0441\u0442\u0430\u043d\u0435\u0442 \u043e\u0434\u043d\u043e\u0439 \u0438\u0437 \u0441\u0430\u043c\u044b\u0445 \u043b\u044e\u0431\u0438\u043c\u044b\u0445 \u0432\u043e \u0432\u0441\u0435\u043c \u0438\u0433\u0440\u0443\u0448\u0435\u0447\u043d\u043e\u043c \u0430\u0432\u0442\u043e\u043f\u0430\u0440\u043a\u0435.<br \/>\n\u0420\u0430\u0431\u043e\u0442\u0430\u0435\u0442 \u043e\u0442 3 \u0431\u0430\u0442\u0430\u0440\u0435\u0435\u043a \u0442\u0438\u043f\u0430 AG13.[trim][:ro_RO]Opera\u021biunile de urgen\u021b\u0103 \u0219i siguran\u021b\u0103 a cet\u0103\u021benilor pot fi probabil cele mai interesante lucruri pe care un copil \u00eel poate experimenta prin joac\u0103.<\/p>\n<p>Ambulan\u021ba cu siren\u0103, sunet \u0219i lumini are urm\u0103toarele caracteristici :<\/p>\n<ul>\n<li>Girofarul emite sunete \u0219i lumini, la fel ca o ma\u0219in\u0103 adev\u0103rat\u0103. Pentru sunete specifice ale unei ambulan\u021be pot fi ac\u021bionate cele 4 butoane plasate deasupra, pe plafon.<\/li>\n<li>Ro\u021bile sunt de cauciuc.<\/li>\n<li>Este fabricat\u0103 din material plastic de \u00eenalt\u0103 calitate.<\/li>\n<li>Ma\u0219ina este construit\u0103 la o scara de 1:16.<\/li>\n<li>Ma\u0219inu\u021ba este dotat\u0103 cu motor cu fric\u021biune, astfel, ea va fi \u00eempins\u0103 pu\u021bin \u0219i datorit\u0103 fric\u021biunii ea se va deplasa pe o mare distan\u021b\u0103 pe direc\u021bia \u00eenainte.<\/li>\n<li>Juc\u0103ria este alimentat\u0103 de baterii: 3 x AG13 (bateriile sunt incluse).<\/li>\n<\/ul>\n","protected":false},"excerpt":{"rendered":"<p>[:ru_RU]\u0421\u043a\u043e\u0440\u0430\u044f \u043f\u043e\u043c\u043e\u0449\u044c Wenyi \u2013 \u044d\u0442\u043e \u0438\u043d\u0435\u0440\u0446\u0438\u043e\u043d\u043d\u0430\u044f \u043c\u0430\u0448\u0438\u043d\u043a\u0430 \u0441\u043e \u0437\u0432\u0443\u043a\u043e\u043c \u0438 \u0441\u0432\u0435\u0442\u043e\u043c. \u0418\u0437\u0433\u043e\u0442\u043e\u0432\u043b\u0435\u043d\u0430 \u0438\u0437 \u043f\u043b\u0430\u0441\u0442\u0438\u043a\u0430, \u043d\u0435 \u0442\u043e\u043a\u0441\u0438\u0447\u043d\u0430, \u043d\u0435 \u0438\u043c\u0435\u0435\u0442 \u0437\u0430\u043f\u0430\u0445\u0430. \u0422\u0430\u043a\u0430\u044f \u043c\u0430\u0448\u0438\u043d\u043a\u0430 \u043d\u0430\u0432\u0435\u0440\u043d\u044f\u043a\u0430 \u0441\u0442\u0430\u043d\u0435\u0442 \u043e\u0434\u043d\u043e\u0439 \u0438\u0437 \u0441\u0430\u043c\u044b\u0445 \u043b\u044e\u0431\u0438\u043c\u044b\u0445 \u0432\u043e \u0432\u0441\u0435\u043c \u0438\u0433\u0440\u0443\u0448\u0435\u0447\u043d\u043e\u043c \u0430\u0432\u0442\u043e\u043f\u0430\u0440\u043a\u0435. \u0420\u0430\u0431\u043e\u0442\u0430\u0435\u0442 \u043e\u0442 3 \u0431\u0430\u0442\u0430\u0440\u0435\u0435\u043a \u0442\u0438\u043f\u0430 AG13.[trim][:ro_RO]Opera\u021biunile de urgen\u021b\u0103 \u0219i siguran\u021b\u0103 a cet\u0103\u021benilor pot fi probabil cele mai interesante lucruri pe care un copil \u00eel [&hellip;]<\/p>\n","protected":false},"featured_media":44983,"comment_status":"open","ping_status":"closed","template":"","meta":{"_acf_changed":false},"product_brand":[],"product_cat":[6726],"product_tag":[],"class_list":{"0":"post-44985","1":"product","2":"type-product","3":"status-publish","4":"has-post-thumbnail","6":"product_cat-ru_ru-mashinki-trim-ro_ro-m","8":"first","9":"instock","10":"shipping-taxable","11":"purchasable","12":"product-type-simple"},"acf":[],"_links":{"self":[{"href":"https:\/\/minimax.md\/ru\/wp-json\/wp\/v2\/product\/44985","targetHints":{"allow":["GET"]}}],"collection":[{"href":"https:\/\/minimax.md\/ru\/wp-json\/wp\/v2\/product"}],"about":[{"href":"https:\/\/minimax.md\/ru\/wp-json\/wp\/v2\/types\/product"}],"replies":[{"embeddable":true,"href":"https:\/\/minimax.md\/ru\/wp-json\/wp\/v2\/comments?post=44985"}],"version-history":[{"count":0,"href":"https:\/\/minimax.md\/ru\/wp-json\/wp\/v2\/product\/44985\/revisions"}],"wp:featuredmedia":[{"embeddable":true,"href":"https:\/\/minimax.md\/ru\/wp-json\/wp\/v2\/media\/44983"}],"wp:attachment":[{"href":"https:\/\/minimax.md\/ru\/wp-json\/wp\/v2\/media?parent=44985"}],"wp:term":[{"taxonomy":"product_brand","embeddable":true,"href":"https:\/\/minimax.md\/ru\/wp-json\/wp\/v2\/product_brand?post=44985"},{"taxonomy":"product_cat","embeddable":true,"href":"https:\/\/minimax.md\/ru\/wp-json\/wp\/v2\/product_cat?post=44985"},{"taxonomy":"product_tag","embeddable":true,"href":"https:\/\/minimax.md\/ru\/wp-json\/wp\/v2\/product_tag?post=44985"}],"curies":[{"name":"wp","href":"https:\/\/api.w.org\/{rel}","templated":true}]}}