{"id":44992,"date":"2024-01-11T17:13:06","date_gmt":"2024-01-11T14:13:06","guid":{"rendered":"https:\/\/minimax.md\/product\/44992.html"},"modified":"2024-03-13T01:03:58","modified_gmt":"2024-03-12T22:03:58","slug":"ru_ru-nastolnaja-igra-shashki-shahmaty-7-igr-trim-ro_ro-joc-de-mas-ah-dame-7-jocuri","status":"publish","type":"product","link":"https:\/\/minimax.md\/ru\/product\/44992.html","title":{"rendered":"\u041d\u0430\u0441\u0442\u043e\u043b\u044c\u043d\u0430\u044f \u0438\u0433\u0440\u0430  \"\u0428\u0430\u0448\u043a\u0438, \u0448\u0430\u0445\u043c\u0430\u0442\u044b + 7 \u0438\u0433\u0440\""},"content":{"rendered":"<p>[:ru_RU]\u041d\u0430\u0441\u0442\u043e\u043b\u044c\u043d\u0430\u044f \u0438\u0433\u0440\u0430 &#8220;\u0428\u0430\u0448\u043a\u0438, \u0448\u0430\u0445\u043c\u0430\u0442\u044b + 9 \u0438\u0433\u0440&#8221; \u2013 \u043e\u0442\u043b\u0438\u0447\u043d\u044b\u0439 \u043f\u043e\u0434\u0430\u0440\u043e\u043a \u0434\u043b\u044f \u043c\u0430\u043b\u0435\u043d\u044c\u043a\u0438\u0445 \u0438\u043d\u0442\u0435\u043b\u043b\u0435\u043a\u0442\u0443\u0430\u043b\u043e\u0432.<\/p>\n<p>\u0412 \u043a\u043e\u043c\u043f\u043b\u0435\u043a\u0442 \u0432\u0445\u043e\u0434\u0438\u0442:<\/p>\n<p> \t\u043a\u0430\u0440\u0442\u043e\u043d\u043d\u043e\u0435 \u0438\u0433\u0440\u043e\u0432\u043e\u0435 \u043f\u043e\u043b\u0435 \u0432 \u043a\u043b\u0430\u0441\u0441\u0438\u0447\u0435\u0441\u043a\u0438\u0435 \u0448\u0430\u0445\u043c\u0430\u0442\u044b \u0438 \u0448\u0430\u0448\u043a\u0438.<br \/>\n \t2 \u043a\u043e\u043c\u043f\u043b\u0435\u043a\u0442\u0430 \u0448\u0430\u0448\u0435\u043a \u2013 24 \u0448\u0442.<br \/>\n \t2 \u043a\u043e\u043c\u043f\u043b\u0435\u043a\u0442\u0430 \u0448\u0430\u0445\u043c\u0430\u0442 \u2013 32 \u0448\u0442.<br \/>\n \t\u0418\u043d\u0441\u0442\u0440\u0443\u043a\u0446\u0438\u044f \u0434\u043b\u044f 9 \u0438\u0433\u0440.<\/p>\n<p>\u041f\u0440\u0435\u0438\u043c\u0443\u0449\u0435\u0441\u0442\u0432\u0430 \u0438\u0433\u0440\u044b:<\/p>\n<p> \t\u0423\u0434\u043e\u0431\u043d\u0430\u044f \u0443\u043f\u0430\u043a\u043e\u0432\u043a\u0430.<br \/>\n \t\u041a\u043e\u043c\u043f\u0430\u043a\u0442\u043d\u044b\u0439 \u0440\u0430\u0437\u043c\u0435\u0440.<br \/>\n \t\u0418\u0433\u0440\u0430 2\u04321.<br \/>\n \t7 \u0438\u043d\u0442\u0435\u0440\u0435\u0441\u043d\u044b\u0445 \u0438\u0433\u0440 \u0432 \u043f\u043e\u0434\u0430\u0440\u043e\u043a.<br \/>\n \t\u043a\u0430\u0436\u0434\u0430\u044f \u0444\u0438\u0433\u0443\u0440\u043a\u0430 \u0442\u0449\u0430\u0442\u0435\u043b\u044c\u043d\u043e \u043f\u0440\u043e\u0440\u0430\u0431\u043e\u0442\u0430\u043d\u0430.<br \/>\n \t\u043a\u043b\u0430\u0441\u0441\u0438\u0447\u0435\u0441\u043a\u0438\u0439 \u0446\u0432\u0435\u0442.<br \/>\n \t\u0440\u0430\u0437\u0432\u0438\u0432\u0430\u044e\u0442 \u0443 \u0440\u0435\u0431\u0435\u043d\u043a\u0430 \u0441\u0442\u0440\u0430\u0442\u0435\u0433\u0438\u0447\u0435\u0441\u043a\u043e\u0435 \u043c\u044b\u0448\u043b\u0435\u043d\u0438\u0435, \u043b\u043e\u0433\u0438\u043a\u0443, \u043d\u0430\u0441\u0442\u043e\u0439\u0447\u0438\u0432\u043e\u0441\u0442\u044c, \u0443\u043c\u0435\u043d\u0438\u0435 \u0431\u044b\u0441\u0442\u0440\u043e \u043f\u0440\u0438\u043d\u0438\u043c\u0430\u0442\u044c \u0440\u0435\u0448\u0435\u043d\u0438\u044f, \u043f\u0430\u043c\u044f\u0442\u044c \u0438 \u0442\u0435\u0440\u043f\u0435\u043d\u0438\u0435.<\/p>\n<p>\u0412\u0441\u0435 \u0438\u0433\u0440\u0443\u0448\u043a\u0438 \u0422\u041c \u00ab\u041c\u0430\u043a\u0441\u0438\u043c\u0443\u0441\u00bb \u0438\u0437\u0433\u043e\u0442\u043e\u0432\u043b\u0435\u043d\u044b \u0438\u0437 \u0441\u0435\u0440\u0442\u0438\u0444\u0438\u0446\u0438\u0440\u043e\u0432\u0430\u043d\u043d\u043e\u0433\u043e \u0432\u044b\u0441\u043e\u043a\u043e\u043a\u0430\u0447\u0435\u0441\u0442\u0432\u0435\u043d\u043d\u043e\u0433\u043e \u043f\u043b\u0430\u0441\u0442\u0438\u043a\u0430 \u0438 \u0431\u0435\u0437\u043e\u043f\u0430\u0441\u043d\u044b\u0445 \u043f\u0438\u0449\u0435\u0432\u044b\u0445 \u043a\u0440\u0430\u0441\u0438\u0442\u0435\u043b\u0435\u0439.[trim][:ro_RO]<strong>Jocul de societate \u201e\u0218ah, dame + 9 jocuri\u201d este un cadou grozav pentru micu\u021bii intelectuali.<\/strong><\/p>\n<p>Setul include:<\/p>\n<ul>\n<li>teren de joc din carton la \u0219ah \u0219i dame clasice.<\/li>\n<li>2 seturi de dame &#8211; 24 buc.<\/li>\n<li>2 seturi de \u0219ah &#8211; 32 buc.<\/li>\n<li>Instructiuni pentru 9 jocuri.<\/li>\n<\/ul>\n<p><strong>Avantajele jocului:<\/strong><\/p>\n<ul>\n<li>ambalaj comod<\/li>\n<li>dimensiune compact\u0103<\/li>\n<li>Joc 2 \u00een 1.<\/li>\n<li>7 jocuri interesante cadou.<\/li>\n<li>fiecare figurin\u0103 este realizat\u0103 cu grij\u0103.<\/li>\n<li>culoare clasic\u0103.<\/li>\n<li>dezvolta g\u00e2ndirea strategic\u0103 a copilului, logica, perseveren\u021ba, capacitatea de a lua decizii rapide, memoria \u0219i r\u0103bdarea.<\/li>\n<\/ul>\n<p><em>Toate juc\u0103riile TM \u201eMaximus\u201d sunt fabricate din plastic certificat de \u00eenalt\u0103 calitate \u0219i coloran\u021bi alimentari siguri.<\/em><\/p>\n","protected":false},"excerpt":{"rendered":"<p>[:ru_RU]\u041d\u0430\u0441\u0442\u043e\u043b\u044c\u043d\u0430\u044f \u0438\u0433\u0440\u0430 &#8220;\u0428\u0430\u0448\u043a\u0438, \u0448\u0430\u0445\u043c\u0430\u0442\u044b + 9 \u0438\u0433\u0440&#8221; \u2013 \u043e\u0442\u043b\u0438\u0447\u043d\u044b\u0439 \u043f\u043e\u0434\u0430\u0440\u043e\u043a \u0434\u043b\u044f \u043c\u0430\u043b\u0435\u043d\u044c\u043a\u0438\u0445 \u0438\u043d\u0442\u0435\u043b\u043b\u0435\u043a\u0442\u0443\u0430\u043b\u043e\u0432. \u0412 \u043a\u043e\u043c\u043f\u043b\u0435\u043a\u0442 \u0432\u0445\u043e\u0434\u0438\u0442: \u043a\u0430\u0440\u0442\u043e\u043d\u043d\u043e\u0435 \u0438\u0433\u0440\u043e\u0432\u043e\u0435 \u043f\u043e\u043b\u0435 \u0432 \u043a\u043b\u0430\u0441\u0441\u0438\u0447\u0435\u0441\u043a\u0438\u0435 \u0448\u0430\u0445\u043c\u0430\u0442\u044b \u0438 \u0448\u0430\u0448\u043a\u0438. 2 \u043a\u043e\u043c\u043f\u043b\u0435\u043a\u0442\u0430 \u0448\u0430\u0448\u0435\u043a \u2013 24 \u0448\u0442. 2 \u043a\u043e\u043c\u043f\u043b\u0435\u043a\u0442\u0430 \u0448\u0430\u0445\u043c\u0430\u0442 \u2013 32 \u0448\u0442. \u0418\u043d\u0441\u0442\u0440\u0443\u043a\u0446\u0438\u044f \u0434\u043b\u044f 9 \u0438\u0433\u0440. \u041f\u0440\u0435\u0438\u043c\u0443\u0449\u0435\u0441\u0442\u0432\u0430 \u0438\u0433\u0440\u044b: \u0423\u0434\u043e\u0431\u043d\u0430\u044f \u0443\u043f\u0430\u043a\u043e\u0432\u043a\u0430. \u041a\u043e\u043c\u043f\u0430\u043a\u0442\u043d\u044b\u0439 \u0440\u0430\u0437\u043c\u0435\u0440. \u0418\u0433\u0440\u0430 2\u04321. 7 \u0438\u043d\u0442\u0435\u0440\u0435\u0441\u043d\u044b\u0445 \u0438\u0433\u0440 \u0432 \u043f\u043e\u0434\u0430\u0440\u043e\u043a. \u043a\u0430\u0436\u0434\u0430\u044f \u0444\u0438\u0433\u0443\u0440\u043a\u0430 [&hellip;]<\/p>\n","protected":false},"featured_media":44986,"comment_status":"open","ping_status":"closed","template":"","meta":{"_acf_changed":false},"product_brand":[],"product_cat":[6695],"product_tag":[],"class_list":{"0":"post-44992","1":"product","2":"type-product","3":"status-publish","4":"has-post-thumbnail","6":"product_cat-ru_ru-logicheskie-trim-ro_r","8":"first","9":"instock","10":"shipping-taxable","11":"purchasable","12":"product-type-simple"},"acf":[],"_links":{"self":[{"href":"https:\/\/minimax.md\/ru\/wp-json\/wp\/v2\/product\/44992","targetHints":{"allow":["GET"]}}],"collection":[{"href":"https:\/\/minimax.md\/ru\/wp-json\/wp\/v2\/product"}],"about":[{"href":"https:\/\/minimax.md\/ru\/wp-json\/wp\/v2\/types\/product"}],"replies":[{"embeddable":true,"href":"https:\/\/minimax.md\/ru\/wp-json\/wp\/v2\/comments?post=44992"}],"version-history":[{"count":0,"href":"https:\/\/minimax.md\/ru\/wp-json\/wp\/v2\/product\/44992\/revisions"}],"wp:featuredmedia":[{"embeddable":true,"href":"https:\/\/minimax.md\/ru\/wp-json\/wp\/v2\/media\/44986"}],"wp:attachment":[{"href":"https:\/\/minimax.md\/ru\/wp-json\/wp\/v2\/media?parent=44992"}],"wp:term":[{"taxonomy":"product_brand","embeddable":true,"href":"https:\/\/minimax.md\/ru\/wp-json\/wp\/v2\/product_brand?post=44992"},{"taxonomy":"product_cat","embeddable":true,"href":"https:\/\/minimax.md\/ru\/wp-json\/wp\/v2\/product_cat?post=44992"},{"taxonomy":"product_tag","embeddable":true,"href":"https:\/\/minimax.md\/ru\/wp-json\/wp\/v2\/product_tag?post=44992"}],"curies":[{"name":"wp","href":"https:\/\/api.w.org\/{rel}","templated":true}]}}