{"id":44996,"date":"2024-01-11T17:13:07","date_gmt":"2024-01-11T14:13:07","guid":{"rendered":"https:\/\/minimax.md\/product\/44996.html"},"modified":"2024-01-25T09:04:29","modified_gmt":"2024-01-25T06:04:29","slug":"ru_ru-konstruktor-mjagkie-molekuly-44-jelem-trim-ro_ro-constructor-molecule-moi-44-elemente","status":"publish","type":"product","link":"https:\/\/minimax.md\/ru\/product\/44996.html","title":{"rendered":"\u041a\u043e\u043d\u0441\u0442\u0440\u0443\u043a\u0442\u043e\u0440 \"\u041c\u044f\u0433\u043a\u0438\u0435 \u043c\u043e\u043b\u0435\u043a\u0443\u043b\u044b\", 44 \u044d\u043b\u0435\u043c."},"content":{"rendered":"<p>[:ru_RU]\u041a\u043e\u043d\u0441\u0442\u0440\u0443\u043a\u0442\u043e\u0440 \u0438\u0437 44 \u044d\u043b\u0435\u043c\u0435\u043d\u0442\u043e\u0432 &#8220;\u041c\u044f\u0433\u043a\u0438\u0435 \u043c\u043e\u043b\u0435\u043a\u0443\u043b\u044b&#8221; \u043d\u0430 \u043f\u0440\u0438\u0441\u043e\u0441\u043a\u0435 \u0438\u0434\u0435\u0430\u043b\u044c\u043d\u043e \u043f\u043e\u0434\u0445\u043e\u0434\u0438\u0442 \u0434\u043b\u044f \u0434\u0435\u0442\u0435\u0439 \u0441\u0442\u0430\u0440\u0448\u0435 3 \u043b\u0435\u0442. \u0411\u043b\u0430\u0433\u043e\u0434\u0430\u0440\u044f \u043f\u0440\u0438\u0441\u043e\u0441\u043a\u0435 \u0434\u0435\u0442\u0430\u043b\u0438 \u043b\u0435\u0433\u043a\u043e \u0434\u0435\u0440\u0436\u0430\u0442\u0441\u044f \u0434\u0440\u0443\u0433 \u0437\u0430 \u0434\u0440\u0443\u0433\u0430.<\/p>\n<p>\u0412 \u043a\u043e\u043c\u043f\u043b\u0435\u043a\u0442 \u043f\u043e\u0441\u0442\u0430\u0432\u043a\u0438 \u0432\u0445\u043e\u0434\u0438\u0442 \u043a\u043e\u043d\u0442\u0435\u0439\u043d\u0435\u0440 \u0434\u043b\u044f \u0445\u0440\u0430\u043d\u0435\u043d\u0438\u044f \u0441 \u043a\u0440\u044b\u0448\u043a\u043e\u0439 \u043e\u0431\u044a\u0435\u043c\u043e\u043c 4 \u043b\u0438\u0442\u0440\u0430. \u041a\u043e\u043d\u0441\u0442\u0440\u0443\u043a\u0442\u043e\u0440 \u0440\u0430\u0437\u0432\u0438\u0432\u0430\u0435\u0442 \u0437\u0440\u0438\u0442\u0435\u043b\u044c\u043d\u043e-\u043c\u043e\u0442\u043e\u0440\u043d\u043e\u0439 \u043a\u043e\u043e\u0440\u0434\u0438\u043d\u0430\u0446\u0438\u0438,\u00a0 \u0434\u0435\u0442\u0441\u043a\u043e\u0435 \u0432\u043e\u043e\u0431\u0440\u0430\u0436\u0435\u043d\u0438\u0435 \u0438 \u0442\u0432\u043e\u0440\u0447\u0435\u0441\u043a\u0438\u0435 \u0441\u043f\u043e\u0441\u043e\u0431\u043d\u043e\u0441\u0442\u0438.[trim][:ro_RO]<strong>Setul de construc\u021bie \u201eMolecule moi\u201d<\/strong>\u00a0 din 44 de piese cu ventuz\u0103 este ideal pentru copiii cu v\u00e2rsta peste 3 ani. Datorit\u0103 ventuzei, piesele se \u021bin cu u\u0219urin\u021b\u0103 \u00eentre ele.<\/p>\n<p>Pachetul include un recipient de depozitare de 4 litri cu capac. Constructorul dezvolt\u0103 coordonarea m\u00e2n\u0103-ochi, imagina\u021bia \u0219i creativitatea copiilor.<\/p>\n","protected":false},"excerpt":{"rendered":"<p>[:ru_RU]\u041a\u043e\u043d\u0441\u0442\u0440\u0443\u043a\u0442\u043e\u0440 \u0438\u0437 44 \u044d\u043b\u0435\u043c\u0435\u043d\u0442\u043e\u0432 &#8220;\u041c\u044f\u0433\u043a\u0438\u0435 \u043c\u043e\u043b\u0435\u043a\u0443\u043b\u044b&#8221; \u043d\u0430 \u043f\u0440\u0438\u0441\u043e\u0441\u043a\u0435 \u0438\u0434\u0435\u0430\u043b\u044c\u043d\u043e \u043f\u043e\u0434\u0445\u043e\u0434\u0438\u0442 \u0434\u043b\u044f \u0434\u0435\u0442\u0435\u0439 \u0441\u0442\u0430\u0440\u0448\u0435 3 \u043b\u0435\u0442. \u0411\u043b\u0430\u0433\u043e\u0434\u0430\u0440\u044f \u043f\u0440\u0438\u0441\u043e\u0441\u043a\u0435 \u0434\u0435\u0442\u0430\u043b\u0438 \u043b\u0435\u0433\u043a\u043e \u0434\u0435\u0440\u0436\u0430\u0442\u0441\u044f \u0434\u0440\u0443\u0433 \u0437\u0430 \u0434\u0440\u0443\u0433\u0430. \u0412 \u043a\u043e\u043c\u043f\u043b\u0435\u043a\u0442 \u043f\u043e\u0441\u0442\u0430\u0432\u043a\u0438 \u0432\u0445\u043e\u0434\u0438\u0442 \u043a\u043e\u043d\u0442\u0435\u0439\u043d\u0435\u0440 \u0434\u043b\u044f \u0445\u0440\u0430\u043d\u0435\u043d\u0438\u044f \u0441 \u043a\u0440\u044b\u0448\u043a\u043e\u0439 \u043e\u0431\u044a\u0435\u043c\u043e\u043c 4 \u043b\u0438\u0442\u0440\u0430. \u041a\u043e\u043d\u0441\u0442\u0440\u0443\u043a\u0442\u043e\u0440 \u0440\u0430\u0437\u0432\u0438\u0432\u0430\u0435\u0442 \u0437\u0440\u0438\u0442\u0435\u043b\u044c\u043d\u043e-\u043c\u043e\u0442\u043e\u0440\u043d\u043e\u0439 \u043a\u043e\u043e\u0440\u0434\u0438\u043d\u0430\u0446\u0438\u0438,\u00a0 \u0434\u0435\u0442\u0441\u043a\u043e\u0435 \u0432\u043e\u043e\u0431\u0440\u0430\u0436\u0435\u043d\u0438\u0435 \u0438 \u0442\u0432\u043e\u0440\u0447\u0435\u0441\u043a\u0438\u0435 \u0441\u043f\u043e\u0441\u043e\u0431\u043d\u043e\u0441\u0442\u0438.[trim][:ro_RO]Setul de construc\u021bie \u201eMolecule moi\u201d\u00a0 din 44 de piese cu ventuz\u0103 este [&hellip;]<\/p>\n","protected":false},"featured_media":44993,"comment_status":"open","ping_status":"closed","template":"","meta":{"_acf_changed":false},"product_brand":[],"product_cat":[6711],"product_tag":[],"class_list":{"0":"post-44996","1":"product","2":"type-product","3":"status-publish","4":"has-post-thumbnail","6":"product_cat-ru_ru-konstruktory-trim-ro_","8":"first","9":"instock","10":"shipping-taxable","11":"purchasable","12":"product-type-simple"},"acf":[],"_links":{"self":[{"href":"https:\/\/minimax.md\/ru\/wp-json\/wp\/v2\/product\/44996","targetHints":{"allow":["GET"]}}],"collection":[{"href":"https:\/\/minimax.md\/ru\/wp-json\/wp\/v2\/product"}],"about":[{"href":"https:\/\/minimax.md\/ru\/wp-json\/wp\/v2\/types\/product"}],"replies":[{"embeddable":true,"href":"https:\/\/minimax.md\/ru\/wp-json\/wp\/v2\/comments?post=44996"}],"version-history":[{"count":0,"href":"https:\/\/minimax.md\/ru\/wp-json\/wp\/v2\/product\/44996\/revisions"}],"wp:featuredmedia":[{"embeddable":true,"href":"https:\/\/minimax.md\/ru\/wp-json\/wp\/v2\/media\/44993"}],"wp:attachment":[{"href":"https:\/\/minimax.md\/ru\/wp-json\/wp\/v2\/media?parent=44996"}],"wp:term":[{"taxonomy":"product_brand","embeddable":true,"href":"https:\/\/minimax.md\/ru\/wp-json\/wp\/v2\/product_brand?post=44996"},{"taxonomy":"product_cat","embeddable":true,"href":"https:\/\/minimax.md\/ru\/wp-json\/wp\/v2\/product_cat?post=44996"},{"taxonomy":"product_tag","embeddable":true,"href":"https:\/\/minimax.md\/ru\/wp-json\/wp\/v2\/product_tag?post=44996"}],"curies":[{"name":"wp","href":"https:\/\/api.w.org\/{rel}","templated":true}]}}