{"id":45002,"date":"2024-01-11T17:13:08","date_gmt":"2024-01-11T14:13:08","guid":{"rendered":"https:\/\/minimax.md\/product\/45002.html"},"modified":"2024-02-17T09:04:06","modified_gmt":"2024-02-17T06:04:06","slug":"ru_ru-pogremushka-gremuchij-baraban-trim-ro_ro-zornaitoare-toba-zgomotoas","status":"publish","type":"product","link":"https:\/\/minimax.md\/ru\/product\/45002.html","title":{"rendered":"\u041f\u043e\u0433\u0440\u0435\u043c\u0443\u0448\u043a\u0430 \"\u0413\u0440\u0435\u043c\u0443\u0447\u0438\u0439 \u0431\u0430\u0440\u0430\u0431\u0430\u043d\""},"content":{"rendered":"<p>[:ru_RU]\u041d\u0430 \u0431\u0430\u0440\u0430\u0431\u0430\u043d\u0435 \u043d\u0430\u043d\u0435\u0441\u0435\u043d \u0441\u0438\u043c\u043f\u0430\u0442\u0438\u0447\u043d\u044b\u0439 \u043f\u0440\u0438\u043d\u0442 \u0432 \u0432\u0438\u0434\u0435 \u0449\u0435\u0431\u0435\u0447\u0443\u0449\u0435\u0439 \u043f\u0442\u0438\u0446\u044b. \u041f\u0440\u0438 \u0432\u0440\u0430\u0449\u0435\u043d\u0438\u0438 \u043f\u043e\u0433\u0440\u0435\u043c\u0443\u0448\u043a\u0430 \u0438\u0437\u0434\u0430\u0435\u0442 \u0443\u0441\u043f\u043e\u043a\u0430\u0438\u0432\u0430\u044e\u0449\u0438\u0439 \u0437\u0432\u0443\u043a, \u043f\u043e\u0445\u043e\u0436\u0438\u0439 \u043d\u0430 \u043a\u043e\u043b\u043e\u043a\u043e\u043b\u044c\u0447\u0438\u043a, \u043a\u043e\u0433\u0434\u0430 \u0443\u0437\u043b\u044b \u0441\u0442\u0440\u0443\u043d\u044b \u0443\u0434\u0430\u0440\u044f\u044e\u0442\u0441\u044f \u043e\u0442 \u0431\u0430\u0440\u0430\u0431\u0430\u043da. \u0418\u0437\u0433\u043e\u0442\u043e\u0432\u043b\u0435\u043d \u0438\u0437 \u043a\u0430\u0447\u0435\u0441\u0442\u0432\u0435\u043d\u043d\u043e\u0433\u043e, \u043f\u0440\u043e\u0447\u043d\u043e\u0433\u043e \u0434\u0435\u0440\u0435\u0432\u0430.[trim][:ro_RO]Tamburul are un imprimeu dr\u0103gu\u021b al unei p\u0103s\u0103ri care ciripe\u0219te. C\u00e2nd este rotit, z\u0103ng\u0103nitul emite un sunet lini\u0219titor, asem\u0103n\u0103tor unui clopo\u021bel, \u00een timp ce nodurile snurului lovesc \u00een tob\u0103. Fabricat din lemn de \u00eenalt\u0103 calitate, durabil.<\/p>\n","protected":false},"excerpt":{"rendered":"<p>[:ru_RU]\u041d\u0430 \u0431\u0430\u0440\u0430\u0431\u0430\u043d\u0435 \u043d\u0430\u043d\u0435\u0441\u0435\u043d \u0441\u0438\u043c\u043f\u0430\u0442\u0438\u0447\u043d\u044b\u0439 \u043f\u0440\u0438\u043d\u0442 \u0432 \u0432\u0438\u0434\u0435 \u0449\u0435\u0431\u0435\u0447\u0443\u0449\u0435\u0439 \u043f\u0442\u0438\u0446\u044b. \u041f\u0440\u0438 \u0432\u0440\u0430\u0449\u0435\u043d\u0438\u0438 \u043f\u043e\u0433\u0440\u0435\u043c\u0443\u0448\u043a\u0430 \u0438\u0437\u0434\u0430\u0435\u0442 \u0443\u0441\u043f\u043e\u043a\u0430\u0438\u0432\u0430\u044e\u0449\u0438\u0439 \u0437\u0432\u0443\u043a, \u043f\u043e\u0445\u043e\u0436\u0438\u0439 \u043d\u0430 \u043a\u043e\u043b\u043e\u043a\u043e\u043b\u044c\u0447\u0438\u043a, \u043a\u043e\u0433\u0434\u0430 \u0443\u0437\u043b\u044b \u0441\u0442\u0440\u0443\u043d\u044b \u0443\u0434\u0430\u0440\u044f\u044e\u0442\u0441\u044f \u043e\u0442 \u0431\u0430\u0440\u0430\u0431\u0430\u043da. \u0418\u0437\u0433\u043e\u0442\u043e\u0432\u043b\u0435\u043d \u0438\u0437 \u043a\u0430\u0447\u0435\u0441\u0442\u0432\u0435\u043d\u043d\u043e\u0433\u043e, \u043f\u0440\u043e\u0447\u043d\u043e\u0433\u043e \u0434\u0435\u0440\u0435\u0432\u0430.[trim][:ro_RO]Tamburul are un imprimeu dr\u0103gu\u021b al unei p\u0103s\u0103ri care ciripe\u0219te. C\u00e2nd este rotit, z\u0103ng\u0103nitul emite un sunet lini\u0219titor, asem\u0103n\u0103tor unui clopo\u021bel, \u00een timp ce nodurile snurului lovesc [&hellip;]<\/p>\n","protected":false},"featured_media":45001,"comment_status":"open","ping_status":"closed","template":"","meta":{"_acf_changed":false},"product_brand":[],"product_cat":[6731],"product_tag":[],"class_list":{"0":"post-45002","1":"product","2":"type-product","3":"status-publish","4":"has-post-thumbnail","6":"product_cat-ru_ru-pogremushki-trim-ro_r","8":"first","9":"instock","10":"shipping-taxable","11":"purchasable","12":"product-type-simple"},"acf":[],"_links":{"self":[{"href":"https:\/\/minimax.md\/ru\/wp-json\/wp\/v2\/product\/45002","targetHints":{"allow":["GET"]}}],"collection":[{"href":"https:\/\/minimax.md\/ru\/wp-json\/wp\/v2\/product"}],"about":[{"href":"https:\/\/minimax.md\/ru\/wp-json\/wp\/v2\/types\/product"}],"replies":[{"embeddable":true,"href":"https:\/\/minimax.md\/ru\/wp-json\/wp\/v2\/comments?post=45002"}],"version-history":[{"count":0,"href":"https:\/\/minimax.md\/ru\/wp-json\/wp\/v2\/product\/45002\/revisions"}],"wp:featuredmedia":[{"embeddable":true,"href":"https:\/\/minimax.md\/ru\/wp-json\/wp\/v2\/media\/45001"}],"wp:attachment":[{"href":"https:\/\/minimax.md\/ru\/wp-json\/wp\/v2\/media?parent=45002"}],"wp:term":[{"taxonomy":"product_brand","embeddable":true,"href":"https:\/\/minimax.md\/ru\/wp-json\/wp\/v2\/product_brand?post=45002"},{"taxonomy":"product_cat","embeddable":true,"href":"https:\/\/minimax.md\/ru\/wp-json\/wp\/v2\/product_cat?post=45002"},{"taxonomy":"product_tag","embeddable":true,"href":"https:\/\/minimax.md\/ru\/wp-json\/wp\/v2\/product_tag?post=45002"}],"curies":[{"name":"wp","href":"https:\/\/api.w.org\/{rel}","templated":true}]}}