{"id":45071,"date":"2024-01-11T17:13:15","date_gmt":"2024-01-11T14:13:15","guid":{"rendered":"https:\/\/minimax.md\/product\/45071.html"},"modified":"2024-03-13T01:04:35","modified_gmt":"2024-03-12T22:04:35","slug":"ru_ru-frizbi-propeller-trim-ro_ro-frisbee-elice","status":"publish","type":"product","link":"https:\/\/minimax.md\/ru\/product\/45071.html","title":{"rendered":"\u0424\u0440\u0438\u0437\u0431\u0438 \"\u041f\u0440\u043e\u043f\u0435\u043b\u043b\u0435\u0440\""},"content":{"rendered":"<p>[:ru_RU]\u0424\u0440\u0438\u0437\u0431\u0438 &#8220;\u041f\u0440\u043e\u043f\u0435\u043b\u043b\u0435\u0440&#8221; \u043e\u0442\u043b\u0438\u0447\u043d\u0430\u044f \u0438\u0433\u0440\u0443\u0448\u043a\u0430 \u0434\u043b\u044f \u0430\u043a\u0442\u0438\u0432\u043d\u043e\u0433\u043e \u043e\u0442\u0434\u044b\u0445\u0430 \u043d\u0430 \u043f\u0440\u0438\u0440\u043e\u0434\u0435.<\/p>\n<p>\u041a\u043e\u0440\u043f\u0443\u0441 \u0438\u0433\u0440\u0443\u0448\u043a\u0438 \u0438\u0437\u0433\u043e\u0442\u043e\u0432\u043b\u0435\u043d \u0438\u0437 \u043a\u0430\u0447\u0435\u0441\u0442\u0432\u0435\u043d\u043d\u043e\u0433\u043e \u043f\u0435\u0440\u0432\u0438\u0447\u043d\u043e\u0433\u043e \u043f\u043b\u0430\u0441\u0442\u0438\u043a\u0430, \u0441 \u0438\u0441\u043f\u043e\u043b\u044c\u0437\u043e\u0432\u0430\u043d\u0438\u0435\u043c \u0430\u0431\u0441\u043e\u043b\u044e\u0442\u043d\u043e \u0431\u0435\u0437\u043e\u043f\u0430\u0441\u043d\u044b\u0445 \u0434\u043b\u044f \u0434\u0435\u0442\u0435\u0439 \u0441\u0435\u0440\u0442\u0438\u0444\u0438\u0446\u0438\u0440\u043e\u0432\u0430\u043d\u043d\u044b\u0445 \u043a\u0440\u0430\u0441\u0438\u0442\u0435\u043b\u0435\u0439.<\/p>\n<p>\u042f\u0440\u043a\u0438\u0435 \u0438 \u043d\u0430\u0441\u044b\u0449\u0435\u043d\u043d\u044b\u0435 \u0446\u0432\u0435\u0442\u0430 \u043f\u0440\u0438\u0432\u043b\u0435\u043a\u0443\u0442 \u0432\u043d\u0438\u043c\u0430\u043d\u0438\u0435 \u0440\u0435\u0431\u0435\u043d\u043a\u0430.<\/p>\n<p>\u0414\u0438\u0430\u043c\u0435\u0442\u0440: 30,5 \u0441\u043c.<\/p>\n<p>\u041b\u0435\u0442\u0430\u044e\u0449\u0430\u044f \u0442\u0430\u0440\u0435\u043b\u043a\u0430 \u043f\u043e\u043b\u0435\u0437\u043d\u0430 \u0434\u043b\u044f \u0440\u0430\u0437\u0432\u0438\u0442\u0438\u044f \u0442\u043e\u0447\u043d\u043e\u0441\u0442\u0438, \u0431\u044b\u0441\u0442\u0440\u043e\u0442\u044b \u0440\u0435\u0430\u043a\u0446\u0438\u0438 \u0438 \u043f\u043e\u0434\u0434\u0435\u0440\u0436\u0430\u043d\u0438\u044f \u0444\u0438\u0437\u0438\u0447\u0435\u0441\u043a\u043e\u0439 \u0430\u043a\u0442\u0438\u0432\u043d\u043e\u0441\u0442\u0438.<\/p>\n<p> \t\u0432 4 \u0432\u0430\u0440\u0438\u0430\u0446\u0438\u0439 \u0446\u0432\u0435\u0442\u043e\u0432<\/p>\n<p>\u0412\u0441\u0435 \u0438\u0433\u0440\u0443\u0448\u043a\u0438 \u0422\u041c \u00ab\u041c\u0430\u043a\u0441\u0438\u043c\u0443\u0441\u00bb \u0438\u0437\u0433\u043e\u0442\u043e\u0432\u043b\u0435\u043d\u044b \u0438\u0437 \u0441\u0435\u0440\u0442\u0438\u0444\u0438\u0446\u0438\u0440\u043e\u0432\u0430\u043d\u043d\u043e\u0433\u043e \u0432\u044b\u0441\u043e\u043a\u043e\u043a\u0430\u0447\u0435\u0441\u0442\u0432\u0435\u043d\u043d\u043e\u0433\u043e \u043f\u043b\u0430\u0441\u0442\u0438\u043a\u0430 \u0438 \u0431\u0435\u0437\u043e\u043f\u0430\u0441\u043d\u044b\u0445 \u043f\u0438\u0449\u0435\u0432\u044b\u0445 \u043a\u0440\u0430\u0441\u0438\u0442\u0435\u043b\u0435\u0439.[trim][:ro_RO]<strong>Frisbee \u201eElice\u201d este o juc\u0103rie excelent\u0103 pentru activit\u0103\u021bi \u00een aer liber.<\/strong><\/p>\n<p>Corpul juc\u0103riei este realizat din plastic primar de \u00eenalt\u0103 calitate, folosind coloran\u021bi certificati care sunt absolut siguri pentru copii.<\/p>\n<p>Culorile str\u0103lucitoare \u0219i saturate vor atrage aten\u021bia copilului.<\/p>\n<p>Echilibrul perfect de dimensiune \u0219i greutate: 30,5 cm<\/p>\n<p>Discul\u00a0 zbur\u0103tor este util pentru dezvoltarea preciziei, vitezei de reac\u021bie \u0219i men\u021binerea activit\u0103\u021bii fizice.<\/p>\n<ul>\n<li>in 4 variante de culoare<\/li>\n<\/ul>\n<p><strong>Toate juc\u0103riile TM \u201eMaximus\u201d sunt fabricate din plastic certificat de \u00eenalt\u0103 calitate \u0219i coloran\u021bi alimentari siguri.<\/strong><\/p>\n","protected":false},"excerpt":{"rendered":"<p>[:ru_RU]\u0424\u0440\u0438\u0437\u0431\u0438 &#8220;\u041f\u0440\u043e\u043f\u0435\u043b\u043b\u0435\u0440&#8221; \u043e\u0442\u043b\u0438\u0447\u043d\u0430\u044f \u0438\u0433\u0440\u0443\u0448\u043a\u0430 \u0434\u043b\u044f \u0430\u043a\u0442\u0438\u0432\u043d\u043e\u0433\u043e \u043e\u0442\u0434\u044b\u0445\u0430 \u043d\u0430 \u043f\u0440\u0438\u0440\u043e\u0434\u0435. \u041a\u043e\u0440\u043f\u0443\u0441 \u0438\u0433\u0440\u0443\u0448\u043a\u0438 \u0438\u0437\u0433\u043e\u0442\u043e\u0432\u043b\u0435\u043d \u0438\u0437 \u043a\u0430\u0447\u0435\u0441\u0442\u0432\u0435\u043d\u043d\u043e\u0433\u043e \u043f\u0435\u0440\u0432\u0438\u0447\u043d\u043e\u0433\u043e \u043f\u043b\u0430\u0441\u0442\u0438\u043a\u0430, \u0441 \u0438\u0441\u043f\u043e\u043b\u044c\u0437\u043e\u0432\u0430\u043d\u0438\u0435\u043c \u0430\u0431\u0441\u043e\u043b\u044e\u0442\u043d\u043e \u0431\u0435\u0437\u043e\u043f\u0430\u0441\u043d\u044b\u0445 \u0434\u043b\u044f \u0434\u0435\u0442\u0435\u0439 \u0441\u0435\u0440\u0442\u0438\u0444\u0438\u0446\u0438\u0440\u043e\u0432\u0430\u043d\u043d\u044b\u0445 \u043a\u0440\u0430\u0441\u0438\u0442\u0435\u043b\u0435\u0439. \u042f\u0440\u043a\u0438\u0435 \u0438 \u043d\u0430\u0441\u044b\u0449\u0435\u043d\u043d\u044b\u0435 \u0446\u0432\u0435\u0442\u0430 \u043f\u0440\u0438\u0432\u043b\u0435\u043a\u0443\u0442 \u0432\u043d\u0438\u043c\u0430\u043d\u0438\u0435 \u0440\u0435\u0431\u0435\u043d\u043a\u0430. \u0414\u0438\u0430\u043c\u0435\u0442\u0440: 30,5 \u0441\u043c. \u041b\u0435\u0442\u0430\u044e\u0449\u0430\u044f \u0442\u0430\u0440\u0435\u043b\u043a\u0430 \u043f\u043e\u043b\u0435\u0437\u043d\u0430 \u0434\u043b\u044f \u0440\u0430\u0437\u0432\u0438\u0442\u0438\u044f \u0442\u043e\u0447\u043d\u043e\u0441\u0442\u0438, \u0431\u044b\u0441\u0442\u0440\u043e\u0442\u044b \u0440\u0435\u0430\u043a\u0446\u0438\u0438 \u0438 \u043f\u043e\u0434\u0434\u0435\u0440\u0436\u0430\u043d\u0438\u044f \u0444\u0438\u0437\u0438\u0447\u0435\u0441\u043a\u043e\u0439 \u0430\u043a\u0442\u0438\u0432\u043d\u043e\u0441\u0442\u0438. \u0432 4 \u0432\u0430\u0440\u0438\u0430\u0446\u0438\u0439 \u0446\u0432\u0435\u0442\u043e\u0432 \u0412\u0441\u0435 \u0438\u0433\u0440\u0443\u0448\u043a\u0438 \u0422\u041c \u00ab\u041c\u0430\u043a\u0441\u0438\u043c\u0443\u0441\u00bb \u0438\u0437\u0433\u043e\u0442\u043e\u0432\u043b\u0435\u043d\u044b [&hellip;]<\/p>\n","protected":false},"featured_media":45069,"comment_status":"open","ping_status":"closed","template":"","meta":{"_acf_changed":false},"product_brand":[],"product_cat":[6826],"product_tag":[],"class_list":{"0":"post-45071","1":"product","2":"type-product","3":"status-publish","4":"has-post-thumbnail","6":"product_cat-ru_ru-aktivnye-igry-trim-ro","8":"first","9":"instock","10":"shipping-taxable","11":"purchasable","12":"product-type-simple"},"acf":[],"_links":{"self":[{"href":"https:\/\/minimax.md\/ru\/wp-json\/wp\/v2\/product\/45071","targetHints":{"allow":["GET"]}}],"collection":[{"href":"https:\/\/minimax.md\/ru\/wp-json\/wp\/v2\/product"}],"about":[{"href":"https:\/\/minimax.md\/ru\/wp-json\/wp\/v2\/types\/product"}],"replies":[{"embeddable":true,"href":"https:\/\/minimax.md\/ru\/wp-json\/wp\/v2\/comments?post=45071"}],"version-history":[{"count":0,"href":"https:\/\/minimax.md\/ru\/wp-json\/wp\/v2\/product\/45071\/revisions"}],"wp:featuredmedia":[{"embeddable":true,"href":"https:\/\/minimax.md\/ru\/wp-json\/wp\/v2\/media\/45069"}],"wp:attachment":[{"href":"https:\/\/minimax.md\/ru\/wp-json\/wp\/v2\/media?parent=45071"}],"wp:term":[{"taxonomy":"product_brand","embeddable":true,"href":"https:\/\/minimax.md\/ru\/wp-json\/wp\/v2\/product_brand?post=45071"},{"taxonomy":"product_cat","embeddable":true,"href":"https:\/\/minimax.md\/ru\/wp-json\/wp\/v2\/product_cat?post=45071"},{"taxonomy":"product_tag","embeddable":true,"href":"https:\/\/minimax.md\/ru\/wp-json\/wp\/v2\/product_tag?post=45071"}],"curies":[{"name":"wp","href":"https:\/\/api.w.org\/{rel}","templated":true}]}}