{"id":45112,"date":"2024-01-11T17:13:39","date_gmt":"2024-01-11T14:13:39","guid":{"rendered":"https:\/\/minimax.md\/product\/45112.html"},"modified":"2024-03-13T00:31:39","modified_gmt":"2024-03-12T21:31:39","slug":"ru_ru-igrovoj-nabor-rozovyj-tualetnyj-stolik-trim-ro_ro-set-de-joc-mas-roz-pentru-machiaj","status":"publish","type":"product","link":"https:\/\/minimax.md\/ru\/product\/45112.html","title":{"rendered":"\u0418\u0433\u0440\u043e\u0432\u043e\u0439 \u043d\u0430\u0431\u043e\u0440 \"\u0420\u043e\u0437\u043e\u0432\u044b\u0439 \u0442\u0443\u0430\u043b\u0435\u0442\u043d\u044b\u0439 \u0441\u0442\u043e\u043b\u0438\u043a\""},"content":{"rendered":"<p>[:ru_RU]\u0418\u0433\u0440\u043e\u0432\u043e\u0439 \u043d\u0430\u0431\u043e\u0440 \u0434\u043b\u044f \u0434\u0435\u0432\u043e\u0447\u0435\u043a &#8220;\u0420\u043e\u0437\u043e\u0432\u044b\u0439 \u0442\u0443\u0430\u043b\u0435\u0442\u043d\u044b\u0439 \u0441\u0442\u043e\u043b\u0438\u043a&#8221; <\/p>\n<p>\u0425\u0430\u0440\u0430\u043a\u0442\u0435\u0440\u0438\u0441\u0442\u0438\u043a\u0438:\u00a0<br \/>\n&#8211; \u0435\u0441\u0442\u044c \u0432\u0441\u0435 \u043d\u0435\u043e\u0431\u0445\u043e\u0434\u0438\u043c\u043e\u0435 \u0434\u043b\u044f \u0442\u043e\u0433\u043e \u0447\u0442\u043e\u0431\u044b \u043a\u0430\u0436\u0434\u0430\u044f \u0434\u0435\u0432\u043e\u0447\u043a\u0430 \u043c\u043e\u0433\u043b\u0430 \u043f\u043e\u0447\u0443\u0432\u0441\u0442\u0432\u043e\u0432\u0430\u0442\u044c \u0441\u0435\u0431\u044f \u0432\u0437\u0440\u043e\u0441\u043b\u043e\u0439;<br \/>\n&#8211; \u0431\u043e\u043b\u044c\u0448\u043e\u0435 \u043a\u043e\u043b\u0438\u0447\u0435\u0441\u0442\u0432\u043e \u0430\u043a\u0441\u0435\u0441\u0441\u0443\u0430\u0440\u043e\u0432 \u043d\u0435 \u043f\u043e\u0437\u0432\u043e\u043b\u0438\u0442 \u0441\u043a\u0443\u0447\u0430\u0442\u044c \u043c\u0430\u043b\u0435\u043d\u044c\u043a\u043e\u0439 \u043c\u043e\u0434\u043d\u0438\u0446\u0435.<\/p>\n<p>&#8220;\u0420\u043e\u0437\u043e\u0432\u044b\u0439 \u0442\u0443\u0430\u043b\u0435\u0442\u043d\u044b\u0439 \u0441\u0442\u043e\u043b\u0438\u043a&#8221; &#8211; \u044d\u0442\u043e \u043d\u0430\u0431\u043e\u0440, \u0432 \u043a\u043e\u0442\u043e\u0440\u043e\u043c \u0435\u0441\u0442\u044c \u0432\u0441\u0435 \u043d\u0435\u043e\u0431\u0445\u043e\u0434\u0438\u043c\u043e\u0435 \u0434\u043b\u044f \u0442\u043e\u0433\u043e \u0447\u0442\u043e\u0431\u044b \u043a\u0430\u0436\u0434\u0430\u044f \u0434\u0435\u0432\u043e\u0447\u043a\u0430 \u043c\u043e\u0433\u043b\u0430 \u043f\u043e\u0447\u0443\u0432\u0441\u0442\u0432\u043e\u0432\u0430\u0442\u044c \u0441\u0435\u0431\u044f \u0432\u0437\u0440\u043e\u0441\u043b\u043e\u0439. \u042f\u0440\u043a\u0438\u0439 \u0438\u0433\u0440\u0443\u0448\u0435\u0447\u043d\u044b\u0439 \u043d\u0430\u0431\u043e\u0440 \u0441 \u0437\u0435\u0440\u043a\u0430\u043b\u043e\u043c \u0438 \u0441 \u0440\u0430\u0437\u043d\u043e\u043e\u0431\u0440\u0430\u0437\u043d\u044b\u043c\u0438 \u0430\u043a\u0441\u0435\u0441\u0441\u0443\u0430\u0440\u0430\u043c\u0438.[trim][:ro_RO]<strong>Set de joc pentru fete &#8220;Mas\u0103 roz pentru machiaj&#8221; <\/strong><\/p>\n<p><strong>Caracteristici:<\/strong><br \/>\n&#8211; exist\u0103 tot ce este necesar pentru ca fiecare fat\u0103 s\u0103 se simt\u0103 adult\u0103;<br \/>\n&#8211; un numar mare de accesorii nu o va lasa pe mica fashionista sa se plictiseasca.<\/p>\n<p><strong>&#8220;Mas\u0103 roz pentru machiaj&#8221;\u00a0 <\/strong>este un set care con\u021bine tot ce este necesar pentru ca fiecare fat\u0103 s\u0103 se simt\u0103 adult\u0103. Un set colorat cu oglind\u0103 cu diverse accesorii.<\/p>\n","protected":false},"excerpt":{"rendered":"<p>[:ru_RU]\u0418\u0433\u0440\u043e\u0432\u043e\u0439 \u043d\u0430\u0431\u043e\u0440 \u0434\u043b\u044f \u0434\u0435\u0432\u043e\u0447\u0435\u043a &#8220;\u0420\u043e\u0437\u043e\u0432\u044b\u0439 \u0442\u0443\u0430\u043b\u0435\u0442\u043d\u044b\u0439 \u0441\u0442\u043e\u043b\u0438\u043a&#8221; \u0425\u0430\u0440\u0430\u043a\u0442\u0435\u0440\u0438\u0441\u0442\u0438\u043a\u0438:\u00a0 &#8211; \u0435\u0441\u0442\u044c \u0432\u0441\u0435 \u043d\u0435\u043e\u0431\u0445\u043e\u0434\u0438\u043c\u043e\u0435 \u0434\u043b\u044f \u0442\u043e\u0433\u043e \u0447\u0442\u043e\u0431\u044b \u043a\u0430\u0436\u0434\u0430\u044f \u0434\u0435\u0432\u043e\u0447\u043a\u0430 \u043c\u043e\u0433\u043b\u0430 \u043f\u043e\u0447\u0443\u0432\u0441\u0442\u0432\u043e\u0432\u0430\u0442\u044c \u0441\u0435\u0431\u044f \u0432\u0437\u0440\u043e\u0441\u043b\u043e\u0439; &#8211; \u0431\u043e\u043b\u044c\u0448\u043e\u0435 \u043a\u043e\u043b\u0438\u0447\u0435\u0441\u0442\u0432\u043e \u0430\u043a\u0441\u0435\u0441\u0441\u0443\u0430\u0440\u043e\u0432 \u043d\u0435 \u043f\u043e\u0437\u0432\u043e\u043b\u0438\u0442 \u0441\u043a\u0443\u0447\u0430\u0442\u044c \u043c\u0430\u043b\u0435\u043d\u044c\u043a\u043e\u0439 \u043c\u043e\u0434\u043d\u0438\u0446\u0435. &#8220;\u0420\u043e\u0437\u043e\u0432\u044b\u0439 \u0442\u0443\u0430\u043b\u0435\u0442\u043d\u044b\u0439 \u0441\u0442\u043e\u043b\u0438\u043a&#8221; &#8211; \u044d\u0442\u043e \u043d\u0430\u0431\u043e\u0440, \u0432 \u043a\u043e\u0442\u043e\u0440\u043e\u043c \u0435\u0441\u0442\u044c \u0432\u0441\u0435 \u043d\u0435\u043e\u0431\u0445\u043e\u0434\u0438\u043c\u043e\u0435 \u0434\u043b\u044f \u0442\u043e\u0433\u043e \u0447\u0442\u043e\u0431\u044b \u043a\u0430\u0436\u0434\u0430\u044f \u0434\u0435\u0432\u043e\u0447\u043a\u0430 \u043c\u043e\u0433\u043b\u0430 \u043f\u043e\u0447\u0443\u0432\u0441\u0442\u0432\u043e\u0432\u0430\u0442\u044c \u0441\u0435\u0431\u044f \u0432\u0437\u0440\u043e\u0441\u043b\u043e\u0439. \u042f\u0440\u043a\u0438\u0439 \u0438\u0433\u0440\u0443\u0448\u0435\u0447\u043d\u044b\u0439 \u043d\u0430\u0431\u043e\u0440 \u0441 \u0437\u0435\u0440\u043a\u0430\u043b\u043e\u043c [&hellip;]<\/p>\n","protected":false},"featured_media":45110,"comment_status":"open","ping_status":"closed","template":"","meta":{"_acf_changed":false},"product_brand":[],"product_cat":[6823],"product_tag":[],"class_list":{"0":"post-45112","1":"product","2":"type-product","3":"status-publish","4":"has-post-thumbnail","6":"product_cat-ru_ru-salon-krasoty-trim-ro","8":"first","9":"instock","10":"shipping-taxable","11":"purchasable","12":"product-type-simple"},"acf":[],"_links":{"self":[{"href":"https:\/\/minimax.md\/ru\/wp-json\/wp\/v2\/product\/45112","targetHints":{"allow":["GET"]}}],"collection":[{"href":"https:\/\/minimax.md\/ru\/wp-json\/wp\/v2\/product"}],"about":[{"href":"https:\/\/minimax.md\/ru\/wp-json\/wp\/v2\/types\/product"}],"replies":[{"embeddable":true,"href":"https:\/\/minimax.md\/ru\/wp-json\/wp\/v2\/comments?post=45112"}],"version-history":[{"count":0,"href":"https:\/\/minimax.md\/ru\/wp-json\/wp\/v2\/product\/45112\/revisions"}],"wp:featuredmedia":[{"embeddable":true,"href":"https:\/\/minimax.md\/ru\/wp-json\/wp\/v2\/media\/45110"}],"wp:attachment":[{"href":"https:\/\/minimax.md\/ru\/wp-json\/wp\/v2\/media?parent=45112"}],"wp:term":[{"taxonomy":"product_brand","embeddable":true,"href":"https:\/\/minimax.md\/ru\/wp-json\/wp\/v2\/product_brand?post=45112"},{"taxonomy":"product_cat","embeddable":true,"href":"https:\/\/minimax.md\/ru\/wp-json\/wp\/v2\/product_cat?post=45112"},{"taxonomy":"product_tag","embeddable":true,"href":"https:\/\/minimax.md\/ru\/wp-json\/wp\/v2\/product_tag?post=45112"}],"curies":[{"name":"wp","href":"https:\/\/api.w.org\/{rel}","templated":true}]}}