{"id":45129,"date":"2024-01-11T17:13:41","date_gmt":"2024-01-11T14:13:41","guid":{"rendered":"https:\/\/minimax.md\/product\/45129.html"},"modified":"2024-02-21T09:03:20","modified_gmt":"2024-02-21T06:03:20","slug":"ru_ru-igrovoj-nabor-shesterenki-so-zverjatami-trim-ro_ro-set-de-joc-angrenaje-cu-animale","status":"publish","type":"product","link":"https:\/\/minimax.md\/ru\/product\/45129.html","title":{"rendered":"\u0418\u0433\u0440\u043e\u0432\u043e\u0439 \u043d\u0430\u0431\u043e\u0440 \"\u0428\u0435\u0441\u0442\u0435\u0440\u0435\u043d\u043a\u0438 \u0441\u043e \u0437\u0432\u0435\u0440\u044f\u0442\u0430\u043c\u0438\""},"content":{"rendered":"<p>[:ru_RU]\u0414\u0435\u0440\u0435\u0432\u044f\u043d\u043d\u044b\u0439 \u0438\u0433\u0440\u043e\u0432\u043e\u0439 \u043d\u0430\u0431\u043e\u0440 PolarB \u0428\u0435\u0441\u0442\u0435\u0440\u0435\u043d\u043a\u0438 \u0441\u043e \u0437\u0432\u0435\u0440\u044f\u0442\u0430\u043c\u0438 \u2013 \u0443\u043d\u0438\u043a\u0430\u043b\u044c\u043d\u0430\u044f \u0440\u0430\u0437\u0432\u0438\u0432\u0430\u044e\u0449\u0430\u044f \u0438\u0433\u0440\u0443\u0448\u043a\u0430 \u0434\u043b\u044f \u0434\u0435\u0442\u0435\u0439 \u043e\u0442 18 \u043c\u0435\u0441\u044f\u0446\u0435\u0432 \u043f\u0440\u0435\u0434\u0434\u043e\u0448\u043a\u043e\u043b\u044c\u043d\u043e\u0433\u043e \u0432\u043e\u0437\u0440\u0430\u0441\u0442\u0430.<br \/>\n\u041d\u0430 \u0434\u0438\u0441\u043a\u0435 18 \u0441\u043c \u0440\u0430\u0437\u043c\u0435\u0449\u0435\u043d\u044b \u043d\u0430 \u043e\u0441\u044f\u0445 \u0448\u0435\u0441\u0442\u0435\u0440\u043d\u0438 \u0440\u0430\u0437\u043d\u044b\u0445 \u0440\u0430\u0437\u043c\u0435\u0440\u043e\u0432, \u0438\u0445 \u043c\u043e\u0436\u043d\u043e \u0432\u0440\u0430\u0449\u0430\u0442\u044c \u043f\u043e \u043e\u0434\u043d\u043e\u0439. \u0410 \u0435\u0441\u043b\u0438 \u0441\u0432\u044f\u0437\u0430\u0442\u044c \u0434\u0435\u0440\u0435\u0432\u044f\u043d\u043d\u044b\u043c \u0441\u043e\u0435\u0434\u0438\u043d\u0438\u0442\u0435\u043b\u044c\u043d\u044b\u043c \u0441\u0442\u0435\u0440\u0436\u043d\u0435\u043c, \u0442\u043e \u0431\u0443\u0434\u0443\u0442 \u043a\u0440\u0443\u0442\u0438\u0442\u044c\u0441\u044f \u0434\u0432\u0430 \u0437\u0443\u0431\u0447\u0430\u0442\u044b\u0445 \u043a\u043e\u043b\u0435\u0441\u0430 \u043e\u0434\u043d\u043e\u0432\u0440\u0435\u043c\u0435\u043d\u043d\u043e. \u0424\u0438\u0433\u0443\u0440\u043a\u0438 \u0436\u0438\u0432\u043e\u0442\u043d\u044b\u0445 \u0443\u0441\u0442\u0430\u043d\u0430\u0432\u043b\u0438\u0432\u0430\u044e\u0442\u0441\u044f \u043d\u0430 \u0448\u0442\u044b\u0440\u044c\u043a\u0438 \u0441\u0432\u0435\u0440\u0445\u0443 \u0448\u0435\u0441\u0442\u0435\u0440\u0435\u043d\u043e\u043a. \u0422\u0430\u043a\u0438\u043c \u043e\u0431\u0440\u0430\u0437\u043e\u043c \u043c\u0430\u043b\u044b\u0448\u0430\u043c \u043d\u0435\u043e\u0431\u0445\u043e\u0434\u0438\u043c\u043e \u00ab\u043f\u043e\u043a\u0430\u0442\u0430\u0442\u044c\u00bb \u0437\u0432\u0435\u0440\u044f\u0442 \u043d\u0430 \u0441\u0432\u043e\u0435\u043e\u0431\u0440\u0430\u0437\u043d\u043e\u0439 \u043a\u0430\u0440\u0443\u0441\u0435\u043b\u0438.<br \/>\n\u042d\u0442\u043e \u043e\u0442\u043b\u0438\u0447\u043d\u0430\u044f \u0438\u0433\u0440\u0430 \u0434\u043b\u044f \u0440\u0430\u0437\u0432\u0438\u0442\u0438\u044f \u0437\u0440\u0438\u0442\u0435\u043b\u044c\u043d\u043e-\u043c\u043e\u0442\u043e\u0440\u043d\u043e\u0439 \u043a\u043e\u043e\u0440\u0434\u0438\u043d\u0430\u0446\u0438\u0438, \u043c\u044b\u0448\u0446 \u0440\u0443\u043a, \u043d\u0430\u0432\u044b\u043a\u043e\u0432 \u043a\u043e\u043d\u0441\u0442\u0440\u0443\u0438\u0440\u043e\u0432\u0430\u043d\u0438\u044f \u0438 \u0438\u0437\u043e\u0431\u0440\u0435\u0442\u0430\u0442\u0435\u043b\u044c\u043d\u043e\u0441\u0442\u0438. \u0414\u0435\u0442\u0438 \u0443\u0447\u0430\u0442\u0441\u044f \u0444\u043e\u043a\u0443\u0441\u0438\u0440\u043e\u0432\u0430\u0442\u044c \u0432\u043d\u0438\u043c\u0430\u043d\u0438\u0435, \u043b\u043e\u0433\u0438\u0447\u0435\u0441\u043a\u0438 \u043c\u044b\u0441\u043b\u0438\u0442\u044c, \u0441\u0442\u0430\u043d\u043e\u0432\u044f\u0442\u0441\u044f \u043b\u044e\u0431\u043e\u0437\u043d\u0430\u0442\u0435\u043b\u044c\u043d\u0435\u0435, \u0440\u0430\u0441\u0448\u0438\u0440\u044f\u044e\u0442 \u043a\u0440\u0443\u0433\u043e\u0437\u043e\u0440. \u0427\u0435\u0440\u0435\u0437 \u0442\u0430\u043a\u0443\u044e \u0434\u0435\u0440\u0435\u0432\u044f\u043d\u043d\u0443\u044e \u0438\u0433\u0440\u0443\u0448\u043a\u0443 \u043c\u0430\u043b\u044b\u0448\u0438 \u0437\u043d\u0430\u043a\u043e\u043c\u044f\u0442\u0441\u044f \u0441 \u043f\u043e\u043d\u044f\u0442\u0438\u0435\u043c \u0434\u0432\u0438\u0436\u0435\u043d\u0438\u044f \u0438 \u043c\u0435\u0445\u0430\u043d\u0438\u0437\u043c\u0430\u043c\u0438, \u0437\u0430\u043f\u043e\u043c\u0438\u043d\u0430\u044e\u0442 \u0446\u0432\u0435\u0442\u0430 \u0438 \u0436\u0438\u0432\u043e\u0442\u043d\u044b\u0445.<br \/>\n\u0420\u0430\u0437\u0432\u0438\u0432\u0430\u044e\u0449\u0438\u0439 \u0434\u0435\u0440\u0435\u0432\u044f\u043d\u043d\u044b\u0439 \u043d\u0430\u0431\u043e\u0440 PolarB \u0432\u044b\u043f\u043e\u043b\u043d\u0435\u043d \u0432 \u043f\u0430\u0441\u0442\u0435\u043b\u044c\u043d\u043e\u0439 \u0440\u0430\u0441\u0446\u0432\u0435\u0442\u043a\u0435. \u0414\u0435\u0442\u0430\u043b\u0438 \u043a\u0440\u0443\u043f\u043d\u044b\u0435, \u043e\u0442\u0448\u043b\u0438\u0444\u043e\u0432\u0430\u043d\u044b \u0434\u043e \u0433\u043b\u0430\u0434\u043a\u043e\u0441\u0442\u0438, \u0443\u0433\u043b\u044b \u043e\u0442\u0441\u0443\u0442\u0441\u0442\u0432\u0443\u044e\u0442. \u0418\u0441\u043f\u043e\u043b\u044c\u0437\u043e\u0432\u0430\u043d\u044b \u0431\u0435\u0437\u0432\u0440\u0435\u0434\u043d\u044b\u0435 \u043a\u0440\u0430\u0441\u0438\u0442\u0435\u043b\u0438.<br \/>\n\u0418\u0433\u0440\u0443\u0448\u043a\u0430 \u0441\u043e\u043e\u0442\u0432\u0435\u0442\u0441\u0442\u0432\u0443\u0435\u0442 \u0441\u0442\u0430\u043d\u0434\u0430\u0440\u0442\u0430\u043c \u0431\u0435\u0437\u043e\u043f\u0430\u0441\u043d\u043e\u0441\u0442\u0438 \u0438 \u043a\u0430\u0447\u0435\u0441\u0442\u0432[trim][:ro_RO]\u25cf Include 7 articole din lemn multicolore care se rotesc \u00een ordine, 3 cuburi dr\u0103gu\u021be de animale \u0219i 1 arbore de leg\u0103tur\u0103 din lemn.<\/p>\n<p>\u25cf A\u0219eza\u021bi ro\u021bile din\u021bate pe axele fixe, potrivind conturul imprimat pe baz\u0103, juc\u00e2nd ca un puzzle. Angrenajele de aceea\u0219i dimensiune pot fi schimbate pentru a crea combina\u021bii diferite.<\/p>\n<p>\u25cf Promoveaz\u0103 coordonarea m\u00e2n\u0103-ochi. Copiii introduc toate ro\u021bile la locul potrivit pentru a roti \u00eentregul sistem de angrenaje.<\/p>\n<p>\u25cf Familiarizarea cu mecanica \u0219i fizica pentru a ajuta copilul nu numai s\u0103 se distreze, ci \u0219i s\u0103-\u0219i \u00eembun\u0103t\u0103\u021beasc\u0103 ra\u021bionamentul \u0219i g\u00e2ndirea logic\u0103.<\/p>\n","protected":false},"excerpt":{"rendered":"<p>[:ru_RU]\u0414\u0435\u0440\u0435\u0432\u044f\u043d\u043d\u044b\u0439 \u0438\u0433\u0440\u043e\u0432\u043e\u0439 \u043d\u0430\u0431\u043e\u0440 PolarB \u0428\u0435\u0441\u0442\u0435\u0440\u0435\u043d\u043a\u0438 \u0441\u043e \u0437\u0432\u0435\u0440\u044f\u0442\u0430\u043c\u0438 \u2013 \u0443\u043d\u0438\u043a\u0430\u043b\u044c\u043d\u0430\u044f \u0440\u0430\u0437\u0432\u0438\u0432\u0430\u044e\u0449\u0430\u044f \u0438\u0433\u0440\u0443\u0448\u043a\u0430 \u0434\u043b\u044f \u0434\u0435\u0442\u0435\u0439 \u043e\u0442 18 \u043c\u0435\u0441\u044f\u0446\u0435\u0432 \u043f\u0440\u0435\u0434\u0434\u043e\u0448\u043a\u043e\u043b\u044c\u043d\u043e\u0433\u043e \u0432\u043e\u0437\u0440\u0430\u0441\u0442\u0430. \u041d\u0430 \u0434\u0438\u0441\u043a\u0435 18 \u0441\u043c \u0440\u0430\u0437\u043c\u0435\u0449\u0435\u043d\u044b \u043d\u0430 \u043e\u0441\u044f\u0445 \u0448\u0435\u0441\u0442\u0435\u0440\u043d\u0438 \u0440\u0430\u0437\u043d\u044b\u0445 \u0440\u0430\u0437\u043c\u0435\u0440\u043e\u0432, \u0438\u0445 \u043c\u043e\u0436\u043d\u043e \u0432\u0440\u0430\u0449\u0430\u0442\u044c \u043f\u043e \u043e\u0434\u043d\u043e\u0439. \u0410 \u0435\u0441\u043b\u0438 \u0441\u0432\u044f\u0437\u0430\u0442\u044c \u0434\u0435\u0440\u0435\u0432\u044f\u043d\u043d\u044b\u043c \u0441\u043e\u0435\u0434\u0438\u043d\u0438\u0442\u0435\u043b\u044c\u043d\u044b\u043c \u0441\u0442\u0435\u0440\u0436\u043d\u0435\u043c, \u0442\u043e \u0431\u0443\u0434\u0443\u0442 \u043a\u0440\u0443\u0442\u0438\u0442\u044c\u0441\u044f \u0434\u0432\u0430 \u0437\u0443\u0431\u0447\u0430\u0442\u044b\u0445 \u043a\u043e\u043b\u0435\u0441\u0430 \u043e\u0434\u043d\u043e\u0432\u0440\u0435\u043c\u0435\u043d\u043d\u043e. \u0424\u0438\u0433\u0443\u0440\u043a\u0438 \u0436\u0438\u0432\u043e\u0442\u043d\u044b\u0445 \u0443\u0441\u0442\u0430\u043d\u0430\u0432\u043b\u0438\u0432\u0430\u044e\u0442\u0441\u044f \u043d\u0430 \u0448\u0442\u044b\u0440\u044c\u043a\u0438 \u0441\u0432\u0435\u0440\u0445\u0443 \u0448\u0435\u0441\u0442\u0435\u0440\u0435\u043d\u043e\u043a. \u0422\u0430\u043a\u0438\u043c \u043e\u0431\u0440\u0430\u0437\u043e\u043c [&hellip;]<\/p>\n","protected":false},"featured_media":45117,"comment_status":"open","ping_status":"closed","template":"","meta":{"_acf_changed":false},"product_brand":[],"product_cat":[6730],"product_tag":[],"class_list":{"0":"post-45129","1":"product","2":"type-product","3":"status-publish","4":"has-post-thumbnail","6":"product_cat-ru_ru-razvivashki-trim-ro_r","8":"first","9":"instock","10":"shipping-taxable","11":"purchasable","12":"product-type-simple"},"acf":[],"_links":{"self":[{"href":"https:\/\/minimax.md\/ru\/wp-json\/wp\/v2\/product\/45129","targetHints":{"allow":["GET"]}}],"collection":[{"href":"https:\/\/minimax.md\/ru\/wp-json\/wp\/v2\/product"}],"about":[{"href":"https:\/\/minimax.md\/ru\/wp-json\/wp\/v2\/types\/product"}],"replies":[{"embeddable":true,"href":"https:\/\/minimax.md\/ru\/wp-json\/wp\/v2\/comments?post=45129"}],"version-history":[{"count":0,"href":"https:\/\/minimax.md\/ru\/wp-json\/wp\/v2\/product\/45129\/revisions"}],"wp:featuredmedia":[{"embeddable":true,"href":"https:\/\/minimax.md\/ru\/wp-json\/wp\/v2\/media\/45117"}],"wp:attachment":[{"href":"https:\/\/minimax.md\/ru\/wp-json\/wp\/v2\/media?parent=45129"}],"wp:term":[{"taxonomy":"product_brand","embeddable":true,"href":"https:\/\/minimax.md\/ru\/wp-json\/wp\/v2\/product_brand?post=45129"},{"taxonomy":"product_cat","embeddable":true,"href":"https:\/\/minimax.md\/ru\/wp-json\/wp\/v2\/product_cat?post=45129"},{"taxonomy":"product_tag","embeddable":true,"href":"https:\/\/minimax.md\/ru\/wp-json\/wp\/v2\/product_tag?post=45129"}],"curies":[{"name":"wp","href":"https:\/\/api.w.org\/{rel}","templated":true}]}}