{"id":45146,"date":"2024-01-11T17:13:42","date_gmt":"2024-01-11T14:13:42","guid":{"rendered":"https:\/\/minimax.md\/product\/45146.html"},"modified":"2024-03-13T00:17:06","modified_gmt":"2024-03-12T21:17:06","slug":"ru_ru-nastolnaja-igra-padajushhaja-bashnja-tower-collapse-trim-ro_ro-joc-de-societate-turnul-instabil-tower-collapse","status":"publish","type":"product","link":"https:\/\/minimax.md\/ru\/product\/45146.html","title":{"rendered":"\u041d\u0430\u0441\u0442\u043e\u043b\u044c\u043d\u0430\u044f \u0438\u0433\u0440\u0430 \u041f\u0430\u0434\u0430\u044e\u0449\u0430\u044f \u0411\u0430\u0448\u043d\u044f \u201dTower Collapse\u201d"},"content":{"rendered":"<p>[:ru_RU]\u0423\u0432\u043b\u0435\u043a\u0430\u0442\u0435\u043b\u044c\u043d\u0430\u044f \u043d\u0430\u0441\u0442\u043e\u043b\u044c\u043d\u0430\u044f \u0438\u0433\u0440\u0430 \u041f\u0430\u0434\u0430\u044e\u0449\u0430\u044f \u0431\u0430\u0448\u043d\u044f \u0438\u043b\u0438 \u043a\u0430\u043a \u0435\u0449\u0435 \u043d\u0430\u0437\u044b\u0432\u0430\u044e\u0442 \u044d\u0442\u0443 \u0438\u0433\u0440\u0443 \u0414\u0436\u0435\u043d\u0433\u0430 (Jenga) &#8211; \u044d\u0442\u043e \u043f\u043e\u043f\u0443\u043b\u044f\u0440\u043d\u0430\u044f \u0438 \u0438\u043d\u0442\u0435\u0440\u0435\u0441\u043d\u0430\u044f \u0438\u0433\u0440\u0430 \u0434\u043b\u044f \u043a\u043e\u043c\u043f\u0430\u043d\u0438\u0438. \u0414\u0430\u043d\u043d\u0430\u044f \u0438\u0433\u0440\u0430 \u0430\u0434\u0430\u043f\u0442\u0438\u0440\u043e\u0432\u0430\u043d\u0430 \u0434\u043b\u044f \u0434\u0435\u0442\u0435\u0439 \u0438 \u043d\u0430\u043f\u043e\u043b\u043d\u0435\u043d\u0430 \u0432\u0435\u0441\u0435\u043b\u044b\u043c\u0438 \u043f\u0435\u0440\u0441\u043e\u043d\u0430\u043c\u0438 \u0432 \u0432\u0438\u0434\u0435 \u0441\u0443\u043c\u0430\u0441\u0448\u0435\u0434\u0448\u0438\u0445 \u043f\u0438\u043d\u0433\u0432\u0438\u043d\u043e\u0432. \u041e\u043d\u0430 \u043d\u0435 \u043f\u043e\u0445\u043e\u0436\u0430 \u043d\u0430 \u043f\u0440\u0438\u0432\u044b\u0447\u043d\u044b\u0435 \u0438\u0433\u0440\u044b. \u0412 \u043d\u0435\u0439 \u043d\u0435\u0442 \u0444\u0438\u0448\u0435\u043a \u0438 \u043a\u0430\u0440\u0442\u043e\u0447\u0435\u043a, \u0437\u0430\u0442\u043e \u0435\u0441\u0442\u044c \u043c\u043d\u043e\u0436\u0435\u0441\u0442\u0432\u043e \u044d\u043b\u0435\u043c\u0435\u043d\u0442\u043e\u0432 \u0434\u043b\u044f \u0441\u0442\u0440\u043e\u0438\u0442\u0435\u043b\u044c\u0441\u0442\u0432\u0430. \u0421\u043d\u0430\u0447\u0430\u043b\u0430 \u0438\u0433\u0440\u043e\u043a\u0430\u043c \u043f\u0440\u0435\u0434\u0441\u0442\u043e\u0438\u0442 \u043f\u043e\u0441\u0442\u0440\u043e\u0438\u0442\u044c \u0431\u0430\u0448\u043d\u044e, \u043a\u0438\u0434\u0430\u044f \u043f\u043e\u043e\u0447\u0435\u0440\u0435\u0434\u043d\u043e \u043a\u0443\u0431\u0438\u043a ,\u043a\u0430\u043a \u0442\u043e\u043b\u044c\u043a\u043e \u0432\u0441\u0435 \u044d\u043b\u0435\u043c\u0435\u043d\u0442\u044b \u0437\u0430\u043a\u043e\u043d\u0447\u0438\u043b\u0438\u0441\u044c \u0438 \u0431\u0430\u0448\u043d\u044f \u043f\u043e\u0441\u0442\u0440\u043e\u0435\u043d\u0430 \u0438\u0433\u0440\u043e\u043a\u0430\u043c \u043f\u0440\u0435\u0434\u0441\u0442\u043e\u0438\u0442 \u0440\u0430\u0437\u043e\u0431\u0440\u0430\u0442\u044c \u0431\u0430\u0448\u043d\u044e, \u0443\u0431\u0438\u0440\u0430\u044f \u043f\u043e \u043e\u0447\u0435\u0440\u0435\u0434\u0438 \u043f\u0438\u043d\u0433\u0432\u0438\u043d\u0447\u0438\u043a\u043e\u0432, \u0442\u043e\u0433\u043e \u0446\u0432\u0435\u0442\u0430 \u043a\u043e\u0442\u043e\u0440\u044b\u0439 \u043f\u043e\u043a\u0430\u0436\u0435\u0442 \u043a\u0443\u0431\u0438\u043a. \u041f\u0440\u043e\u0438\u0433\u0440\u0430\u043b \u0442\u043e\u0442 \u0438\u0433\u0440\u043e\u043a \u043d\u0430 \u043a\u043e\u0442\u043e\u0440\u043e\u043c \u0431\u0430\u0448\u043d\u044f \u0431\u0443\u0434\u0435\u0442 \u0440\u0430\u0437\u0440\u0443\u0448\u0435\u043d\u0430.[trim][:ro_RO]<\/p>\n<p class=\"page-title\">Jocul de societate Turnul instabil \u201dTower Collapse\u201d este un joc de \u00eendem\u00e2nare, aten\u021bie, dexteritate pentru copii si adul\u021bi.<\/p>\n<p>Sa pornim la joc! A\u0219eza\u021bi un inel pe o suprafa\u021b\u0103 neted\u0103, apoi a\u0219eza\u021bi st\u00e2lpi de culori diferite pe zona concav\u0103 a inelului. \u00cen func\u021bie de gradul de complexitate pe care dori\u021bi s\u0103 \u00eel da\u021bi jocului se pot realiza de la 7 la 11 nivele. C\u00e2nd toate acestea sunt gata, pute\u021bi \u00eencepe jocul. Cel mai t\u00e2n\u0103r juc\u0103tor \u00eencepe jocul. Va fi urmat de ceilal\u021bi in sensul acelor de ceasornic. Fiecare juc\u0103tor arunc\u0103 zarul, acesta va indica culoarea exact\u0103 a st\u00e2lpului pe care juc\u0103torul trebuie sa \u00eel extrag\u0103 din turn. C\u00e2nd zarurile arat\u0103 culoarea neagr\u0103, juc\u0103torul poate extrage orice st\u00e2lp. St\u00e2lpii pot fi extra\u0219i de pe orice nivel, excep\u021bie f\u0103c\u00e2nd primul strat. C\u00e2t\u0103 vreme turnul nu este r\u0103sturnat, jocul continu\u0103. Daca au fost lua\u021bi to\u021bi st\u00e2lpii de pe ultimul inel, automat se elimin\u0103 \u0219i acesta. Cine provoac\u0103 pr\u0103bu\u0219irea turnului, pierde jocul.<\/p>\n","protected":false},"excerpt":{"rendered":"<p>[:ru_RU]\u0423\u0432\u043b\u0435\u043a\u0430\u0442\u0435\u043b\u044c\u043d\u0430\u044f \u043d\u0430\u0441\u0442\u043e\u043b\u044c\u043d\u0430\u044f \u0438\u0433\u0440\u0430 \u041f\u0430\u0434\u0430\u044e\u0449\u0430\u044f \u0431\u0430\u0448\u043d\u044f \u0438\u043b\u0438 \u043a\u0430\u043a \u0435\u0449\u0435 \u043d\u0430\u0437\u044b\u0432\u0430\u044e\u0442 \u044d\u0442\u0443 \u0438\u0433\u0440\u0443 \u0414\u0436\u0435\u043d\u0433\u0430 (Jenga) &#8211; \u044d\u0442\u043e \u043f\u043e\u043f\u0443\u043b\u044f\u0440\u043d\u0430\u044f \u0438 \u0438\u043d\u0442\u0435\u0440\u0435\u0441\u043d\u0430\u044f \u0438\u0433\u0440\u0430 \u0434\u043b\u044f \u043a\u043e\u043c\u043f\u0430\u043d\u0438\u0438. \u0414\u0430\u043d\u043d\u0430\u044f \u0438\u0433\u0440\u0430 \u0430\u0434\u0430\u043f\u0442\u0438\u0440\u043e\u0432\u0430\u043d\u0430 \u0434\u043b\u044f \u0434\u0435\u0442\u0435\u0439 \u0438 \u043d\u0430\u043f\u043e\u043b\u043d\u0435\u043d\u0430 \u0432\u0435\u0441\u0435\u043b\u044b\u043c\u0438 \u043f\u0435\u0440\u0441\u043e\u043d\u0430\u043c\u0438 \u0432 \u0432\u0438\u0434\u0435 \u0441\u0443\u043c\u0430\u0441\u0448\u0435\u0434\u0448\u0438\u0445 \u043f\u0438\u043d\u0433\u0432\u0438\u043d\u043e\u0432. \u041e\u043d\u0430 \u043d\u0435 \u043f\u043e\u0445\u043e\u0436\u0430 \u043d\u0430 \u043f\u0440\u0438\u0432\u044b\u0447\u043d\u044b\u0435 \u0438\u0433\u0440\u044b. \u0412 \u043d\u0435\u0439 \u043d\u0435\u0442 \u0444\u0438\u0448\u0435\u043a \u0438 \u043a\u0430\u0440\u0442\u043e\u0447\u0435\u043a, \u0437\u0430\u0442\u043e \u0435\u0441\u0442\u044c \u043c\u043d\u043e\u0436\u0435\u0441\u0442\u0432\u043e \u044d\u043b\u0435\u043c\u0435\u043d\u0442\u043e\u0432 \u0434\u043b\u044f \u0441\u0442\u0440\u043e\u0438\u0442\u0435\u043b\u044c\u0441\u0442\u0432\u0430. \u0421\u043d\u0430\u0447\u0430\u043b\u0430 \u0438\u0433\u0440\u043e\u043a\u0430\u043c \u043f\u0440\u0435\u0434\u0441\u0442\u043e\u0438\u0442 [&hellip;]<\/p>\n","protected":false},"featured_media":45140,"comment_status":"open","ping_status":"closed","template":"","meta":{"_acf_changed":false},"product_brand":[],"product_cat":[6694],"product_tag":[],"class_list":{"0":"post-45146","1":"product","2":"type-product","3":"status-publish","4":"has-post-thumbnail","6":"product_cat-ru_ru-sportivnye-trim-ro_ro","8":"first","9":"instock","10":"shipping-taxable","11":"purchasable","12":"product-type-simple"},"acf":[],"_links":{"self":[{"href":"https:\/\/minimax.md\/ru\/wp-json\/wp\/v2\/product\/45146","targetHints":{"allow":["GET"]}}],"collection":[{"href":"https:\/\/minimax.md\/ru\/wp-json\/wp\/v2\/product"}],"about":[{"href":"https:\/\/minimax.md\/ru\/wp-json\/wp\/v2\/types\/product"}],"replies":[{"embeddable":true,"href":"https:\/\/minimax.md\/ru\/wp-json\/wp\/v2\/comments?post=45146"}],"version-history":[{"count":0,"href":"https:\/\/minimax.md\/ru\/wp-json\/wp\/v2\/product\/45146\/revisions"}],"wp:featuredmedia":[{"embeddable":true,"href":"https:\/\/minimax.md\/ru\/wp-json\/wp\/v2\/media\/45140"}],"wp:attachment":[{"href":"https:\/\/minimax.md\/ru\/wp-json\/wp\/v2\/media?parent=45146"}],"wp:term":[{"taxonomy":"product_brand","embeddable":true,"href":"https:\/\/minimax.md\/ru\/wp-json\/wp\/v2\/product_brand?post=45146"},{"taxonomy":"product_cat","embeddable":true,"href":"https:\/\/minimax.md\/ru\/wp-json\/wp\/v2\/product_cat?post=45146"},{"taxonomy":"product_tag","embeddable":true,"href":"https:\/\/minimax.md\/ru\/wp-json\/wp\/v2\/product_tag?post=45146"}],"curies":[{"name":"wp","href":"https:\/\/api.w.org\/{rel}","templated":true}]}}