{"id":45173,"date":"2024-01-11T17:13:46","date_gmt":"2024-01-11T14:13:46","guid":{"rendered":"https:\/\/minimax.md\/product\/45173.html"},"modified":"2024-02-21T09:03:23","modified_gmt":"2024-02-21T06:03:23","slug":"ru_ru-piramida-zabavnye-kolca-trim-ro_ro-piramid-inele-amuzante","status":"publish","type":"product","link":"https:\/\/minimax.md\/ru\/product\/45173.html","title":{"rendered":"\u041f\u0438\u0440\u0430\u043c\u0438\u0434\u0430 \"\u0417\u0430\u0431\u0430\u0432\u043d\u044b\u0435 \u043a\u043e\u043b\u044c\u0446\u0430\""},"content":{"rendered":"<p>[:ru_RU]\u041f\u0438\u0440\u0430\u043c\u0438\u0434\u043a\u0430 -\u043d\u0435\u0432\u0430\u043b\u044f\u0448\u043a\u0430 \u043e\u0442 Pilsan \u0441\u043e\u0441\u0442\u043e\u0438\u0442 \u0438\u0437 5 \u0440\u0430\u0437\u043d\u043e\u0446\u0432\u0435\u0442\u043d\u044b\u0445 \u043a\u043e\u043b\u0435\u0446, \u043e\u0434\u043d\u043e \u0438\u0437 \u043a\u043e\u0442\u043e\u0440\u044b\u0445 \u043d\u0430\u043f\u043e\u043b\u043e\u0432\u0438\u043d\u0443 \u043f\u0440\u043e\u0437\u0440\u0430\u0447\u043d\u043e\u0435 \u0438 \u043d\u0430\u043f\u043e\u043b\u043d\u0435\u043d\u043e \u0431\u0443\u0441\u0438\u043d\u043a\u0430\u043c\u0438, \u0447\u0442\u043e \u043f\u0440\u0435\u0432\u0440\u0430\u0449\u0430\u0435\u0442 \u0435\u0433\u043e\u00a0 \u0432 \u043f\u043e\u0433\u0440\u0435\u043c\u0443\u0448\u043a\u0443. \u041d\u0430\u043a\u043e\u043d\u0435\u0447\u043d\u0438\u043a \u043f\u0440\u0435\u0434\u0441\u0442\u0430\u0432\u043b\u044f\u0435\u0442 \u0433\u043e\u043b\u043e\u0432\u0430 \u0447\u0435\u043b\u043e\u0432\u0435\u0447\u043a\u0430 \u0432 \u0437\u0430\u0431\u0430\u0432\u043d\u043e\u0439 \u043a\u0435\u043f\u043a\u0435.\u00a0\u0418\u0433\u0440\u0443\u0448\u043a\u0430 \u0441\u043f\u043e\u0441\u043e\u0431\u0441\u0442\u0432\u0443\u0435\u0442 \u0440\u0430\u0437\u0432\u0438\u0442\u0438\u044e \u0443 \u0434\u0435\u0442\u0435\u0439 \u043c\u0435\u043b\u043a\u043e\u0439 \u043c\u043e\u0442\u043e\u0440\u0438\u043a\u0438 \u0440\u0443\u043a, \u0432\u043e\u043e\u0431\u0440\u0430\u0436\u0435\u043d\u0438\u044f, \u043f\u0430\u043c\u044f\u0442\u0438, \u0432\u043d\u0438\u043c\u0430\u043d\u0438\u044f, \u043b\u043e\u0433\u0438\u0447\u0435\u0441\u043a\u043e\u0433\u043e \u043c\u044b\u0448\u043b\u0435\u043d\u0438\u044f.<\/p>\n<p> \t\u0420\u0435\u043a\u043e\u043c\u0435\u043d\u0434\u0443\u0435\u043c\u044b\u0439 \u0432\u043e\u0437\u0440\u0430\u0441\u0442: 1 \u0433\u043e\u0434 +<br \/>\n \t\u041f\u0440\u043e\u0447\u043d\u044b\u0439 \u0438 \u043a\u0430\u0447\u0435\u0441\u0442\u0432\u0435\u043d\u043d\u044b\u0439 \u043f\u043b\u0430\u0441\u0442\u0438\u043a<br \/>\n \t\u0412\u044b\u0441\u043e\u043a\u043e\u043a\u0430\u0447\u0435\u0441\u0442\u0432\u0435\u043d\u043d\u043e\u0435 \u0441\u044b\u0440\u044c\u0435, \u043a\u043e\u0442\u043e\u0440\u043e\u0435 \u043d\u0435 \u0441\u043e\u0434\u0435\u0440\u0436\u0438\u0442 \u043a\u0430\u043d\u0446\u0435\u0440\u043e\u0433\u0435\u043d\u043d\u044b\u0445 \u0432\u0435\u0449\u0435\u0441\u0442\u0432[trim][:ro_RO]Piramida inelelor amuzante are cinci inele \u0219i o baz\u0103 special concepute pentru a fi u\u0219or de manevrat de c\u0103tre copila\u0219. Inelul superior are \u00een interior bilu\u021be ce se mi\u0219c\u0103 pe o suprafa\u021b\u0103 colorat\u0103, astfel copila\u0219ul este atras de zorn\u0103itul bilu\u021belor. Fa\u021ba z\u00e2mbitoare a omule\u021bului din centrul piramidei \u0219i zornaitoarea vor atrage \u0219i vor surprinde copila\u0219ul.<\/p>\n<ul>\n<li>V\u00e2rsta recomandat\u0103: 1 an +<\/li>\n<li>Plastic durabil si de calitate<\/li>\n<li>Materie prim\u0103 de cea mai \u00eenalt\u0103 calitate ce nu con\u021bine substan\u021be cancerigene<\/li>\n<\/ul>\n<p>&nbsp;<\/p>\n","protected":false},"excerpt":{"rendered":"<p>[:ru_RU]\u041f\u0438\u0440\u0430\u043c\u0438\u0434\u043a\u0430 -\u043d\u0435\u0432\u0430\u043b\u044f\u0448\u043a\u0430 \u043e\u0442 Pilsan \u0441\u043e\u0441\u0442\u043e\u0438\u0442 \u0438\u0437 5 \u0440\u0430\u0437\u043d\u043e\u0446\u0432\u0435\u0442\u043d\u044b\u0445 \u043a\u043e\u043b\u0435\u0446, \u043e\u0434\u043d\u043e \u0438\u0437 \u043a\u043e\u0442\u043e\u0440\u044b\u0445 \u043d\u0430\u043f\u043e\u043b\u043e\u0432\u0438\u043d\u0443 \u043f\u0440\u043e\u0437\u0440\u0430\u0447\u043d\u043e\u0435 \u0438 \u043d\u0430\u043f\u043e\u043b\u043d\u0435\u043d\u043e \u0431\u0443\u0441\u0438\u043d\u043a\u0430\u043c\u0438, \u0447\u0442\u043e \u043f\u0440\u0435\u0432\u0440\u0430\u0449\u0430\u0435\u0442 \u0435\u0433\u043e\u00a0 \u0432 \u043f\u043e\u0433\u0440\u0435\u043c\u0443\u0448\u043a\u0443. \u041d\u0430\u043a\u043e\u043d\u0435\u0447\u043d\u0438\u043a \u043f\u0440\u0435\u0434\u0441\u0442\u0430\u0432\u043b\u044f\u0435\u0442 \u0433\u043e\u043b\u043e\u0432\u0430 \u0447\u0435\u043b\u043e\u0432\u0435\u0447\u043a\u0430 \u0432 \u0437\u0430\u0431\u0430\u0432\u043d\u043e\u0439 \u043a\u0435\u043f\u043a\u0435.\u00a0\u0418\u0433\u0440\u0443\u0448\u043a\u0430 \u0441\u043f\u043e\u0441\u043e\u0431\u0441\u0442\u0432\u0443\u0435\u0442 \u0440\u0430\u0437\u0432\u0438\u0442\u0438\u044e \u0443 \u0434\u0435\u0442\u0435\u0439 \u043c\u0435\u043b\u043a\u043e\u0439 \u043c\u043e\u0442\u043e\u0440\u0438\u043a\u0438 \u0440\u0443\u043a, \u0432\u043e\u043e\u0431\u0440\u0430\u0436\u0435\u043d\u0438\u044f, \u043f\u0430\u043c\u044f\u0442\u0438, \u0432\u043d\u0438\u043c\u0430\u043d\u0438\u044f, \u043b\u043e\u0433\u0438\u0447\u0435\u0441\u043a\u043e\u0433\u043e \u043c\u044b\u0448\u043b\u0435\u043d\u0438\u044f. \u0420\u0435\u043a\u043e\u043c\u0435\u043d\u0434\u0443\u0435\u043c\u044b\u0439 \u0432\u043e\u0437\u0440\u0430\u0441\u0442: 1 \u0433\u043e\u0434 + \u041f\u0440\u043e\u0447\u043d\u044b\u0439 \u0438 \u043a\u0430\u0447\u0435\u0441\u0442\u0432\u0435\u043d\u043d\u044b\u0439 \u043f\u043b\u0430\u0441\u0442\u0438\u043a \u0412\u044b\u0441\u043e\u043a\u043e\u043a\u0430\u0447\u0435\u0441\u0442\u0432\u0435\u043d\u043d\u043e\u0435 \u0441\u044b\u0440\u044c\u0435, \u043a\u043e\u0442\u043e\u0440\u043e\u0435 \u043d\u0435 \u0441\u043e\u0434\u0435\u0440\u0436\u0438\u0442 [&hellip;]<\/p>\n","protected":false},"featured_media":45167,"comment_status":"open","ping_status":"closed","template":"","meta":{"_acf_changed":false},"product_brand":[],"product_cat":[6732],"product_tag":[],"class_list":{"0":"post-45173","1":"product","2":"type-product","3":"status-publish","4":"has-post-thumbnail","6":"product_cat-ru_ru-piramidki-trim-ro_ro","8":"first","9":"instock","10":"shipping-taxable","11":"purchasable","12":"product-type-simple"},"acf":[],"_links":{"self":[{"href":"https:\/\/minimax.md\/ru\/wp-json\/wp\/v2\/product\/45173","targetHints":{"allow":["GET"]}}],"collection":[{"href":"https:\/\/minimax.md\/ru\/wp-json\/wp\/v2\/product"}],"about":[{"href":"https:\/\/minimax.md\/ru\/wp-json\/wp\/v2\/types\/product"}],"replies":[{"embeddable":true,"href":"https:\/\/minimax.md\/ru\/wp-json\/wp\/v2\/comments?post=45173"}],"version-history":[{"count":0,"href":"https:\/\/minimax.md\/ru\/wp-json\/wp\/v2\/product\/45173\/revisions"}],"wp:featuredmedia":[{"embeddable":true,"href":"https:\/\/minimax.md\/ru\/wp-json\/wp\/v2\/media\/45167"}],"wp:attachment":[{"href":"https:\/\/minimax.md\/ru\/wp-json\/wp\/v2\/media?parent=45173"}],"wp:term":[{"taxonomy":"product_brand","embeddable":true,"href":"https:\/\/minimax.md\/ru\/wp-json\/wp\/v2\/product_brand?post=45173"},{"taxonomy":"product_cat","embeddable":true,"href":"https:\/\/minimax.md\/ru\/wp-json\/wp\/v2\/product_cat?post=45173"},{"taxonomy":"product_tag","embeddable":true,"href":"https:\/\/minimax.md\/ru\/wp-json\/wp\/v2\/product_tag?post=45173"}],"curies":[{"name":"wp","href":"https:\/\/api.w.org\/{rel}","templated":true}]}}