{"id":45175,"date":"2024-01-11T17:13:46","date_gmt":"2024-01-11T14:13:46","guid":{"rendered":"https:\/\/minimax.md\/product\/45175.html"},"modified":"2024-02-21T09:03:20","modified_gmt":"2024-02-21T06:03:20","slug":"ru_ru-brelochek-lisa-roxie-8-5-sm-mini-squishy-clips-trim-ro_ro-breloc-vulpe-roxie-8-5-cm-mini-squishy-clips","status":"publish","type":"product","link":"https:\/\/minimax.md\/ru\/product\/45175.html","title":{"rendered":"\u0411\u0440\u0435\u043b\u043e\u0447\u0435\u043a-\u043b\u0438\u0441\u0430 ROXIE  8,5 \u0441\u043c (Mini squishy clips)"},"content":{"rendered":"<p>[:ru_RU]TY Incorporation \u2013 \u044d\u0442\u043e \u0431\u0435\u0437\u043e\u043f\u0430\u0441\u043d\u044b\u0435 \u0438 \u0443\u0432\u043b\u0435\u043a\u0430\u0442\u0435\u043b\u044c\u043d\u044b\u0435 \u043f\u043b\u044e\u0448\u0435\u0432\u044b\u0435 \u0438\u0433\u0440\u0443\u0448\u043a\u0438, \u043a\u043e\u0442\u043e\u0440\u044b\u0435 \u044f\u0432\u043b\u044f\u044e\u0442\u0441\u044f \u043d\u0435\u043e\u0431\u044b\u0447\u0430\u0439\u043d\u043e \u043f\u043e\u043f\u0443\u043b\u044f\u0440\u043d\u044b\u043c\u0438 \u0441\u0440\u0435\u0434\u0438 \u0434\u0435\u0442\u0435\u0439 \u0441\u043e \u0432\u0441\u0435\u0433\u043e \u0437\u0435\u043c\u043d\u043e\u0433\u043e \u0448\u0430\u0440\u0430. \u041e\u043d\u0438 \u0432\u044b\u043f\u043e\u043b\u043d\u0435\u043d\u044b \u0438\u0437 \u0430\u043d\u0442\u0438\u0430\u043b\u043b\u0435\u0440\u0433\u0435\u043d\u043d\u044b\u0445, \u044d\u043a\u043e\u043b\u043e\u0433\u0438\u0447\u0435\u0441\u043a\u0438 \u0447\u0438\u0441\u0442\u044b\u0445 \u0438 \u0432\u044b\u0441\u043e\u043a\u043e\u043a\u0430\u0447\u0435\u0441\u0442\u0432\u0435\u043d\u043d\u044b\u0445 \u043c\u0430\u0442\u0435\u0440\u0438\u0430\u043b\u043e\u0432. \u0410 \u043f\u0440\u0438 \u0438\u0445 \u043f\u0440\u043e\u0438\u0437\u0432\u043e\u0434\u0441\u0442\u0432\u0435 \u0431\u044b\u043b\u043e \u0437\u0430\u0434\u0435\u0439\u0441\u0442\u0432\u043e\u0432\u0430\u043d\u043e \u043f\u0435\u0440\u0435\u0434\u043e\u0432\u043e\u0435 \u0438 \u043d\u043e\u0432\u0435\u0439\u0448\u0435\u0435 \u043e\u0431\u043e\u0440\u0443\u0434\u043e\u0432\u0430\u043d\u0438\u0435.<\/p>\n<p>\u041a\u043e\u0440\u0430\u043b\u043b\u043e\u0432\u044b\u0439 \u043e\u0441\u044c\u043c\u0438\u043d\u043e\u0433 Sheldon, \u0431\u0440\u0435\u043b\u043e\u043a \u0441 \u0437\u0430\u0436\u0438\u043c\u043e\u043c.<\/p>\n<p>\u0425\u0430\u0440\u0430\u043a\u0442\u0435\u0440\u0438\u0441\u0442\u0438\u043a\u0438:<\/p>\n<p> \t\u041a\u0440\u0430\u0441\u043e\u0447\u043d\u0430\u044f \u044f\u0440\u043a\u0430\u044f \u0442\u043a\u0430\u043d\u044c.<br \/>\n \t\u0421\u0432\u0435\u0440\u043a\u0430\u044e\u0449\u0438\u0435 \u0431\u043b\u0435\u0441\u0442\u044f\u0449\u0438\u0435 \u0433\u043b\u0430\u0437\u0430.<br \/>\n \t\u0412\u043a\u043b\u044e\u0447\u0430\u0435\u0442 \u043e\u0444\u0438\u0446\u0438\u0430\u043b\u044c\u043d\u044b\u0439 Ty Heart \u0441 \u0434\u043d\u0435\u043c \u200b\u200b\u200b\u200b\u0440\u043e\u0436\u0434\u0435\u043d\u0438\u044f.<br \/>\n \t\u0440\u0430\u0437\u043c\u0435\u0440 \u0438\u0437\u0434\u0435\u043b\u0438\u044f: 8,5 \u0441\u043c,<br \/>\n \t\u0440\u0430\u0437\u043c\u0435\u0440 \u0438\u0433\u0440\u0443\u0448\u043a\u0438:[trim][:ro_RO]TY Incorporation &#8211; sunt juc\u0103rii de plu\u0219 distractive \u0219i inofensive, care sunt extrem de populare printre copiii din \u00eentreaga lume. Sunt fabricate din materiale anti-alergice pl\u0103cute la atingere, ecologice \u0219i de calitate \u00eenalt\u0103. \u00cen produc\u021bia lor au fost implicate echipamente de ultim\u0103 genera\u021bie.<\/p>\n<p><span class=\"Y2IQFc\" lang=\"ro\">Caracati\u021b\u0103 coral Sheldon, reprezint\u0103 un breloc cu <\/span><span class=\"Y2IQFc\" lang=\"ro\">clem\u0103.<\/span><\/p>\n<p><span class=\"Y2IQFc\" lang=\"ro\"><strong>Caracteristici:<\/strong><\/span><\/p>\n<ul>\n<li id=\"tw-target-text\" class=\"tw-data-text tw-text-large tw-ta\" dir=\"ltr\" data-placeholder=\"\u041f\u0435\u0440\u0435\u0432\u043e\u0434\"><span class=\"Y2IQFc\" lang=\"ro\">\u021aes\u0103tur\u0103 str\u0103lucitoare \u0219i colorat\u0103.<\/span><\/li>\n<li class=\"tw-data-text tw-text-large tw-ta\" dir=\"ltr\" data-placeholder=\"\u041f\u0435\u0440\u0435\u0432\u043e\u0434\"><span class=\"Y2IQFc\" lang=\"ro\">Ochi str\u0103lucitori.<\/span><\/li>\n<li dir=\"ltr\" data-placeholder=\"\u041f\u0435\u0440\u0435\u0432\u043e\u0434\">V\u00e2rsta 0+.<\/li>\n<li class=\"tw-data-text tw-text-large tw-ta\" dir=\"ltr\" data-placeholder=\"\u041f\u0435\u0440\u0435\u0432\u043e\u0434\">Plu\u0219ul include Inima TY oficial\u0103 cu n<br \/>\n","protected":false},"excerpt":{"rendered":"<p>[:ru_RU]TY Incorporation \u2013 \u044d\u0442\u043e \u0431\u0435\u0437\u043e\u043f\u0430\u0441\u043d\u044b\u0435 \u0438 \u0443\u0432\u043b\u0435\u043a\u0430\u0442\u0435\u043b\u044c\u043d\u044b\u0435 \u043f\u043b\u044e\u0448\u0435\u0432\u044b\u0435 \u0438\u0433\u0440\u0443\u0448\u043a\u0438, \u043a\u043e\u0442\u043e\u0440\u044b\u0435 \u044f\u0432\u043b\u044f\u044e\u0442\u0441\u044f \u043d\u0435\u043e\u0431\u044b\u0447\u0430\u0439\u043d\u043e \u043f\u043e\u043f\u0443\u043b\u044f\u0440\u043d\u044b\u043c\u0438 \u0441\u0440\u0435\u0434\u0438 \u0434\u0435\u0442\u0435\u0439 \u0441\u043e \u0432\u0441\u0435\u0433\u043e \u0437\u0435\u043c\u043d\u043e\u0433\u043e \u0448\u0430\u0440\u0430. \u041e\u043d\u0438 \u0432\u044b\u043f\u043e\u043b\u043d\u0435\u043d\u044b \u0438\u0437 \u0430\u043d\u0442\u0438\u0430\u043b\u043b\u0435\u0440\u0433\u0435\u043d\u043d\u044b\u0445, \u044d\u043a\u043e\u043b\u043e\u0433\u0438\u0447\u0435\u0441\u043a\u0438 \u0447\u0438\u0441\u0442\u044b\u0445 \u0438 \u0432\u044b\u0441\u043e\u043a\u043e\u043a\u0430\u0447\u0435\u0441\u0442\u0432\u0435\u043d\u043d\u044b\u0445 \u043c\u0430\u0442\u0435\u0440\u0438\u0430\u043b\u043e\u0432. \u0410 \u043f\u0440\u0438 \u0438\u0445 \u043f\u0440\u043e\u0438\u0437\u0432\u043e\u0434\u0441\u0442\u0432\u0435 \u0431\u044b\u043b\u043e \u0437\u0430\u0434\u0435\u0439\u0441\u0442\u0432\u043e\u0432\u0430\u043d\u043e \u043f\u0435\u0440\u0435\u0434\u043e\u0432\u043e\u0435 \u0438 \u043d\u043e\u0432\u0435\u0439\u0448\u0435\u0435 \u043e\u0431\u043e\u0440\u0443\u0434\u043e\u0432\u0430\u043d\u0438\u0435. \u041a\u043e\u0440\u0430\u043b\u043b\u043e\u0432\u044b\u0439 \u043e\u0441\u044c\u043c\u0438\u043d\u043e\u0433 Sheldon, \u0431\u0440\u0435\u043b\u043e\u043a \u0441 \u0437\u0430\u0436\u0438\u043c\u043e\u043c. \u0425\u0430\u0440\u0430\u043a\u0442\u0435\u0440\u0438\u0441\u0442\u0438\u043a\u0438: \u041a\u0440\u0430\u0441\u043e\u0447\u043d\u0430\u044f \u044f\u0440\u043a\u0430\u044f \u0442\u043a\u0430\u043d\u044c. \u0421\u0432\u0435\u0440\u043a\u0430\u044e\u0449\u0438\u0435 \u0431\u043b\u0435\u0441\u0442\u044f\u0449\u0438\u0435 \u0433\u043b\u0430\u0437\u0430. \u0412\u043a\u043b\u044e\u0447\u0430\u0435\u0442 \u043e\u0444\u0438\u0446\u0438\u0430\u043b\u044c\u043d\u044b\u0439 Ty Heart [&hellip;]<\/p>\n","protected":false},"featured_media":45174,"comment_status":"open","ping_status":"closed","template":"","meta":{"_acf_changed":false},"product_brand":[],"product_cat":[6691],"product_tag":[],"class_list":{"0":"post-45175","1":"product","2":"type-product","3":"status-publish","4":"has-post-thumbnail","6":"product_cat-ru_ru-mjagkie-igrushki-trim","8":"first","9":"instock","10":"shipping-taxable","11":"purchasable","12":"product-type-simple"},"acf":[],"_links":{"self":[{"href":"https:\/\/minimax.md\/ru\/wp-json\/wp\/v2\/product\/45175","targetHints":{"allow":["GET"]}}],"collection":[{"href":"https:\/\/minimax.md\/ru\/wp-json\/wp\/v2\/product"}],"about":[{"href":"https:\/\/minimax.md\/ru\/wp-json\/wp\/v2\/types\/product"}],"replies":[{"embeddable":true,"href":"https:\/\/minimax.md\/ru\/wp-json\/wp\/v2\/comments?post=45175"}],"version-history":[{"count":0,"href":"https:\/\/minimax.md\/ru\/wp-json\/wp\/v2\/product\/45175\/revisions"}],"wp:featuredmedia":[{"embeddable":true,"href":"https:\/\/minimax.md\/ru\/wp-json\/wp\/v2\/media\/45174"}],"wp:attachment":[{"href":"https:\/\/minimax.md\/ru\/wp-json\/wp\/v2\/media?parent=45175"}],"wp:term":[{"taxonomy":"product_brand","embeddable":true,"href":"https:\/\/minimax.md\/ru\/wp-json\/wp\/v2\/product_brand?post=45175"},{"taxonomy":"product_cat","embeddable":true,"href":"https:\/\/minimax.md\/ru\/wp-json\/wp\/v2\/product_cat?post=45175"},{"taxonomy":"product_tag","embeddable":true,"href":"https:\/\/minimax.md\/ru\/wp-json\/wp\/v2\/product_tag?post=45175"}],"curies":[{"name":"wp","href":"https:\/\/api.w.org\/{rel}","templated":true}]}}