{"id":45187,"date":"2024-01-11T17:13:47","date_gmt":"2024-01-11T14:13:47","guid":{"rendered":"https:\/\/minimax.md\/product\/45187.html"},"modified":"2024-03-13T01:04:39","modified_gmt":"2024-03-12T22:04:39","slug":"ru_ru-nastolnaja-igra-3v1-kamen-nozhnicy-bumaga-trim-ro_ro-joc-de-societate-3-n-1-piatr-h-rtie-foarfece","status":"publish","type":"product","link":"https:\/\/minimax.md\/ru\/product\/45187.html","title":{"rendered":"\u041d\u0430\u0441\u0442\u043e\u043b\u044c\u043d\u0430\u044f \u0438\u0433\u0440\u0430 3\u04321 \"\u041a\u0430\u043c\u0435\u043d\u044c, \u043d\u043e\u0436\u043d\u0438\u0446\u044b, \u0431\u0443\u043c\u0430\u0433\u0430\""},"content":{"rendered":"<p>[:ru_RU]\u041d\u0430\u0441\u0442\u043e\u043b\u044c\u043d\u0430\u044f \u0438\u0433\u0440\u0430 3\u04321 &#8220;\u041a\u0430\u043c\u0435\u043d\u044c, \u043d\u043e\u0436\u043d\u0438\u0446\u044b, \u0431\u0443\u043c\u0430\u0433\u0430&#8221; \u043f\u043e\u0437\u0432\u043e\u043b\u0438\u0442 \u043f\u043e-\u043d\u043e\u0432\u043e\u043c\u0443 \u043f\u043e\u0441\u043c\u043e\u0442\u0440\u0435\u0442\u044c \u043d\u0430 \u0437\u043d\u0430\u043a\u043e\u043c\u044b\u0435 \u0432\u0441\u0435\u043c \u0438\u0433\u0440\u044b \u0434\u0435\u0442\u0441\u0442\u0432\u0430.<\/p>\n<p>\u041f\u0440\u0430\u0432\u0438\u043b\u0430 \u0442\u0430\u043a\u0438\u0435 \u0436\u0435, \u043a\u0430\u043a \u0438 \u0440\u0430\u043d\u044c\u0448\u0435: \u043a\u0430\u043c\u0435\u043d\u044c \u0431\u044c\u0435\u0442 \u043d\u043e\u0436\u043d\u0438\u0446\u044b, \u043d\u043e\u0436\u043d\u0438\u0446\u044b \u0440\u0435\u0436\u0443\u0442 \u0431\u0443\u043c\u0430\u0433\u0443, \u0431\u0443\u043c\u0430\u0433\u0430 \u043a\u0440\u043e\u0435\u0442 \u043a\u0430\u043c\u0435\u043d\u044c.<\/p>\n<p>\u0422\u0430\u043a\u0436\u0435 \u043a\u0430\u0440\u0442\u0430\u043c\u0438, \u043a\u043e\u0442\u043e\u0440\u044b\u0435 \u0435\u0441\u0442\u044c \u0432 \u043a\u043e\u043c\u043f\u043b\u0435\u043a\u0442\u0435, \u043c\u043e\u0436\u043d\u043e \u0438\u0433\u0440\u0430\u0442\u044c \u0432 &#8220;\u0414\u0436\u043e\u043a\u0438&#8221; \u0438\u00a0&#8220;\u0422\u0440\u043e\u0439\u043a\u0443&#8221;.<\/p>\n<p>\u0414\u043b\u044f \u0434\u0435\u0442\u0435\u0439 \u043e\u0442 3-\u0445 \u043b\u0435\u0442 \u0438 \u043a\u043e\u043c\u043f\u0430\u043d\u0438\u0439 \u043e\u0442 2-\u0445 \u0434\u043e 8-\u043c\u0438 \u0447\u0435\u043b\u043e\u0432\u0435\u043a.[trim][:ro_RO]Jocul de societate 3 \u00een 1 \u201ePiatr\u0103, h\u00e2rtie, foarfece\u201d v\u0103 va permite s\u0103 arunca\u021bi o privire nou\u0103 asupra jocurilor din copil\u0103rie.<\/p>\n<p>Regulile sunt acelea\u0219i ca \u00eenainte: piatra bate foarfecele, foarfecele taie h\u00e2rtie, h\u00e2rtia taie piatra.<\/p>\n<p>De asemenea, cu c\u0103r\u021bile care sunt incluse, pute\u021bi juca \u201eJockey\u201d \u0219i \u201eTroika\u201d.<\/p>\n<p>Pentru copii de la 3 ani \u0219i companii de la 2 la 8 persoane.<\/p>\n","protected":false},"excerpt":{"rendered":"<p>[:ru_RU]\u041d\u0430\u0441\u0442\u043e\u043b\u044c\u043d\u0430\u044f \u0438\u0433\u0440\u0430 3\u04321 &#8220;\u041a\u0430\u043c\u0435\u043d\u044c, \u043d\u043e\u0436\u043d\u0438\u0446\u044b, \u0431\u0443\u043c\u0430\u0433\u0430&#8221; \u043f\u043e\u0437\u0432\u043e\u043b\u0438\u0442 \u043f\u043e-\u043d\u043e\u0432\u043e\u043c\u0443 \u043f\u043e\u0441\u043c\u043e\u0442\u0440\u0435\u0442\u044c \u043d\u0430 \u0437\u043d\u0430\u043a\u043e\u043c\u044b\u0435 \u0432\u0441\u0435\u043c \u0438\u0433\u0440\u044b \u0434\u0435\u0442\u0441\u0442\u0432\u0430. \u041f\u0440\u0430\u0432\u0438\u043b\u0430 \u0442\u0430\u043a\u0438\u0435 \u0436\u0435, \u043a\u0430\u043a \u0438 \u0440\u0430\u043d\u044c\u0448\u0435: \u043a\u0430\u043c\u0435\u043d\u044c \u0431\u044c\u0435\u0442 \u043d\u043e\u0436\u043d\u0438\u0446\u044b, \u043d\u043e\u0436\u043d\u0438\u0446\u044b \u0440\u0435\u0436\u0443\u0442 \u0431\u0443\u043c\u0430\u0433\u0443, \u0431\u0443\u043c\u0430\u0433\u0430 \u043a\u0440\u043e\u0435\u0442 \u043a\u0430\u043c\u0435\u043d\u044c. \u0422\u0430\u043a\u0436\u0435 \u043a\u0430\u0440\u0442\u0430\u043c\u0438, \u043a\u043e\u0442\u043e\u0440\u044b\u0435 \u0435\u0441\u0442\u044c \u0432 \u043a\u043e\u043c\u043f\u043b\u0435\u043a\u0442\u0435, \u043c\u043e\u0436\u043d\u043e \u0438\u0433\u0440\u0430\u0442\u044c \u0432 &#8220;\u0414\u0436\u043e\u043a\u0438&#8221; \u0438\u00a0&#8220;\u0422\u0440\u043e\u0439\u043a\u0443&#8221;. \u0414\u043b\u044f \u0434\u0435\u0442\u0435\u0439 \u043e\u0442 3-\u0445 \u043b\u0435\u0442 \u0438 \u043a\u043e\u043c\u043f\u0430\u043d\u0438\u0439 \u043e\u0442 2-\u0445 \u0434\u043e 8-\u043c\u0438 \u0447\u0435\u043b\u043e\u0432\u0435\u043a.[trim][:ro_RO]Jocul de societate 3 [&hellip;]<\/p>\n","protected":false},"featured_media":45183,"comment_status":"open","ping_status":"closed","template":"","meta":{"_acf_changed":false},"product_brand":[],"product_cat":[6695],"product_tag":[],"class_list":{"0":"post-45187","1":"product","2":"type-product","3":"status-publish","4":"has-post-thumbnail","6":"product_cat-ru_ru-logicheskie-trim-ro_r","8":"first","9":"instock","10":"shipping-taxable","11":"purchasable","12":"product-type-simple"},"acf":[],"_links":{"self":[{"href":"https:\/\/minimax.md\/ru\/wp-json\/wp\/v2\/product\/45187","targetHints":{"allow":["GET"]}}],"collection":[{"href":"https:\/\/minimax.md\/ru\/wp-json\/wp\/v2\/product"}],"about":[{"href":"https:\/\/minimax.md\/ru\/wp-json\/wp\/v2\/types\/product"}],"replies":[{"embeddable":true,"href":"https:\/\/minimax.md\/ru\/wp-json\/wp\/v2\/comments?post=45187"}],"version-history":[{"count":0,"href":"https:\/\/minimax.md\/ru\/wp-json\/wp\/v2\/product\/45187\/revisions"}],"wp:featuredmedia":[{"embeddable":true,"href":"https:\/\/minimax.md\/ru\/wp-json\/wp\/v2\/media\/45183"}],"wp:attachment":[{"href":"https:\/\/minimax.md\/ru\/wp-json\/wp\/v2\/media?parent=45187"}],"wp:term":[{"taxonomy":"product_brand","embeddable":true,"href":"https:\/\/minimax.md\/ru\/wp-json\/wp\/v2\/product_brand?post=45187"},{"taxonomy":"product_cat","embeddable":true,"href":"https:\/\/minimax.md\/ru\/wp-json\/wp\/v2\/product_cat?post=45187"},{"taxonomy":"product_tag","embeddable":true,"href":"https:\/\/minimax.md\/ru\/wp-json\/wp\/v2\/product_tag?post=45187"}],"curies":[{"name":"wp","href":"https:\/\/api.w.org\/{rel}","templated":true}]}}